{"id":11097,"date":"2024-07-15T08:23:09","date_gmt":"2024-07-15T06:23:09","guid":{"rendered":"https:\/\/copolad.eu\/?page_id=11097"},"modified":"2024-09-19T15:28:04","modified_gmt":"2024-09-19T13:28:04","slug":"national-drug-observatories","status":"publish","type":"page","link":"https:\/\/copolad.eu\/en\/national-drug-observatories\/","title":{"rendered":"National Drug Observatories"},"content":{"rendered":"<blockquote class=\"pullquote align-left\"><p>Empirical evidence for better policy design<\/p><\/blockquote>\n<p><a class=\"btn btn-danger\" href=\"https:\/\/copolad.eu\/wp-content\/uploads\/2024\/09\/COPOLAD_Ficha_OND_Mayo_2024_ENGLISH.pdf\" target=\"_blank\" rel=\"noopener\">NATIONAL DRUGS OBSERVATORIES<\/a><\/p>\n<p>This line of action accompanies improvements in drug policies in the 32 countries of Latin America and the Caribbean that the programme supports. <b>Drugs have a clear impact on public health and generate inequality and social exclusion,<\/b> which particularly affect women and other vulnerable groups, making it necessary to constantly adapt public policies to new realities.<\/p>\n<p>The need for up-to-date scientific evidence is a crucial objective, recognised by the countries of the region and international organisations. Despite progress, research and information mechanisms are still weak in many Latin American and Caribbean countries. The programme accompanies the efforts to advance in strengthening drug research systems in a context <b>of wide institutional heterogeneity from technical support for the development of human and institutional resources<\/b>, the promotion of<b> scientific research agendas<\/b> or the creation of <b>scientific advisory committees<\/b> for the development of research or decision-making.<\/p>\n<p>2 implementing partners:<\/p>\n<ul>\n<li><a href=\"https:\/\/www.fiiapp.org\/\"><b>FIIAPP<\/b>\u00a0<\/a>(Fundaci\u00f3n Internacional y para Iberoam\u00e9rica de Administraci\u00f3n y Pol\u00edticas P\u00fablicas)<\/li>\n<li><a href=\"https:\/\/www.euda.europa.eu\/index_en\"><b>EUDA<\/b>\u00a0<\/a>\u00a0(Agencia Europea de Drogas).<\/li>\n<\/ul>\n","protected":false},"excerpt":{"rendered":"<p>Empirical evidence for better policy design NATIONAL DRUGS OBSERVATORIES This line of action accompanies improvements in drug policies in the 32 countries of Latin America and the Caribbean that the programme supports. Drugs have a clear impact on public health and generate inequality and social exclusion, which particularly affect women and other vulnerable groups, making [&hellip;]<\/p>\n","protected":false},"author":9,"featured_media":11011,"parent":0,"menu_order":0,"comment_status":"closed","ping_status":"closed","template":"","meta":{"courseId":0,"jnews_page_loop":{"enable_page_loop":"0","first_title":"Latest Post","second_title":"","header_type":"heading_6","header_background":"","header_text_color":"","layout":"right-sidebar","sidebar":"default-sidebar","second_sidebar":"default-sidebar","sticky_sidebar":"1","module":"3","boxed":"0","boxed_shadow":"0","box_shadow":"0","excerpt_length":"20","content_date":"default","date_custom":"Y\/m\/d","content_pagination":"nav_1","pagination_align":"center","show_navtext":"0","show_pageinfo":"0","post_offset":"0","posts_per_page":"5","include_post":"","exclude_post":"","include_category":"","exclude_category":"","include_author":"","include_tag":"","exclude_tag":"","sort_by":"latest"},"jnews_single_page":{"layout":"no-sidebar","sidebar":"default-sidebar","second_sidebar":"default-sidebar","sticky_sidebar":"1","show_post_featured":"1","show_post_meta":"0","share_position":"top","share_color":"share-monocrhome"},"jnews_social_meta":{"fb_title":"","fb_description":"","fb_image":"","twitter_title":"","twitter_description":"","twitter_image":""},"footnotes":""},"class_list":["post-11097","page","type-page","status-publish","has-post-thumbnail","hentry"],"acf":[],"_links":{"self":[{"href":"https:\/\/copolad.eu\/en\/wp-json\/wp\/v2\/pages\/11097"}],"collection":[{"href":"https:\/\/copolad.eu\/en\/wp-json\/wp\/v2\/pages"}],"about":[{"href":"https:\/\/copolad.eu\/en\/wp-json\/wp\/v2\/types\/page"}],"author":[{"embeddable":true,"href":"https:\/\/copolad.eu\/en\/wp-json\/wp\/v2\/users\/9"}],"replies":[{"embeddable":true,"href":"https:\/\/copolad.eu\/en\/wp-json\/wp\/v2\/comments?post=11097"}],"version-history":[{"count":2,"href":"https:\/\/copolad.eu\/en\/wp-json\/wp\/v2\/pages\/11097\/revisions"}],"predecessor-version":[{"id":11502,"href":"https:\/\/copolad.eu\/en\/wp-json\/wp\/v2\/pages\/11097\/revisions\/11502"}],"wp:featuredmedia":[{"embeddable":true,"href":"https:\/\/copolad.eu\/en\/wp-json\/wp\/v2\/media\/11011"}],"wp:attachment":[{"href":"https:\/\/copolad.eu\/en\/wp-json\/wp\/v2\/media?parent=11097"}],"curies":[{"name":"wp","href":"https:\/\/api.w.org\/{rel}","templated":true}]}}