{"id":11115,"date":"2024-07-15T09:15:58","date_gmt":"2024-07-15T07:15:58","guid":{"rendered":"https:\/\/copolad.eu\/?page_id=11115"},"modified":"2024-09-19T15:33:43","modified_gmt":"2024-09-19T13:33:43","slug":"women-and-drugs","status":"publish","type":"page","link":"https:\/\/copolad.eu\/en\/women-and-drugs\/","title":{"rendered":"Women and Drugs"},"content":{"rendered":"<div class=\"wpb-content-wrapper\"><p>[vc_row][vc_column][vc_column_text]<\/p>\n<blockquote class=\"pullquote align-left\"><p>Gender equality at the heart of drug policies<\/p><\/blockquote>\n<p><a class=\"btn btn-danger\" href=\"https:\/\/copolad.eu\/wp-content\/uploads\/2024\/09\/COPOLAD_Ficha_Tema%E2%95%A0utica_Genero_MUJERES_y_DROGAS_Mayo_2024_ENGLISH.pdf\">WOMEN AND DRUGS<\/a><\/p>\n<p>The dynamics generated by drugs in society create specific vulnerabilities for women. Drug policies, which have traditionally suffered from a gender bias, <b>have not been able to address the barriers to access that women experience in prevention services,<\/b> comprehensive care and the structural conditioning factors that limit the possibilities of economic development.<\/p>\n<p>In addition, women are more affected by the limited coverage and\/or lack of coordination of care services in the most vulnerable territories. In these contexts,<b> poor, migrant or sexually diverse women suffer multiple stigmatisation and discrimination.<\/b> In the trafficking link, the perverse link between trafficking and drug trafficking, as well as convictions for minor micro-trafficking offences that lack proportionality, are phenomena that particularly affect women.<\/p>\n<p><b>At the REGIONAL level,<\/b> the programme produces reports and methodological guides.In terms of articulation with regional networks, it supports <b>the Conference of Ibero-American Ministers of Justice (COMJIB) and the Inter-American Association of Public Defenders (AIDEF)<\/b> in the creation of instruments and standards of alternativity and proportionality, in line with the human rights and gender approach. <b>Contribute to gender justice, providing indicators of vulnerability in minor crimes or protocols that can find victims of trafficking in drug trafficking crimes.<\/b><\/p>\n<p>&nbsp;<\/p>\n<p>A<b>t the NATIONAL level,<\/b> COPOLAD III contribute to promote the inclusion of the gender approach in 8 National Drug Observatories (NDOs) through research protocols, improvement of questionnaires and revision of sex-gender categories for the recording and analysis of data. COPOLAD III, together with the countries of the region, <b>works on the analysis of stigma<\/b> as a social phenomenon that affects women who use drugs. In addition, training is carried out that incorporates the gender approach to the treatment of problematic drug use and takes into <b>account the capacities of women and their specific characteristics<\/b>.<\/p>\n<p><b>4 IMPLEMENTING PARTNERS:<\/b><\/p>\n<p><a href=\"http:\/\/a%20nivel%20regional,%20el%20programa%20apoya%20a%20la%20conferencia%20de%20ministros\/as%20de%20Justicia%20de%20Iberoam%C3%A9rica%20(COMJIB)%20y%20a%20la%20Asociaci%C3%B3n%20Interamericana%20de%20Defensor%C3%ADas%20P%C3%BAblicas%20(AIDEF)%20en%20la%20creaci%C3%B3n%20de%20instrumentos%20y%20est%C3%A1ndares%20de%20alternatividad%20y%20proporcionalidad,%20en%20consonancia%20con%20el%20enfoque%20derechos%20humanos%20y%20g%C3%A9nero.\">FIAAPP<\/a>\u00a0(Fundaci\u00f3n Internacional y para Iberoam\u00e9rica de Administraci\u00f3n y Pol\u00edticas P\u00fablicas)<\/p>\n<p><a href=\"https:\/\/iila.org\/es\/\">IILA\u00a0<\/a>(Organizaci\u00f3n Italo-Latinoamericana)<\/p>\n<p><a href=\"https:\/\/www.giz.de\/en\/html\/index.html\">GIZ<\/a>\u00a0(Cooperaci\u00f3n T\u00e9cnica Alemana)<\/p>\n<p><a href=\"https:\/\/www.euda.europa.eu\/index_en\">EUDA<\/a>\u00a0(Agencia Europea de Drogas)[\/vc_column_text][\/vc_column][\/vc_row]<\/p>\n<\/div>","protected":false},"excerpt":{"rendered":"<p>[vc_row][vc_column][vc_column_text] Gender equality at the heart of drug policies WOMEN AND DRUGS The dynamics generated by drugs in society create specific vulnerabilities for women. Drug policies, which have traditionally suffered from a gender bias, have not been able to address the barriers to access that women experience in prevention services, comprehensive care and the structural [&hellip;]<\/p>\n","protected":false},"author":9,"featured_media":11198,"parent":0,"menu_order":0,"comment_status":"closed","ping_status":"closed","template":"","meta":{"courseId":0,"jnews_page_loop":{"enable_page_loop":"0","first_title":"Latest Post","second_title":"","header_type":"heading_6","header_background":"","header_text_color":"","layout":"right-sidebar","sidebar":"default-sidebar","second_sidebar":"default-sidebar","sticky_sidebar":"1","module":"3","boxed":"0","boxed_shadow":"0","box_shadow":"0","excerpt_length":"20","content_date":"default","date_custom":"Y\/m\/d","content_pagination":"nav_1","pagination_align":"center","show_navtext":"0","show_pageinfo":"0","post_offset":"0","posts_per_page":"5","include_post":"","exclude_post":"","include_category":"","exclude_category":"","include_author":"","include_tag":"","exclude_tag":"","sort_by":"latest"},"jnews_single_page":{"layout":"no-sidebar","sidebar":"default-sidebar","second_sidebar":"default-sidebar","sticky_sidebar":"1","show_post_featured":"1","show_post_meta":"0","share_position":"top","share_color":"share-monocrhome"},"jnews_social_meta":{"fb_title":"","fb_description":"","fb_image":"","twitter_title":"","twitter_description":"","twitter_image":""},"footnotes":""},"class_list":["post-11115","page","type-page","status-publish","has-post-thumbnail","hentry"],"acf":[],"_links":{"self":[{"href":"https:\/\/copolad.eu\/en\/wp-json\/wp\/v2\/pages\/11115"}],"collection":[{"href":"https:\/\/copolad.eu\/en\/wp-json\/wp\/v2\/pages"}],"about":[{"href":"https:\/\/copolad.eu\/en\/wp-json\/wp\/v2\/types\/page"}],"author":[{"embeddable":true,"href":"https:\/\/copolad.eu\/en\/wp-json\/wp\/v2\/users\/9"}],"replies":[{"embeddable":true,"href":"https:\/\/copolad.eu\/en\/wp-json\/wp\/v2\/comments?post=11115"}],"version-history":[{"count":3,"href":"https:\/\/copolad.eu\/en\/wp-json\/wp\/v2\/pages\/11115\/revisions"}],"predecessor-version":[{"id":11511,"href":"https:\/\/copolad.eu\/en\/wp-json\/wp\/v2\/pages\/11115\/revisions\/11511"}],"wp:featuredmedia":[{"embeddable":true,"href":"https:\/\/copolad.eu\/en\/wp-json\/wp\/v2\/media\/11198"}],"wp:attachment":[{"href":"https:\/\/copolad.eu\/en\/wp-json\/wp\/v2\/media?parent=11115"}],"curies":[{"name":"wp","href":"https:\/\/api.w.org\/{rel}","templated":true}]}}