{"id":11117,"date":"2024-07-15T09:23:21","date_gmt":"2024-07-15T07:23:21","guid":{"rendered":"https:\/\/copolad.eu\/?page_id=11117"},"modified":"2024-09-19T15:34:15","modified_gmt":"2024-09-19T13:34:15","slug":"policy-innovation","status":"publish","type":"page","link":"https:\/\/copolad.eu\/en\/policy-innovation\/","title":{"rendered":"Policy innovation"},"content":{"rendered":"<blockquote class=\"pullquote align-left\"><p>A bid to improve the effectiveness and sustainability of their effects<\/p><\/blockquote>\n<p><a class=\"btn btn-danger\" href=\"https:\/\/copolad.eu\/wp-content\/uploads\/2024\/09\/COPOLAD_Ficha_Tema%E2%95%A0utica_Innovacion_POLITICAS_DE_DROGAS_INNOVADOR_Mayo_2024_ENGLISH.pdf\">INNOVATION ON PUBLIC POLICIES<\/a><\/p>\n<p>The dynamics of drugs are driven by increasingly complex phenomena along the entire chain, including illicit crops, the emergence of new drugs and psychoactive substances, the laundering of assets that sustain drug trafficking, the effects of problematic drug use and the impact of incarceration for minor drug offences.<\/p>\n<p>In this context, knowledge must underpin the formulation of effective and sustainable drug policies. However, empirical evidence is a necessary but not sufficient condition for policy design and implementation. <b>Innovation is a catalyst for building multilevel and multi-stakeholder mechanisms that respond to the interests and needs of all the actors involved.<\/b><\/p>\n<p>Regional programmes such as COPOLAD III provide a favourable space for the generation of knowledge, by allowing a range of innovation modalities with different degrees of experimentation. In particular, the <b>programme promotes studies with innovative approaches, exchange of experiences and study visits, pilot actions at national and regional level, innovation laboratories, as well as a multi-country learning community<\/b>. But it also implements innovation spaces and processes that bring together actors who are currently not connected in the definition of policies.<b> This enhances the holistic approach of the programme by connecting police, judicial, social, health, economic or educational forces<\/b> that create scalable prototypes that address the main problems faced by citizens in relation to drugs. Public policy innovation laboratories are currently underway in Chile, Colombia, Peru and Uruguay.<\/p>\n<p><b>4 implementing PARTNERS:<\/b><\/p>\n<p><a href=\"http:\/\/a%20nivel%20regional,%20el%20programa%20apoya%20a%20la%20conferencia%20de%20ministros\/as%20de%20Justicia%20de%20Iberoam%C3%A9rica%20(COMJIB)%20y%20a%20la%20Asociaci%C3%B3n%20Interamericana%20de%20Defensor%C3%ADas%20P%C3%BAblicas%20(AIDEF)%20en%20la%20creaci%C3%B3n%20de%20instrumentos%20y%20est%C3%A1ndares%20de%20alternatividad%20y%20proporcionalidad,%20en%20consonancia%20con%20el%20enfoque%20derechos%20humanos%20y%20g%C3%A9nero.\">FIAAPP<\/a>\u00a0(Fundaci\u00f3n Internacional y para Iberoam\u00e9rica de Administraci\u00f3n y Pol\u00edticas P\u00fablicas)<\/p>\n<p><a href=\"https:\/\/iila.org\/es\/\">IILA\u00a0<\/a>(Organizaci\u00f3n Italo-Latinoamericana)<\/p>\n<p><a href=\"https:\/\/www.giz.de\/en\/html\/index.html\">GIZ<\/a>\u00a0(Cooperaci\u00f3n T\u00e9cnica Alemana)<\/p>\n<p><a href=\"https:\/\/www.euda.europa.eu\/index_en\">EUDA<\/a>\u00a0(Agencia Europea de Drogas)<\/p>\n","protected":false},"excerpt":{"rendered":"<p>A bid to improve the effectiveness and sustainability of their effects INNOVATION ON PUBLIC POLICIES The dynamics of drugs are driven by increasingly complex phenomena along the entire chain, including illicit crops, the emergence of new drugs and psychoactive substances, the laundering of assets that sustain drug trafficking, the effects of problematic drug use and [&hellip;]<\/p>\n","protected":false},"author":9,"featured_media":11200,"parent":0,"menu_order":0,"comment_status":"closed","ping_status":"closed","template":"","meta":{"courseId":0,"jnews_page_loop":{"enable_page_loop":"0","first_title":"Latest Post","second_title":"","header_type":"heading_6","header_background":"","header_text_color":"","layout":"right-sidebar","sidebar":"default-sidebar","second_sidebar":"default-sidebar","sticky_sidebar":"1","module":"3","boxed":"0","boxed_shadow":"0","box_shadow":"0","excerpt_length":"20","content_date":"default","date_custom":"Y\/m\/d","content_pagination":"nav_1","pagination_align":"center","show_navtext":"0","show_pageinfo":"0","post_offset":"0","posts_per_page":"5","include_post":"","exclude_post":"","include_category":"","exclude_category":"","include_author":"","include_tag":"","exclude_tag":"","sort_by":"latest"},"jnews_single_page":{"layout":"no-sidebar","sidebar":"default-sidebar","second_sidebar":"default-sidebar","sticky_sidebar":"1","show_post_featured":"1","show_post_meta":"0","share_position":"top","share_color":"share-monocrhome"},"jnews_social_meta":{"fb_title":"","fb_description":"","fb_image":"","twitter_title":"","twitter_description":"","twitter_image":""},"footnotes":""},"class_list":["post-11117","page","type-page","status-publish","has-post-thumbnail","hentry"],"acf":[],"_links":{"self":[{"href":"https:\/\/copolad.eu\/en\/wp-json\/wp\/v2\/pages\/11117"}],"collection":[{"href":"https:\/\/copolad.eu\/en\/wp-json\/wp\/v2\/pages"}],"about":[{"href":"https:\/\/copolad.eu\/en\/wp-json\/wp\/v2\/types\/page"}],"author":[{"embeddable":true,"href":"https:\/\/copolad.eu\/en\/wp-json\/wp\/v2\/users\/9"}],"replies":[{"embeddable":true,"href":"https:\/\/copolad.eu\/en\/wp-json\/wp\/v2\/comments?post=11117"}],"version-history":[{"count":2,"href":"https:\/\/copolad.eu\/en\/wp-json\/wp\/v2\/pages\/11117\/revisions"}],"predecessor-version":[{"id":11512,"href":"https:\/\/copolad.eu\/en\/wp-json\/wp\/v2\/pages\/11117\/revisions\/11512"}],"wp:featuredmedia":[{"embeddable":true,"href":"https:\/\/copolad.eu\/en\/wp-json\/wp\/v2\/media\/11200"}],"wp:attachment":[{"href":"https:\/\/copolad.eu\/en\/wp-json\/wp\/v2\/media?parent=11117"}],"curies":[{"name":"wp","href":"https:\/\/api.w.org\/{rel}","templated":true}]}}