{"id":11129,"date":"2024-07-15T09:39:30","date_gmt":"2024-07-15T07:39:30","guid":{"rendered":"https:\/\/copolad.eu\/?page_id=11129"},"modified":"2024-09-19T15:29:14","modified_gmt":"2024-09-19T13:29:14","slug":"fight-against-drug-trafficking","status":"publish","type":"page","link":"https:\/\/copolad.eu\/en\/fight-against-drug-trafficking\/","title":{"rendered":"Fight against drug trafficking"},"content":{"rendered":"<div class=\"wpb-content-wrapper\"><p>[vc_row][vc_column][vc_column_text]<\/p>\n<blockquote class=\"pullquote align-left\"><p>More efficient systems for police investigation, financial investigation in money laundering and social use of seized assets.<\/p><\/blockquote>\n<p><a class=\"btn btn-danger\" href=\"https:\/\/copolad.eu\/wp-content\/uploads\/2024\/09\/COPOLAD_Ficha_Crimen_Orgnizado_Mayo_2024_ENGLISH.pdf\" target=\"_blank\" rel=\"noopener\">FIGHT AGAINST DRUG TRAFFICKING<\/a><\/p>\n<p>COPOLAD III supports public policies that offer comprehensive solutions through <b>a combination of public security initiatives, police investigation and the fight against illicit money and its laundering.<\/b> The effectiveness of drug trafficking policies should not be measured solely by drug seizures or the number of arrests of people lower down the criminal chain, but by the state&#8217;s ability to cut off the economic flow of drug trafficking and to put seized assets to social use.<\/p>\n<p>The fight against organised crime requires efforts to investigate its financial network, through international cooperation mechanisms between justice and security institutions<b>. The aim is to prevent illegal profits from returning to the drug supply chain and making corruption, human trafficking or terrorism possible.<\/b><\/p>\n<p>For this reason,<b> the COPOLAD III Programme works with the Network of Anti-Drug Prosecutors of Ibero-America (RFAI)<\/b> in the development of protocols or strengthens the capacities of public prosecutors&#8217; offices to incorporate the gender perspective in investigations. For example, incorporating indicators to address trafficking victims in the investigation of drug trafficking crimes. <b>It also collaborates with the Financial Action Task Force of Latin America (GAFILAT) and the Caribbean (GAFIC)<\/b> to create technological exchange tools, good practice guides and standards to improve the exchange of information in the fight against drug trafficking. The countries also participate in training on topics that they themselves have identified as key, such as virtual assets, synthetic drugs or asset prevention measures.<\/p>\n<p><b>2 IMPLEMENTING PARTNERS:<\/b><\/p>\n<p><a href=\"https:\/\/iila.org\/es\/\">IILA\u00a0<\/a>(Organizaci\u00f3n Internacional Italo-Latinoamericana)<\/p>\n<p><a href=\"https:\/\/www.fiiapp.org\/\">FIIAPP<\/a>\u00a0(Fundaci\u00f3n Internacional y para Iberoam\u00e9rica de Administraci\u00f3n y Pol\u00edticas P\u00fablicas).[\/vc_column_text][\/vc_column][\/vc_row]<\/p>\n<\/div>","protected":false},"excerpt":{"rendered":"<p>[vc_row][vc_column][vc_column_text] More efficient systems for police investigation, financial investigation in money laundering and social use of seized assets. FIGHT AGAINST DRUG TRAFFICKING COPOLAD III supports public policies that offer comprehensive solutions through a combination of public security initiatives, police investigation and the fight against illicit money and its laundering. The effectiveness of drug trafficking policies [&hellip;]<\/p>\n","protected":false},"author":9,"featured_media":11019,"parent":0,"menu_order":0,"comment_status":"closed","ping_status":"closed","template":"","meta":{"courseId":0,"jnews_page_loop":{"enable_page_loop":"0","first_title":"Latest Post","second_title":"","header_type":"heading_6","header_background":"","header_text_color":"","layout":"right-sidebar","sidebar":"default-sidebar","second_sidebar":"default-sidebar","sticky_sidebar":"1","module":"3","boxed":"0","boxed_shadow":"0","box_shadow":"0","excerpt_length":"20","content_date":"default","date_custom":"Y\/m\/d","content_pagination":"nav_1","pagination_align":"center","show_navtext":"0","show_pageinfo":"0","post_offset":"0","posts_per_page":"5","include_post":"","exclude_post":"","include_category":"","exclude_category":"","include_author":"","include_tag":"","exclude_tag":"","sort_by":"latest"},"jnews_single_page":{"layout":"no-sidebar","sidebar":"default-sidebar","second_sidebar":"default-sidebar","sticky_sidebar":"1","show_post_featured":"1","show_post_meta":"0","share_position":"top","share_color":"share-monocrhome"},"jnews_social_meta":{"fb_title":"","fb_description":"","fb_image":"","twitter_title":"","twitter_description":"","twitter_image":""},"footnotes":""},"class_list":["post-11129","page","type-page","status-publish","has-post-thumbnail","hentry"],"acf":[],"_links":{"self":[{"href":"https:\/\/copolad.eu\/en\/wp-json\/wp\/v2\/pages\/11129"}],"collection":[{"href":"https:\/\/copolad.eu\/en\/wp-json\/wp\/v2\/pages"}],"about":[{"href":"https:\/\/copolad.eu\/en\/wp-json\/wp\/v2\/types\/page"}],"author":[{"embeddable":true,"href":"https:\/\/copolad.eu\/en\/wp-json\/wp\/v2\/users\/9"}],"replies":[{"embeddable":true,"href":"https:\/\/copolad.eu\/en\/wp-json\/wp\/v2\/comments?post=11129"}],"version-history":[{"count":3,"href":"https:\/\/copolad.eu\/en\/wp-json\/wp\/v2\/pages\/11129\/revisions"}],"predecessor-version":[{"id":11504,"href":"https:\/\/copolad.eu\/en\/wp-json\/wp\/v2\/pages\/11129\/revisions\/11504"}],"wp:featuredmedia":[{"embeddable":true,"href":"https:\/\/copolad.eu\/en\/wp-json\/wp\/v2\/media\/11019"}],"wp:attachment":[{"href":"https:\/\/copolad.eu\/en\/wp-json\/wp\/v2\/media?parent=11129"}],"curies":[{"name":"wp","href":"https:\/\/api.w.org\/{rel}","templated":true}]}}