{"id":5034,"date":"2022-02-10T11:51:51","date_gmt":"2022-02-10T10:51:51","guid":{"rendered":"https:\/\/copolad.ole.agency\/technical-team\/"},"modified":"2025-12-19T11:44:01","modified_gmt":"2025-12-19T09:44:01","slug":"technical-team","status":"publish","type":"page","link":"https:\/\/copolad.eu\/en\/technical-team\/","title":{"rendered":"Technical team"},"content":{"rendered":"<div class=\"wpb-content-wrapper\"><p>[vc_row][vc_column][vc_empty_space height=&#8221;10px&#8221;][\/vc_column][\/vc_row][vc_row vc_row_background=&#8221;&#8221; el_class=&#8221;.jeg_sidebar_left&#8221;][vc_column width=&#8221;2\/3&#8243;][vc_custom_heading text=&#8221;Copolad III team&#8221; font_container=&#8221;tag:h1|font_size:48px|text_align:left|color:%23000000|line_height:72px&#8221; google_fonts=&#8221;font_family:Open%20Sans%3A300%2C300italic%2Cregular%2Citalic%2C600%2C600italic%2C700%2C700italic%2C800%2C800italic|font_style:700%20bold%20regular%3A700%3Anormal&#8221; css=&#8221;.vc_custom_1638365269296{margin-top: 0px !important;}&#8221;][vc_column_text]The program team COPOLAD:[\/vc_column_text][vc_row_inner el_class=&#8221;bloque-equipo&#8221;][vc_column_inner el_class=&#8221;bloque-contacto&#8221; width=&#8221;1\/2&#8243; offset=&#8221;vc_col-xs-12&#8243;][vc_single_image image=&#8221;8905&#8243; img_size=&#8221;large&#8221; style=&#8221;vc_box_shadow_border_circle&#8221;][vc_column_text]<strong>Borja D\u00edaz Rivillas<\/strong><\/p>\n<p>Director<\/p>\n<p><span class=\"of-mailto\">borja.diaz@copolad.eu<\/span>[\/vc_column_text][\/vc_column_inner][vc_column_inner el_class=&#8221;bloque-contacto&#8221; width=&#8221;1\/2&#8243; offset=&#8221;vc_col-xs-12&#8243;][vc_single_image image=&#8221;7436&#8243; img_size=&#8221;medium&#8221;][vc_column_text css=&#8221;&#8221;]<strong>Beatriz Lara<\/strong><\/p>\n<p>Administradora del programa<\/p>\n<p><span class=\"of-mailto\">copolad3@copolad.eu<\/span>[\/vc_column_text][\/vc_column_inner][\/vc_row_inner][vc_row_inner el_class=&#8221;bloque-equipo&#8221;][vc_column_inner el_class=&#8221;bloque-contacto&#8221; width=&#8221;1\/2&#8243; offset=&#8221;vc_col-xs-12&#8243;][vc_single_image image=&#8221;15542&#8243; img_size=&#8221;100&#215;100&#8243; style=&#8221;vc_box_circle&#8221; css=&#8221;&#8221;][vc_column_text css=&#8221;&#8221;]<strong>Laura Mula Gallego<\/strong><\/p>\n<p>T\u00e9cnica de proyecto<\/p>\n<p><span class=\"of-mailto\">laura.mula@copolad.eu<\/span>[\/vc_column_text][\/vc_column_inner][vc_column_inner el_class=&#8221;bloque-contacto&#8221; width=&#8221;1\/2&#8243; offset=&#8221;vc_col-xs-12&#8243;][vc_single_image image=&#8221;4028&#8243;][vc_column_text]<strong>Mercedes Alonso\u00a0 \u00a0<\/strong><\/p>\n<p>T\u00e9cnica de proyecto en Bruselas<\/p>\n<p><span class=\"of-mailto\">mercedes.alonso@copolad.eu<\/span>[\/vc_column_text][\/vc_column_inner][\/vc_row_inner][vc_row_inner el_class=&#8221;bloque-equipo&#8221;][vc_column_inner el_class=&#8221;bloque-contacto&#8221; width=&#8221;1\/2&#8243; offset=&#8221;vc_col-xs-12&#8243;][vc_single_image image=&#8221;4022&#8243;][vc_column_text]<strong>Arantxa Freire <\/strong><\/p>\n<p>T\u00e9cnica de Comunicaci\u00f3n<\/p>\n<p><span class=\"of-mailto\">aranzazu.freire@copolad.eu<\/span>[\/vc_column_text][\/vc_column_inner][vc_column_inner el_class=&#8221;bloque-contacto&#8221; width=&#8221;1\/2&#8243; offset=&#8221;vc_col-xs-12&#8243;][vc_single_image image=&#8221;6089&#8243;][vc_column_text]<strong>Massimo Meccheri\u00a0<\/strong><\/p>\n<p>T\u00e9cnico de proyecto<\/p>\n<p><span class=\"of-mailto\">massimo.meccheri@copolad.eu<\/span>[\/vc_column_text][\/vc_column_inner][\/vc_row_inner][vc_row_inner el_class=&#8221;bloque-equipo&#8221;][vc_column_inner el_class=&#8221;bloque-contacto&#8221; width=&#8221;1\/2&#8243; offset=&#8221;vc_col-xs-12&#8243;][vc_single_image image=&#8221;15563&#8243; img_size=&#8221;100&#215;100&#8243; style=&#8221;vc_box_circle_2&#8243; css=&#8221;&#8221;][vc_column_text css=&#8221;&#8221;]<strong>David Alcover<\/strong><\/p>\n<p>Gestor econ\u00f3mica<\/p>\n<p><span class=\"of-mailto\">david.alcover@copolad.eu<\/span>[\/vc_column_text][\/vc_column_inner][vc_column_inner el_class=&#8221;bloque-contacto&#8221; width=&#8221;1\/2&#8243; offset=&#8221;vc_col-xs-12&#8243;][vc_single_image image=&#8221;15538&#8243; img_size=&#8221;100&#215;100&#8243; style=&#8221;vc_box_circle_2&#8243; css=&#8221;&#8221;][vc_column_text css=&#8221;&#8221;]<strong>Maria Sierra<\/strong><\/p>\n<p>T\u00e9cnica de apoyo<\/p>\n<p><span class=\"of-mailto\">maria.sierra@copolad.eu<\/span>[\/vc_column_text][\/vc_column_inner][\/vc_row_inner][vc_row_inner el_class=&#8221;bloque-equipo&#8221;][vc_column_inner el_class=&#8221;bloque-contacto&#8221; width=&#8221;1\/2&#8243; offset=&#8221;vc_col-xs-12&#8243;][vc_single_image image=&#8221;15544&#8243; style=&#8221;vc_box_circle_2&#8243; css=&#8221;&#8221;][vc_column_text css=&#8221;&#8221;]<strong>Maria Rosaria Andreozzi<\/strong><\/p>\n<p>T\u00e9cnica de apoyo<\/p>\n<p>mr.andreozzi@iila.org<\/p>\n<p>[\/vc_column_text][\/vc_column_inner][vc_column_inner el_class=&#8221;bloque-contacto&#8221; width=&#8221;1\/2&#8243; offset=&#8221;vc_col-xs-12&#8243;][vc_single_image image=&#8221;7436&#8243;][vc_column_text css=&#8221;&#8221;]<strong>Luca Bianchi<\/strong><\/p>\n<p>Responsable de subvenciones<\/p>\n<p>l.bianchi@iila.org[\/vc_column_text][\/vc_column_inner][\/vc_row_inner][vc_row_inner el_class=&#8221;bloque-equipo&#8221;][vc_column_inner el_class=&#8221;bloque-contacto&#8221; width=&#8221;1\/2&#8243; offset=&#8221;vc_col-xs-12&#8243;][vc_single_image image=&#8221;15540&#8243; style=&#8221;vc_box_circle_2&#8243; css=&#8221;&#8221;][vc_column_text css=&#8221;&#8221;]<strong>Carlos Vivar\u00a0<\/strong><\/p>\n<p>T\u00e9cnico de proyecto<\/p>\n<p>carlos.vivar@copolad.eu[\/vc_column_text][\/vc_column_inner][vc_column_inner el_class=&#8221;bloque-contacto&#8221; width=&#8221;1\/2&#8243; offset=&#8221;vc_col-xs-12&#8243;][vc_single_image image=&#8221;15568&#8243; style=&#8221;vc_box_circle_2&#8243; css=&#8221;&#8221;][vc_column_text css=&#8221;&#8221;]<strong>Antonio Rodr\u00edguez-Carmona\u00a0<\/strong><\/p>\n<p>T\u00e9cnico de Gesti\u00f3n de<br \/>\nConocimiento y Evaluaci\u00f3n<\/p>\n<p><span class=\"of-mailto\">antonio.rodriguezc@fiap.gob.es\u00a0<\/span>[\/vc_column_text][\/vc_column_inner][\/vc_row_inner][vc_row_inner el_class=&#8221;bloque-equipo&#8221;][vc_column_inner el_class=&#8221;bloque-contacto&#8221; width=&#8221;1\/2&#8243; offset=&#8221;vc_col-xs-12&#8243;][vc_single_image image=&#8221;6292&#8243; img_size=&#8221;100&#215;100&#8243; style=&#8221;vc_box_circle_2&#8243;][vc_column_text]<strong>Anna Bonuchchi<\/strong><\/p>\n<p>T\u00e9cnica de apoyo<\/p>\n<p><span class=\"of-mailto\">anna.bonuchchi@copolad.eu<\/span>[\/vc_column_text][\/vc_column_inner][\/vc_row_inner][\/vc_column][vc_column width=&#8221;1\/3&#8243; sticky_sidebar=&#8221;yes&#8221; set_as_sidebar=&#8221;yes&#8221;][vc_wp_custommenu nav_menu=&#8221;32&#8243; el_class=&#8221;tab-style&#8221;][\/vc_column][\/vc_row]<\/p>\n<\/div>","protected":false},"excerpt":{"rendered":"<p>[vc_row][vc_column][vc_empty_space height=&#8221;10px&#8221;][\/vc_column][\/vc_row][vc_row vc_row_background=&#8221;&#8221; el_class=&#8221;.jeg_sidebar_left&#8221;][vc_column width=&#8221;2\/3&#8243;][vc_custom_heading text=&#8221;Copolad III team&#8221; font_container=&#8221;tag:h1|font_size:48px|text_align:left|color:%23000000|line_height:72px&#8221; google_fonts=&#8221;font_family:Open%20Sans%3A300%2C300italic%2Cregular%2Citalic%2C600%2C600italic%2C700%2C700italic%2C800%2C800italic|font_style:700%20bold%20regular%3A700%3Anormal&#8221; css=&#8221;.vc_custom_1638365269296{margin-top: 0px !important;}&#8221;][vc_column_text]The program team COPOLAD:[\/vc_column_text][vc_row_inner el_class=&#8221;bloque-equipo&#8221;][vc_column_inner el_class=&#8221;bloque-contacto&#8221; width=&#8221;1\/2&#8243; offset=&#8221;vc_col-xs-12&#8243;][vc_single_image image=&#8221;8905&#8243; img_size=&#8221;large&#8221; style=&#8221;vc_box_shadow_border_circle&#8221;][vc_column_text]Borja D\u00edaz Rivillas Director borja.diaz@copolad.eu[\/vc_column_text][\/vc_column_inner][vc_column_inner el_class=&#8221;bloque-contacto&#8221; width=&#8221;1\/2&#8243; offset=&#8221;vc_col-xs-12&#8243;][vc_single_image image=&#8221;7436&#8243; img_size=&#8221;medium&#8221;][vc_column_text css=&#8221;&#8221;]Beatriz Lara Administradora del programa copolad3@copolad.eu[\/vc_column_text][\/vc_column_inner][\/vc_row_inner][vc_row_inner el_class=&#8221;bloque-equipo&#8221;][vc_column_inner el_class=&#8221;bloque-contacto&#8221; width=&#8221;1\/2&#8243; offset=&#8221;vc_col-xs-12&#8243;][vc_single_image image=&#8221;15542&#8243; img_size=&#8221;100&#215;100&#8243; style=&#8221;vc_box_circle&#8221; css=&#8221;&#8221;][vc_column_text css=&#8221;&#8221;]Laura Mula Gallego T\u00e9cnica de proyecto laura.mula@copolad.eu[\/vc_column_text][\/vc_column_inner][vc_column_inner el_class=&#8221;bloque-contacto&#8221; width=&#8221;1\/2&#8243; [&hellip;]<\/p>\n","protected":false},"author":9,"featured_media":0,"parent":0,"menu_order":0,"comment_status":"closed","ping_status":"closed","template":"","meta":{"courseId":0,"jnews_page_loop":{"enable_page_loop":"0","first_title":"Latest Post","second_title":"","header_type":"heading_6","header_background":"","header_text_color":"","layout":"right-sidebar","sidebar":"default-sidebar","second_sidebar":"default-sidebar","sticky_sidebar":"1","module":"3","boxed":"0","boxed_shadow":"0","box_shadow":"0","excerpt_length":"20","content_date":"default","date_custom":"Y\/m\/d","content_pagination":"nav_1","pagination_align":"center","show_navtext":"0","show_pageinfo":"0","post_offset":"0","posts_per_page":"5","include_post":"","exclude_post":"","include_category":"","exclude_category":"","include_author":"","include_tag":"","exclude_tag":"","sort_by":"latest","post_sticky":"0"},"jnews_single_page":{"layout":"no-sidebar","sidebar":"default-sidebar","second_sidebar":"default-sidebar","sticky_sidebar":"1","show_post_featured":"1","show_post_meta":"0","share_position":"hide","share_color":"share-monocrhome","show_post_title":"1","show_post_breadcrumbs":"1"},"jnews_social_meta":{"fb_title":"","fb_description":"Programa de Cooperaci\u00f3n entre Am\u00e9rica Latina, el Caribe y la Uni\u00f3n Europea en Pol\u00edticas sobre Drogas\u2026","fb_image":"","twitter_title":"","twitter_description":"Programa de Cooperaci\u00f3n entre Am\u00e9rica Latina, el Caribe y la Uni\u00f3n Europea en Pol\u00edticas sobre Drogas\u2026","twitter_image":""},"footnotes":""},"class_list":["post-5034","page","type-page","status-publish","hentry"],"acf":[],"_links":{"self":[{"href":"https:\/\/copolad.eu\/en\/wp-json\/wp\/v2\/pages\/5034"}],"collection":[{"href":"https:\/\/copolad.eu\/en\/wp-json\/wp\/v2\/pages"}],"about":[{"href":"https:\/\/copolad.eu\/en\/wp-json\/wp\/v2\/types\/page"}],"author":[{"embeddable":true,"href":"https:\/\/copolad.eu\/en\/wp-json\/wp\/v2\/users\/9"}],"replies":[{"embeddable":true,"href":"https:\/\/copolad.eu\/en\/wp-json\/wp\/v2\/comments?post=5034"}],"version-history":[{"count":15,"href":"https:\/\/copolad.eu\/en\/wp-json\/wp\/v2\/pages\/5034\/revisions"}],"predecessor-version":[{"id":15570,"href":"https:\/\/copolad.eu\/en\/wp-json\/wp\/v2\/pages\/5034\/revisions\/15570"}],"wp:attachment":[{"href":"https:\/\/copolad.eu\/en\/wp-json\/wp\/v2\/media?parent=5034"}],"curies":[{"name":"wp","href":"https:\/\/api.w.org\/{rel}","templated":true}]}}