{"id":5251,"date":"2022-02-14T14:47:12","date_gmt":"2022-02-14T13:47:12","guid":{"rendered":"https:\/\/copolad.ole.agency\/library\/"},"modified":"2024-05-09T10:49:44","modified_gmt":"2024-05-09T08:49:44","slug":"library","status":"publish","type":"page","link":"https:\/\/copolad.eu\/en\/library\/","title":{"rendered":"Library"},"content":{"rendered":"<div class=\"wpb-content-wrapper\"><p>[vc_row full_height=&#8221;yes&#8221; columns_placement=&#8221;top&#8221; vc_row_background=&#8221;&#8221;][vc_column][vc_row_inner][vc_column_inner][vc_custom_heading text=&#8221;Library&#8221; font_container=&#8221;tag:h1|font_size:45px|text_align:left|color:%2315110d|line_height:72px&#8221; google_fonts=&#8221;font_family:Open%20Sans%3A300%2C300italic%2Cregular%2Citalic%2C600%2C600italic%2C700%2C700italic%2C800%2C800italic|font_style:700%20bold%20regular%3A700%3Anormal&#8221;]<div class=\"it-event-block it-event-library\"><div class=\"it-event-block-filter\"> \n                    <form id=\"it-event-block-filter-form\" action=\"https:\/\/copolad.eu\/en\/library\/\" method=\"GET\">\n                        <div class=\"it-field\">\n                            <label>Year:<\/label>\n                            <select name=\"library_year\" ><option value=\"-1\"  >All years<\/option><option value=\"2015\" >2015<\/option><option value=\"1016\" >1016<\/option><option value=\"2017\" >2017<\/option><option value=\"2018\" >2018<\/option><option value=\"2019\" >2019<\/option><option value=\"2020\" >2020<\/option><option value=\"2021\" >2021<\/option><option value=\"2022\" >2022<\/option><option value=\"2023\" >2023<\/option><option value=\"2024\" >2024<\/option><option value=\"2025\" >2025<\/option><\/select>\n                        <\/div> \n                        <div class=\"it-field\">\n                            <label>Category:<\/label>\n                            <select name=\"library_category\" id=\"category\"><option value=\"-1\"  >All categories<\/option><option value=\"122\" >Guides<\/option><option value=\"121\" >Infographics<\/option><option value=\"120\" >Institutional reports<\/option><option value=\"118\" >Studies<\/option><\/select>\n                        <\/div>\n                        <div class=\"it-field\">\n                            <label>Search:<\/label>\n                            <input type=\"text\" name=\"library_s\" value=\"\">\n                        <\/div>\n                        <div class=\"it-field it-input-button-container\">\n                            <input type=\"submit\" name=\"ubmit\" value=\"Find publications\">\n                        <\/div>\n                    <\/form>\n                <\/div><div class=\"it-library-block-results\"><div class=\"it-event-library-item\">\n                                    <div class=\"it-event-library-item-data\"><div class=\"it-event-library-item-data-img\">\n                                                    <img decoding=\"async\" src=\"https:\/\/copolad.eu\/wp-content\/uploads\/2026\/01\/IMG_8937-scaled.jpeg\" alt=\"\" \/>\n                                                <\/div><div class=\"it-event-library-item-data-metadata\"><div class=\"it-event-library-item-data-metadata-metadata\">\n                                                    <ul><li><strong>Thematic area:<\/strong> Consumo problem\u00e1tico<\/li><li><strong>Document type:<\/strong> Gu\u00edas<\/li><li><strong>Author:<\/strong> <span class=\"it-event-library-item-content-author\">An\u00f3nimo<\/span><\/ul>\n                                    <\/div><h2><a href=\"https:\/\/copolad.eu\/en\/community-service-and-territorialization-guides\/\">Community service and territorialization guides<\/a><\/h2><\/div><\/div>\n                                        <div class=\"it-event-library-item-content\"><div class=\"it-event-library-item-data-metadata-year\">\n                                                        <div class=\"it-event-library-item-data-metadata-year-icon\">\n                                                            <i class=\"fa fa-solid fa-calendar\"><\/i>2025\n                                                        <\/div>\n                                                    <\/div><div class=\"it-event-library-item-content-readmore\"><a href=\"https:\/\/copolad.eu\/en\/community-service-and-territorialization-guides\/\">Read more<\/a><\/div ><\/div>\n                                    <\/div><div class=\"it-event-library-item\">\n                                    <div class=\"it-event-library-item-data\"><div class=\"it-event-library-item-data-img\">\n                                                    <img decoding=\"async\" src=\"https:\/\/copolad.eu\/wp-content\/uploads\/2025\/12\/JWG6785.jpg\" alt=\"\" \/>\n                                                <\/div><div class=\"it-event-library-item-data-metadata\"><div class=\"it-event-library-item-data-metadata-metadata\">\n                                                    <ul><li><strong>Thematic area:<\/strong> Reducci\u00f3n del mercado ilegal de drogas<\/li><li><strong>Document type:<\/strong> Estudios<\/li><li><strong>Author:<\/strong> <span class=\"it-event-library-item-content-author\">AIAMP\/PROGRAMA COPOLAD III<\/span><\/ul>\n                                    <\/div><h2><a href=\"https:\/\/copolad.eu\/en\/diagnosis\/\">Drug Trafficking and Its Impact on the Environment. Guidelines for Investigation and Criminal Prosecution<\/a><\/h2><\/div><\/div>\n                                        <div class=\"it-event-library-item-content\"><div class=\"it-event-library-item-data-metadata-year\">\n                                                        <div class=\"it-event-library-item-data-metadata-year-icon\">\n                                                            <i class=\"fa fa-solid fa-calendar\"><\/i>2025\n                                                        <\/div>\n                                                    <\/div><div class=\"it-event-library-item-content-readmore\"><a href=\"https:\/\/copolad.eu\/en\/diagnosis\/\">Read more<\/a><\/div ><\/div>\n                                    <\/div><div class=\"it-event-library-item\">\n                                    <div class=\"it-event-library-item-data\"><div class=\"it-event-library-item-data-img\">\n                                                    <img decoding=\"async\" src=\"https:\/\/copolad.eu\/wp-content\/uploads\/2025\/12\/TINGO-MARIA-VISTAS1-scaled.jpg\" alt=\"\" \/>\n                                                <\/div><div class=\"it-event-library-item-data-metadata\"><div class=\"it-event-library-item-data-metadata-metadata\">\n                                                    <ul><li><strong>Thematic area:<\/strong> Reducci\u00f3n del mercado ilegal de drogas<\/li><li><strong>Document type:<\/strong> Estudios<\/li><li><strong>Author:<\/strong> <span class=\"it-event-library-item-content-author\">AIAMP\/PROGRAMA COPOLAD III<\/span><\/ul>\n                                    <\/div><h2><a href=\"https:\/\/copolad.eu\/en\/15414\/\">Drug Trafficking and Its Impact on the Environment<\/a><\/h2><\/div><\/div>\n                                        <div class=\"it-event-library-item-content\"><div class=\"it-event-library-item-data-metadata-year\">\n                                                        <div class=\"it-event-library-item-data-metadata-year-icon\">\n                                                            <i class=\"fa fa-solid fa-calendar\"><\/i>2025\n                                                        <\/div>\n                                                    <\/div><div class=\"it-event-library-item-content-readmore\"><a href=\"https:\/\/copolad.eu\/en\/15414\/\">Read more<\/a><\/div ><\/div>\n                                    <\/div><div class=\"it-event-library-item\">\n                                    <div class=\"it-event-library-item-data\"><div class=\"it-event-library-item-data-img\">\n                                                    <img decoding=\"async\" src=\"https:\/\/copolad.eu\/wp-content\/uploads\/2025\/11\/Captura-de-pantalla-2025-11-24-a-las-12.55.06.png\" alt=\"Portada de la Gu\u00eda de Tratamiento por uso de fentanilo y metanfetamina en Mexico\" \/>\n                                                <\/div><div class=\"it-event-library-item-data-metadata\"><div class=\"it-event-library-item-data-metadata-metadata\">\n                                                    <ul><li><strong>Thematic area:<\/strong> Consumo problem\u00e1tico<\/li><li><strong>Document type:<\/strong> Gu\u00edas<\/li><li><strong>Country:<\/strong> M\u00e9xico<\/li><li><strong>Author:<\/strong> <span class=\"it-event-library-item-content-author\">CONASAMA <\/span><\/ul>\n                                    <\/div><h2><a href=\"https:\/\/copolad.eu\/en\/person-centred-evidence-based-treatment-guide-for-fentanyl-and-methamphetamine-use-disorders-in-mexico\/\">Person-centred, evidence-based treatment guide for fentanyl and methamphetamine use disorders in Mexico<\/a><\/h2><\/div><\/div>\n                                        <div class=\"it-event-library-item-content\"><div class=\"it-event-library-item-data-metadata-year\">\n                                                        <div class=\"it-event-library-item-data-metadata-year-icon\">\n                                                            <i class=\"fa fa-solid fa-calendar\"><\/i>2025\n                                                        <\/div>\n                                                    <\/div><div class=\"it-event-library-item-content-readmore\"><a href=\"https:\/\/copolad.eu\/en\/person-centred-evidence-based-treatment-guide-for-fentanyl-and-methamphetamine-use-disorders-in-mexico\/\">Read more<\/a><\/div ><\/div>\n                                    <\/div><div class=\"it-event-library-item\">\n                                    <div class=\"it-event-library-item-data\"><div class=\"it-event-library-item-data-img\">\n                                                    <img decoding=\"async\" src=\"https:\/\/copolad.eu\/wp-content\/uploads\/2025\/11\/00037-Entrevista-Cartago.jpg\" alt=\"\" \/>\n                                                <\/div><div class=\"it-event-library-item-data-metadata\"><div class=\"it-event-library-item-data-metadata-metadata\">\n                                                    <ul><li><strong>Thematic area:<\/strong> Observatorios sobre drogas<\/li><li><strong>Document type:<\/strong> Informes institucionales<\/li><li><strong>Country:<\/strong> Costa Rica <\/li><li><strong>Author:<\/strong> <span class=\"it-event-library-item-content-author\">ICD<\/span><\/ul>\n                                    <\/div><h2><a href=\"https:\/\/copolad.eu\/en\/evaluation-of-colombias-drug-policy-2005-2025\/\">Evaluation of Costa Rica&#8217;s Drug Policy (2005-2025)<\/a><\/h2><\/div><\/div>\n                                        <div class=\"it-event-library-item-content\"><div class=\"it-event-library-item-data-metadata-year\">\n                                                        <div class=\"it-event-library-item-data-metadata-year-icon\">\n                                                            <i class=\"fa fa-solid fa-calendar\"><\/i>2025\n                                                        <\/div>\n                                                    <\/div><div class=\"it-event-library-item-content-readmore\"><a href=\"https:\/\/copolad.eu\/en\/evaluation-of-colombias-drug-policy-2005-2025\/\">Read more<\/a><\/div ><\/div>\n                                    <\/div><div class=\"it-event-library-item\">\n                                    <div class=\"it-event-library-item-data\"><div class=\"it-event-library-item-data-img\">\n                                                    <img decoding=\"async\" src=\"https:\/\/copolad.eu\/wp-content\/uploads\/2025\/10\/iStock-1389439840-scaled.jpg\" alt=\"madrehijo\n\" \/>\n                                                <\/div><div class=\"it-event-library-item-data-metadata\"><div class=\"it-event-library-item-data-metadata-metadata\">\n                                                    <ul><li><strong>Thematic area:<\/strong> Reducci\u00f3n del mercado ilegal de drogas<\/li><li><strong>Document type:<\/strong> Gu\u00edas<\/li><li><strong>Author:<\/strong> <span class=\"it-event-library-item-content-author\">COMJIB<\/span><\/ul>\n                                    <\/div><h2><a href=\"https:\/\/copolad.eu\/en\/comjib\/\">Ibero-American standards for the humanisation of criminal and prison policy<\/a><\/h2><\/div><\/div>\n                                        <div class=\"it-event-library-item-content\"><div class=\"it-event-library-item-data-metadata-year\">\n                                                        <div class=\"it-event-library-item-data-metadata-year-icon\">\n                                                            <i class=\"fa fa-solid fa-calendar\"><\/i>2025\n                                                        <\/div>\n                                                    <\/div><div class=\"it-event-library-item-content-readmore\"><a href=\"https:\/\/copolad.eu\/en\/comjib\/\">Read more<\/a><\/div ><\/div>\n                                    <\/div><\/div><div class=\"it-event-block-pagination it-pagination\"><span aria-current=\"page\" class=\"page-numbers current\">1<\/span>\n<a class=\"page-numbers\" href=\"https:\/\/copolad.eu\/en\/wp-json\/wp\/v2\/pages\/5251\/page\/2\/\">2<\/a>\n<span class=\"page-numbers dots\">&hellip;<\/span>\n<a class=\"page-numbers\" href=\"https:\/\/copolad.eu\/en\/wp-json\/wp\/v2\/pages\/5251\/page\/8\/\">8<\/a>\n<a class=\"page-numbers\" href=\"https:\/\/copolad.eu\/en\/wp-json\/wp\/v2\/pages\/5251\/page\/9\/\">9<\/a>\n<a class=\"next page-numbers\" href=\"https:\/\/copolad.eu\/en\/wp-json\/wp\/v2\/pages\/5251\/page\/2\/\">><\/a><\/div><\/div>[\/vc_column_inner][\/vc_row_inner][\/vc_column][\/vc_row]<\/p>\n<\/div>","protected":false},"excerpt":{"rendered":"<p>[vc_row full_height=&#8221;yes&#8221; columns_placement=&#8221;top&#8221; vc_row_background=&#8221;&#8221;][vc_column][vc_row_inner][vc_column_inner][vc_custom_heading text=&#8221;Library&#8221; font_container=&#8221;tag:h1|font_size:45px|text_align:left|color:%2315110d|line_height:72px&#8221; google_fonts=&#8221;font_family:Open%20Sans%3A300%2C300italic%2Cregular%2Citalic%2C600%2C600italic%2C700%2C700italic%2C800%2C800italic|font_style:700%20bold%20regular%3A700%3Anormal&#8221;][\/vc_column_inner][\/vc_row_inner][\/vc_column][\/vc_row]<\/p>\n","protected":false},"author":9,"featured_media":0,"parent":0,"menu_order":0,"comment_status":"closed","ping_status":"closed","template":"","meta":{"courseId":0,"jnews_page_loop":{"enable_page_loop":"0","first_title":"Latest Post","second_title":"","header_type":"heading_6","header_background":"","header_text_color":"","layout":"right-sidebar","sidebar":"default-sidebar","second_sidebar":"default-sidebar","sticky_sidebar":"1","module":"3","boxed":"0","boxed_shadow":"0","box_shadow":"0","excerpt_length":"20","content_date":"default","date_custom":"Y\/m\/d","content_pagination":"nav_1","pagination_align":"center","show_navtext":"0","show_pageinfo":"0","post_offset":"0","posts_per_page":"5","include_post":"","exclude_post":"","include_category":"","exclude_category":"","include_author":"","include_tag":"","exclude_tag":"","sort_by":"latest"},"jnews_single_page":{"layout":"no-sidebar","sidebar":"widget-library","second_sidebar":"default-sidebar","sticky_sidebar":"0","show_post_featured":"0","show_post_meta":"0","share_position":"hide","share_color":"share-monocrhome"},"jnews_social_meta":{"fb_title":"","fb_description":"Programa de Cooperaci\u00f3n entre Am\u00e9rica Latina, el Caribe y la Uni\u00f3n Europea en Pol\u00edticas sobre Drogas\u2026","fb_image":"","twitter_title":"","twitter_description":"Programa de Cooperaci\u00f3n entre Am\u00e9rica Latina, el Caribe y la Uni\u00f3n Europea en Pol\u00edticas sobre Drogas\u2026","twitter_image":""},"footnotes":""},"class_list":["post-5251","page","type-page","status-publish","hentry"],"acf":[],"_links":{"self":[{"href":"https:\/\/copolad.eu\/en\/wp-json\/wp\/v2\/pages\/5251"}],"collection":[{"href":"https:\/\/copolad.eu\/en\/wp-json\/wp\/v2\/pages"}],"about":[{"href":"https:\/\/copolad.eu\/en\/wp-json\/wp\/v2\/types\/page"}],"author":[{"embeddable":true,"href":"https:\/\/copolad.eu\/en\/wp-json\/wp\/v2\/users\/9"}],"replies":[{"embeddable":true,"href":"https:\/\/copolad.eu\/en\/wp-json\/wp\/v2\/comments?post=5251"}],"version-history":[{"count":1,"href":"https:\/\/copolad.eu\/en\/wp-json\/wp\/v2\/pages\/5251\/revisions"}],"predecessor-version":[{"id":9702,"href":"https:\/\/copolad.eu\/en\/wp-json\/wp\/v2\/pages\/5251\/revisions\/9702"}],"wp:attachment":[{"href":"https:\/\/copolad.eu\/en\/wp-json\/wp\/v2\/media?parent=5251"}],"curies":[{"name":"wp","href":"https:\/\/api.w.org\/{rel}","templated":true}]}}