{"id":5256,"date":"2022-02-14T14:48:43","date_gmt":"2022-02-14T13:48:43","guid":{"rendered":"https:\/\/copolad.ole.agency\/news\/"},"modified":"2024-05-09T10:43:08","modified_gmt":"2024-05-09T08:43:08","slug":"news","status":"publish","type":"page","link":"https:\/\/copolad.eu\/en\/news\/","title":{"rendered":"News"},"content":{"rendered":"<div class=\"wpb-content-wrapper\"><p>[vc_row][vc_column][vc_custom_heading text=&#8221;News&#8221; font_container=&#8221;tag:h1|font_size:48px|text_align:left|color:%2315110d|line_height:72px&#8221; google_fonts=&#8221;font_family:Open%20Sans%3A300%2C300italic%2Cregular%2Citalic%2C600%2C600italic%2C700%2C700italic%2C800%2C800italic|font_style:700%20bold%20regular%3A700%3Anormal&#8221;]<div  class=\"jeg_postblock_22 jeg_postblock jeg_module_hook jeg_pagination_nextprev jeg_col_2o3 jnews_module__0_69d660b25aab2   \" data-unique=\"jnews_module__0_69d660b25aab2\">\n\t\t\t\t\t\n\t\t\t\t\t<div class=\"jeg_block_container\">\n                    \n                    <div class=\"jeg_posts_wrap\">\n                    <div class=\"jeg_posts jeg_load_more_flag\"> \n                        <article class=\"jeg_post jeg_pl_md_5 format-standard\">\n                    <div class=\"jeg_thumb\">\n                        \n                        <a href=\"https:\/\/copolad.eu\/en\/this-website-has-been-frozen-since-december-2025\/\"><div class=\"thumbnail-container animate-lazy  size-715 \"><img decoding=\"async\" width=\"350\" height=\"250\" src=\"https:\/\/copolad.eu\/wp-content\/themes\/jnews\/assets\/img\/jeg-empty.png\" class=\"attachment-jnews-350x250 size-jnews-350x250 lazyload wp-post-image\" alt=\"Ni\u00f1os caminan por un puente en el Amazonas.\" sizes=\"(max-width: 350px) 100vw, 350px\" data-src=\"https:\/\/copolad.eu\/wp-content\/uploads\/2026\/02\/el-punto-de-retorno-caja-de-herramientas-350x250.jpg\" data-srcset=\"https:\/\/copolad.eu\/wp-content\/uploads\/2026\/02\/el-punto-de-retorno-caja-de-herramientas-350x250.jpg 350w, https:\/\/copolad.eu\/wp-content\/uploads\/2026\/02\/el-punto-de-retorno-caja-de-herramientas-120x86.jpg 120w, https:\/\/copolad.eu\/wp-content\/uploads\/2026\/02\/el-punto-de-retorno-caja-de-herramientas-750x536.jpg 750w, https:\/\/copolad.eu\/wp-content\/uploads\/2026\/02\/el-punto-de-retorno-caja-de-herramientas-1140x815.jpg 1140w\" data-sizes=\"auto\" data-expand=\"700\" \/><\/div><\/a>\n                        <div class=\"jeg_post_category\">\n                            <span><a href=\"https:\/\/copolad.eu\/en\/category\/news\/\" class=\"category-news\">News<\/a><\/span>\n                        <\/div>\n                    <\/div>\n                    <div class=\"jeg_postblock_content\">\n                        <h3 class=\"jeg_post_title\">\n                            <a href=\"https:\/\/copolad.eu\/en\/this-website-has-been-frozen-since-december-2025\/\">This website has been frozen since December 2025<\/a>\n                        <\/h3>\n                        <div class=\"jeg_post_meta\"><div class=\"jeg_meta_date\"><a href=\"https:\/\/copolad.eu\/en\/this-website-has-been-frozen-since-december-2025\/\" ><i class=\"fa fa-clock-o\"><\/i> 2026\/03\/02<\/a><\/div><\/div>\n                    <\/div>\n                <\/article><article class=\"jeg_post jeg_pl_md_5 format-standard\">\n                    <div class=\"jeg_thumb\">\n                        \n                        <a href=\"https:\/\/copolad.eu\/en\/community-service-and-territorialization-guides\/\"><div class=\"thumbnail-container animate-lazy  size-715 \"><img decoding=\"async\" width=\"350\" height=\"250\" src=\"https:\/\/copolad.eu\/wp-content\/themes\/jnews\/assets\/img\/jeg-empty.png\" class=\"attachment-jnews-350x250 size-jnews-350x250 lazyload wp-post-image\" alt=\"Community service and territorialization guides\" sizes=\"(max-width: 350px) 100vw, 350px\" data-src=\"https:\/\/copolad.eu\/wp-content\/uploads\/2026\/01\/IMG_8937-350x250.jpeg\" data-srcset=\"https:\/\/copolad.eu\/wp-content\/uploads\/2026\/01\/IMG_8937-350x250.jpeg 350w, https:\/\/copolad.eu\/wp-content\/uploads\/2026\/01\/IMG_8937-120x86.jpeg 120w, https:\/\/copolad.eu\/wp-content\/uploads\/2026\/01\/IMG_8937-750x536.jpeg 750w, https:\/\/copolad.eu\/wp-content\/uploads\/2026\/01\/IMG_8937-1140x815.jpeg 1140w\" data-sizes=\"auto\" data-expand=\"700\" \/><\/div><\/a>\n                        <div class=\"jeg_post_category\">\n                            <span><a href=\"https:\/\/copolad.eu\/en\/category\/guides-en\/\" class=\"category-guides-en\">Guides<\/a><\/span>\n                        <\/div>\n                    <\/div>\n                    <div class=\"jeg_postblock_content\">\n                        <h3 class=\"jeg_post_title\">\n                            <a href=\"https:\/\/copolad.eu\/en\/community-service-and-territorialization-guides\/\">Community service and territorialization guides<\/a>\n                        <\/h3>\n                        <div class=\"jeg_post_meta\"><div class=\"jeg_meta_date\"><a href=\"https:\/\/copolad.eu\/en\/community-service-and-territorialization-guides\/\" ><i class=\"fa fa-clock-o\"><\/i> 2026\/01\/26<\/a><\/div><\/div>\n                    <\/div>\n                <\/article><article class=\"jeg_post jeg_pl_md_5 format-standard\">\n                    <div class=\"jeg_thumb\">\n                        \n                        <a href=\"https:\/\/copolad.eu\/en\/eu-and-celac-strengthen-their-drug-policy-cooperation-at-a-high-level-meeting-in-brussels\/\"><div class=\"thumbnail-container animate-lazy  size-715 \"><img decoding=\"async\" width=\"350\" height=\"250\" src=\"https:\/\/copolad.eu\/wp-content\/themes\/jnews\/assets\/img\/jeg-empty.png\" class=\"attachment-jnews-350x250 size-jnews-350x250 lazyload wp-post-image\" alt=\"EU and CELAC strengthen their drug policy cooperation at a high-level meeting in Brussels\" sizes=\"(max-width: 350px) 100vw, 350px\" data-src=\"https:\/\/copolad.eu\/wp-content\/uploads\/2025\/12\/BrusselsConference-33-350x250.jpg\" data-srcset=\"https:\/\/copolad.eu\/wp-content\/uploads\/2025\/12\/BrusselsConference-33-350x250.jpg 350w, https:\/\/copolad.eu\/wp-content\/uploads\/2025\/12\/BrusselsConference-33-120x86.jpg 120w, https:\/\/copolad.eu\/wp-content\/uploads\/2025\/12\/BrusselsConference-33-750x536.jpg 750w, https:\/\/copolad.eu\/wp-content\/uploads\/2025\/12\/BrusselsConference-33-1140x815.jpg 1140w\" data-sizes=\"auto\" data-expand=\"700\" \/><\/div><\/a>\n                        <div class=\"jeg_post_category\">\n                            <span><a href=\"https:\/\/copolad.eu\/en\/category\/news\/\" class=\"category-news\">News<\/a><\/span>\n                        <\/div>\n                    <\/div>\n                    <div class=\"jeg_postblock_content\">\n                        <h3 class=\"jeg_post_title\">\n                            <a href=\"https:\/\/copolad.eu\/en\/eu-and-celac-strengthen-their-drug-policy-cooperation-at-a-high-level-meeting-in-brussels\/\">EU and CELAC strengthen their drug policy cooperation at a high-level meeting in Brussels<\/a>\n                        <\/h3>\n                        <div class=\"jeg_post_meta\"><div class=\"jeg_meta_date\"><a href=\"https:\/\/copolad.eu\/en\/eu-and-celac-strengthen-their-drug-policy-cooperation-at-a-high-level-meeting-in-brussels\/\" ><i class=\"fa fa-clock-o\"><\/i> 2025\/12\/11<\/a><\/div><\/div>\n                    <\/div>\n                <\/article><article class=\"jeg_post jeg_pl_md_5 format-standard\">\n                    <div class=\"jeg_thumb\">\n                        \n                        <a href=\"https:\/\/copolad.eu\/en\/anti-drug-prosecutors-in-latin-america-approve-guidelines-to-improve-investigations-and-reduce-the-environmental-impact-of-drug-trafficking\/\"><div class=\"thumbnail-container animate-lazy  size-715 \"><img decoding=\"async\" width=\"350\" height=\"250\" src=\"https:\/\/copolad.eu\/wp-content\/themes\/jnews\/assets\/img\/jeg-empty.png\" class=\"attachment-jnews-350x250 size-jnews-350x250 lazyload wp-post-image\" alt=\"Anti-drug prosecutors approve recommendations to improve investigations into the environment and drug trafficking\" sizes=\"(max-width: 350px) 100vw, 350px\" data-src=\"https:\/\/copolad.eu\/wp-content\/uploads\/2025\/12\/DSC_3136-350x250.jpg\" data-srcset=\"https:\/\/copolad.eu\/wp-content\/uploads\/2025\/12\/DSC_3136-350x250.jpg 350w, https:\/\/copolad.eu\/wp-content\/uploads\/2025\/12\/DSC_3136-120x86.jpg 120w, https:\/\/copolad.eu\/wp-content\/uploads\/2025\/12\/DSC_3136-750x536.jpg 750w, https:\/\/copolad.eu\/wp-content\/uploads\/2025\/12\/DSC_3136-1140x815.jpg 1140w\" data-sizes=\"auto\" data-expand=\"700\" \/><\/div><\/a>\n                        <div class=\"jeg_post_category\">\n                            <span><a href=\"https:\/\/copolad.eu\/en\/category\/news\/\" class=\"category-news\">News<\/a><\/span>\n                        <\/div>\n                    <\/div>\n                    <div class=\"jeg_postblock_content\">\n                        <h3 class=\"jeg_post_title\">\n                            <a href=\"https:\/\/copolad.eu\/en\/anti-drug-prosecutors-in-latin-america-approve-guidelines-to-improve-investigations-and-reduce-the-environmental-impact-of-drug-trafficking\/\">Anti-drug prosecutors approve recommendations to improve investigations into the environment and drug trafficking<\/a>\n                        <\/h3>\n                        <div class=\"jeg_post_meta\"><div class=\"jeg_meta_date\"><a href=\"https:\/\/copolad.eu\/en\/anti-drug-prosecutors-in-latin-america-approve-guidelines-to-improve-investigations-and-reduce-the-environmental-impact-of-drug-trafficking\/\" ><i class=\"fa fa-clock-o\"><\/i> 2025\/12\/05<\/a><\/div><\/div>\n                    <\/div>\n                <\/article><article class=\"jeg_post jeg_pl_md_5 format-standard\">\n                    <div class=\"jeg_thumb\">\n                        \n                        <a href=\"https:\/\/copolad.eu\/en\/colombia-adopts-new-comprehensive-policy-to-address-problematic-drug-use\/\"><div class=\"thumbnail-container animate-lazy  size-715 \"><img decoding=\"async\" width=\"350\" height=\"250\" src=\"https:\/\/copolad.eu\/wp-content\/themes\/jnews\/assets\/img\/jeg-empty.png\" class=\"attachment-jnews-350x250 size-jnews-350x250 lazyload wp-post-image\" alt=\"Colombia adopts new comprehensive policy to address problematic drug use\" sizes=\"(max-width: 350px) 100vw, 350px\" data-src=\"https:\/\/copolad.eu\/wp-content\/uploads\/2025\/11\/37-350x250.jpg\" data-srcset=\"https:\/\/copolad.eu\/wp-content\/uploads\/2025\/11\/37-350x250.jpg 350w, https:\/\/copolad.eu\/wp-content\/uploads\/2025\/11\/37-120x86.jpg 120w, https:\/\/copolad.eu\/wp-content\/uploads\/2025\/11\/37-750x536.jpg 750w, https:\/\/copolad.eu\/wp-content\/uploads\/2025\/11\/37-1140x815.jpg 1140w\" data-sizes=\"auto\" data-expand=\"700\" \/><\/div><\/a>\n                        <div class=\"jeg_post_category\">\n                            <span><a href=\"https:\/\/copolad.eu\/en\/category\/news\/\" class=\"category-news\">News<\/a><\/span>\n                        <\/div>\n                    <\/div>\n                    <div class=\"jeg_postblock_content\">\n                        <h3 class=\"jeg_post_title\">\n                            <a href=\"https:\/\/copolad.eu\/en\/colombia-adopts-new-comprehensive-policy-to-address-problematic-drug-use\/\">Colombia adopts new comprehensive policy to address problematic drug use<\/a>\n                        <\/h3>\n                        <div class=\"jeg_post_meta\"><div class=\"jeg_meta_date\"><a href=\"https:\/\/copolad.eu\/en\/colombia-adopts-new-comprehensive-policy-to-address-problematic-drug-use\/\" ><i class=\"fa fa-clock-o\"><\/i> 2025\/11\/27<\/a><\/div><\/div>\n                    <\/div>\n                <\/article><article class=\"jeg_post jeg_pl_md_5 format-standard\">\n                    <div class=\"jeg_thumb\">\n                        \n                        <a href=\"https:\/\/copolad.eu\/en\/mexico-fentanyl-methamphetamine-use\/\"><div class=\"thumbnail-container animate-lazy  size-715 \"><img decoding=\"async\" width=\"350\" height=\"250\" src=\"https:\/\/copolad.eu\/wp-content\/themes\/jnews\/assets\/img\/jeg-empty.png\" class=\"attachment-jnews-350x250 size-jnews-350x250 lazyload wp-post-image\" alt=\"Mesa\" sizes=\"(max-width: 350px) 100vw, 350px\" data-src=\"https:\/\/copolad.eu\/wp-content\/uploads\/2025\/11\/IMG_8693-copia-350x250.jpg\" data-srcset=\"https:\/\/copolad.eu\/wp-content\/uploads\/2025\/11\/IMG_8693-copia-350x250.jpg 350w, https:\/\/copolad.eu\/wp-content\/uploads\/2025\/11\/IMG_8693-copia-120x86.jpg 120w, https:\/\/copolad.eu\/wp-content\/uploads\/2025\/11\/IMG_8693-copia-750x536.jpg 750w, https:\/\/copolad.eu\/wp-content\/uploads\/2025\/11\/IMG_8693-copia-1140x815.jpg 1140w\" data-sizes=\"auto\" data-expand=\"700\" \/><\/div><\/a>\n                        <div class=\"jeg_post_category\">\n                            <span><a href=\"https:\/\/copolad.eu\/en\/category\/news\/\" class=\"category-news\">News<\/a><\/span>\n                        <\/div>\n                    <\/div>\n                    <div class=\"jeg_postblock_content\">\n                        <h3 class=\"jeg_post_title\">\n                            <a href=\"https:\/\/copolad.eu\/en\/mexico-fentanyl-methamphetamine-use\/\">Mexico strengthens the training of health personnel to address fentanyl and methamphetamine use<\/a>\n                        <\/h3>\n                        <div class=\"jeg_post_meta\"><div class=\"jeg_meta_date\"><a href=\"https:\/\/copolad.eu\/en\/mexico-fentanyl-methamphetamine-use\/\" ><i class=\"fa fa-clock-o\"><\/i> 2025\/11\/24<\/a><\/div><\/div>\n                    <\/div>\n                <\/article><article class=\"jeg_post jeg_pl_md_5 format-standard\">\n                    <div class=\"jeg_thumb\">\n                        \n                        <a href=\"https:\/\/copolad.eu\/en\/costa-rica-assesses-the-last-20-years-of-its-drug-policies\/\"><div class=\"thumbnail-container animate-lazy  size-715 \"><img decoding=\"async\" width=\"350\" height=\"250\" src=\"https:\/\/copolad.eu\/wp-content\/themes\/jnews\/assets\/img\/jeg-empty.png\" class=\"attachment-jnews-350x250 size-jnews-350x250 lazyload wp-post-image\" alt=\"Costa Rica assesses the last 20 years of its drug policies\" sizes=\"(max-width: 350px) 100vw, 350px\" data-src=\"https:\/\/copolad.eu\/wp-content\/uploads\/2025\/11\/00001-Entrevista-Cartago-350x250.jpg\" data-srcset=\"https:\/\/copolad.eu\/wp-content\/uploads\/2025\/11\/00001-Entrevista-Cartago-350x250.jpg 350w, https:\/\/copolad.eu\/wp-content\/uploads\/2025\/11\/00001-Entrevista-Cartago-120x86.jpg 120w, https:\/\/copolad.eu\/wp-content\/uploads\/2025\/11\/00001-Entrevista-Cartago-750x536.jpg 750w, https:\/\/copolad.eu\/wp-content\/uploads\/2025\/11\/00001-Entrevista-Cartago-1140x815.jpg 1140w\" data-sizes=\"auto\" data-expand=\"700\" \/><\/div><\/a>\n                        <div class=\"jeg_post_category\">\n                            <span><a href=\"https:\/\/copolad.eu\/en\/category\/news\/\" class=\"category-news\">News<\/a><\/span>\n                        <\/div>\n                    <\/div>\n                    <div class=\"jeg_postblock_content\">\n                        <h3 class=\"jeg_post_title\">\n                            <a href=\"https:\/\/copolad.eu\/en\/costa-rica-assesses-the-last-20-years-of-its-drug-policies\/\">Costa Rica assesses the last 20 years of its drug policies<\/a>\n                        <\/h3>\n                        <div class=\"jeg_post_meta\"><div class=\"jeg_meta_date\"><a href=\"https:\/\/copolad.eu\/en\/costa-rica-assesses-the-last-20-years-of-its-drug-policies\/\" ><i class=\"fa fa-clock-o\"><\/i> 2025\/11\/14<\/a><\/div><\/div>\n                    <\/div>\n                <\/article><article class=\"jeg_post jeg_pl_md_5 format-standard\">\n                    <div class=\"jeg_thumb\">\n                        \n                        <a href=\"https:\/\/copolad.eu\/en\/latin-america-and-the-caribbean-advance-in-sustainable-management-of-drug-chemical-precursors\/\"><div class=\"thumbnail-container animate-lazy  size-715 \"><img decoding=\"async\" width=\"350\" height=\"250\" src=\"https:\/\/copolad.eu\/wp-content\/themes\/jnews\/assets\/img\/jeg-empty.png\" class=\"attachment-jnews-350x250 size-jnews-350x250 lazyload wp-post-image\" alt=\"Latin America and the Caribbean Advance in Sustainable Management of Drug Chemical Precursors\" sizes=\"(max-width: 350px) 100vw, 350px\" data-src=\"https:\/\/copolad.eu\/wp-content\/uploads\/2025\/10\/WhatsApp-Image-2025-10-28-at-15.01.25-3-350x250.jpeg\" data-srcset=\"https:\/\/copolad.eu\/wp-content\/uploads\/2025\/10\/WhatsApp-Image-2025-10-28-at-15.01.25-3-350x250.jpeg 350w, https:\/\/copolad.eu\/wp-content\/uploads\/2025\/10\/WhatsApp-Image-2025-10-28-at-15.01.25-3-120x86.jpeg 120w, https:\/\/copolad.eu\/wp-content\/uploads\/2025\/10\/WhatsApp-Image-2025-10-28-at-15.01.25-3-750x536.jpeg 750w, https:\/\/copolad.eu\/wp-content\/uploads\/2025\/10\/WhatsApp-Image-2025-10-28-at-15.01.25-3-1140x815.jpeg 1140w\" data-sizes=\"auto\" data-expand=\"700\" \/><\/div><\/a>\n                        <div class=\"jeg_post_category\">\n                            <span><a href=\"https:\/\/copolad.eu\/en\/category\/news\/\" class=\"category-news\">News<\/a><\/span>\n                        <\/div>\n                    <\/div>\n                    <div class=\"jeg_postblock_content\">\n                        <h3 class=\"jeg_post_title\">\n                            <a href=\"https:\/\/copolad.eu\/en\/latin-america-and-the-caribbean-advance-in-sustainable-management-of-drug-chemical-precursors\/\">Latin America and the Caribbean Advance in Sustainable Management of Drug Chemical Precursors<\/a>\n                        <\/h3>\n                        <div class=\"jeg_post_meta\"><div class=\"jeg_meta_date\"><a href=\"https:\/\/copolad.eu\/en\/latin-america-and-the-caribbean-advance-in-sustainable-management-of-drug-chemical-precursors\/\" ><i class=\"fa fa-clock-o\"><\/i> 2025\/10\/28<\/a><\/div><\/div>\n                    <\/div>\n                <\/article><article class=\"jeg_post jeg_pl_md_5 format-standard\">\n                    <div class=\"jeg_thumb\">\n                        \n                        <a href=\"https:\/\/copolad.eu\/en\/olombia-brazil-and-uruguay-visit-the-european-union-to-strengthen-the-social-reuse-of-assets-confiscated-from-organized-crime\/\"><div class=\"thumbnail-container animate-lazy  size-715 \"><img decoding=\"async\" width=\"350\" height=\"250\" src=\"https:\/\/copolad.eu\/wp-content\/themes\/jnews\/assets\/img\/jeg-empty.png\" class=\"attachment-jnews-350x250 size-jnews-350x250 lazyload wp-post-image\" alt=\"Colombia, Brazil and Uruguay visit the European Union to strengthen the social reuse of assets confiscated from organized crime\" sizes=\"(max-width: 350px) 100vw, 350px\" data-src=\"https:\/\/copolad.eu\/wp-content\/uploads\/2025\/10\/WhatsApp-Image-2025-10-04-at-10.03.53-350x250.jpeg\" data-srcset=\"https:\/\/copolad.eu\/wp-content\/uploads\/2025\/10\/WhatsApp-Image-2025-10-04-at-10.03.53-350x250.jpeg 350w, https:\/\/copolad.eu\/wp-content\/uploads\/2025\/10\/WhatsApp-Image-2025-10-04-at-10.03.53-120x86.jpeg 120w, https:\/\/copolad.eu\/wp-content\/uploads\/2025\/10\/WhatsApp-Image-2025-10-04-at-10.03.53-750x536.jpeg 750w, https:\/\/copolad.eu\/wp-content\/uploads\/2025\/10\/WhatsApp-Image-2025-10-04-at-10.03.53-1140x815.jpeg 1140w\" data-sizes=\"auto\" data-expand=\"700\" \/><\/div><\/a>\n                        <div class=\"jeg_post_category\">\n                            <span><a href=\"https:\/\/copolad.eu\/en\/category\/news\/\" class=\"category-news\">News<\/a><\/span>\n                        <\/div>\n                    <\/div>\n                    <div class=\"jeg_postblock_content\">\n                        <h3 class=\"jeg_post_title\">\n                            <a href=\"https:\/\/copolad.eu\/en\/olombia-brazil-and-uruguay-visit-the-european-union-to-strengthen-the-social-reuse-of-assets-confiscated-from-organized-crime\/\">Colombia, Brazil and Uruguay visit the European Union to strengthen the social reuse of assets confiscated from organized crime<\/a>\n                        <\/h3>\n                        <div class=\"jeg_post_meta\"><div class=\"jeg_meta_date\"><a href=\"https:\/\/copolad.eu\/en\/olombia-brazil-and-uruguay-visit-the-european-union-to-strengthen-the-social-reuse-of-assets-confiscated-from-organized-crime\/\" ><i class=\"fa fa-clock-o\"><\/i> 2025\/10\/04<\/a><\/div><\/div>\n                    <\/div>\n                <\/article>\n                    <\/div>\n                <\/div>\n                    <div class='module-overlay'>\n\t\t\t\t    <div class='preloader_type preloader_dot'>\n\t\t\t\t        <div class=\"module-preloader jeg_preloader dot\">\n\t\t\t\t            <span><\/span><span><\/span><span><\/span>\n\t\t\t\t        <\/div>\n\t\t\t\t        <div class=\"module-preloader jeg_preloader circle\">\n\t\t\t\t            <div class=\"jnews_preloader_circle_outer\">\n\t\t\t\t                <div class=\"jnews_preloader_circle_inner\"><\/div>\n\t\t\t\t            <\/div>\n\t\t\t\t        <\/div>\n\t\t\t\t        <div class=\"module-preloader jeg_preloader square\">\n\t\t\t\t            <div class=\"jeg_square\">\n\t\t\t\t                <div class=\"jeg_square_inner\"><\/div>\n\t\t\t\t            <\/div>\n\t\t\t\t        <\/div>\n\t\t\t\t    <\/div>\n\t\t\t\t<\/div>\n                <\/div>\n                <div class=\"jeg_block_navigation\">\n                    <div class='navigation_overlay'><div class='module-preloader jeg_preloader'><span><\/span><span><\/span><span><\/span><\/div><\/div>\n                    <div class=\"jeg_block_nav \">\n                    <a href=\"#\" class=\"prev disabled\" title=\"Previous\"><i class=\"fa fa-angle-left\"><\/i><\/a>\n                    <a href=\"#\" class=\"next \" title=\"Next\"><i class=\"fa fa-angle-right\"><\/i><\/a>\n                <\/div>\n                    \n                <\/div>\n\t\t\t\t\t\n\t\t\t\t\t<script>var jnews_module__0_69d660b25aab2 = {\"header_icon\":\"\",\"first_title\":\"\",\"second_title\":\"\",\"url\":\"\",\"header_type\":\"heading_6\",\"header_background\":\"\",\"header_secondary_background\":\"\",\"header_text_color\":\"\",\"header_line_color\":\"\",\"header_accent_color\":\"\",\"header_filter_category\":\"\",\"header_filter_author\":\"\",\"header_filter_tag\":\"\",\"header_filter_text\":\"All\",\"sticky_post\":false,\"post_type\":\"post\",\"content_type\":\"all\",\"sponsor\":false,\"number_post\":\"9\",\"post_offset\":\"0\",\"unique_content\":\"disable\",\"include_post\":\"\",\"included_only\":false,\"exclude_post\":\"\",\"include_category\":\"102\",\"exclude_category\":\"\",\"include_author\":\"\",\"include_tag\":\"\",\"exclude_tag\":\"\",\"pais\":\"\",\"tipo_organizacion\":\"\",\"tipo_intervencion\":\"\",\"eb_course_cat\":\"\",\"event_category\":\"\",\"event_tag\":\"\",\"it-type\":\"\",\"sort_by\":\"latest\",\"date_format\":\"custom\",\"date_format_custom\":\"Y\\\/m\\\/d\",\"force_normal_image_load\":\"\",\"pagination_mode\":\"nextprev\",\"pagination_nextprev_showtext\":\"\",\"pagination_number_post\":\"9\",\"pagination_scroll_limit\":0,\"boxed\":\"\",\"boxed_shadow\":\"\",\"el_id\":\"\",\"el_class\":\"\",\"scheme\":\"\",\"column_width\":\"8\",\"title_color\":\"\",\"accent_color\":\"\",\"alt_color\":\"\",\"excerpt_color\":\"\",\"css\":\"\",\"compatible_column_notice\":\"\",\"paged\":1,\"column_class\":\"jeg_col_2o3\",\"class\":\"jnews_block_22\"};<\/script>\n\t\t\t\t<\/div>[\/vc_column][\/vc_row]<\/p>\n<\/div>","protected":false},"excerpt":{"rendered":"<p>[vc_row][vc_column][vc_custom_heading text=&#8221;News&#8221; font_container=&#8221;tag:h1|font_size:48px|text_align:left|color:%2315110d|line_height:72px&#8221; google_fonts=&#8221;font_family:Open%20Sans%3A300%2C300italic%2Cregular%2Citalic%2C600%2C600italic%2C700%2C700italic%2C800%2C800italic|font_style:700%20bold%20regular%3A700%3Anormal&#8221;][\/vc_column][\/vc_row]<\/p>\n","protected":false},"author":9,"featured_media":0,"parent":0,"menu_order":0,"comment_status":"closed","ping_status":"closed","template":"","meta":{"courseId":0,"jnews_page_loop":{"enable_page_loop":"0","first_title":"Latest Post","second_title":"","header_type":"heading_6","header_background":"","header_text_color":"","layout":"right-sidebar","sidebar":"default-sidebar","second_sidebar":"default-sidebar","sticky_sidebar":"1","module":"3","boxed":"0","boxed_shadow":"0","box_shadow":"0","excerpt_length":"20","content_date":"default","date_custom":"Y\/m\/d","content_pagination":"nav_1","pagination_align":"center","show_navtext":"0","show_pageinfo":"0","post_offset":"0","posts_per_page":"5","include_post":"","exclude_post":"","include_category":"","exclude_category":"","include_author":"","include_tag":"","exclude_tag":"","sort_by":"latest"},"jnews_single_page":{"layout":"no-sidebar","sidebar":"default-sidebar","second_sidebar":"default-sidebar","sticky_sidebar":"1","show_post_featured":"1","show_post_meta":"0","share_position":"hide","share_color":"share-monocrhome"},"jnews_social_meta":{"fb_title":"","fb_description":"Programa de Cooperaci\u00f3n entre Am\u00e9rica Latina, el Caribe y la Uni\u00f3n Europea en Pol\u00edticas sobre Drogas\u2026","fb_image":"","twitter_title":"","twitter_description":"Programa de Cooperaci\u00f3n entre Am\u00e9rica Latina, el Caribe y la Uni\u00f3n Europea en Pol\u00edticas sobre Drogas\u2026","twitter_image":""},"footnotes":""},"class_list":["post-5256","page","type-page","status-publish","hentry"],"acf":[],"_links":{"self":[{"href":"https:\/\/copolad.eu\/en\/wp-json\/wp\/v2\/pages\/5256"}],"collection":[{"href":"https:\/\/copolad.eu\/en\/wp-json\/wp\/v2\/pages"}],"about":[{"href":"https:\/\/copolad.eu\/en\/wp-json\/wp\/v2\/types\/page"}],"author":[{"embeddable":true,"href":"https:\/\/copolad.eu\/en\/wp-json\/wp\/v2\/users\/9"}],"replies":[{"embeddable":true,"href":"https:\/\/copolad.eu\/en\/wp-json\/wp\/v2\/comments?post=5256"}],"version-history":[{"count":1,"href":"https:\/\/copolad.eu\/en\/wp-json\/wp\/v2\/pages\/5256\/revisions"}],"predecessor-version":[{"id":10580,"href":"https:\/\/copolad.eu\/en\/wp-json\/wp\/v2\/pages\/5256\/revisions\/10580"}],"wp:attachment":[{"href":"https:\/\/copolad.eu\/en\/wp-json\/wp\/v2\/media?parent=5256"}],"curies":[{"name":"wp","href":"https:\/\/api.w.org\/{rel}","templated":true}]}}