{"id":6396,"date":"2022-04-29T12:10:48","date_gmt":"2022-04-29T10:10:48","guid":{"rendered":"https:\/\/copolad.eu\/copolad-iii-meetings\/"},"modified":"2024-05-09T10:52:16","modified_gmt":"2024-05-09T08:52:16","slug":"copolad-iii-meetings","status":"publish","type":"page","link":"https:\/\/copolad.eu\/en\/copolad-iii-meetings\/","title":{"rendered":"COPOLAD III Meetings"},"content":{"rendered":"<div class=\"wpb-content-wrapper\"><p>[vc_row][vc_column][vc_custom_heading text=&#8221;COPOLAD III Meetings&#8221; font_container=&#8221;tag:h1|font_size:48px|text_align:left|color:%2315110d|line_height:72px&#8221; google_fonts=&#8221;font_family:Open%20Sans%3A300%2C300italic%2Cregular%2Citalic%2C600%2C600italic%2C700%2C700italic%2C800%2C800italic|font_style:700%20bold%20regular%3A700%3Anormal&#8221;]<div  class=\"jeg_postblock_22 jeg_postblock jeg_module_hook jeg_pagination_nextprev jeg_col_2o3 jnews_module__0_69e4a75d80cd1   \" data-unique=\"jnews_module__0_69e4a75d80cd1\">\n\t\t\t\t\t\n\t\t\t\t\t<div class=\"jeg_block_container\">\n                    \n                    <div class=\"jeg_posts_wrap\">\n                    <div class=\"jeg_posts jeg_load_more_flag\"> \n                        <article class=\"jeg_post jeg_pl_md_5 format-standard\">\n                    <div class=\"jeg_thumb\">\n                        \n                        <a href=\"https:\/\/copolad.eu\/en\/high-level-seminar-of-the-national-drug-agencies-of-the-eu-and-celac\/\"><div class=\"thumbnail-container animate-lazy  size-715 \"><img decoding=\"async\" width=\"350\" height=\"250\" src=\"https:\/\/copolad.eu\/wp-content\/themes\/jnews\/assets\/img\/jeg-empty.png\" class=\"attachment-jnews-350x250 size-jnews-350x250 lazyload wp-post-image\" alt=\"\" sizes=\"(max-width: 350px) 100vw, 350px\" data-src=\"https:\/\/copolad.eu\/wp-content\/uploads\/2024\/07\/COPOLAD_Iconos_Tematicas_8-1-350x250.jpg\" data-srcset=\"https:\/\/copolad.eu\/wp-content\/uploads\/2024\/07\/COPOLAD_Iconos_Tematicas_8-1-350x250.jpg 350w, https:\/\/copolad.eu\/wp-content\/uploads\/2024\/07\/COPOLAD_Iconos_Tematicas_8-1-300x214.jpg 300w, https:\/\/copolad.eu\/wp-content\/uploads\/2024\/07\/COPOLAD_Iconos_Tematicas_8-1-1024x732.jpg 1024w, https:\/\/copolad.eu\/wp-content\/uploads\/2024\/07\/COPOLAD_Iconos_Tematicas_8-1-768x549.jpg 768w, https:\/\/copolad.eu\/wp-content\/uploads\/2024\/07\/COPOLAD_Iconos_Tematicas_8-1-120x86.jpg 120w, https:\/\/copolad.eu\/wp-content\/uploads\/2024\/07\/COPOLAD_Iconos_Tematicas_8-1-750x536.jpg 750w, https:\/\/copolad.eu\/wp-content\/uploads\/2024\/07\/COPOLAD_Iconos_Tematicas_8-1.jpg 1140w\" data-sizes=\"auto\" data-expand=\"700\" \/><\/div><\/a>\n                        <div class=\"jeg_post_category\">\n                            <span><a href=\"https:\/\/copolad.eu\/en\/category\/encuentros-en\/\" class=\"category-encuentros-en\">Meetings<\/a><\/span>\n                        <\/div>\n                    <\/div>\n                    <div class=\"jeg_postblock_content\">\n                        <h3 class=\"jeg_post_title\">\n                            <a href=\"https:\/\/copolad.eu\/en\/high-level-seminar-of-the-national-drug-agencies-of-the-eu-and-celac\/\">High-Level Seminar of the National Drug Agencies of the EU and CELAC<\/a>\n                        <\/h3>\n                        <div class=\"jeg_post_meta\"><div class=\"jeg_meta_date\"><a href=\"https:\/\/copolad.eu\/en\/high-level-seminar-of-the-national-drug-agencies-of-the-eu-and-celac\/\" ><i class=\"fa fa-clock-o\"><\/i> 2025\/12\/04<\/a><\/div><\/div>\n                    <\/div>\n                <\/article><article class=\"jeg_post jeg_pl_md_5 format-standard\">\n                    <div class=\"jeg_thumb\">\n                        \n                        <a href=\"https:\/\/copolad.eu\/en\/chemical-precursors-workshop-achievements-and-strategic-action-eu-lac\/\"><div class=\"thumbnail-container animate-lazy  size-715 \"><img decoding=\"async\" width=\"350\" height=\"250\" src=\"https:\/\/copolad.eu\/wp-content\/themes\/jnews\/assets\/img\/jeg-empty.png\" class=\"attachment-jnews-350x250 size-jnews-350x250 lazyload wp-post-image\" alt=\"Gesti\u00f3n de los precursores qu\u00edmicos de drogas\" sizes=\"(max-width: 350px) 100vw, 350px\" data-src=\"https:\/\/copolad.eu\/wp-content\/uploads\/2025\/06\/4-350x250.jpg\" data-srcset=\"https:\/\/copolad.eu\/wp-content\/uploads\/2025\/06\/4-350x250.jpg 350w, https:\/\/copolad.eu\/wp-content\/uploads\/2025\/06\/4-120x86.jpg 120w, https:\/\/copolad.eu\/wp-content\/uploads\/2025\/06\/4-750x536.jpg 750w, https:\/\/copolad.eu\/wp-content\/uploads\/2025\/06\/4-1140x815.jpg 1140w\" data-sizes=\"auto\" data-expand=\"700\" \/><\/div><\/a>\n                        <div class=\"jeg_post_category\">\n                            <span><a href=\"https:\/\/copolad.eu\/en\/category\/encuentros-en\/\" class=\"category-encuentros-en\">Meetings<\/a><\/span>\n                        <\/div>\n                    <\/div>\n                    <div class=\"jeg_postblock_content\">\n                        <h3 class=\"jeg_post_title\">\n                            <a href=\"https:\/\/copolad.eu\/en\/chemical-precursors-workshop-achievements-and-strategic-action-eu-lac\/\">Chemical Precursors Workshop: Achievements and Strategic Action EU\u2013LAC<\/a>\n                        <\/h3>\n                        <div class=\"jeg_post_meta\"><div class=\"jeg_meta_date\"><a href=\"https:\/\/copolad.eu\/en\/chemical-precursors-workshop-achievements-and-strategic-action-eu-lac\/\" ><i class=\"fa fa-clock-o\"><\/i> 2025\/10\/24<\/a><\/div><\/div>\n                    <\/div>\n                <\/article><article class=\"jeg_post jeg_pl_md_5 format-standard\">\n                    <div class=\"jeg_thumb\">\n                        \n                        <a href=\"https:\/\/copolad.eu\/en\/national-drug-observatories-facing-new-global-challenges\/\"><div class=\"thumbnail-container animate-lazy  size-715 \"><img decoding=\"async\" width=\"350\" height=\"250\" src=\"https:\/\/copolad.eu\/wp-content\/themes\/jnews\/assets\/img\/jeg-empty.png\" class=\"attachment-jnews-350x250 size-jnews-350x250 lazyload wp-post-image\" alt=\"ni\u00f1o mira a c\u00e1mara\" sizes=\"(max-width: 350px) 100vw, 350px\" data-src=\"https:\/\/copolad.eu\/wp-content\/uploads\/2025\/09\/iStock-982959048-350x250.jpg\" data-srcset=\"https:\/\/copolad.eu\/wp-content\/uploads\/2025\/09\/iStock-982959048-350x250.jpg 350w, https:\/\/copolad.eu\/wp-content\/uploads\/2025\/09\/iStock-982959048-120x86.jpg 120w, https:\/\/copolad.eu\/wp-content\/uploads\/2025\/09\/iStock-982959048-750x536.jpg 750w, https:\/\/copolad.eu\/wp-content\/uploads\/2025\/09\/iStock-982959048-1140x815.jpg 1140w\" data-sizes=\"auto\" data-expand=\"700\" \/><\/div><\/a>\n                        <div class=\"jeg_post_category\">\n                            <span><a href=\"https:\/\/copolad.eu\/en\/category\/encuentros-en\/\" class=\"category-encuentros-en\">Meetings<\/a><\/span>\n                        <\/div>\n                    <\/div>\n                    <div class=\"jeg_postblock_content\">\n                        <h3 class=\"jeg_post_title\">\n                            <a href=\"https:\/\/copolad.eu\/en\/national-drug-observatories-facing-new-global-challenges\/\">National Drug Observatories Facing New Global Challenges<\/a>\n                        <\/h3>\n                        <div class=\"jeg_post_meta\"><div class=\"jeg_meta_date\"><a href=\"https:\/\/copolad.eu\/en\/national-drug-observatories-facing-new-global-challenges\/\" ><i class=\"fa fa-clock-o\"><\/i> 2025\/09\/08<\/a><\/div><\/div>\n                    <\/div>\n                <\/article><article class=\"jeg_post jeg_pl_md_5 format-standard\">\n                    <div class=\"jeg_thumb\">\n                        \n                        <a href=\"https:\/\/copolad.eu\/en\/innovation-labs-meeting-chile\/\"><div class=\"thumbnail-container animate-lazy  size-715 \"><img decoding=\"async\" width=\"350\" height=\"250\" src=\"https:\/\/copolad.eu\/wp-content\/themes\/jnews\/assets\/img\/jeg-empty.png\" class=\"attachment-jnews-350x250 size-jnews-350x250 lazyload wp-post-image\" alt=\"Meeting \u2018Innovation labs for designing drug policies more connected to social dynamics\u2019\" sizes=\"(max-width: 350px) 100vw, 350px\" data-src=\"https:\/\/copolad.eu\/wp-content\/uploads\/2025\/04\/COPOLAD_Laboratorio_de_innovacion_Chile_PPT3_IN-350x250.jpg\" data-srcset=\"https:\/\/copolad.eu\/wp-content\/uploads\/2025\/04\/COPOLAD_Laboratorio_de_innovacion_Chile_PPT3_IN-350x250.jpg 350w, https:\/\/copolad.eu\/wp-content\/uploads\/2025\/04\/COPOLAD_Laboratorio_de_innovacion_Chile_PPT3_IN-120x86.jpg 120w, https:\/\/copolad.eu\/wp-content\/uploads\/2025\/04\/COPOLAD_Laboratorio_de_innovacion_Chile_PPT3_IN-750x536.jpg 750w\" data-sizes=\"auto\" data-expand=\"700\" \/><\/div><\/a>\n                        <div class=\"jeg_post_category\">\n                            <span><a href=\"https:\/\/copolad.eu\/en\/category\/encuentros-en\/\" class=\"category-encuentros-en\">Meetings<\/a><\/span>\n                        <\/div>\n                    <\/div>\n                    <div class=\"jeg_postblock_content\">\n                        <h3 class=\"jeg_post_title\">\n                            <a href=\"https:\/\/copolad.eu\/en\/innovation-labs-meeting-chile\/\">Meeting \u2018Innovation labs for designing drug policies more connected to social dynamics\u2019<\/a>\n                        <\/h3>\n                        <div class=\"jeg_post_meta\"><div class=\"jeg_meta_date\"><a href=\"https:\/\/copolad.eu\/en\/innovation-labs-meeting-chile\/\" ><i class=\"fa fa-clock-o\"><\/i> 2025\/04\/24<\/a><\/div><\/div>\n                    <\/div>\n                <\/article><article class=\"jeg_post jeg_pl_md_5 format-standard\">\n                    <div class=\"jeg_thumb\">\n                        \n                        <a href=\"https:\/\/copolad.eu\/en\/2025-copolad-annual-meeting\/\"><div class=\"thumbnail-container animate-lazy  size-715 \"><img decoding=\"async\" width=\"350\" height=\"250\" src=\"https:\/\/copolad.eu\/wp-content\/themes\/jnews\/assets\/img\/jeg-empty.png\" class=\"attachment-jnews-350x250 size-jnews-350x250 lazyload wp-post-image\" alt=\"foto de familia\" sizes=\"(max-width: 350px) 100vw, 350px\" data-src=\"https:\/\/copolad.eu\/wp-content\/uploads\/2025\/04\/20250506_COPOLAD_hd_232-350x250.jpg\" data-srcset=\"https:\/\/copolad.eu\/wp-content\/uploads\/2025\/04\/20250506_COPOLAD_hd_232-350x250.jpg 350w, https:\/\/copolad.eu\/wp-content\/uploads\/2025\/04\/20250506_COPOLAD_hd_232-120x86.jpg 120w, https:\/\/copolad.eu\/wp-content\/uploads\/2025\/04\/20250506_COPOLAD_hd_232-750x536.jpg 750w, https:\/\/copolad.eu\/wp-content\/uploads\/2025\/04\/20250506_COPOLAD_hd_232-1140x815.jpg 1140w\" data-sizes=\"auto\" data-expand=\"700\" \/><\/div><\/a>\n                        <div class=\"jeg_post_category\">\n                            <span><a href=\"https:\/\/copolad.eu\/en\/category\/encuentros-en\/\" class=\"category-encuentros-en\">Meetings<\/a><\/span>\n                        <\/div>\n                    <\/div>\n                    <div class=\"jeg_postblock_content\">\n                        <h3 class=\"jeg_post_title\">\n                            <a href=\"https:\/\/copolad.eu\/en\/2025-copolad-annual-meeting\/\">2025 COPOLAD Annual Meeting<\/a>\n                        <\/h3>\n                        <div class=\"jeg_post_meta\"><div class=\"jeg_meta_date\"><a href=\"https:\/\/copolad.eu\/en\/2025-copolad-annual-meeting\/\" ><i class=\"fa fa-clock-o\"><\/i> 2025\/04\/23<\/a><\/div><\/div>\n                    <\/div>\n                <\/article><article class=\"jeg_post jeg_pl_md_5 format-standard\">\n                    <div class=\"jeg_thumb\">\n                        \n                        <a href=\"https:\/\/copolad.eu\/en\/drugs-and-territories-meeting-in-the-caribbean\/\"><div class=\"thumbnail-container animate-lazy  size-715 \"><img decoding=\"async\" width=\"350\" height=\"250\" src=\"https:\/\/copolad.eu\/wp-content\/themes\/jnews\/assets\/img\/jeg-empty.png\" class=\"attachment-jnews-350x250 size-jnews-350x250 lazyload wp-post-image\" alt=\"visita Penal\" sizes=\"(max-width: 350px) 100vw, 350px\" data-src=\"https:\/\/copolad.eu\/wp-content\/uploads\/2025\/03\/7R503689-Enhanced-NR-3-6-350x250.jpg\" data-srcset=\"https:\/\/copolad.eu\/wp-content\/uploads\/2025\/03\/7R503689-Enhanced-NR-3-6-350x250.jpg 350w, https:\/\/copolad.eu\/wp-content\/uploads\/2025\/03\/7R503689-Enhanced-NR-3-6-120x86.jpg 120w, https:\/\/copolad.eu\/wp-content\/uploads\/2025\/03\/7R503689-Enhanced-NR-3-6-750x536.jpg 750w, https:\/\/copolad.eu\/wp-content\/uploads\/2025\/03\/7R503689-Enhanced-NR-3-6-1140x815.jpg 1140w\" data-sizes=\"auto\" data-expand=\"700\" \/><\/div><\/a>\n                        <div class=\"jeg_post_category\">\n                            <span><a href=\"https:\/\/copolad.eu\/en\/category\/encuentros-en\/\" class=\"category-encuentros-en\">Meetings<\/a><\/span>\n                        <\/div>\n                    <\/div>\n                    <div class=\"jeg_postblock_content\">\n                        <h3 class=\"jeg_post_title\">\n                            <a href=\"https:\/\/copolad.eu\/en\/drugs-and-territories-meeting-in-the-caribbean\/\">Drugs and territories meeting in the Caribbean<\/a>\n                        <\/h3>\n                        <div class=\"jeg_post_meta\"><div class=\"jeg_meta_date\"><a href=\"https:\/\/copolad.eu\/en\/drugs-and-territories-meeting-in-the-caribbean\/\" ><i class=\"fa fa-clock-o\"><\/i> 2025\/03\/24<\/a><\/div><\/div>\n                    <\/div>\n                <\/article><article class=\"jeg_post jeg_pl_md_5 format-standard\">\n                    <div class=\"jeg_thumb\">\n                        \n                        <a href=\"https:\/\/copolad.eu\/en\/face-to-face-meeting-of-eu-celac-drug-agencies\/\"><div class=\"thumbnail-container animate-lazy  size-715 \"><img decoding=\"async\" width=\"350\" height=\"250\" src=\"https:\/\/copolad.eu\/wp-content\/themes\/jnews\/assets\/img\/jeg-empty.png\" class=\"attachment-jnews-350x250 size-jnews-350x250 lazyload wp-post-image\" alt=\"\" sizes=\"(max-width: 350px) 100vw, 350px\" data-src=\"https:\/\/copolad.eu\/wp-content\/uploads\/2024\/07\/COPOLAD_Iconos_Tematicas_8-1-350x250.jpg\" data-srcset=\"https:\/\/copolad.eu\/wp-content\/uploads\/2024\/07\/COPOLAD_Iconos_Tematicas_8-1-350x250.jpg 350w, https:\/\/copolad.eu\/wp-content\/uploads\/2024\/07\/COPOLAD_Iconos_Tematicas_8-1-300x214.jpg 300w, https:\/\/copolad.eu\/wp-content\/uploads\/2024\/07\/COPOLAD_Iconos_Tematicas_8-1-1024x732.jpg 1024w, https:\/\/copolad.eu\/wp-content\/uploads\/2024\/07\/COPOLAD_Iconos_Tematicas_8-1-768x549.jpg 768w, https:\/\/copolad.eu\/wp-content\/uploads\/2024\/07\/COPOLAD_Iconos_Tematicas_8-1-120x86.jpg 120w, https:\/\/copolad.eu\/wp-content\/uploads\/2024\/07\/COPOLAD_Iconos_Tematicas_8-1-750x536.jpg 750w, https:\/\/copolad.eu\/wp-content\/uploads\/2024\/07\/COPOLAD_Iconos_Tematicas_8-1.jpg 1140w\" data-sizes=\"auto\" data-expand=\"700\" \/><\/div><\/a>\n                        <div class=\"jeg_post_category\">\n                            <span><a href=\"https:\/\/copolad.eu\/en\/category\/encuentros-en\/\" class=\"category-encuentros-en\">Meetings<\/a><\/span>\n                        <\/div>\n                    <\/div>\n                    <div class=\"jeg_postblock_content\">\n                        <h3 class=\"jeg_post_title\">\n                            <a href=\"https:\/\/copolad.eu\/en\/face-to-face-meeting-of-eu-celac-drug-agencies\/\">Face-to-face meeting of EU\/CELAC drug agencies<\/a>\n                        <\/h3>\n                        <div class=\"jeg_post_meta\"><div class=\"jeg_meta_date\"><a href=\"https:\/\/copolad.eu\/en\/face-to-face-meeting-of-eu-celac-drug-agencies\/\" ><i class=\"fa fa-clock-o\"><\/i> 2024\/09\/06<\/a><\/div><\/div>\n                    <\/div>\n                <\/article><article class=\"jeg_post jeg_pl_md_5 format-standard\">\n                    <div class=\"jeg_thumb\">\n                        \n                        <a href=\"https:\/\/copolad.eu\/en\/international-seminar-on-recovery-of-assets-confiscated-from-drug-trafficking-and-organized-crime\/\"><div class=\"thumbnail-container animate-lazy  size-715 \"><img decoding=\"async\" width=\"350\" height=\"250\" src=\"https:\/\/copolad.eu\/wp-content\/themes\/jnews\/assets\/img\/jeg-empty.png\" class=\"attachment-jnews-350x250 size-jnews-350x250 lazyload wp-post-image\" alt=\"cartela\" sizes=\"(max-width: 350px) 100vw, 350px\" data-src=\"https:\/\/copolad.eu\/wp-content\/uploads\/2024\/05\/COPOLA1-350x250.jpg\" data-srcset=\"https:\/\/copolad.eu\/wp-content\/uploads\/2024\/05\/COPOLA1-350x250.jpg 350w, https:\/\/copolad.eu\/wp-content\/uploads\/2024\/05\/COPOLA1-120x86.jpg 120w, https:\/\/copolad.eu\/wp-content\/uploads\/2024\/05\/COPOLA1-750x536.jpg 750w, https:\/\/copolad.eu\/wp-content\/uploads\/2024\/05\/COPOLA1-1140x815.jpg 1140w\" data-sizes=\"auto\" data-expand=\"700\" \/><\/div><\/a>\n                        <div class=\"jeg_post_category\">\n                            <span><a href=\"https:\/\/copolad.eu\/en\/category\/encuentros-en\/\" class=\"category-encuentros-en\">Meetings<\/a><\/span>\n                        <\/div>\n                    <\/div>\n                    <div class=\"jeg_postblock_content\">\n                        <h3 class=\"jeg_post_title\">\n                            <a href=\"https:\/\/copolad.eu\/en\/international-seminar-on-recovery-of-assets-confiscated-from-drug-trafficking-and-organized-crime\/\">International seminar on recovery of assets confiscated from drug trafficking and organized crime<\/a>\n                        <\/h3>\n                        <div class=\"jeg_post_meta\"><div class=\"jeg_meta_date\"><a href=\"https:\/\/copolad.eu\/en\/international-seminar-on-recovery-of-assets-confiscated-from-drug-trafficking-and-organized-crime\/\" ><i class=\"fa fa-clock-o\"><\/i> 2024\/06\/04<\/a><\/div><\/div>\n                    <\/div>\n                <\/article><article class=\"jeg_post jeg_pl_md_5 format-standard\">\n                    <div class=\"jeg_thumb\">\n                        \n                        <a href=\"https:\/\/copolad.eu\/en\/copolad-iii-annual-meeting-in-la-paz-bolivia\/\"><div class=\"thumbnail-container animate-lazy  size-715 \"><img decoding=\"async\" width=\"350\" height=\"250\" src=\"https:\/\/copolad.eu\/wp-content\/themes\/jnews\/assets\/img\/jeg-empty.png\" class=\"attachment-jnews-350x250 size-jnews-350x250 lazyload wp-post-image\" alt=\"COPOLAD III Annual Meeting in La Paz (Bolivia)\" sizes=\"(max-width: 350px) 100vw, 350px\" data-src=\"https:\/\/copolad.eu\/wp-content\/uploads\/2024\/02\/COPOLAD_-Reunion-_Anual_COPOLAD-III_LaPaz_Bolivia_Febrero_2024_SaveTheDate_21x15-01-350x250.jpg\" data-srcset=\"https:\/\/copolad.eu\/wp-content\/uploads\/2024\/02\/COPOLAD_-Reunion-_Anual_COPOLAD-III_LaPaz_Bolivia_Febrero_2024_SaveTheDate_21x15-01-350x250.jpg 350w, https:\/\/copolad.eu\/wp-content\/uploads\/2024\/02\/COPOLAD_-Reunion-_Anual_COPOLAD-III_LaPaz_Bolivia_Febrero_2024_SaveTheDate_21x15-01-300x214.jpg 300w, https:\/\/copolad.eu\/wp-content\/uploads\/2024\/02\/COPOLAD_-Reunion-_Anual_COPOLAD-III_LaPaz_Bolivia_Febrero_2024_SaveTheDate_21x15-01-1024x732.jpg 1024w, https:\/\/copolad.eu\/wp-content\/uploads\/2024\/02\/COPOLAD_-Reunion-_Anual_COPOLAD-III_LaPaz_Bolivia_Febrero_2024_SaveTheDate_21x15-01-768x549.jpg 768w, https:\/\/copolad.eu\/wp-content\/uploads\/2024\/02\/COPOLAD_-Reunion-_Anual_COPOLAD-III_LaPaz_Bolivia_Febrero_2024_SaveTheDate_21x15-01-1536x1097.jpg 1536w, https:\/\/copolad.eu\/wp-content\/uploads\/2024\/02\/COPOLAD_-Reunion-_Anual_COPOLAD-III_LaPaz_Bolivia_Febrero_2024_SaveTheDate_21x15-01-scaled.jpg 2048w, https:\/\/copolad.eu\/wp-content\/uploads\/2024\/02\/COPOLAD_-Reunion-_Anual_COPOLAD-III_LaPaz_Bolivia_Febrero_2024_SaveTheDate_21x15-01-120x86.jpg 120w, https:\/\/copolad.eu\/wp-content\/uploads\/2024\/02\/COPOLAD_-Reunion-_Anual_COPOLAD-III_LaPaz_Bolivia_Febrero_2024_SaveTheDate_21x15-01-750x536.jpg 750w, https:\/\/copolad.eu\/wp-content\/uploads\/2024\/02\/COPOLAD_-Reunion-_Anual_COPOLAD-III_LaPaz_Bolivia_Febrero_2024_SaveTheDate_21x15-01-1140x815.jpg 1140w\" data-sizes=\"auto\" data-expand=\"700\" \/><\/div><\/a>\n                        <div class=\"jeg_post_category\">\n                            <span><a href=\"https:\/\/copolad.eu\/en\/category\/encuentros-en\/\" class=\"category-encuentros-en\">Meetings<\/a><\/span>\n                        <\/div>\n                    <\/div>\n                    <div class=\"jeg_postblock_content\">\n                        <h3 class=\"jeg_post_title\">\n                            <a href=\"https:\/\/copolad.eu\/en\/copolad-iii-annual-meeting-in-la-paz-bolivia\/\">COPOLAD III Annual Meeting in La Paz (Bolivia)<\/a>\n                        <\/h3>\n                        <div class=\"jeg_post_meta\"><div class=\"jeg_meta_date\"><a href=\"https:\/\/copolad.eu\/en\/copolad-iii-annual-meeting-in-la-paz-bolivia\/\" ><i class=\"fa fa-clock-o\"><\/i> 2024\/02\/02<\/a><\/div><\/div>\n                    <\/div>\n                <\/article>\n                    <\/div>\n                <\/div>\n                    <div class='module-overlay'>\n\t\t\t\t    <div class='preloader_type preloader_dot'>\n\t\t\t\t        <div class=\"module-preloader jeg_preloader dot\">\n\t\t\t\t            <span><\/span><span><\/span><span><\/span>\n\t\t\t\t        <\/div>\n\t\t\t\t        <div class=\"module-preloader jeg_preloader circle\">\n\t\t\t\t            <div class=\"jnews_preloader_circle_outer\">\n\t\t\t\t                <div class=\"jnews_preloader_circle_inner\"><\/div>\n\t\t\t\t            <\/div>\n\t\t\t\t        <\/div>\n\t\t\t\t        <div class=\"module-preloader jeg_preloader square\">\n\t\t\t\t            <div class=\"jeg_square\">\n\t\t\t\t                <div class=\"jeg_square_inner\"><\/div>\n\t\t\t\t            <\/div>\n\t\t\t\t        <\/div>\n\t\t\t\t    <\/div>\n\t\t\t\t<\/div>\n                <\/div>\n                <div class=\"jeg_block_navigation\">\n                    <div class='navigation_overlay'><div class='module-preloader jeg_preloader'><span><\/span><span><\/span><span><\/span><\/div><\/div>\n                    <div class=\"jeg_block_nav \">\n                    <a href=\"#\" class=\"prev disabled\" title=\"Previous\"><i class=\"fa fa-angle-left\"><\/i><\/a>\n                    <a href=\"#\" class=\"next \" title=\"Next\"><i class=\"fa fa-angle-right\"><\/i><\/a>\n                <\/div>\n                    \n                <\/div>\n\t\t\t\t\t\n\t\t\t\t\t<script>var jnews_module__0_69e4a75d80cd1 = {\"header_icon\":\"\",\"first_title\":\"\",\"second_title\":\"\",\"url\":\"\",\"header_type\":\"heading_6\",\"header_background\":\"\",\"header_secondary_background\":\"\",\"header_text_color\":\"\",\"header_line_color\":\"\",\"header_accent_color\":\"\",\"header_filter_category\":\"\",\"header_filter_author\":\"\",\"header_filter_tag\":\"\",\"header_filter_text\":\"All\",\"sticky_post\":false,\"post_type\":\"post\",\"content_type\":\"all\",\"sponsor\":false,\"number_post\":\"9\",\"post_offset\":\"0\",\"unique_content\":\"disable\",\"include_post\":\"\",\"included_only\":false,\"exclude_post\":\"\",\"include_category\":\"154\",\"exclude_category\":\"\",\"include_author\":\"\",\"include_tag\":\"\",\"exclude_tag\":\"\",\"pais\":\"\",\"tipo_organizacion\":\"\",\"tipo_intervencion\":\"\",\"eb_course_cat\":\"\",\"event_category\":\"\",\"event_tag\":\"\",\"it-type\":\"\",\"sort_by\":\"latest\",\"date_format\":\"custom\",\"date_format_custom\":\"Y\\\/m\\\/d\",\"force_normal_image_load\":\"\",\"pagination_mode\":\"nextprev\",\"pagination_nextprev_showtext\":\"\",\"pagination_number_post\":\"9\",\"pagination_scroll_limit\":0,\"boxed\":\"\",\"boxed_shadow\":\"\",\"el_id\":\"\",\"el_class\":\"\",\"scheme\":\"\",\"column_width\":\"8\",\"title_color\":\"\",\"accent_color\":\"\",\"alt_color\":\"\",\"excerpt_color\":\"\",\"css\":\"\",\"compatible_column_notice\":\"\",\"paged\":1,\"column_class\":\"jeg_col_2o3\",\"class\":\"jnews_block_22\"};<\/script>\n\t\t\t\t<\/div>[\/vc_column][\/vc_row]<\/p>\n<\/div>","protected":false},"excerpt":{"rendered":"<p>[vc_row][vc_column][vc_custom_heading text=&#8221;COPOLAD III Meetings&#8221; font_container=&#8221;tag:h1|font_size:48px|text_align:left|color:%2315110d|line_height:72px&#8221; google_fonts=&#8221;font_family:Open%20Sans%3A300%2C300italic%2Cregular%2Citalic%2C600%2C600italic%2C700%2C700italic%2C800%2C800italic|font_style:700%20bold%20regular%3A700%3Anormal&#8221;][\/vc_column][\/vc_row]<\/p>\n","protected":false},"author":9,"featured_media":0,"parent":0,"menu_order":0,"comment_status":"closed","ping_status":"closed","template":"","meta":{"courseId":0,"jnews_page_loop":{"enable_page_loop":"0","first_title":"Latest Post","second_title":"","header_type":"heading_6","header_background":"","header_text_color":"","layout":"right-sidebar","sidebar":"default-sidebar","second_sidebar":"default-sidebar","sticky_sidebar":"1","module":"3","boxed":"0","boxed_shadow":"0","box_shadow":"0","excerpt_length":"20","content_date":"default","date_custom":"Y\/m\/d","content_pagination":"nav_1","pagination_align":"center","show_navtext":"0","show_pageinfo":"0","post_offset":"0","posts_per_page":"5","include_post":"","exclude_post":"","include_category":"","exclude_category":"","include_author":"","include_tag":"","exclude_tag":"","sort_by":"latest"},"jnews_single_page":{"layout":"no-sidebar","sidebar":"default-sidebar","second_sidebar":"default-sidebar","sticky_sidebar":"1","show_post_featured":"1","show_post_meta":"0","share_position":"top","share_color":"share-monocrhome"},"jnews_social_meta":{"fb_title":"","fb_description":"Programa de Cooperaci\u00f3n entre Am\u00e9rica Latina, el Caribe y la Uni\u00f3n Europea en Pol\u00edticas sobre Drogas\u2026","fb_image":"","twitter_title":"","twitter_description":"Programa de Cooperaci\u00f3n entre Am\u00e9rica Latina, el Caribe y la Uni\u00f3n Europea en Pol\u00edticas sobre Drogas\u2026","twitter_image":""},"footnotes":""},"class_list":["post-6396","page","type-page","status-publish","hentry"],"acf":[],"_links":{"self":[{"href":"https:\/\/copolad.eu\/en\/wp-json\/wp\/v2\/pages\/6396"}],"collection":[{"href":"https:\/\/copolad.eu\/en\/wp-json\/wp\/v2\/pages"}],"about":[{"href":"https:\/\/copolad.eu\/en\/wp-json\/wp\/v2\/types\/page"}],"author":[{"embeddable":true,"href":"https:\/\/copolad.eu\/en\/wp-json\/wp\/v2\/users\/9"}],"replies":[{"embeddable":true,"href":"https:\/\/copolad.eu\/en\/wp-json\/wp\/v2\/comments?post=6396"}],"version-history":[{"count":1,"href":"https:\/\/copolad.eu\/en\/wp-json\/wp\/v2\/pages\/6396\/revisions"}],"predecessor-version":[{"id":10576,"href":"https:\/\/copolad.eu\/en\/wp-json\/wp\/v2\/pages\/6396\/revisions\/10576"}],"wp:attachment":[{"href":"https:\/\/copolad.eu\/en\/wp-json\/wp\/v2\/media?parent=6396"}],"curies":[{"name":"wp","href":"https:\/\/api.w.org\/{rel}","templated":true}]}}