{"id":6595,"date":"2022-06-01T13:59:13","date_gmt":"2022-06-01T11:59:13","guid":{"rendered":"https:\/\/copolad.eu\/?page_id=6595"},"modified":"2025-06-02T14:19:44","modified_gmt":"2025-06-02T12:19:44","slug":"work-groups","status":"publish","type":"page","link":"https:\/\/copolad.eu\/en\/work-groups\/","title":{"rendered":"Work groups"},"content":{"rendered":"<div class=\"wpb-content-wrapper\"><p>[vc_row full_height=&#8221;yes&#8221; columns_placement=&#8221;top&#8221; vc_row_background=&#8221;&#8221;][vc_column][vc_row_inner][vc_column_inner][vc_custom_heading text=&#8221;Work groups&#8221; font_container=&#8221;tag:h1|font_size:45px|text_align:left|color:%2315110d|line_height:72px&#8221; google_fonts=&#8221;font_family:Open%20Sans%3A300%2C300italic%2Cregular%2Citalic%2C600%2C600italic%2C700%2C700italic%2C800%2C800italic|font_style:700%20bold%20regular%3A700%3Anormal&#8221;]<div id='wpdreams_asp_results_7'><\/div><div  class=\"jeg_postblock_22 jeg_postblock jeg_module_hook jeg_pagination_disable jeg_col_2o3 jnews_module__0_69d3e1591d1d8   \" data-unique=\"jnews_module__0_69d3e1591d1d8\">\n\t\t\t\t\t\n\t\t\t\t\t<div class=\"jeg_block_container\">\n                    \n                    <div class=\"jeg_posts_wrap\">\n                    <div class=\"jeg_posts jeg_load_more_flag\"> \n                        <article class=\"jeg_post jeg_pl_md_5\">\n                    <div class=\"jeg_thumb\">\n                        \n                        <a href=\"https:\/\/copolad.eu\/en\/work-groups\/genderandrights\/\"><div class=\"thumbnail-container animate-lazy  size-715 \"><img decoding=\"async\" width=\"350\" height=\"250\" src=\"https:\/\/copolad.eu\/wp-content\/themes\/jnews\/assets\/img\/jeg-empty.png\" class=\"attachment-jnews-350x250 size-jnews-350x250 lazyload wp-post-image\" alt=\"\" sizes=\"(max-width: 350px) 100vw, 350px\" data-src=\"https:\/\/copolad.eu\/wp-content\/uploads\/2025\/05\/foto-2-350x250.jpg\" data-srcset=\"https:\/\/copolad.eu\/wp-content\/uploads\/2025\/05\/foto-2-350x250.jpg 350w, https:\/\/copolad.eu\/wp-content\/uploads\/2025\/05\/foto-2-300x214.jpg 300w, https:\/\/copolad.eu\/wp-content\/uploads\/2025\/05\/foto-2-1024x732.jpg 1024w, https:\/\/copolad.eu\/wp-content\/uploads\/2025\/05\/foto-2-768x549.jpg 768w, https:\/\/copolad.eu\/wp-content\/uploads\/2025\/05\/foto-2-120x86.jpg 120w, https:\/\/copolad.eu\/wp-content\/uploads\/2025\/05\/foto-2-750x536.jpg 750w, https:\/\/copolad.eu\/wp-content\/uploads\/2025\/05\/foto-2.jpg 1140w\" data-sizes=\"auto\" data-expand=\"700\" \/><\/div><\/a>\n                        <div class=\"jeg_post_category\">\n                            <span><\/span>\n                        <\/div>\n                    <\/div>\n                    <div class=\"jeg_postblock_content\">\n                        <h3 class=\"jeg_post_title\">\n                            <a href=\"https:\/\/copolad.eu\/en\/work-groups\/genderandrights\/\">Adapting care and social inclusion programmes related to drug use, with a gender-sensitive and rights-based approach<\/a>\n                        <\/h3>\n                        <div class=\"jeg_post_meta\"><div class=\"jeg_meta_date\"><a href=\"https:\/\/copolad.eu\/en\/work-groups\/genderandrights\/\" ><i class=\"fa fa-clock-o\"><\/i> 2024\/10\/17<\/a><\/div><\/div>\n                    <\/div>\n                <\/article><article class=\"jeg_post jeg_pl_md_5\">\n                    <div class=\"jeg_thumb\">\n                        \n                        <a href=\"https:\/\/copolad.eu\/en\/work-groups\/territorialapproach\/\"><div class=\"thumbnail-container animate-lazy  size-715 \"><img decoding=\"async\" width=\"350\" height=\"250\" src=\"https:\/\/copolad.eu\/wp-content\/themes\/jnews\/assets\/img\/jeg-empty.png\" class=\"attachment-jnews-350x250 size-jnews-350x250 lazyload wp-post-image\" alt=\"Strengthening local responses to drug-related vulnerabilities\" sizes=\"(max-width: 350px) 100vw, 350px\" data-src=\"https:\/\/copolad.eu\/wp-content\/uploads\/2025\/05\/PHOTO-2025-05-13-16-38-31-350x250.jpg\" data-srcset=\"https:\/\/copolad.eu\/wp-content\/uploads\/2025\/05\/PHOTO-2025-05-13-16-38-31-350x250.jpg 350w, https:\/\/copolad.eu\/wp-content\/uploads\/2025\/05\/PHOTO-2025-05-13-16-38-31-120x86.jpg 120w, https:\/\/copolad.eu\/wp-content\/uploads\/2025\/05\/PHOTO-2025-05-13-16-38-31-750x536.jpg 750w, https:\/\/copolad.eu\/wp-content\/uploads\/2025\/05\/PHOTO-2025-05-13-16-38-31-1140x815.jpg 1140w\" data-sizes=\"auto\" data-expand=\"700\" \/><\/div><\/a>\n                        <div class=\"jeg_post_category\">\n                            <span><\/span>\n                        <\/div>\n                    <\/div>\n                    <div class=\"jeg_postblock_content\">\n                        <h3 class=\"jeg_post_title\">\n                            <a href=\"https:\/\/copolad.eu\/en\/work-groups\/territorialapproach\/\">Strengthening local responses to drug-related vulnerabilities<\/a>\n                        <\/h3>\n                        <div class=\"jeg_post_meta\"><div class=\"jeg_meta_date\"><a href=\"https:\/\/copolad.eu\/en\/work-groups\/territorialapproach\/\" ><i class=\"fa fa-clock-o\"><\/i> 2025\/05\/22<\/a><\/div><\/div>\n                    <\/div>\n                <\/article><article class=\"jeg_post jeg_pl_md_5\">\n                    <div class=\"jeg_thumb\">\n                        \n                        <a href=\"https:\/\/copolad.eu\/en\/work-groups\/control-of-chemical-precursors\/\"><div class=\"thumbnail-container animate-lazy  size-715 \"><img decoding=\"async\" width=\"350\" height=\"250\" src=\"https:\/\/copolad.eu\/wp-content\/themes\/jnews\/assets\/img\/jeg-empty.png\" class=\"attachment-jnews-350x250 size-jnews-350x250 lazyload wp-post-image\" alt=\"\" sizes=\"(max-width: 350px) 100vw, 350px\" data-src=\"https:\/\/copolad.eu\/wp-content\/uploads\/2025\/05\/foto_precursores-350x250.jpeg\" data-srcset=\"https:\/\/copolad.eu\/wp-content\/uploads\/2025\/05\/foto_precursores-350x250.jpeg 350w, https:\/\/copolad.eu\/wp-content\/uploads\/2025\/05\/foto_precursores-120x86.jpeg 120w, https:\/\/copolad.eu\/wp-content\/uploads\/2025\/05\/foto_precursores-750x536.jpeg 750w\" data-sizes=\"auto\" data-expand=\"700\" \/><\/div><\/a>\n                        <div class=\"jeg_post_category\">\n                            <span><\/span>\n                        <\/div>\n                    <\/div>\n                    <div class=\"jeg_postblock_content\">\n                        <h3 class=\"jeg_post_title\">\n                            <a href=\"https:\/\/copolad.eu\/en\/work-groups\/control-of-chemical-precursors\/\">Control of chemical precursors for the illicit manufacture of drugs<\/a>\n                        <\/h3>\n                        <div class=\"jeg_post_meta\"><div class=\"jeg_meta_date\"><a href=\"https:\/\/copolad.eu\/en\/work-groups\/control-of-chemical-precursors\/\" ><i class=\"fa fa-clock-o\"><\/i> 2025\/05\/23<\/a><\/div><\/div>\n                    <\/div>\n                <\/article><article class=\"jeg_post jeg_pl_md_5\">\n                    <div class=\"jeg_thumb\">\n                        \n                        <a href=\"https:\/\/copolad.eu\/en\/work-groups\/observatories\/\"><div class=\"thumbnail-container animate-lazy  size-715 \"><img decoding=\"async\" width=\"350\" height=\"250\" src=\"https:\/\/copolad.eu\/wp-content\/themes\/jnews\/assets\/img\/jeg-empty.png\" class=\"attachment-jnews-350x250 size-jnews-350x250 lazyload wp-post-image\" alt=\"National Drug Observatories\" sizes=\"(max-width: 350px) 100vw, 350px\" data-src=\"https:\/\/copolad.eu\/wp-content\/uploads\/2024\/12\/foto-grupo-ond-350x250.png\" data-srcset=\"https:\/\/copolad.eu\/wp-content\/uploads\/2024\/12\/foto-grupo-ond-350x250.png 350w, https:\/\/copolad.eu\/wp-content\/uploads\/2024\/12\/foto-grupo-ond-120x86.png 120w, https:\/\/copolad.eu\/wp-content\/uploads\/2024\/12\/foto-grupo-ond-750x536.png 750w, https:\/\/copolad.eu\/wp-content\/uploads\/2024\/12\/foto-grupo-ond-1138x815.png 1138w\" data-sizes=\"auto\" data-expand=\"700\" \/><\/div><\/a>\n                        <div class=\"jeg_post_category\">\n                            <span><\/span>\n                        <\/div>\n                    <\/div>\n                    <div class=\"jeg_postblock_content\">\n                        <h3 class=\"jeg_post_title\">\n                            <a href=\"https:\/\/copolad.eu\/en\/work-groups\/observatories\/\">National Drug Observatories<\/a>\n                        <\/h3>\n                        <div class=\"jeg_post_meta\"><div class=\"jeg_meta_date\"><a href=\"https:\/\/copolad.eu\/en\/work-groups\/observatories\/\" ><i class=\"fa fa-clock-o\"><\/i> 2025\/04\/02<\/a><\/div><\/div>\n                    <\/div>\n                <\/article><article class=\"jeg_post jeg_pl_md_5\">\n                    <div class=\"jeg_thumb\">\n                        \n                        <a href=\"https:\/\/copolad.eu\/en\/work-groups\/penalalternatives\/\"><div class=\"thumbnail-container animate-lazy  size-715 \"><img decoding=\"async\" width=\"350\" height=\"250\" src=\"https:\/\/copolad.eu\/wp-content\/themes\/jnews\/assets\/img\/jeg-empty.png\" class=\"attachment-jnews-350x250 size-jnews-350x250 lazyload wp-post-image\" alt=\"Proportionality and Penal Alternatives\" sizes=\"(max-width: 350px) 100vw, 350px\" data-src=\"https:\/\/copolad.eu\/wp-content\/uploads\/2024\/12\/Foto-portada-350x250.jpg\" data-srcset=\"https:\/\/copolad.eu\/wp-content\/uploads\/2024\/12\/Foto-portada-350x250.jpg 350w, https:\/\/copolad.eu\/wp-content\/uploads\/2024\/12\/Foto-portada-120x86.jpg 120w, https:\/\/copolad.eu\/wp-content\/uploads\/2024\/12\/Foto-portada-750x536.jpg 750w, https:\/\/copolad.eu\/wp-content\/uploads\/2024\/12\/Foto-portada-1140x815.jpg 1140w\" data-sizes=\"auto\" data-expand=\"700\" \/><\/div><\/a>\n                        <div class=\"jeg_post_category\">\n                            <span><\/span>\n                        <\/div>\n                    <\/div>\n                    <div class=\"jeg_postblock_content\">\n                        <h3 class=\"jeg_post_title\">\n                            <a href=\"https:\/\/copolad.eu\/en\/work-groups\/penalalternatives\/\">Proportionality and Penal Alternatives<\/a>\n                        <\/h3>\n                        <div class=\"jeg_post_meta\"><div class=\"jeg_meta_date\"><a href=\"https:\/\/copolad.eu\/en\/work-groups\/penalalternatives\/\" ><i class=\"fa fa-clock-o\"><\/i> 2025\/05\/23<\/a><\/div><\/div>\n                    <\/div>\n                <\/article><article class=\"jeg_post jeg_pl_md_5\">\n                    <div class=\"jeg_thumb\">\n                        \n                        <a href=\"https:\/\/copolad.eu\/en\/work-groups\/financial-research-drug\/\"><div class=\"thumbnail-container animate-lazy  size-715 \"><img decoding=\"async\" width=\"350\" height=\"250\" src=\"https:\/\/copolad.eu\/wp-content\/themes\/jnews\/assets\/img\/jeg-empty.png\" class=\"attachment-jnews-350x250 size-jnews-350x250 lazyload wp-post-image\" alt=\"Loddo en Quito\" sizes=\"(max-width: 350px) 100vw, 350px\" data-src=\"https:\/\/copolad.eu\/wp-content\/uploads\/2022\/07\/Loddo-Quito-26072022-350x250.jpeg\" data-srcset=\"https:\/\/copolad.eu\/wp-content\/uploads\/2022\/07\/Loddo-Quito-26072022-350x250.jpeg 350w, https:\/\/copolad.eu\/wp-content\/uploads\/2022\/07\/Loddo-Quito-26072022-120x86.jpeg 120w, https:\/\/copolad.eu\/wp-content\/uploads\/2022\/07\/Loddo-Quito-26072022-750x536.jpeg 750w, https:\/\/copolad.eu\/wp-content\/uploads\/2022\/07\/Loddo-Quito-26072022-1140x815.jpeg 1140w\" data-sizes=\"auto\" data-expand=\"700\" \/><\/div><\/a>\n                        <div class=\"jeg_post_category\">\n                            <span><\/span>\n                        <\/div>\n                    <\/div>\n                    <div class=\"jeg_postblock_content\">\n                        <h3 class=\"jeg_post_title\">\n                            <a href=\"https:\/\/copolad.eu\/en\/work-groups\/financial-research-drug\/\">Financial and asset investigation of drug trafficking<\/a>\n                        <\/h3>\n                        <div class=\"jeg_post_meta\"><div class=\"jeg_meta_date\"><a href=\"https:\/\/copolad.eu\/en\/work-groups\/financial-research-drug\/\" ><i class=\"fa fa-clock-o\"><\/i> 2025\/06\/02<\/a><\/div><\/div>\n                    <\/div>\n                <\/article><article class=\"jeg_post jeg_pl_md_5\">\n                    <div class=\"jeg_thumb\">\n                        \n                        <a href=\"https:\/\/copolad.eu\/en\/work-groups\/intervenciones-de-desarrollo-alternativo-integral-sostenible-eng\/\"><div class=\"thumbnail-container animate-lazy  size-715 \"><img decoding=\"async\" width=\"350\" height=\"250\" src=\"https:\/\/copolad.eu\/wp-content\/themes\/jnews\/assets\/img\/jeg-empty.png\" class=\"attachment-jnews-350x250 size-jnews-350x250 lazyload wp-post-image\" alt=\"EMCDDA becomes official partner of COPOLAD III\" sizes=\"(max-width: 350px) 100vw, 350px\" data-src=\"https:\/\/copolad.eu\/wp-content\/uploads\/2022\/07\/COSECHA-DE-PACOS-EN-AGUA-DULCE-PICHARI-1-350x250.jpg\" data-srcset=\"https:\/\/copolad.eu\/wp-content\/uploads\/2022\/07\/COSECHA-DE-PACOS-EN-AGUA-DULCE-PICHARI-1-350x250.jpg 350w, https:\/\/copolad.eu\/wp-content\/uploads\/2022\/07\/COSECHA-DE-PACOS-EN-AGUA-DULCE-PICHARI-1-120x86.jpg 120w, https:\/\/copolad.eu\/wp-content\/uploads\/2022\/07\/COSECHA-DE-PACOS-EN-AGUA-DULCE-PICHARI-1-750x536.jpg 750w, https:\/\/copolad.eu\/wp-content\/uploads\/2022\/07\/COSECHA-DE-PACOS-EN-AGUA-DULCE-PICHARI-1-1140x815.jpg 1140w\" data-sizes=\"auto\" data-expand=\"700\" \/><\/div><\/a>\n                        <div class=\"jeg_post_category\">\n                            <span><\/span>\n                        <\/div>\n                    <\/div>\n                    <div class=\"jeg_postblock_content\">\n                        <h3 class=\"jeg_post_title\">\n                            <a href=\"https:\/\/copolad.eu\/en\/work-groups\/intervenciones-de-desarrollo-alternativo-integral-sostenible-eng\/\">DAIS Working Group<\/a>\n                        <\/h3>\n                        <div class=\"jeg_post_meta\"><div class=\"jeg_meta_date\"><a href=\"https:\/\/copolad.eu\/en\/work-groups\/intervenciones-de-desarrollo-alternativo-integral-sostenible-eng\/\" ><i class=\"fa fa-clock-o\"><\/i> 2025\/06\/02<\/a><\/div><\/div>\n                    <\/div>\n                <\/article>\n                    <\/div>\n                <\/div>\n                    <div class='module-overlay'>\n\t\t\t\t    <div class='preloader_type preloader_dot'>\n\t\t\t\t        <div class=\"module-preloader jeg_preloader dot\">\n\t\t\t\t            <span><\/span><span><\/span><span><\/span>\n\t\t\t\t        <\/div>\n\t\t\t\t        <div class=\"module-preloader jeg_preloader circle\">\n\t\t\t\t            <div class=\"jnews_preloader_circle_outer\">\n\t\t\t\t                <div class=\"jnews_preloader_circle_inner\"><\/div>\n\t\t\t\t            <\/div>\n\t\t\t\t        <\/div>\n\t\t\t\t        <div class=\"module-preloader jeg_preloader square\">\n\t\t\t\t            <div class=\"jeg_square\">\n\t\t\t\t                <div class=\"jeg_square_inner\"><\/div>\n\t\t\t\t            <\/div>\n\t\t\t\t        <\/div>\n\t\t\t\t    <\/div>\n\t\t\t\t<\/div>\n                <\/div>\n                <div class=\"jeg_block_navigation\">\n                    <div class='navigation_overlay'><div class='module-preloader jeg_preloader'><span><\/span><span><\/span><span><\/span><\/div><\/div>\n                    \n                    \n                <\/div>\n\t\t\t\t\t\n\t\t\t\t\t<script>var jnews_module__0_69d3e1591d1d8 = {\"header_icon\":\"\",\"first_title\":\"\",\"second_title\":\"\",\"url\":\"\",\"header_type\":\"heading_6\",\"header_background\":\"\",\"header_secondary_background\":\"\",\"header_text_color\":\"\",\"header_line_color\":\"\",\"header_accent_color\":\"\",\"header_filter_category\":\"\",\"header_filter_author\":\"\",\"header_filter_tag\":\"\",\"header_filter_text\":\"All\",\"sticky_post\":false,\"post_type\":\"page\",\"content_type\":\"all\",\"sponsor\":false,\"number_post\":\"7\",\"post_offset\":\"0\",\"unique_content\":\"disable\",\"include_post\":\"14238,14213,14222,14247,14244,14477,14483\",\"included_only\":\"true\",\"exclude_post\":\"\",\"include_category\":\"\",\"exclude_category\":\"\",\"include_author\":\"\",\"include_tag\":\"\",\"exclude_tag\":\"\",\"pais\":\"\",\"tipo_organizacion\":\"\",\"tipo_intervencion\":\"\",\"eb_course_cat\":\"\",\"event_category\":\"\",\"event_tag\":\"\",\"it-type\":\"\",\"sort_by\":\"latest\",\"date_format\":\"custom\",\"date_format_custom\":\"Y\\\/m\\\/d\",\"force_normal_image_load\":\"\",\"pagination_mode\":\"disable\",\"pagination_nextprev_showtext\":\"\",\"pagination_number_post\":3,\"pagination_scroll_limit\":0,\"boxed\":\"\",\"boxed_shadow\":\"\",\"el_id\":\"\",\"el_class\":\"\",\"scheme\":\"\",\"column_width\":\"8\",\"title_color\":\"\",\"accent_color\":\"\",\"alt_color\":\"\",\"excerpt_color\":\"\",\"css\":\"\",\"compatible_column_notice\":\"\",\"paged\":1,\"column_class\":\"jeg_col_2o3\",\"class\":\"jnews_block_22\"};<\/script>\n\t\t\t\t<\/div>[\/vc_column_inner][\/vc_row_inner][\/vc_column][\/vc_row]<\/p>\n<\/div>","protected":false},"excerpt":{"rendered":"<p>[vc_row full_height=&#8221;yes&#8221; columns_placement=&#8221;top&#8221; vc_row_background=&#8221;&#8221;][vc_column][vc_row_inner][vc_column_inner][vc_custom_heading text=&#8221;Work groups&#8221; font_container=&#8221;tag:h1|font_size:45px|text_align:left|color:%2315110d|line_height:72px&#8221; google_fonts=&#8221;font_family:Open%20Sans%3A300%2C300italic%2Cregular%2Citalic%2C600%2C600italic%2C700%2C700italic%2C800%2C800italic|font_style:700%20bold%20regular%3A700%3Anormal&#8221;][\/vc_column_inner][\/vc_row_inner][\/vc_column][\/vc_row]<\/p>\n","protected":false},"author":8,"featured_media":0,"parent":0,"menu_order":0,"comment_status":"closed","ping_status":"closed","template":"","meta":{"courseId":0,"jnews_page_loop":{"enable_page_loop":"0","first_title":"Latest Post","second_title":"","header_type":"heading_6","header_background":"","header_text_color":"","layout":"right-sidebar","sidebar":"default-sidebar","second_sidebar":"default-sidebar","sticky_sidebar":"1","module":"3","boxed":"0","boxed_shadow":"0","box_shadow":"0","excerpt_length":"20","content_date":"default","date_custom":"Y\/m\/d","content_pagination":"nav_1","pagination_align":"center","show_navtext":"0","show_pageinfo":"0","post_offset":"0","posts_per_page":"5","include_post":"","exclude_post":"","include_category":"","exclude_category":"","include_author":"","include_tag":"","exclude_tag":"","sort_by":"latest","post_sticky":"0"},"jnews_single_page":{"layout":"no-sidebar","sidebar":"widget-grupos-de-trabajo","second_sidebar":"default-sidebar","sticky_sidebar":"0","show_post_featured":"0","show_post_meta":"0","share_position":"hide","share_color":"share-monocrhome","show_post_title":"1","show_post_breadcrumbs":"1"},"jnews_social_meta":{"fb_title":"","fb_description":"Programa de Cooperaci\u00f3n entre Am\u00e9rica Latina, el Caribe y la Uni\u00f3n Europea en Pol\u00edticas sobre Drogas\u2026","fb_image":"","twitter_title":"","twitter_description":"Programa de Cooperaci\u00f3n entre Am\u00e9rica Latina, el Caribe y la Uni\u00f3n Europea en Pol\u00edticas sobre Drogas\u2026","twitter_image":""},"footnotes":""},"class_list":["post-6595","page","type-page","status-publish","hentry"],"acf":[],"_links":{"self":[{"href":"https:\/\/copolad.eu\/en\/wp-json\/wp\/v2\/pages\/6595"}],"collection":[{"href":"https:\/\/copolad.eu\/en\/wp-json\/wp\/v2\/pages"}],"about":[{"href":"https:\/\/copolad.eu\/en\/wp-json\/wp\/v2\/types\/page"}],"author":[{"embeddable":true,"href":"https:\/\/copolad.eu\/en\/wp-json\/wp\/v2\/users\/8"}],"replies":[{"embeddable":true,"href":"https:\/\/copolad.eu\/en\/wp-json\/wp\/v2\/comments?post=6595"}],"version-history":[{"count":7,"href":"https:\/\/copolad.eu\/en\/wp-json\/wp\/v2\/pages\/6595\/revisions"}],"predecessor-version":[{"id":14509,"href":"https:\/\/copolad.eu\/en\/wp-json\/wp\/v2\/pages\/6595\/revisions\/14509"}],"wp:attachment":[{"href":"https:\/\/copolad.eu\/en\/wp-json\/wp\/v2\/media?parent=6595"}],"curies":[{"name":"wp","href":"https:\/\/api.w.org\/{rel}","templated":true}]}}