{"id":9821,"date":"2023-12-26T13:33:59","date_gmt":"2023-12-26T11:33:59","guid":{"rendered":"https:\/\/copolad.eu\/formacion-e-intercambio\/"},"modified":"2024-05-09T10:55:09","modified_gmt":"2024-05-09T08:55:09","slug":"training-and-exchange","status":"publish","type":"page","link":"https:\/\/copolad.eu\/en\/training-and-exchange\/","title":{"rendered":"Training and Exchange"},"content":{"rendered":"<div class=\"wpb-content-wrapper\"><p>[vc_row full_height=&#8221;yes&#8221; columns_placement=&#8221;top&#8221; vc_row_background=&#8221;&#8221;][vc_column][vc_custom_heading text=&#8221;Training and Exchange&#8221; font_container=&#8221;tag:h1|font_size:45px|text_align:left|color:%2315110d|line_height:72px&#8221; google_fonts=&#8221;font_family:Open%20Sans%3A300%2C300italic%2Cregular%2Citalic%2C600%2C600italic%2C700%2C700italic%2C800%2C800italic|font_style:700%20bold%20regular%3A700%3Anormal&#8221;]<div class=\"it-event-block it-training-feed\"><div class=\"it-event-block-filter\"> \n                        <form id=\"it-event-block-filter-form\" action=\"https:\/\/copolad.eu\/en\/training-and-exchange\/\" method=\"GET\">\n                            <div class=\"it-field\">\n                                <label>Year:<\/label>\n                                <select name=\"training_year\" ><option value=\"-1\"  >All years<\/option><option value=\"2019\" >2019<\/option><option value=\"2020\" >2020<\/option><option value=\"2021\" >2021<\/option><option value=\"2022\" >2022<\/option><option value=\"2023\" >2023<\/option><\/select>\n                            <\/div> \n                            <div class=\"it-field\">\n                                <label>Thematic area:<\/label>\n                                <select name=\"training_area\" ><option value=\"\"  selected='selected' >All areas<\/option><option value=\"Observatorios sobre drogas\" >Observatories on drugs<\/option><option value=\"Consumo problem\u00e1tico\" >Problematic consumption<\/option><option value=\"Reducci\u00f3n del mercado ilegal de drogas\" >Reduction of the illegal drug market<\/option><option value=\"Apoyo a la coordinaci\u00f3n y cooperaci\u00f3n birregional en materia de Drogas\" >Support for bi-regional coordination and cooperation on Drugs<\/option><option value=\"Desarrollo sostenible, Derechos Humanos y G\u00e9nero\" >Sustainable development, Human Rights and Gender<\/option><option value=\"Innovaci\u00f3n en pol\u00edticas sobre drogas\" >Innovation in policies on drugs<\/option><option value=\"Oferta\" >Offer<\/option><option value=\"Demanda\" >Demand<\/option><\/select>\n                            <\/div> \n                            <div class=\"it-field\">\n                                <label>Type of course:<\/label>\n                                <select name=\"training_type\" ><option value=\"\"  selected='selected' >All course types<\/option><option value=\"Webinario\" >Webinar<\/option><option value=\"Seminario\" >Seminar<\/option><option value=\"Taller\" >Workshop<\/option><option value=\"Curso de Formaci\u00f3n\" >Training Course<\/option><\/select>\n                            <\/div> \n                            <div class=\"it-field it-input-button-container\">\n                                <input type=\"submit\" name=\"submit\" value=\"Find trainings\">\n                            <\/div>\n                        <\/form>\n                    <\/div><div class=\"it-training-block-results\"><div class=\"it-training-item\">\n                                        <div class=\"it-training-item-container\"><div class=\"it-training-item-img\"><div class=\"it-training-item-type\">Curso de Formaci\u00f3n<\/div><img decoding=\"async\" src=\"https:\/\/copolad.eu\/wp-content\/uploads\/2025\/02\/JWG6791.jpg\" alt=\"foto de precursores\" \/><\/div><div class=\"it-training-item-data\"><div class=\"it-training-item-data-area\">\n                                                            <strong>Thematic area: <\/strong>Reducci\u00f3n del mercado ilegal de drogas\n                                                        <\/div><h2><a href=\"https:\/\/copolad.eu\/en\/formacion\/higher-specialization-course-in-the-control-and-investigation-of-drug-precursors-2\/\">Higher specialization course in the control and investigation of drug precursors<\/a><\/h2><div class=\"it-training-item-data-date-more\"><div class=\"it-training-item-data-date\">\n                                                        <i class=\"fa fa-solid fa-calendar\"><\/i>\n                                                        01\/04\/2025\n                                                    <\/div><div class=\"it-training-item-data-more\">\n                                                            <a href=\"https:\/\/copolad.eu\/en\/formacion\/higher-specialization-course-in-the-control-and-investigation-of-drug-precursors-2\/\">Read more<\/a>\n                                                        <\/div>\n                                                    <\/div><\/div><\/div>\n                                        <\/div><div class=\"it-training-item\">\n                                        <div class=\"it-training-item-container\"><div class=\"it-training-item-img\"><div class=\"it-training-item-type\">Curso de Formaci\u00f3n<\/div><img decoding=\"async\" src=\"https:\/\/copolad.eu\/wp-content\/uploads\/2024\/09\/JWG6780.jpg\" alt=\"precursoresfoto\" \/><\/div><div class=\"it-training-item-data\"><div class=\"it-training-item-data-area\">\n                                                            <strong>Thematic area: <\/strong>Reducci\u00f3n del mercado ilegal de drogas\n                                                        <\/div><h2><a href=\"https:\/\/copolad.eu\/en\/formacion\/higher-specialization-course-in-the-control-and-investigation-of-drug-precursors\/\">Higher specialization course in the control and investigation of drug precursors<\/a><\/h2><div class=\"it-training-item-data-date-more\"><div class=\"it-training-item-data-date\">\n                                                        <i class=\"fa fa-solid fa-calendar\"><\/i>\n                                                        23\/11\/2024\n                                                    <\/div><div class=\"it-training-item-data-more\">\n                                                            <a href=\"https:\/\/copolad.eu\/en\/formacion\/higher-specialization-course-in-the-control-and-investigation-of-drug-precursors\/\">Read more<\/a>\n                                                        <\/div>\n                                                    <\/div><\/div><\/div>\n                                        <\/div><div class=\"it-training-item\">\n                                        <div class=\"it-training-item-container\"><div class=\"it-training-item-img\"><div class=\"it-training-item-type\">Taller<\/div><img decoding=\"async\" src=\"https:\/\/copolad.eu\/wp-content\/uploads\/2024\/10\/Objetivos-2.png\" alt=\"\" \/><\/div><div class=\"it-training-item-data\"><div class=\"it-training-item-data-area\">\n                                                            <strong>Thematic area: <\/strong>Reducci\u00f3n del mercado ilegal de drogas\n                                                        <\/div><h2><a href=\"https:\/\/copolad.eu\/en\/formacion\/cryptocurrencies-and-drug-trafficking-in-the-caribbean\/\">Cryptocurrencies and drug trafficking in the Caribbean<\/a><\/h2><div class=\"it-training-item-data-date-more\"><div class=\"it-training-item-data-date\">\n                                                        <i class=\"fa fa-solid fa-calendar\"><\/i>\n                                                        23\/09\/2024\n                                                    <\/div><div class=\"it-training-item-data-more\">\n                                                            <a href=\"https:\/\/copolad.eu\/en\/formacion\/cryptocurrencies-and-drug-trafficking-in-the-caribbean\/\">Read more<\/a>\n                                                        <\/div>\n                                                    <\/div><\/div><\/div>\n                                        <\/div><div class=\"it-training-item\">\n                                        <div class=\"it-training-item-container\"><div class=\"it-training-item-img\"><div class=\"it-training-item-type\">Webinario<\/div><img decoding=\"async\" src=\"https:\/\/copolad.eu\/wp-content\/uploads\/2024\/07\/EUPC-training-scheme-and-courses_0.png\" alt=\"\" \/><\/div><div class=\"it-training-item-data\"><div class=\"it-training-item-data-area\">\n                                                            <strong>Thematic area: <\/strong>Demanda\n                                                        <\/div><h2><a href=\"https:\/\/copolad.eu\/en\/formacion\/webinar-european-prevention-curriculum-eupc-in-spanish\/\">Webinar European Prevention Curriculum (EUPC), in Spanish<\/a><\/h2><div class=\"it-training-item-data-date-more\"><div class=\"it-training-item-data-date\">\n                                                        <i class=\"fa fa-solid fa-calendar\"><\/i>\n                                                        24\/07\/2024\n                                                    <\/div><div class=\"it-training-item-data-more\">\n                                                            <a href=\"https:\/\/copolad.eu\/en\/formacion\/webinar-european-prevention-curriculum-eupc-in-spanish\/\">Read more<\/a>\n                                                        <\/div>\n                                                    <\/div><\/div><\/div>\n                                        <\/div><div class=\"it-training-item\">\n                                        <div class=\"it-training-item-container\"><div class=\"it-training-item-img\"><div class=\"it-training-item-type\">Webinario<\/div><img decoding=\"async\" src=\"https:\/\/copolad.eu\/wp-content\/uploads\/2024\/03\/COPOLAD_Iconos_Tematicas_1-1.jpg\" alt=\"\" \/><\/div><div class=\"it-training-item-data\"><div class=\"it-training-item-data-area\">\n                                                            <strong>Thematic area: <\/strong>Observatorios sobre drogas\n                                                        <\/div><h2><a href=\"https:\/\/copolad.eu\/en\/formacion\/capacity-building-online-workshop-on-early-warning-systems\/\">Capacity-building online workshop on Early Warning Systems<\/a><\/h2><div class=\"it-training-item-data-date-more\"><div class=\"it-training-item-data-date\">\n                                                        <i class=\"fa fa-solid fa-calendar\"><\/i>\n                                                        20\/03\/2024\n                                                    <\/div><div class=\"it-training-item-data-more\">\n                                                            <a href=\"https:\/\/copolad.eu\/en\/formacion\/capacity-building-online-workshop-on-early-warning-systems\/\">Read more<\/a>\n                                                        <\/div>\n                                                    <\/div><\/div><\/div>\n                                        <\/div><div class=\"it-training-item\">\n                                        <div class=\"it-training-item-container\"><div class=\"it-training-item-img\"><div class=\"it-training-item-type\">Curso de Formaci\u00f3n<\/div><img decoding=\"async\" src=\"https:\/\/copolad.eu\/wp-content\/uploads\/2024\/01\/Banner-COPOLAD.jpg\" alt=\"banner del curso\" \/><\/div><div class=\"it-training-item-data\"><div class=\"it-training-item-data-area\">\n                                                            <strong>Thematic area: <\/strong>Reducci\u00f3n del mercado ilegal de drogas\n                                                        <\/div><h2><a href=\"https:\/\/copolad.eu\/en\/formacion\/curso-de-lavado-de-activos-y-narcotrafico-analisis-en-areas-de-riesgos-emergentes\/\">Course on Money Laundering and Drug Trafficking: analysis in emerging risk areas<\/a><\/h2><div class=\"it-training-item-data-date-more\"><div class=\"it-training-item-data-date\">\n                                                        <i class=\"fa fa-solid fa-calendar\"><\/i>\n                                                        29\/01\/2024\n                                                    <\/div><div class=\"it-training-item-data-more\">\n                                                            <a href=\"https:\/\/copolad.eu\/en\/formacion\/curso-de-lavado-de-activos-y-narcotrafico-analisis-en-areas-de-riesgos-emergentes\/\">Read more<\/a>\n                                                        <\/div>\n                                                    <\/div><\/div><\/div>\n                                        <\/div><\/div><div class=\"it-event-block-pagination it-pagination\"><span aria-current=\"page\" class=\"page-numbers current\">1<\/span>\n<a class=\"page-numbers\" href=\"https:\/\/copolad.eu\/en\/wp-json\/wp\/v2\/pages\/9821\/page\/2\/\">2<\/a>\n<span class=\"page-numbers dots\">&hellip;<\/span>\n<a class=\"page-numbers\" href=\"https:\/\/copolad.eu\/en\/wp-json\/wp\/v2\/pages\/9821\/page\/4\/\">4<\/a>\n<a class=\"page-numbers\" href=\"https:\/\/copolad.eu\/en\/wp-json\/wp\/v2\/pages\/9821\/page\/5\/\">5<\/a>\n<a class=\"next page-numbers\" href=\"https:\/\/copolad.eu\/en\/wp-json\/wp\/v2\/pages\/9821\/page\/2\/\">><\/a><\/div><\/div><div id='wpdreams_asp_results_6'><\/div>[\/vc_column][\/vc_row]<\/p>\n<\/div>","protected":false},"excerpt":{"rendered":"<p>[vc_row full_height=&#8221;yes&#8221; columns_placement=&#8221;top&#8221; vc_row_background=&#8221;&#8221;][vc_column][vc_custom_heading text=&#8221;Training and Exchange&#8221; font_container=&#8221;tag:h1|font_size:45px|text_align:left|color:%2315110d|line_height:72px&#8221; google_fonts=&#8221;font_family:Open%20Sans%3A300%2C300italic%2Cregular%2Citalic%2C600%2C600italic%2C700%2C700italic%2C800%2C800italic|font_style:700%20bold%20regular%3A700%3Anormal&#8221;][\/vc_column][\/vc_row]<\/p>\n","protected":false},"author":8,"featured_media":0,"parent":0,"menu_order":0,"comment_status":"closed","ping_status":"closed","template":"","meta":{"courseId":0,"jnews_page_loop":{"enable_page_loop":"0","first_title":"Latest Post","second_title":"","header_type":"heading_6","header_background":"","header_text_color":"","layout":"right-sidebar","sidebar":"default-sidebar","second_sidebar":"default-sidebar","sticky_sidebar":"1","module":"3","boxed":"0","boxed_shadow":"0","box_shadow":"0","excerpt_length":"20","content_date":"default","date_custom":"Y\/m\/d","content_pagination":"nav_1","pagination_align":"center","show_navtext":"0","show_pageinfo":"0","post_offset":"0","posts_per_page":"5","include_post":"","exclude_post":"","include_category":"","exclude_category":"","include_author":"","include_tag":"","exclude_tag":"","sort_by":"latest"},"jnews_single_page":{"layout":"no-sidebar","sidebar":"default-sidebar","second_sidebar":"default-sidebar","sticky_sidebar":"1","show_post_featured":"1","show_post_meta":"0","share_position":"top","share_color":"share-monocrhome"},"jnews_social_meta":{"fb_title":"","fb_description":"Programa de Cooperaci\u00f3n entre Am\u00e9rica Latina, el Caribe y la Uni\u00f3n Europea en Pol\u00edticas sobre Drogas\u2026","fb_image":"","twitter_title":"","twitter_description":"Programa de Cooperaci\u00f3n entre Am\u00e9rica Latina, el Caribe y la Uni\u00f3n Europea en Pol\u00edticas sobre Drogas\u2026","twitter_image":""},"footnotes":""},"class_list":["post-9821","page","type-page","status-publish","hentry"],"acf":[],"_links":{"self":[{"href":"https:\/\/copolad.eu\/en\/wp-json\/wp\/v2\/pages\/9821"}],"collection":[{"href":"https:\/\/copolad.eu\/en\/wp-json\/wp\/v2\/pages"}],"about":[{"href":"https:\/\/copolad.eu\/en\/wp-json\/wp\/v2\/types\/page"}],"author":[{"embeddable":true,"href":"https:\/\/copolad.eu\/en\/wp-json\/wp\/v2\/users\/8"}],"replies":[{"embeddable":true,"href":"https:\/\/copolad.eu\/en\/wp-json\/wp\/v2\/comments?post=9821"}],"version-history":[{"count":5,"href":"https:\/\/copolad.eu\/en\/wp-json\/wp\/v2\/pages\/9821\/revisions"}],"predecessor-version":[{"id":9829,"href":"https:\/\/copolad.eu\/en\/wp-json\/wp\/v2\/pages\/9821\/revisions\/9829"}],"wp:attachment":[{"href":"https:\/\/copolad.eu\/en\/wp-json\/wp\/v2\/media?parent=9821"}],"curies":[{"name":"wp","href":"https:\/\/api.w.org\/{rel}","templated":true}]}}