{"id":11028,"date":"2024-07-12T12:56:22","date_gmt":"2024-07-12T10:56:22","guid":{"rendered":"https:\/\/copolad.eu\/?page_id=11028"},"modified":"2024-09-19T15:18:22","modified_gmt":"2024-09-19T13:18:22","slug":"observatorios-de-drogas","status":"publish","type":"page","link":"https:\/\/copolad.eu\/es\/observatorios-de-drogas\/","title":{"rendered":"Observatorios Nacionales de Drogas"},"content":{"rendered":"<blockquote class=\"pullquote align-left\"><p>Evidencias emp\u00edricas para dise\u00f1ar mejores pol\u00edticas<\/p><\/blockquote>\n<div class=\"wpb_text_column wpb_content_element\">\n<div class=\"wpb_wrapper\">\n<p><a class=\"btn btn-danger\" href=\"https:\/\/copolad.eu\/wp-content\/uploads\/2024\/09\/COPOLAD_Ficha_OND_Mayo_2024.pdf\" target=\"_blank\" rel=\"noopener\">OBSERVATORIOS NACIONALES DE DROGAS<\/a><\/p>\n<\/div>\n<\/div>\n<p>&nbsp;<\/p>\n<p>Esta l\u00ednea de acci\u00f3n apoya las mejoras de las pol\u00edticas sobre drogas, en los 32 pa\u00edses de Am\u00e9rica Latina y Caribe que acompa\u00f1a el programa. \u00a0<b>Las drogas tienen una afectaci\u00f3n clara en la salud p\u00fablica y generan desigualdad y exclusi\u00f3n social,<\/b> que inciden de forma particular en las mujeres y otros grupos vulnerables, lo que hace necesario una adaptaci\u00f3n constante de las pol\u00edticas p\u00fablicas a nuevas realidades.<\/p>\n<p>La necesidad de disponer de evidencia cient\u00edfica actualizada se revela un objetivo crucial, reconocido por los pa\u00edses de la regi\u00f3n y los organismos internacionales. A pesar de los avances, los dispositivos de investigaci\u00f3n e informaci\u00f3n son todav\u00eda d\u00e9biles en buena parte de pa\u00edses de Am\u00e9rica Latina y Caribe. <b>El programa acompa\u00f1a los esfuerzos por avanzar en fortalecer los sistemas de investigaci\u00f3n sobre drogas en un contexto de amplia heterogeneidad institucional<\/b> desde el apoyo t\u00e9cnico para la elaboraci\u00f3n de recursos humanos e institucionales, el impulso de agendas de investigaci\u00f3n cient\u00edfica o la creaci\u00f3n de comit\u00e9s cient\u00edficos asesores para el desarrollo de investigaciones o toma de decisiones.<\/p>\n<p><strong>2 socios ejecutores:<\/strong><\/p>\n<p><a href=\"https:\/\/www.fiiapp.org\/\"><b>FIIAPP<\/b> <\/a>(Fundaci\u00f3n Internacional y para Iberoam\u00e9rica de Administraci\u00f3n y Pol\u00edticas P\u00fablicas)<\/p>\n<p><a href=\"https:\/\/www.euda.europa.eu\/index_en\"><b>EUDA<\/b>\u00a0<\/a> (Agencia Europea de Drogas).<\/p>\n","protected":false},"excerpt":{"rendered":"<p>Evidencias emp\u00edricas para dise\u00f1ar mejores pol\u00edticas OBSERVATORIOS NACIONALES DE DROGAS &nbsp; Esta l\u00ednea de acci\u00f3n apoya las mejoras de las pol\u00edticas sobre drogas, en los 32 pa\u00edses de Am\u00e9rica Latina y Caribe que acompa\u00f1a el programa. \u00a0Las drogas tienen una afectaci\u00f3n clara en la salud p\u00fablica y generan desigualdad y exclusi\u00f3n social, que inciden de [&hellip;]<\/p>\n","protected":false},"author":9,"featured_media":11026,"parent":0,"menu_order":0,"comment_status":"closed","ping_status":"closed","template":"","meta":{"courseId":0,"jnews_page_loop":{"enable_page_loop":"0","first_title":"Latest Post","second_title":"","header_type":"heading_6","header_background":"","header_text_color":"","layout":"right-sidebar","sidebar":"default-sidebar","second_sidebar":"default-sidebar","sticky_sidebar":"1","module":"3","boxed":"0","boxed_shadow":"0","box_shadow":"0","excerpt_length":"20","content_date":"default","date_custom":"Y\/m\/d","content_pagination":"nav_1","pagination_align":"center","show_navtext":"0","show_pageinfo":"0","post_offset":"0","posts_per_page":"5","include_post":"","exclude_post":"","include_category":"","exclude_category":"","include_author":"","include_tag":"","exclude_tag":"","sort_by":"latest"},"jnews_single_page":{"layout":"no-sidebar","sidebar":"default-sidebar","second_sidebar":"default-sidebar","sticky_sidebar":"1","show_post_featured":"1","show_post_meta":"0","share_position":"top","share_color":"share-monocrhome"},"jnews_social_meta":{"fb_title":"","fb_description":"","fb_image":"","twitter_title":"","twitter_description":"","twitter_image":""},"footnotes":""},"class_list":["post-11028","page","type-page","status-publish","has-post-thumbnail","hentry"],"acf":[],"_links":{"self":[{"href":"https:\/\/copolad.eu\/es\/wp-json\/wp\/v2\/pages\/11028"}],"collection":[{"href":"https:\/\/copolad.eu\/es\/wp-json\/wp\/v2\/pages"}],"about":[{"href":"https:\/\/copolad.eu\/es\/wp-json\/wp\/v2\/types\/page"}],"author":[{"embeddable":true,"href":"https:\/\/copolad.eu\/es\/wp-json\/wp\/v2\/users\/9"}],"replies":[{"embeddable":true,"href":"https:\/\/copolad.eu\/es\/wp-json\/wp\/v2\/comments?post=11028"}],"version-history":[{"count":6,"href":"https:\/\/copolad.eu\/es\/wp-json\/wp\/v2\/pages\/11028\/revisions"}],"predecessor-version":[{"id":11491,"href":"https:\/\/copolad.eu\/es\/wp-json\/wp\/v2\/pages\/11028\/revisions\/11491"}],"wp:featuredmedia":[{"embeddable":true,"href":"https:\/\/copolad.eu\/es\/wp-json\/wp\/v2\/media\/11026"}],"wp:attachment":[{"href":"https:\/\/copolad.eu\/es\/wp-json\/wp\/v2\/media?parent=11028"}],"curies":[{"name":"wp","href":"https:\/\/api.w.org\/{rel}","templated":true}]}}