{"id":11031,"date":"2024-07-12T12:59:55","date_gmt":"2024-07-12T10:59:55","guid":{"rendered":"https:\/\/copolad.eu\/?page_id=11031"},"modified":"2025-09-08T17:07:59","modified_gmt":"2025-09-08T15:07:59","slug":"reduccion-de-la-demanda-de-drog","status":"publish","type":"page","link":"https:\/\/copolad.eu\/es\/reduccion-de-la-demanda-de-drog\/","title":{"rendered":"Reducci\u00f3n de la demanda"},"content":{"rendered":"<blockquote class=\"pullquote align-left\"><p>Enfoques de derechos, g\u00e9nero e inclusi\u00f3n social en servicios de atenci\u00f3n y propuestas de territorializaci\u00f3n en comunidades de alta vulnerabilidad<\/p><\/blockquote>\n<p><a class=\"btn btn-danger\" href=\"https:\/\/copolad.eu\/wp-content\/uploads\/2024\/09\/COPOLAD_Ficha_Reduccio%E2%95%A0un_Demanda_Mayo_2024.pdf\" target=\"_blank\" rel=\"noopener\">REDUCCI\u00d3N DE LA DEMANDA<\/a><\/p>\n<p>El consumo problem\u00e1tico de drogas afecta a la salud p\u00fablica, pero tambi\u00e9n a la cohesi\u00f3n social, por afectar, en algunos casos, a poblaci\u00f3n en contextos de vulnerabilidad y exclusi\u00f3n social, potenciando las desigualdades.<\/p>\n<p>Desde una perspectiva epidemiol\u00f3gica, la mayor parte de las personas afectadas por el consumo son hombres, pero las mujeres suelen sufrir m\u00e1s y mayores impactos. <b>La pobreza y la marginalizaci\u00f3n alimentan el ciclo de consecuencias negativas para las personas y comunidades<\/b>, ya que el consumo de drogas puede conducir a un deterioro considerable de las condiciones de vida, pero tambi\u00e9n generar procesos asociados de estigmatizaci\u00f3n y exclusi\u00f3n social. Estos fen\u00f3menos representan barreras de acceso a los servicios de prevenci\u00f3n, atenci\u00f3n integral y reducci\u00f3n de da\u00f1os que sufren las mujeres o la poblaci\u00f3n LGTBQI+, entre otros grupos en situaci\u00f3n de vulnerabilidad<\/p>\n<p>El programa COPOLAD III apoya a los pa\u00edses en la mejora de los sistemas de prevenci\u00f3n y atenci\u00f3n de usos problem\u00e1ticos, desde una perspectiva integral. Ello implica <b>reforzar enfoques, procesos y metodolog\u00edas que asumen la perspectiva de g\u00e9nero, de derechos y la inclusi\u00f3n social como un factor decisivo<\/b>.<\/p>\n<p>Adicionalmente, esta tercera fase del programa <b>impulsa procesos de territorializaci\u00f3n de pol\u00edticas, programas y servicios en comunidades de alta vulnerabilidad social,<\/b> que permitan dar respuestas efectivas y contextualizadas. Este aterrizaje a nivel territorial y comunitario, a trav\u00e9s de proyectos espec\u00edficos, tambi\u00e9n promueve aprendizajes y lecciones aprendidas que pueden ser \u201cescaladas\u201d al \u00e1mbito nacional.<\/p>\n<p>Esto se realiza a trav\u00e9s de <b>adaptaci\u00f3n de materiales elaborados por la Agencia Europea de Drogas<\/b>, en relaci\u00f3n con la prevenci\u00f3n,\u00a0 nuevas sustancias, consumo en espec\u00edfico con marcos de respuesta p\u00fablica, cannabis y g\u00e9nero.\u00a0 Adem\u00e1s, se incluye <b>elaboraci\u00f3n de diversas publicaciones y formaciones en temas como la inserci\u00f3n social, g\u00e9nero y acompa\u00f1amiento en pol\u00edticas nacionales<\/b> relacionadas con territorializaci\u00f3n, g\u00e9nero, reducci\u00f3n de da\u00f1os y procesos de innovaci\u00f3n en pol\u00edticas p\u00fablicas de drogas.<\/p>\n<p><b>2 SOCIOS ejecutores:<\/b><\/p>\n<p><a href=\"https:\/\/www.fiiapp.org\/\"><b>FIIAPP<\/b>\u00a0<\/a>(Fundaci\u00f3n Internacional y para Iberoam\u00e9rica de Administraci\u00f3n y Pol\u00edticas P\u00fablicas)<\/p>\n<p><a href=\"https:\/\/www.euda.europa.eu\/index_en\"><b>EUDA<\/b>\u00a0<\/a>\u00a0(Agencia Europea de Drogas).<\/p>\n","protected":false},"excerpt":{"rendered":"<p>Enfoques de derechos, g\u00e9nero e inclusi\u00f3n social en servicios de atenci\u00f3n y propuestas de territorializaci\u00f3n en comunidades de alta vulnerabilidad REDUCCI\u00d3N DE LA DEMANDA El consumo problem\u00e1tico de drogas afecta a la salud p\u00fablica, pero tambi\u00e9n a la cohesi\u00f3n social, por afectar, en algunos casos, a poblaci\u00f3n en contextos de vulnerabilidad y exclusi\u00f3n social, potenciando [&hellip;]<\/p>\n","protected":false},"author":9,"featured_media":11012,"parent":0,"menu_order":0,"comment_status":"closed","ping_status":"closed","template":"","meta":{"courseId":0,"jnews_page_loop":{"enable_page_loop":"0","first_title":"Latest Post","second_title":"","header_type":"heading_6","header_background":"","header_text_color":"","layout":"right-sidebar","sidebar":"default-sidebar","second_sidebar":"default-sidebar","sticky_sidebar":"1","module":"3","boxed":"0","boxed_shadow":"0","box_shadow":"0","excerpt_length":"20","content_date":"default","date_custom":"Y\/m\/d","content_pagination":"nav_1","pagination_align":"center","show_navtext":"0","show_pageinfo":"0","post_offset":"0","posts_per_page":"5","include_post":"","exclude_post":"","include_category":"","exclude_category":"","include_author":"","include_tag":"","exclude_tag":"","sort_by":"latest","post_sticky":"0"},"jnews_single_page":{"layout":"no-sidebar","sidebar":"default-sidebar","second_sidebar":"default-sidebar","sticky_sidebar":"1","show_post_featured":"1","show_post_meta":"0","share_position":"top","share_color":"share-monocrhome","show_post_title":"1","show_post_breadcrumbs":"1"},"jnews_social_meta":{"fb_title":"","fb_description":"","fb_image":"","twitter_title":"","twitter_description":"","twitter_image":""},"footnotes":""},"class_list":["post-11031","page","type-page","status-publish","has-post-thumbnail","hentry"],"acf":[],"_links":{"self":[{"href":"https:\/\/copolad.eu\/es\/wp-json\/wp\/v2\/pages\/11031"}],"collection":[{"href":"https:\/\/copolad.eu\/es\/wp-json\/wp\/v2\/pages"}],"about":[{"href":"https:\/\/copolad.eu\/es\/wp-json\/wp\/v2\/types\/page"}],"author":[{"embeddable":true,"href":"https:\/\/copolad.eu\/es\/wp-json\/wp\/v2\/users\/9"}],"replies":[{"embeddable":true,"href":"https:\/\/copolad.eu\/es\/wp-json\/wp\/v2\/comments?post=11031"}],"version-history":[{"count":5,"href":"https:\/\/copolad.eu\/es\/wp-json\/wp\/v2\/pages\/11031\/revisions"}],"predecessor-version":[{"id":14903,"href":"https:\/\/copolad.eu\/es\/wp-json\/wp\/v2\/pages\/11031\/revisions\/14903"}],"wp:featuredmedia":[{"embeddable":true,"href":"https:\/\/copolad.eu\/es\/wp-json\/wp\/v2\/media\/11012"}],"wp:attachment":[{"href":"https:\/\/copolad.eu\/es\/wp-json\/wp\/v2\/media?parent=11031"}],"curies":[{"name":"wp","href":"https:\/\/api.w.org\/{rel}","templated":true}]}}