{"id":11033,"date":"2024-07-12T13:02:32","date_gmt":"2024-07-12T11:02:32","guid":{"rendered":"https:\/\/copolad.eu\/?page_id=11033"},"modified":"2024-09-19T15:21:04","modified_gmt":"2024-09-19T13:21:04","slug":"11033-2","status":"publish","type":"page","link":"https:\/\/copolad.eu\/es\/11033-2\/","title":{"rendered":"Lucha contra el narcotr\u00e1fico"},"content":{"rendered":"<div class=\"wpb-content-wrapper\"><p>[vc_row][vc_column][vc_column_text]<\/p>\n<blockquote class=\"pullquote align-left\"><p>\u00a0Sistemas de investigaci\u00f3n policial, investigaci\u00f3n financiera en blanqueo de capitales y uso social de bienes incautado m\u00e1s eficientes<\/p><\/blockquote>\n<p><a class=\"btn btn-danger\" href=\"https:\/\/copolad.eu\/wp-content\/uploads\/2024\/09\/COPOLAD_Ficha_Crimen_Orgnizado_Mayo_2024.pdf\" target=\"_blank\" rel=\"noopener\">LUCHA CONTRA EL NARCOTR\u00c1FICO<\/a><\/p>\n<p>COPOLAD III respalda pol\u00edticas p\u00fablicas que ofrezcan soluciones integrales mediante <b>la combinaci\u00f3n de iniciativas de seguridad p\u00fablica, investigaci\u00f3n policial y lucha contra capitales il\u00edcitos y su blanqueo.<\/b> La eficacia de las pol\u00edticas sobre narcotr\u00e1fico no debe medirse \u00fanicamente por la incautaci\u00f3n de droga o el n\u00famero de arrestos a personas situadas en la escala m\u00e1s baja de la cadena delictiva, sino por la capacidad del Estado para<b> cortar el flujo econ\u00f3mico del narcotr\u00e1fico y dar un uso social a los bienes<\/b> incautados.<\/p>\n<p>La lucha contra el crimen organizado requiere orientar esfuerzos a investigar su entramado financiero, mediante dispositivos de cooperaci\u00f3n internacional entre instituciones de justicia y seguridad.<b> Se trata de evitar que los beneficios ilegales vuelvan a\u00a0la cadena de suministro de drogas<\/b> y posibiliten la corrupci\u00f3n, la trata de seres humanos o\u00a0el terrorismo.<\/p>\n<p>Por eso el Programa COPOLAD III trabaja con la <b>Red de Fiscales Antidroga de Iberoam\u00e9rica (RFAI)<\/b> en la elaboraci\u00f3n de protocolos o potencia las capacidades de los ministerios p\u00fablicos para incorporar la perspectiva de g\u00e9nero en las investigaciones. Por ejemplo, incorporando indicadores para atender a las v\u00edctimas de trata en la investigaci\u00f3n de delitos de narcotr\u00e1fico. Tambi\u00e9n se colabora con el <b>Grupo de Acci\u00f3n Financiera de Am\u00e9rica Latina (GAFILAT<\/b>) y <b>Caribe (GAFIC)<\/b> para crear herramientas tecnol\u00f3gicas de intercambio, gu\u00edas de buenas pr\u00e1cticas y est\u00e1ndares para mejorar el intercambio de informaci\u00f3n en la lucha contra el narcotr\u00e1fico. Los pa\u00edses participan tambi\u00e9n en formaciones sobre temas que ellos mismos han identificado clave como los activos virtuales, drogas sint\u00e9ticas o medidas de prevenci\u00f3n patrimonial.<\/p>\n<p><b>2 SOCIOS ejecutores:<\/b><\/p>\n<p><a href=\"https:\/\/iila.org\/es\/\">IILA <\/a>(Organizaci\u00f3n Internacional Italo-Latinoamericana)<\/p>\n<p><a href=\"https:\/\/www.fiiapp.org\/\">FIIAPP<\/a> (Fundaci\u00f3n Internacional y para Iberoam\u00e9rica de Administraci\u00f3n y Pol\u00edticas P\u00fablicas).[\/vc_column_text][\/vc_column][\/vc_row]<\/p>\n<\/div>","protected":false},"excerpt":{"rendered":"<p>[vc_row][vc_column][vc_column_text] \u00a0Sistemas de investigaci\u00f3n policial, investigaci\u00f3n financiera en blanqueo de capitales y uso social de bienes incautado m\u00e1s eficientes LUCHA CONTRA EL NARCOTR\u00c1FICO COPOLAD III respalda pol\u00edticas p\u00fablicas que ofrezcan soluciones integrales mediante la combinaci\u00f3n de iniciativas de seguridad p\u00fablica, investigaci\u00f3n policial y lucha contra capitales il\u00edcitos y su blanqueo. La eficacia de las pol\u00edticas [&hellip;]<\/p>\n","protected":false},"author":9,"featured_media":11018,"parent":0,"menu_order":0,"comment_status":"closed","ping_status":"closed","template":"","meta":{"courseId":0,"jnews_page_loop":{"enable_page_loop":"0","first_title":"Latest Post","second_title":"","header_type":"heading_6","header_background":"","header_text_color":"","layout":"right-sidebar","sidebar":"default-sidebar","second_sidebar":"default-sidebar","sticky_sidebar":"1","module":"3","boxed":"0","boxed_shadow":"0","box_shadow":"0","excerpt_length":"20","content_date":"default","date_custom":"Y\/m\/d","content_pagination":"nav_1","pagination_align":"center","show_navtext":"0","show_pageinfo":"0","post_offset":"0","posts_per_page":"5","include_post":"","exclude_post":"","include_category":"","exclude_category":"","include_author":"","include_tag":"","exclude_tag":"","sort_by":"latest"},"jnews_single_page":{"layout":"no-sidebar","sidebar":"default-sidebar","second_sidebar":"default-sidebar","sticky_sidebar":"1","show_post_featured":"1","show_post_meta":"0","share_position":"top","share_color":"share-monocrhome"},"jnews_social_meta":{"fb_title":"","fb_description":"","fb_image":"","twitter_title":"","twitter_description":"","twitter_image":""},"footnotes":""},"class_list":["post-11033","page","type-page","status-publish","has-post-thumbnail","hentry"],"acf":[],"_links":{"self":[{"href":"https:\/\/copolad.eu\/es\/wp-json\/wp\/v2\/pages\/11033"}],"collection":[{"href":"https:\/\/copolad.eu\/es\/wp-json\/wp\/v2\/pages"}],"about":[{"href":"https:\/\/copolad.eu\/es\/wp-json\/wp\/v2\/types\/page"}],"author":[{"embeddable":true,"href":"https:\/\/copolad.eu\/es\/wp-json\/wp\/v2\/users\/9"}],"replies":[{"embeddable":true,"href":"https:\/\/copolad.eu\/es\/wp-json\/wp\/v2\/comments?post=11033"}],"version-history":[{"count":6,"href":"https:\/\/copolad.eu\/es\/wp-json\/wp\/v2\/pages\/11033\/revisions"}],"predecessor-version":[{"id":11493,"href":"https:\/\/copolad.eu\/es\/wp-json\/wp\/v2\/pages\/11033\/revisions\/11493"}],"wp:featuredmedia":[{"embeddable":true,"href":"https:\/\/copolad.eu\/es\/wp-json\/wp\/v2\/media\/11018"}],"wp:attachment":[{"href":"https:\/\/copolad.eu\/es\/wp-json\/wp\/v2\/media?parent=11033"}],"curies":[{"name":"wp","href":"https:\/\/api.w.org\/{rel}","templated":true}]}}