{"id":11036,"date":"2024-07-12T13:05:28","date_gmt":"2024-07-12T11:05:28","guid":{"rendered":"https:\/\/copolad.eu\/?page_id=11036"},"modified":"2024-09-19T15:21:42","modified_gmt":"2024-09-19T13:21:42","slug":"desarrollo-alternativo-integral-y-sostenible-dais","status":"publish","type":"page","link":"https:\/\/copolad.eu\/es\/desarrollo-alternativo-integral-y-sostenible-dais\/","title":{"rendered":"Desarrollo Alternativo Integral y Sostenible (DAIS)"},"content":{"rendered":"<blockquote class=\"pullquote align-left\"><p>Rompiendo la dependencia de las econom\u00edas de la droga<\/p><\/blockquote>\n<p><a class=\"btn btn-danger\" href=\"https:\/\/copolad.eu\/wp-content\/uploads\/2024\/09\/COPOLAD_Ficha_DAIS_Mayo_2024.pdf\" target=\"_blank\" rel=\"noopener\">DESARROLLO ALTERNATIVO INTEGRAL Y SOSTENIBLE (DAIS)<\/a><\/p>\n<p>El cultivo il\u00edcito de plantas destinadas a la producci\u00f3n de drogas requiere intervenir sobre sus causas que son fundamentalmente la dependencia que genera la econom\u00eda de la droga. Por eso es necesario el <b>fomento de nuevas oportunidades de desarrollo econ\u00f3mico legal y sostenible.<\/b> En consonancia con los avances logrados en el marco normativo durante los \u00faltimos a\u00f1os, las iniciativas de desarrollo alternativo constituyen una estrategia de reducci\u00f3n de la oferta.<\/p>\n<p>La evoluci\u00f3n de la interpretaci\u00f3n del Desarrollo Alternativo tambi\u00e9n est\u00e1 vinculada a una <b>comprensi\u00f3n m\u00e1s amplia de la cadena de suministro de drogas il\u00edcitas como modelo de negocio global<\/b> altamente rentable en los niveles m\u00e1s altos de las organizaciones criminales implicadas en delitos relacionados con las drogas.<\/p>\n<p>En este contexto, el desarrollo alternativo<b> en entornos rurales y no tradicionales<\/b> se convierte en una medida eficaz y sostenible orientada al desarrollo. En definitiva, para hacer frente a las vulnerabilidades socioecon\u00f3micas de las poblaciones dependientes de actividades il\u00edcitas relacionadas con las drogas y promover su transici\u00f3n a econom\u00edas l\u00edcitas.<\/p>\n<p>COPOLAD III desarrollar\u00e1 en esta \u00e1rea <b>formaciones, visitas de estudio, informes as\u00ed como consultor\u00edas<\/b> para mejorar la formaci\u00f3n y conocimiento de esta estrategia en los pa\u00edses y tratar\u00e1 de impulsar la implementaci\u00f3n de medidas de desarrollo alternativo en los pa\u00edses.<\/p>\n<p><b>1 SOCIO ejecutor:<\/b><\/p>\n<p><a href=\"https:\/\/www.giz.de\/en\/html\/index.html\">GIZ<\/a> (Deutsche Gesellschaft f\u00fcr Internationale Zusammenarbeit (GIZ) GmbH)<\/p>\n","protected":false},"excerpt":{"rendered":"<p>Rompiendo la dependencia de las econom\u00edas de la droga DESARROLLO ALTERNATIVO INTEGRAL Y SOSTENIBLE (DAIS) El cultivo il\u00edcito de plantas destinadas a la producci\u00f3n de drogas requiere intervenir sobre sus causas que son fundamentalmente la dependencia que genera la econom\u00eda de la droga. Por eso es necesario el fomento de nuevas oportunidades de desarrollo econ\u00f3mico [&hellip;]<\/p>\n","protected":false},"author":9,"featured_media":11014,"parent":0,"menu_order":0,"comment_status":"closed","ping_status":"closed","template":"","meta":{"courseId":0,"jnews_page_loop":{"enable_page_loop":"0","first_title":"Latest Post","second_title":"","header_type":"heading_6","header_background":"","header_text_color":"","layout":"right-sidebar","sidebar":"default-sidebar","second_sidebar":"default-sidebar","sticky_sidebar":"1","module":"3","boxed":"0","boxed_shadow":"0","box_shadow":"0","excerpt_length":"20","content_date":"default","date_custom":"Y\/m\/d","content_pagination":"nav_1","pagination_align":"center","show_navtext":"0","show_pageinfo":"0","post_offset":"0","posts_per_page":"5","include_post":"","exclude_post":"","include_category":"","exclude_category":"","include_author":"","include_tag":"","exclude_tag":"","sort_by":"latest"},"jnews_single_page":{"layout":"no-sidebar","sidebar":"default-sidebar","second_sidebar":"default-sidebar","sticky_sidebar":"1","show_post_featured":"1","show_post_meta":"0","share_position":"top","share_color":"share-monocrhome"},"jnews_social_meta":{"fb_title":"","fb_description":"","fb_image":"","twitter_title":"","twitter_description":"","twitter_image":""},"footnotes":""},"class_list":["post-11036","page","type-page","status-publish","has-post-thumbnail","hentry"],"acf":[],"_links":{"self":[{"href":"https:\/\/copolad.eu\/es\/wp-json\/wp\/v2\/pages\/11036"}],"collection":[{"href":"https:\/\/copolad.eu\/es\/wp-json\/wp\/v2\/pages"}],"about":[{"href":"https:\/\/copolad.eu\/es\/wp-json\/wp\/v2\/types\/page"}],"author":[{"embeddable":true,"href":"https:\/\/copolad.eu\/es\/wp-json\/wp\/v2\/users\/9"}],"replies":[{"embeddable":true,"href":"https:\/\/copolad.eu\/es\/wp-json\/wp\/v2\/comments?post=11036"}],"version-history":[{"count":4,"href":"https:\/\/copolad.eu\/es\/wp-json\/wp\/v2\/pages\/11036\/revisions"}],"predecessor-version":[{"id":11494,"href":"https:\/\/copolad.eu\/es\/wp-json\/wp\/v2\/pages\/11036\/revisions\/11494"}],"wp:featuredmedia":[{"embeddable":true,"href":"https:\/\/copolad.eu\/es\/wp-json\/wp\/v2\/media\/11014"}],"wp:attachment":[{"href":"https:\/\/copolad.eu\/es\/wp-json\/wp\/v2\/media?parent=11036"}],"curies":[{"name":"wp","href":"https:\/\/api.w.org\/{rel}","templated":true}]}}