{"id":11038,"date":"2024-07-12T13:06:56","date_gmt":"2024-07-12T11:06:56","guid":{"rendered":"https:\/\/copolad.eu\/?page_id=11038"},"modified":"2024-09-19T15:23:06","modified_gmt":"2024-09-19T13:23:06","slug":"proporcionalidad-y-alternatividad-penal","status":"publish","type":"page","link":"https:\/\/copolad.eu\/es\/proporcionalidad-y-alternatividad-penal\/","title":{"rendered":"Proporcionalidad y alternatividad penal"},"content":{"rendered":"<blockquote class=\"pullquote align-left\"><p>Una respuesta penal m\u00e1s humana que proteja los derechos de mujeres y grupos vulnerables vinculados a delitos menores de drogas<\/p><\/blockquote>\n<p><b><a class=\"btn btn-danger\" href=\"https:\/\/copolad.eu\/wp-content\/uploads\/2024\/09\/COPOLAD_Ficha_Alternatividad_Mayo_2024.pdf\" target=\"_blank\" rel=\"noopener\">PROPORCIONALIDAD Y ALTERNATIVIDAD PENAL<\/a> <\/b><\/p>\n<p><b>La pol\u00edtica criminal en materia de tr\u00e1fico de drogas est\u00e1 inmersa en un proceso de renovaci\u00f3n en Am\u00e9rica Latina y Caribe<\/b>. Se avanza hacia nuevos enfoques que permitan revertir los impactos de una respuesta penal y penitenciaria maximalista, especialmente en los delitos menores de drogas, problem\u00e1tica que afecta a sectores vulnerables de la poblaci\u00f3n, con especial incidencia en mujeres.<\/p>\n<p>La pobreza, la exclusi\u00f3n social, la falta de acceso a servicios y oportunidades son factores que impulsan a muchas mujeres a ingresar en el eslab\u00f3n m\u00e1s bajo del tr\u00e1fico de drogas como medio de subsistencia. En este contexto, el encarcelamiento no aborda las causas estructurales que subyacen en la problem\u00e1tica. En cambio<b>, la b\u00fasqueda de la proporcionalidad de los sistemas penales y la aplicaci\u00f3n de medidas alternativas al encarcelamiento ofrecen v\u00edas de soluci\u00f3n en el campo de la justicia restaurativa.<\/b><\/p>\n<p>En el marco del dise\u00f1o de nuevas estrategias de pol\u00edtica criminal, el programa COPOLAD III contribuye a la generaci\u00f3n de herramienta t\u00e9cnicas, que permiten a los operadores judiciales avanzar en la aplicaci\u00f3n de medidas proporcionales y alternativas a la prisi\u00f3n. S<b>e posibilita as\u00ed la aplicaci\u00f3n de una respuesta punitiva m\u00e1s humanizada, que allane el camino para que las mujeres vinculadas a delitos menores de drogas puedan ejercer plenamente sus derechos.<\/b><\/p>\n<p>A nivel <b>REGIONAL,<\/b> el programa apoya a la COMJIB y AIDEF en la creaci\u00f3n de instrumentos y est\u00e1ndares de \u00e1mbito regional, en consonancia con el enfoque de derechos humanos, g\u00e9nero y salud p\u00fablica.<\/p>\n<p>A nivel NACIONAL, COPOLAD III presta acompa\u00f1amiento t\u00e9cnico de forma particular a <b>Costa Rica, Rep\u00fablica Dominicana, Paraguay y Trinidad y Tobago<\/b>, de acuerdo con diferentes necesidades y demandas. Los apoyos incluyen la realizaci\u00f3n de auditor\u00edas legales de marcos penales, propuestas de reforma legislativa del marco penal para incorporar esquemas de proporcionalidad y alternatividad, o la elaboraci\u00f3n de protocolos para adoptar medidas alternativas.<\/p>\n<p>&nbsp;<\/p>\n<p><b>1 SOCIO ejecutor:<\/b> <a href=\"https:\/\/www.fiiapp.org\/\">FIIAPP (Fundaci\u00f3n Internacional y para Iberoam\u00e9rica de Administraci\u00f3n y Pol\u00edticas P\u00fablicas)<\/a><\/p>\n","protected":false},"excerpt":{"rendered":"<p>Una respuesta penal m\u00e1s humana que proteja los derechos de mujeres y grupos vulnerables vinculados a delitos menores de drogas PROPORCIONALIDAD Y ALTERNATIVIDAD PENAL La pol\u00edtica criminal en materia de tr\u00e1fico de drogas est\u00e1 inmersa en un proceso de renovaci\u00f3n en Am\u00e9rica Latina y Caribe. Se avanza hacia nuevos enfoques que permitan revertir los impactos [&hellip;]<\/p>\n","protected":false},"author":9,"featured_media":11022,"parent":0,"menu_order":0,"comment_status":"closed","ping_status":"closed","template":"","meta":{"courseId":0,"jnews_page_loop":{"enable_page_loop":"0","first_title":"Latest Post","second_title":"","header_type":"heading_6","header_background":"","header_text_color":"","layout":"right-sidebar","sidebar":"default-sidebar","second_sidebar":"default-sidebar","sticky_sidebar":"1","module":"3","boxed":"0","boxed_shadow":"0","box_shadow":"0","excerpt_length":"20","content_date":"default","date_custom":"Y\/m\/d","content_pagination":"nav_1","pagination_align":"center","show_navtext":"0","show_pageinfo":"0","post_offset":"0","posts_per_page":"5","include_post":"","exclude_post":"","include_category":"","exclude_category":"","include_author":"","include_tag":"","exclude_tag":"","sort_by":"latest"},"jnews_single_page":{"layout":"no-sidebar","sidebar":"default-sidebar","second_sidebar":"default-sidebar","sticky_sidebar":"1","show_post_featured":"1","show_post_meta":"0","share_position":"top","share_color":"share-monocrhome"},"jnews_social_meta":{"fb_title":"","fb_description":"","fb_image":"","twitter_title":"","twitter_description":"","twitter_image":""},"footnotes":""},"class_list":["post-11038","page","type-page","status-publish","has-post-thumbnail","hentry"],"acf":[],"_links":{"self":[{"href":"https:\/\/copolad.eu\/es\/wp-json\/wp\/v2\/pages\/11038"}],"collection":[{"href":"https:\/\/copolad.eu\/es\/wp-json\/wp\/v2\/pages"}],"about":[{"href":"https:\/\/copolad.eu\/es\/wp-json\/wp\/v2\/types\/page"}],"author":[{"embeddable":true,"href":"https:\/\/copolad.eu\/es\/wp-json\/wp\/v2\/users\/9"}],"replies":[{"embeddable":true,"href":"https:\/\/copolad.eu\/es\/wp-json\/wp\/v2\/comments?post=11038"}],"version-history":[{"count":4,"href":"https:\/\/copolad.eu\/es\/wp-json\/wp\/v2\/pages\/11038\/revisions"}],"predecessor-version":[{"id":11496,"href":"https:\/\/copolad.eu\/es\/wp-json\/wp\/v2\/pages\/11038\/revisions\/11496"}],"wp:featuredmedia":[{"embeddable":true,"href":"https:\/\/copolad.eu\/es\/wp-json\/wp\/v2\/media\/11022"}],"wp:attachment":[{"href":"https:\/\/copolad.eu\/es\/wp-json\/wp\/v2\/media?parent=11038"}],"curies":[{"name":"wp","href":"https:\/\/api.w.org\/{rel}","templated":true}]}}