{"id":11041,"date":"2024-07-12T13:08:31","date_gmt":"2024-07-12T11:08:31","guid":{"rendered":"https:\/\/copolad.eu\/?page_id=11041"},"modified":"2024-09-19T15:22:23","modified_gmt":"2024-09-19T13:22:23","slug":"control-de-precursores-quimicos-de-drogas","status":"publish","type":"page","link":"https:\/\/copolad.eu\/es\/control-de-precursores-quimicos-de-drogas\/","title":{"rendered":"Control de precursores qu\u00edmicos de drogas"},"content":{"rendered":"<blockquote class=\"pullquote align-left\"><p>Una cadena integral de control, gesti\u00f3n y disposici\u00f3n final de los precursores<\/p><\/blockquote>\n<p><a class=\"btn btn-danger\" href=\"https:\/\/copolad.eu\/wp-content\/uploads\/2024\/09\/COPOLAD_Ficha_Precursores_Mayo_2024.pdf\" target=\"_blank\" rel=\"noopener\">CONTROL DE PRECURSORES QU\u00cdMICOS DE DROGAS<\/a><\/p>\n<p>A ra\u00edz de la Convenci\u00f3n de las NN.UU. contra el Tr\u00e1fico Il\u00edcito de Estupefacientes y Sustancias Sicotr\u00f3picas (1988), la mayor\u00eda de los pa\u00edses de ALC ha realizado esfuerzos de desarrollo normativo para el control de sustancias que se desv\u00edan a la producci\u00f3n il\u00edcita de drogas. En este contexto, los programas de cooperaci\u00f3n de la Oficina de las Naciones Unidas contra la Droga y el Delito (ONODC) y de la UE -entre los que se encuentran las fases previas de COPOLAD- han contribuido a fortalecer los sistemas de control y fiscalizaci\u00f3n de precursores en los pa\u00edses de ALC.<\/p>\n<p>La reglamentaci\u00f3n vigente se ha basado, no obstante, en estrategias de interdicci\u00f3n y control del tr\u00e1fico de precursores, as\u00ed como en preservar el mercado l\u00edcito<b>, pero no suele abordar la gesti\u00f3n segura y deposici\u00f3n final de sustancias qu\u00edmicas con garant\u00edas ambientales.<\/b> Adem\u00e1s, <b>se identifican \u00e1reas de mejora en la estructura de los \u00f3rganos de control, as\u00ed como en la eficacia de los procesos de autorizaci\u00f3n e inspecci\u00f3n<\/b>. Esta l\u00ednea de acci\u00f3n promueve la mejora de los sistemas de gesti\u00f3n y disposici\u00f3n final de precursores, desarrollo normativo y fortalecimiento del intercambio de informaci\u00f3n entre los pa\u00edses.<\/p>\n<p><b>1 SOCIO ejecutor:<\/b> <a href=\"https:\/\/www.fiiapp.org\/\">FIIAPP<\/a> (Fundaci\u00f3n Internacional y para Iberoam\u00e9rica de Administraci\u00f3n y Pol\u00edticas P\u00fablicas)<\/p>\n<p><b>1 SOCIO t\u00e9cnico:<\/b> <a href=\"https:\/\/www.defensa.gob.es\/defensa_yo\/glosario\/C\/CITCO.html\">CITCO<\/a> (Centro de Inteligencia contra el Terrorismo y el Crimen)<\/p>\n","protected":false},"excerpt":{"rendered":"<p>Una cadena integral de control, gesti\u00f3n y disposici\u00f3n final de los precursores CONTROL DE PRECURSORES QU\u00cdMICOS DE DROGAS A ra\u00edz de la Convenci\u00f3n de las NN.UU. contra el Tr\u00e1fico Il\u00edcito de Estupefacientes y Sustancias Sicotr\u00f3picas (1988), la mayor\u00eda de los pa\u00edses de ALC ha realizado esfuerzos de desarrollo normativo para el control de sustancias que [&hellip;]<\/p>\n","protected":false},"author":9,"featured_media":11147,"parent":0,"menu_order":0,"comment_status":"closed","ping_status":"closed","template":"","meta":{"courseId":0,"jnews_page_loop":{"enable_page_loop":"0","first_title":"Latest Post","second_title":"","header_type":"heading_6","header_background":"","header_text_color":"","layout":"right-sidebar","sidebar":"default-sidebar","second_sidebar":"default-sidebar","sticky_sidebar":"1","module":"3","boxed":"0","boxed_shadow":"0","box_shadow":"0","excerpt_length":"20","content_date":"default","date_custom":"Y\/m\/d","content_pagination":"nav_1","pagination_align":"center","show_navtext":"0","show_pageinfo":"0","post_offset":"0","posts_per_page":"5","include_post":"","exclude_post":"","include_category":"","exclude_category":"","include_author":"","include_tag":"","exclude_tag":"","sort_by":"latest","post_sticky":"0"},"jnews_single_page":{"layout":"no-sidebar","sidebar":"default-sidebar","second_sidebar":"default-sidebar","sticky_sidebar":"1","show_post_featured":"1","show_post_meta":"0","share_position":"top","share_color":"share-monocrhome","show_post_title":"1","show_post_breadcrumbs":"1"},"jnews_social_meta":{"fb_title":"","fb_description":"","fb_image":"","twitter_title":"","twitter_description":"","twitter_image":""},"footnotes":""},"class_list":["post-11041","page","type-page","status-publish","has-post-thumbnail","hentry"],"acf":[],"_links":{"self":[{"href":"https:\/\/copolad.eu\/es\/wp-json\/wp\/v2\/pages\/11041"}],"collection":[{"href":"https:\/\/copolad.eu\/es\/wp-json\/wp\/v2\/pages"}],"about":[{"href":"https:\/\/copolad.eu\/es\/wp-json\/wp\/v2\/types\/page"}],"author":[{"embeddable":true,"href":"https:\/\/copolad.eu\/es\/wp-json\/wp\/v2\/users\/9"}],"replies":[{"embeddable":true,"href":"https:\/\/copolad.eu\/es\/wp-json\/wp\/v2\/comments?post=11041"}],"version-history":[{"count":3,"href":"https:\/\/copolad.eu\/es\/wp-json\/wp\/v2\/pages\/11041\/revisions"}],"predecessor-version":[{"id":11495,"href":"https:\/\/copolad.eu\/es\/wp-json\/wp\/v2\/pages\/11041\/revisions\/11495"}],"wp:featuredmedia":[{"embeddable":true,"href":"https:\/\/copolad.eu\/es\/wp-json\/wp\/v2\/media\/11147"}],"wp:attachment":[{"href":"https:\/\/copolad.eu\/es\/wp-json\/wp\/v2\/media?parent=11041"}],"curies":[{"name":"wp","href":"https:\/\/api.w.org\/{rel}","templated":true}]}}