{"id":11043,"date":"2024-07-12T13:10:28","date_gmt":"2024-07-12T11:10:28","guid":{"rendered":"https:\/\/copolad.eu\/?page_id=11043"},"modified":"2024-09-19T15:23:50","modified_gmt":"2024-09-19T13:23:50","slug":"dialogo-ue-celac-en-politicas-de-drogas","status":"publish","type":"page","link":"https:\/\/copolad.eu\/es\/dialogo-ue-celac-en-politicas-de-drogas\/","title":{"rendered":"Di\u00e1logo UE-CELAC en pol\u00edticas de drogas"},"content":{"rendered":"<blockquote class=\"pullquote align-left\"><p>Puentes t\u00e9cnicos y pol\u00edticos ante un desaf\u00edo com\u00fan<\/p><\/blockquote>\n<p><b><a class=\"btn btn-danger\" href=\"https:\/\/copolad.eu\/wp-content\/uploads\/2024\/09\/COPOLAD_Ficha_Tema%E2%95%A0utica_Dialogo_BiRegional_CELAC_UE_Politicas_Drogas_MAYO_2024.pdf\">Di\u00e1logo UE-CELAC en pol\u00edticas de drogas<\/a> <\/b><\/p>\n<p>Creado entre 1994 y 1998,<b> el Mecanismo de Coordinaci\u00f3n y Cooperaci\u00f3n en materia de Drogas UE-CELAC constituye un espacio institucionalizado de di\u00e1logo bi-regional, conformado por 33 pa\u00edses de la CELAC y 27 pa\u00edses de la UE<\/b>. Se basa en el principio de responsabilidad com\u00fan y compartida. Su funcionamiento comprende copresidencias europea y latinoamericana de car\u00e1cter rotatorio, la celebraci\u00f3n anual de Reuniones de Alto Nivel (RAN) y Comit\u00e9s T\u00e9cnicos de car\u00e1cter semestral, as\u00ed como Declaraciones Pol\u00edticas conjuntas cada cinco a\u00f1os.<\/p>\n<p>Desde sus inicios, COPOLAD III desarrolla un acompa\u00f1amiento t\u00e9cnico al Mecanismo, en coordinaci\u00f3n permanente con el Consejo de la UE, la Comisi\u00f3n Europea (DG INTPA, DG Home), el Servicio Europeo de Acci\u00f3n Exterior (SEAE), las Misiones Diplom\u00e1ticas de la CELAC en Bruselas y otros actores clave. Ese posicionamiento favorece la alineaci\u00f3n de las acciones del Programa con los compromisos pol\u00edticos birregionales de alto nivel en materia de drogas.<\/p>\n<p>COPOLAD III est\u00e1 orientada<b> a apoyar los retos a los que se enfrenta el Mecanismo para cumplir su funci\u00f3n como espacio t\u00e9cnico-pol\u00edtico de discusi\u00f3n<\/b>. El programa contribuye a facilitar la participaci\u00f3n de los pa\u00edses de la CELAC especialmente, y realiza acciones de difusi\u00f3n y comunicaci\u00f3n externa del Mecanismo. <b>Asimismo, los informes t\u00e9cnicos elaborados por COPOLAD III aportan insumos t\u00e9cnicos para el debate del Mecanismo.<\/b><\/p>\n<p align=\"center\"><span style=\"font-size: 12px; background-color: #bfe6ff;\"> <a class=\"btn btn-primary\" href=\"https:\/\/data.consilium.europa.eu\/doc\/document\/ST-6914-2024-INIT\/es\/pdf\">Declaraci\u00f3n de la Paz<\/a><\/span><\/p>\n<p>1 Socio ejecutor:<\/p>\n<p><a href=\"https:\/\/www.fiiapp.org\/\"> FIIAPP (Fundaci\u00f3n Internacional y para Iberoam\u00e9rica de Administraciones P\u00fablicas)<\/a><\/p>\n","protected":false},"excerpt":{"rendered":"<p>Puentes t\u00e9cnicos y pol\u00edticos ante un desaf\u00edo com\u00fan Di\u00e1logo UE-CELAC en pol\u00edticas de drogas Creado entre 1994 y 1998, el Mecanismo de Coordinaci\u00f3n y Cooperaci\u00f3n en materia de Drogas UE-CELAC constituye un espacio institucionalizado de di\u00e1logo bi-regional, conformado por 33 pa\u00edses de la CELAC y 27 pa\u00edses de la UE. Se basa en el principio [&hellip;]<\/p>\n","protected":false},"author":9,"featured_media":11024,"parent":0,"menu_order":0,"comment_status":"closed","ping_status":"closed","template":"","meta":{"courseId":0,"jnews_page_loop":{"enable_page_loop":"0","first_title":"Latest Post","second_title":"","header_type":"heading_6","header_background":"","header_text_color":"","layout":"right-sidebar","sidebar":"default-sidebar","second_sidebar":"default-sidebar","sticky_sidebar":"1","module":"3","boxed":"0","boxed_shadow":"0","box_shadow":"0","excerpt_length":"20","content_date":"default","date_custom":"Y\/m\/d","content_pagination":"nav_1","pagination_align":"center","show_navtext":"0","show_pageinfo":"0","post_offset":"0","posts_per_page":"5","include_post":"","exclude_post":"","include_category":"","exclude_category":"","include_author":"","include_tag":"","exclude_tag":"","sort_by":"latest"},"jnews_single_page":{"layout":"no-sidebar","sidebar":"default-sidebar","second_sidebar":"default-sidebar","sticky_sidebar":"1","show_post_featured":"1","show_post_meta":"0","share_position":"top","share_color":"share-monocrhome"},"jnews_social_meta":{"fb_title":"","fb_description":"","fb_image":"","twitter_title":"","twitter_description":"","twitter_image":""},"footnotes":""},"class_list":["post-11043","page","type-page","status-publish","has-post-thumbnail","hentry"],"acf":[],"_links":{"self":[{"href":"https:\/\/copolad.eu\/es\/wp-json\/wp\/v2\/pages\/11043"}],"collection":[{"href":"https:\/\/copolad.eu\/es\/wp-json\/wp\/v2\/pages"}],"about":[{"href":"https:\/\/copolad.eu\/es\/wp-json\/wp\/v2\/types\/page"}],"author":[{"embeddable":true,"href":"https:\/\/copolad.eu\/es\/wp-json\/wp\/v2\/users\/9"}],"replies":[{"embeddable":true,"href":"https:\/\/copolad.eu\/es\/wp-json\/wp\/v2\/comments?post=11043"}],"version-history":[{"count":4,"href":"https:\/\/copolad.eu\/es\/wp-json\/wp\/v2\/pages\/11043\/revisions"}],"predecessor-version":[{"id":11498,"href":"https:\/\/copolad.eu\/es\/wp-json\/wp\/v2\/pages\/11043\/revisions\/11498"}],"wp:featuredmedia":[{"embeddable":true,"href":"https:\/\/copolad.eu\/es\/wp-json\/wp\/v2\/media\/11024"}],"wp:attachment":[{"href":"https:\/\/copolad.eu\/es\/wp-json\/wp\/v2\/media?parent=11043"}],"curies":[{"name":"wp","href":"https:\/\/api.w.org\/{rel}","templated":true}]}}