{"id":11045,"date":"2024-07-12T13:13:04","date_gmt":"2024-07-12T11:13:04","guid":{"rendered":"https:\/\/copolad.eu\/?page_id=11045"},"modified":"2024-09-19T15:24:46","modified_gmt":"2024-09-19T13:24:46","slug":"mujeres-y-drogas","status":"publish","type":"page","link":"https:\/\/copolad.eu\/es\/mujeres-y-drogas\/","title":{"rendered":"Mujeres y Drogas"},"content":{"rendered":"<div class=\"wpb-content-wrapper\"><p>[vc_row][vc_column][vc_column_text]<\/p>\n<blockquote class=\"pullquote align-left\"><p>\u00a0La igualdad de g\u00e9nero en el coraz\u00f3n de las pol\u00edticas de drogas<\/p><\/blockquote>\n<p><b><a class=\"btn btn-danger\" href=\"https:\/\/copolad.eu\/wp-content\/uploads\/2024\/09\/COPOLAD_Ficha_Tema%E2%95%A0utica_Genero_MUJERES_y_DROGAS_Mayo_2024.pdf\">Mujeres y drogas<\/a> <\/b><\/p>\n<p><b>Las din\u00e1micas que generan las drogas en la sociedad generan vulnerabilidades espec\u00edficas en las mujeres<\/b>. Las pol\u00edticas de drogas, que han adolecido tradicionalmente de un sesgo de g\u00e9nero, no han permitido afrontar las barreras de acceso que experimentan las mujeres en los servicios de prevenci\u00f3n, atenci\u00f3n integral y los condicionantes estructurales que limitan las posibilidades de desarrollo econ\u00f3mico.<\/p>\n<p>Adem\u00e1s, las mujeres se ven m\u00e1s <b>afectadas por la limitada cobertura y\/o desarticulaci\u00f3n de los dispositivos de atenci\u00f3n en los territorios m\u00e1s vulnerables.<\/b> En estos contextos, las mujeres pobres, migrantes o de diversidad sexual sufren procesos de estigmatizaci\u00f3n y discriminaci\u00f3n m\u00faltiple. En el eslab\u00f3n del tr\u00e1fico, el v\u00ednculo perverso entre la trata y el narcotr\u00e1fico, as\u00ed como las condenas por delitos menores de microtr\u00e1fico que carecen de proporcionalidad, son fen\u00f3menos que afectan de forma particular a las mujeres.<\/p>\n<p><b>A nivel REGIONAL,<\/b> el programa elabora informes y gu\u00edas metodol\u00f3gicas as\u00ed como formaciones con perspectiva de g\u00e9nero. <b>En lo que respecta a la articulaci\u00f3n con redes regionales,<\/b> el programa apoya a la Conferencia de ministros\/as de Justicia de Iberoam\u00e9rica (COMJIB) y a la Asociaci\u00f3n Interamericana de Defensor\u00edas P\u00fablicas (AIDEF) en la creaci\u00f3n de instrumentos y est\u00e1ndares de alternatividad y proporcionalidad, en consonancia con el enfoque derechos humanos y g\u00e9nero. el El objetivo es contribuir a una justicia de g\u00e9nero, aportando indicadores de vulnerabilidad en los delitos menores o protocolos que puedan encontrar a v\u00edctimas de trata en los delitos de narcotr\u00e1fico.<\/p>\n<p><b>A nivel NACIONAL,<\/b> COPOLAD III ha contribuido a promover <b>la inclusi\u00f3n del enfoque de g\u00e9nero en 8 Observatorios Nacionales de Drogas<\/b> (OND) a trav\u00e9s de protocolos de investigaci\u00f3n, <b>mejora de cuestionarios y revisi\u00f3n de categor\u00edas sexo-gen\u00e9ricas para el registro y an\u00e1lisis de datos.<\/b> COPOLAD III, junto con los pa\u00edses de la regi\u00f3n, ha trabajado en el an\u00e1lisis del estigma como fen\u00f3meno social que afecta a las mujeres que consumen drogas. Adem\u00e1s, se realizan formaciones que tienen incorporadas el enfoque de g\u00e9nero para el tratamiento del consumo problem\u00e1tico y tengan en cuenta las capacidades de las mujeres y sus especificidades.<\/p>\n<p><b>4 SOCIOS ejecutores:<\/b><\/p>\n<p><a href=\"http:\/\/A nivel REGIONAL, el programa apoya a la Conferencia de ministros\/as de Justicia de Iberoam\u00e9rica (COMJIB) y a la Asociaci\u00f3n Interamericana de Defensor\u00edas P\u00fablicas (AIDEF) en la creaci\u00f3n de instrumentos y est\u00e1ndares de alternatividad y proporcionalidad, en consonancia con el enfoque derechos humanos y g\u00e9nero.\">FIAAPP<\/a> (Fundaci\u00f3n Internacional y para Iberoam\u00e9rica de Administraci\u00f3n y Pol\u00edticas P\u00fablicas)<\/p>\n<p><a href=\"https:\/\/iila.org\/es\/\"> IILA <\/a>(Organizaci\u00f3n Italo-Latinoamericana)<\/p>\n<p><a href=\"https:\/\/www.giz.de\/en\/html\/index.html\">GIZ<\/a> (Cooperaci\u00f3n T\u00e9cnica Alemana)<\/p>\n<p><a href=\"https:\/\/www.euda.europa.eu\/index_en\">EUDA<\/a> (Agencia Europea de Drogas)[\/vc_column_text][\/vc_column][\/vc_row]<\/p>\n<\/div>","protected":false},"excerpt":{"rendered":"<p>[vc_row][vc_column][vc_column_text] \u00a0La igualdad de g\u00e9nero en el coraz\u00f3n de las pol\u00edticas de drogas Mujeres y drogas Las din\u00e1micas que generan las drogas en la sociedad generan vulnerabilidades espec\u00edficas en las mujeres. Las pol\u00edticas de drogas, que han adolecido tradicionalmente de un sesgo de g\u00e9nero, no han permitido afrontar las barreras de acceso que experimentan las [&hellip;]<\/p>\n","protected":false},"author":9,"featured_media":11197,"parent":0,"menu_order":0,"comment_status":"closed","ping_status":"closed","template":"","meta":{"courseId":0,"jnews_page_loop":{"enable_page_loop":"0","first_title":"Latest Post","second_title":"","header_type":"heading_6","header_background":"","header_text_color":"","layout":"right-sidebar","sidebar":"default-sidebar","second_sidebar":"default-sidebar","sticky_sidebar":"1","module":"3","boxed":"0","boxed_shadow":"0","box_shadow":"0","excerpt_length":"20","content_date":"default","date_custom":"Y\/m\/d","content_pagination":"nav_1","pagination_align":"center","show_navtext":"0","show_pageinfo":"0","post_offset":"0","posts_per_page":"5","include_post":"","exclude_post":"","include_category":"","exclude_category":"","include_author":"","include_tag":"","exclude_tag":"","sort_by":"latest"},"jnews_single_page":{"layout":"no-sidebar","sidebar":"default-sidebar","second_sidebar":"default-sidebar","sticky_sidebar":"1","show_post_featured":"1","show_post_meta":"0","share_position":"top","share_color":"share-monocrhome"},"jnews_social_meta":{"fb_title":"","fb_description":"","fb_image":"","twitter_title":"","twitter_description":"","twitter_image":""},"footnotes":""},"class_list":["post-11045","page","type-page","status-publish","has-post-thumbnail","hentry"],"acf":[],"_links":{"self":[{"href":"https:\/\/copolad.eu\/es\/wp-json\/wp\/v2\/pages\/11045"}],"collection":[{"href":"https:\/\/copolad.eu\/es\/wp-json\/wp\/v2\/pages"}],"about":[{"href":"https:\/\/copolad.eu\/es\/wp-json\/wp\/v2\/types\/page"}],"author":[{"embeddable":true,"href":"https:\/\/copolad.eu\/es\/wp-json\/wp\/v2\/users\/9"}],"replies":[{"embeddable":true,"href":"https:\/\/copolad.eu\/es\/wp-json\/wp\/v2\/comments?post=11045"}],"version-history":[{"count":8,"href":"https:\/\/copolad.eu\/es\/wp-json\/wp\/v2\/pages\/11045\/revisions"}],"predecessor-version":[{"id":11499,"href":"https:\/\/copolad.eu\/es\/wp-json\/wp\/v2\/pages\/11045\/revisions\/11499"}],"wp:featuredmedia":[{"embeddable":true,"href":"https:\/\/copolad.eu\/es\/wp-json\/wp\/v2\/media\/11197"}],"wp:attachment":[{"href":"https:\/\/copolad.eu\/es\/wp-json\/wp\/v2\/media?parent=11045"}],"curies":[{"name":"wp","href":"https:\/\/api.w.org\/{rel}","templated":true}]}}