{"id":11048,"date":"2024-07-12T13:16:51","date_gmt":"2024-07-12T11:16:51","guid":{"rendered":"https:\/\/copolad.eu\/?page_id=11048"},"modified":"2024-09-19T15:26:06","modified_gmt":"2024-09-19T13:26:06","slug":"innovacion-en-politicas-de-drogas","status":"publish","type":"page","link":"https:\/\/copolad.eu\/es\/innovacion-en-politicas-de-drogas\/","title":{"rendered":"Innovaci\u00f3n en pol\u00edticas de drogas"},"content":{"rendered":"<blockquote class=\"pullquote align-left\"><p>Una apuesta para mejorar la eficacia y sostenibilidad de sus efectos<\/p><\/blockquote>\n<p><b><a class=\"btn btn-danger\" href=\"https:\/\/copolad.eu\/wp-content\/uploads\/2024\/09\/COPOLAD_Ficha_Tema%E2%95%A0utica_Innovacion_POLITICAS_DE_DROGAS_INNOVADOR_Mayo_2024.pdf\">Innovaci\u00f3n en pol\u00edticas de drogas<\/a><\/b><\/p>\n<p>La din\u00e1mica de las drogas obedece a fen\u00f3menos crecientemente complejos a lo largo de toda la cadena, incluyendo desde los cultivos il\u00edcitos, la aparici\u00f3n de nuevas drogas y sustancias psicoactivas, el lavado de activos que sostienen el narcotr\u00e1fico, hasta los efectos y afectaciones del consumo problem\u00e1tico y el impacto del encarcelamiento por delitos menores de drogas.<\/p>\n<p>En este contexto, el conocimiento debe estar en la base de la formulaci\u00f3n de pol\u00edticas eficaces y sostenibles en materia de drogas. Sin embargo,<b> contar con evidencias emp\u00edricas se revela una condici\u00f3n necesaria pero no suficiente para el dise\u00f1o e implementaci\u00f3n de las pol\u00edticas.<\/b> La innovaci\u00f3n se revela un catalizador para construir dispositivos multinivel y multiactor que respondan a los intereses y necesidades del conjunto de actores implicados.<\/p>\n<p>Los programas regionales como COPOLAD III proporcionan un espacio propicio para la generaci\u00f3n de conocimiento, al permitir un abanico de modalidades de innovaci\u00f3n con diferente grado de experimentaci\u00f3n. En concreto, el programa promueve estudios con enfoques innovadores, intercambio de experiencias y visitas de estudios, acciones piloto a nivel nacional y regional, laboratorios de innovaci\u00f3n, as\u00ed como una comunidad multipa\u00eds de aprendizaje. Pero tambi\u00e9n implementa espacios y procesos de innovaci\u00f3n que ponen en com\u00fan a actores que actualmente no est\u00e1n conectados en la definici\u00f3n de las pol\u00edticas. Esto incrementa en enfoque integral que tiene el programa conectando a fuerzas policiales, judiciales, sociales, sanitarias, econ\u00f3micas o educativas que crean prototipos escalables que afrontan los principales problemas que afronta la ciudadan\u00eda en relaci\u00f3n a las drogas. <b>Actualmente est\u00e1n en marcha los laboratorios de innovaci\u00f3n en pol\u00edticas p\u00fablicas de Chile, Colombia, Per\u00fa y Uruguay.<\/b><\/p>\n<p><b>4 SOCIOS ejecutores<\/b>:<\/p>\n<p><a href=\"http:\/\/a%20nivel%20regional,%20el%20programa%20apoya%20a%20la%20conferencia%20de%20ministros\/as%20de%20Justicia%20de%20Iberoam%C3%A9rica%20(COMJIB)%20y%20a%20la%20Asociaci%C3%B3n%20Interamericana%20de%20Defensor%C3%ADas%20P%C3%BAblicas%20(AIDEF)%20en%20la%20creaci%C3%B3n%20de%20instrumentos%20y%20est%C3%A1ndares%20de%20alternatividad%20y%20proporcionalidad,%20en%20consonancia%20con%20el%20enfoque%20derechos%20humanos%20y%20g%C3%A9nero.\">FIAAPP<\/a>\u00a0(Fundaci\u00f3n Internacional y para Iberoam\u00e9rica de Administraci\u00f3n y Pol\u00edticas P\u00fablicas)<\/p>\n<p><a href=\"https:\/\/iila.org\/es\/\">IILA\u00a0<\/a>(Organizaci\u00f3n Italo-Latinoamericana)<\/p>\n<p><a href=\"https:\/\/www.giz.de\/en\/html\/index.html\">GIZ<\/a>\u00a0(Cooperaci\u00f3n T\u00e9cnica Alemana)<\/p>\n<p><a href=\"https:\/\/www.euda.europa.eu\/index_en\">EUDA<\/a>\u00a0(Agencia Europea de Drogas)<\/p>\n","protected":false},"excerpt":{"rendered":"<p>Una apuesta para mejorar la eficacia y sostenibilidad de sus efectos Innovaci\u00f3n en pol\u00edticas de drogas La din\u00e1mica de las drogas obedece a fen\u00f3menos crecientemente complejos a lo largo de toda la cadena, incluyendo desde los cultivos il\u00edcitos, la aparici\u00f3n de nuevas drogas y sustancias psicoactivas, el lavado de activos que sostienen el narcotr\u00e1fico, hasta [&hellip;]<\/p>\n","protected":false},"author":9,"featured_media":11199,"parent":0,"menu_order":0,"comment_status":"closed","ping_status":"closed","template":"","meta":{"courseId":0,"jnews_page_loop":{"enable_page_loop":"0","first_title":"Latest Post","second_title":"","header_type":"heading_6","header_background":"","header_text_color":"","layout":"right-sidebar","sidebar":"default-sidebar","second_sidebar":"default-sidebar","sticky_sidebar":"1","module":"3","boxed":"0","boxed_shadow":"0","box_shadow":"0","excerpt_length":"20","content_date":"default","date_custom":"Y\/m\/d","content_pagination":"nav_1","pagination_align":"center","show_navtext":"0","show_pageinfo":"0","post_offset":"0","posts_per_page":"5","include_post":"","exclude_post":"","include_category":"","exclude_category":"","include_author":"","include_tag":"","exclude_tag":"","sort_by":"latest"},"jnews_single_page":{"layout":"no-sidebar","sidebar":"default-sidebar","second_sidebar":"default-sidebar","sticky_sidebar":"1","show_post_featured":"1","show_post_meta":"0","share_position":"top","share_color":"share-monocrhome"},"jnews_social_meta":{"fb_title":"","fb_description":"","fb_image":"","twitter_title":"","twitter_description":"","twitter_image":""},"footnotes":""},"class_list":["post-11048","page","type-page","status-publish","has-post-thumbnail","hentry"],"acf":[],"_links":{"self":[{"href":"https:\/\/copolad.eu\/es\/wp-json\/wp\/v2\/pages\/11048"}],"collection":[{"href":"https:\/\/copolad.eu\/es\/wp-json\/wp\/v2\/pages"}],"about":[{"href":"https:\/\/copolad.eu\/es\/wp-json\/wp\/v2\/types\/page"}],"author":[{"embeddable":true,"href":"https:\/\/copolad.eu\/es\/wp-json\/wp\/v2\/users\/9"}],"replies":[{"embeddable":true,"href":"https:\/\/copolad.eu\/es\/wp-json\/wp\/v2\/comments?post=11048"}],"version-history":[{"count":4,"href":"https:\/\/copolad.eu\/es\/wp-json\/wp\/v2\/pages\/11048\/revisions"}],"predecessor-version":[{"id":11501,"href":"https:\/\/copolad.eu\/es\/wp-json\/wp\/v2\/pages\/11048\/revisions\/11501"}],"wp:featuredmedia":[{"embeddable":true,"href":"https:\/\/copolad.eu\/es\/wp-json\/wp\/v2\/media\/11199"}],"wp:attachment":[{"href":"https:\/\/copolad.eu\/es\/wp-json\/wp\/v2\/media?parent=11048"}],"curies":[{"name":"wp","href":"https:\/\/api.w.org\/{rel}","templated":true}]}}