{"id":2701,"date":"2021-12-01T07:31:19","date_gmt":"2021-12-01T07:31:19","guid":{"rendered":"https:\/\/copolad.ole.agency\/?page_id=2701"},"modified":"2025-06-23T14:59:56","modified_gmt":"2025-06-23T12:59:56","slug":"que-es-copolad","status":"publish","type":"page","link":"https:\/\/copolad.eu\/es\/que-es-copolad\/","title":{"rendered":"Qu\u00e9 es Copolad"},"content":{"rendered":"<div class=\"wpb-content-wrapper\"><p>[vc_row][vc_column][vc_empty_space height=\u00bb10px\u00bb][\/vc_column][\/vc_row][vc_row vc_row_background=\u00bb\u00bb el_class=\u00bb.jeg_sidebar_left\u00bb][vc_column width=\u00bb2\/3&#8243;][vc_custom_heading text=\u00bbQu\u00e9 es Copolad\u00bb font_container=\u00bbtag:h1|font_size:48px|text_align:left|color:%23000000|line_height:72px\u00bb google_fonts=\u00bbfont_family:Open%20Sans%3A300%2C300italic%2Cregular%2Citalic%2C600%2C600italic%2C700%2C700italic%2C800%2C800italic|font_style:700%20bold%20regular%3A700%3Anormal\u00bb css=\u00bb.vc_custom_1638350561187{margin-top: 0px !important;}\u00bb][vc_single_image image=\u00bb10100&#8243; img_size=\u00bblarge\u00bb css=\u00bb\u00bb][vc_column_text css=\u00bb\u00bb]COPOLAD es un programa de cooperaci\u00f3n delegada financiado por la Uni\u00f3n Europea dotado con un presupuesto de <strong>15 millones de euros<\/strong> y un plazo de ejecuci\u00f3n de <strong>4 a\u00f1os desde febrero de 2021.<\/strong><\/p>\n<p>En el marco de los principios en los que se basa la nueva estrategia de la UE en materia de drogas, el programa acompa\u00f1ar\u00e1 a los pa\u00edses de Am\u00e9rica Latina y el Caribe en la mejora de sus pol\u00edticas sobre drogas. El objetivo es apoyar a la consecuci\u00f3n de mejores resultados en relaci\u00f3n con la promoci\u00f3n y defensa de los <strong>derechos humanos, la equidad de g\u00e9nero, la salud p\u00fablica, la seguridad ciudadana y otras dimensiones del desarrollo sostenible<\/strong>. Estos aspectos son cruciales y urgentes a la hora de abordar los retos que la crisis sanitaria, econ\u00f3mica y social provocada por la COVID-19, est\u00e1 generando en la regi\u00f3n.<\/p>\n<p><span style=\"font-weight: 400;\">En 2021 comenz\u00f3 la tercera edici\u00f3n liderada por la Fundaci\u00f3n para la Internacionalizaci\u00f3n de la Administraci\u00f3n P\u00fablica de Espa\u00f1a\u00a0 (FIAP), en consorcio con la Organizaci\u00f3n Internacional \u00cdtalo-latinoamericana (IILA), y en coordinaci\u00f3n, con Die Deutsche Gesellschaft f\u00fcr Internationale Zusammenarbeit (GIZ) GmbH y la Agencia Europea de Drogas. <\/span><\/p>\n<p>Partiendo de los avances realizados en las etapas anteriores, COPOLAD III seguir\u00e1 promoviendo\u00a0<strong>la cooperaci\u00f3n t\u00e9cnica, as\u00ed como el di\u00e1logo pol\u00edtico<\/strong>\u00a0entre Am\u00e9rica Latina, el Caribe y la UE, para apoyar a la regi\u00f3n en la implementaci\u00f3n de pol\u00edticas de drogas m\u00e1s eficaces y con resultados que mejoren sustancialmente la vida de las personas y, especialmente, de las m\u00e1s vulnerables.<\/p>\n<p>COPOLAD III combina los espacios de colaboraci\u00f3n birregional y multi-pa\u00eds, con intervenciones directas de asistencia t\u00e9cnica para atender necesidades a nivel nacional y dar impulso a intervenciones transformadoras e innovadoras,\u00a0<strong>movilizando expertise p<\/strong><strong>\u00fa<\/strong><strong>blico<\/strong><strong> europeo y de la regi\u00f3n latinoamericana y caribe\u00f1a<\/strong>, en esquemas de cooperaci\u00f3n bilateral, triangular y Sur-Sur.<\/p>\n<p><a href=\"https:\/\/copolad.eu\/wp-content\/uploads\/2023\/04\/Manual_Identidad_Visual_COPOLAD_29_Noviembre.pdf\">Manual_Identidad_Visual_COPOLAD_29_Noviembre<\/a>[\/vc_column_text][\/vc_column][vc_column width=\u00bb1\/3&#8243; sticky_sidebar=\u00bbyes\u00bb set_as_sidebar=\u00bbyes\u00bb][vc_wp_custommenu nav_menu=\u00bb32&#8243; el_class=\u00bbtab-style\u00bb][\/vc_column][\/vc_row]<\/p>\n<\/div>","protected":false},"excerpt":{"rendered":"<p>[vc_row][vc_column][vc_empty_space height=\u00bb10px\u00bb][\/vc_column][\/vc_row][vc_row vc_row_background=\u00bb\u00bb el_class=\u00bb.jeg_sidebar_left\u00bb][vc_column width=\u00bb2\/3&#8243;][vc_custom_heading text=\u00bbQu\u00e9 es Copolad\u00bb font_container=\u00bbtag:h1|font_size:48px|text_align:left|color:%23000000|line_height:72px\u00bb google_fonts=\u00bbfont_family:Open%20Sans%3A300%2C300italic%2Cregular%2Citalic%2C600%2C600italic%2C700%2C700italic%2C800%2C800italic|font_style:700%20bold%20regular%3A700%3Anormal\u00bb css=\u00bb.vc_custom_1638350561187{margin-top: 0px !important;}\u00bb][vc_single_image image=\u00bb10100&#8243; img_size=\u00bblarge\u00bb css=\u00bb\u00bb][vc_column_text css=\u00bb\u00bb]COPOLAD es un programa de cooperaci\u00f3n delegada financiado por la Uni\u00f3n Europea dotado con un presupuesto de 15 millones de euros y un plazo de ejecuci\u00f3n de 4 a\u00f1os desde febrero de 2021. En el marco de los principios [&hellip;]<\/p>\n","protected":false},"author":9,"featured_media":0,"parent":0,"menu_order":0,"comment_status":"closed","ping_status":"closed","template":"","meta":{"courseId":0,"jnews_page_loop":{"enable_page_loop":"0","first_title":"Latest Post","second_title":"","header_type":"heading_6","header_background":"","header_text_color":"","layout":"right-sidebar","sidebar":"default-sidebar","second_sidebar":"default-sidebar","sticky_sidebar":"1","module":"3","boxed":"0","boxed_shadow":"0","box_shadow":"0","excerpt_length":"20","content_date":"default","date_custom":"Y\/m\/d","content_pagination":"nav_1","pagination_align":"center","show_navtext":"0","show_pageinfo":"0","post_offset":"0","posts_per_page":"5","include_post":"","exclude_post":"","include_category":"","exclude_category":"","include_author":"","include_tag":"","exclude_tag":"","sort_by":"latest","post_sticky":"0"},"jnews_single_page":{"layout":"no-sidebar","sidebar":"default-sidebar","second_sidebar":"default-sidebar","sticky_sidebar":"1","show_post_featured":"0","show_post_meta":"0","share_position":"hide","share_color":"share-monocrhome","show_post_title":"1","show_post_breadcrumbs":"1"},"jnews_social_meta":{"fb_title":"","fb_description":"","fb_image":"","twitter_title":"","twitter_description":"","twitter_image":""},"footnotes":""},"class_list":["post-2701","page","type-page","status-publish","hentry"],"acf":[],"_links":{"self":[{"href":"https:\/\/copolad.eu\/es\/wp-json\/wp\/v2\/pages\/2701"}],"collection":[{"href":"https:\/\/copolad.eu\/es\/wp-json\/wp\/v2\/pages"}],"about":[{"href":"https:\/\/copolad.eu\/es\/wp-json\/wp\/v2\/types\/page"}],"author":[{"embeddable":true,"href":"https:\/\/copolad.eu\/es\/wp-json\/wp\/v2\/users\/9"}],"replies":[{"embeddable":true,"href":"https:\/\/copolad.eu\/es\/wp-json\/wp\/v2\/comments?post=2701"}],"version-history":[{"count":4,"href":"https:\/\/copolad.eu\/es\/wp-json\/wp\/v2\/pages\/2701\/revisions"}],"predecessor-version":[{"id":14752,"href":"https:\/\/copolad.eu\/es\/wp-json\/wp\/v2\/pages\/2701\/revisions\/14752"}],"wp:attachment":[{"href":"https:\/\/copolad.eu\/es\/wp-json\/wp\/v2\/media?parent=2701"}],"curies":[{"name":"wp","href":"https:\/\/api.w.org\/{rel}","templated":true}]}}