{"id":2765,"date":"2021-12-01T10:59:42","date_gmt":"2021-12-01T10:59:42","guid":{"rendered":"https:\/\/copolad.ole.agency\/?page_id=2765"},"modified":"2024-05-09T12:29:49","modified_gmt":"2024-05-09T10:29:49","slug":"contexto","status":"publish","type":"page","link":"https:\/\/copolad.eu\/es\/contexto\/","title":{"rendered":"Contexto"},"content":{"rendered":"<div class=\"wpb-content-wrapper\"><p>[vc_row][vc_column][vc_empty_space height=\u00bb10px\u00bb][\/vc_column][\/vc_row][vc_row vc_row_background=\u00bb\u00bb el_class=\u00bb.jeg_sidebar_left\u00bb][vc_column width=\u00bb2\/3&#8243;][vc_custom_heading text=\u00bbContexto\u00bb font_container=\u00bbtag:h1|font_size:48px|text_align:left|color:%23000000|line_height:72px\u00bb google_fonts=\u00bbfont_family:Open%20Sans%3A300%2C300italic%2Cregular%2Citalic%2C600%2C600italic%2C700%2C700italic%2C800%2C800italic|font_style:700%20bold%20regular%3A700%3Anormal\u00bb css=\u00bb.vc_custom_1640851244872{margin-top: 0px !important;}\u00bb][vc_single_image image=\u00bb6075&#8243; img_size=\u00bblarge\u00bb][vc_column_text]<span style=\"color: #ef4136;\"><a style=\"color: #ef4136;\"><strong>36 millones de personas en todo el mundo sufrieron trastornos por consumo de drogas en el a\u00f1o 2020<\/strong>.<\/a><\/span>\u00a0 Adem\u00e1s, en los pr\u00f3ximos a\u00f1os, se prev\u00e9 que la cifra de las personas que consumen drogas se incremente un 11%. Es necesario que, a pesar de las contracciones presupuestarias, se dedique especial atenci\u00f3n a las vulnerabilidades relacionadas con el abuso de drogas.<\/p>\n<p>El mercado de drogas il\u00edcitas sigue <b>bajo el control de grupos criminales<\/b> y sigue siendo un enorme negocio cuyos incentivos afectan de manera significativa a muchos pa\u00edses, sus instituciones, sus econom\u00edas y sus din\u00e1micas sociales. Aunque la opacidad hace dif\u00edcil contar con datos contrastados, se calcula que ese sector mueve anualmente entre 426 y 652 mil millones de d\u00f3lares, lo que equivaldr\u00eda, en t\u00e9rminos de PIB, situarse a la altura de pa\u00edses como Suecia, ocupando <b>el lugar del pa\u00eds 21 del mundo.<\/b><\/p>\n<p>La resiliencia de los mercados de drogas il\u00edcitas durante la pandemia ha demostrado una vez m\u00e1s la capacidad de los traficantes para adaptarse r\u00e1pidamente a los cambios de contexto y circunstancias.<\/p>\n<p>Am\u00e9rica del Sur es el origen de la producci\u00f3n total de la hoja de coca, pasta base y clorhidrato de coca\u00edna en todo el mundo. La superficie total destinada al cultivo il\u00edcito de la planta de coca en Am\u00e9rica del Sur <a href=\"https:\/\/news.un.org\/es\/story\/2020\/02\/1470231\"><span style=\"color: #ef4136;\"><strong>creci\u00f3 de las 120.600 hect\u00e1reas en 2013 a un r\u00e9cord hist\u00f3rico de 245.000 en 2017<\/strong><\/span><\/a>, lo que equivale a <b>medio mill\u00f3n de campos de futbol solo en Sudam\u00e9rica.<\/b> Al igual que ocurre en el menudeo, o peque\u00f1o tr\u00e1fico de drogas urbano, es necesario tener en cuenta el contexto econ\u00f3mico y social: <b>muchos campesinos y campesinas pobres recurren a cultivos de drogas<\/b> como una herramienta para salir de la pobreza.<\/p>\n<p>Las intervenciones de pol\u00edtica p\u00fablica basadas exclusivamente en la interceptaci\u00f3n de drogas y el arresto y enjuiciamiento de los actores del mercado <b>il\u00edcito muestran sus l\u00edmites cuando no forman parte de una estrategia integral para combinar un trabajo de inteligencia s\u00f3lido, combinando medidas de seguridad ciudadana y desarrollo<\/b>, empleo digno, protecci\u00f3n social, respeto a la legalidad y confianza en las instituciones.<\/p>\n<p>Adem\u00e1s, las estructuras criminales actuales sobreviven a las operaciones de interdicci\u00f3n si sus ganancias no se ven directamente afectadas. Por lo tanto, <b>la identificaci\u00f3n y la incautaci\u00f3n de activos resultantes de actividades delictivas se vuelve fundamental para una estrategia eficaz de lucha contra el tr\u00e1fico de drogas.<\/b><\/p>\n<p>Asimismo, en numerosos casos, una legislaci\u00f3n de drogas marcadamente punitiva se ha convertido en un factor determinante en el <b>aumento de las tasas de encarcelamiento y<\/b>, a menudo, <b>hacinamiento y deterioro<\/b> significativo de las condiciones de vida en las c\u00e1rceles en los pa\u00edses de la regi\u00f3n.[\/vc_column_text][\/vc_column][vc_column width=\u00bb1\/3&#8243; sticky_sidebar=\u00bbyes\u00bb set_as_sidebar=\u00bbyes\u00bb][vc_wp_custommenu nav_menu=\u00bb32&#8243; el_class=\u00bbtab-style\u00bb][\/vc_column][\/vc_row]<\/p>\n<\/div>","protected":false},"excerpt":{"rendered":"<p>[vc_row][vc_column][vc_empty_space height=\u00bb10px\u00bb][\/vc_column][\/vc_row][vc_row vc_row_background=\u00bb\u00bb el_class=\u00bb.jeg_sidebar_left\u00bb][vc_column width=\u00bb2\/3&#8243;][vc_custom_heading text=\u00bbContexto\u00bb font_container=\u00bbtag:h1|font_size:48px|text_align:left|color:%23000000|line_height:72px\u00bb google_fonts=\u00bbfont_family:Open%20Sans%3A300%2C300italic%2Cregular%2Citalic%2C600%2C600italic%2C700%2C700italic%2C800%2C800italic|font_style:700%20bold%20regular%3A700%3Anormal\u00bb css=\u00bb.vc_custom_1640851244872{margin-top: 0px !important;}\u00bb][vc_single_image image=\u00bb6075&#8243; img_size=\u00bblarge\u00bb][vc_column_text]36 millones de personas en todo el mundo sufrieron trastornos por consumo de drogas en el a\u00f1o 2020.\u00a0 Adem\u00e1s, en los pr\u00f3ximos a\u00f1os, se prev\u00e9 que la cifra de las personas que consumen drogas se incremente un 11%. Es necesario que, a pesar [&hellip;]<\/p>\n","protected":false},"author":9,"featured_media":0,"parent":0,"menu_order":0,"comment_status":"closed","ping_status":"closed","template":"","meta":{"courseId":0,"jnews_page_loop":{"enable_page_loop":"0","first_title":"Latest Post","second_title":"","header_type":"heading_6","header_background":"","header_text_color":"","layout":"right-sidebar","sidebar":"default-sidebar","second_sidebar":"default-sidebar","sticky_sidebar":"1","module":"3","boxed":"0","boxed_shadow":"0","box_shadow":"0","excerpt_length":"20","content_date":"default","date_custom":"Y\/m\/d","content_pagination":"nav_1","pagination_align":"center","show_navtext":"0","show_pageinfo":"0","post_offset":"0","posts_per_page":"5","include_post":"","exclude_post":"","include_category":"","exclude_category":"","include_author":"","include_tag":"","exclude_tag":"","sort_by":"latest"},"jnews_single_page":{"layout":"no-sidebar","sidebar":"default-sidebar","second_sidebar":"default-sidebar","sticky_sidebar":"1","show_post_featured":"0","show_post_meta":"0","share_position":"hide","share_color":"share-monocrhome"},"jnews_social_meta":{"fb_title":"","fb_description":"","fb_image":"","twitter_title":"","twitter_description":"","twitter_image":""},"footnotes":""},"class_list":["post-2765","page","type-page","status-publish","hentry"],"acf":[],"_links":{"self":[{"href":"https:\/\/copolad.eu\/es\/wp-json\/wp\/v2\/pages\/2765"}],"collection":[{"href":"https:\/\/copolad.eu\/es\/wp-json\/wp\/v2\/pages"}],"about":[{"href":"https:\/\/copolad.eu\/es\/wp-json\/wp\/v2\/types\/page"}],"author":[{"embeddable":true,"href":"https:\/\/copolad.eu\/es\/wp-json\/wp\/v2\/users\/9"}],"replies":[{"embeddable":true,"href":"https:\/\/copolad.eu\/es\/wp-json\/wp\/v2\/comments?post=2765"}],"version-history":[{"count":1,"href":"https:\/\/copolad.eu\/es\/wp-json\/wp\/v2\/pages\/2765\/revisions"}],"predecessor-version":[{"id":10613,"href":"https:\/\/copolad.eu\/es\/wp-json\/wp\/v2\/pages\/2765\/revisions\/10613"}],"wp:attachment":[{"href":"https:\/\/copolad.eu\/es\/wp-json\/wp\/v2\/media?parent=2765"}],"curies":[{"name":"wp","href":"https:\/\/api.w.org\/{rel}","templated":true}]}}