{"id":2769,"date":"2021-12-01T11:08:41","date_gmt":"2021-12-01T11:08:41","guid":{"rendered":"https:\/\/copolad.ole.agency\/?page_id=2769"},"modified":"2024-05-09T12:28:48","modified_gmt":"2024-05-09T10:28:48","slug":"objetivos","status":"publish","type":"page","link":"https:\/\/copolad.eu\/es\/objetivos\/","title":{"rendered":"Objetivos"},"content":{"rendered":"<div class=\"wpb-content-wrapper\"><p>[vc_row][vc_column][vc_empty_space height=\u00bb10px\u00bb][\/vc_column][\/vc_row][vc_row vc_row_background=\u00bb\u00bb el_class=\u00bb.jeg_sidebar_left\u00bb][vc_column width=\u00bb2\/3&#8243;][vc_custom_heading text=\u00bbObjetivos\u00bb font_container=\u00bbtag:h1|font_size:48px|text_align:left|color:%23000000|line_height:72px\u00bb google_fonts=\u00bbfont_family:Open%20Sans%3A300%2C300italic%2Cregular%2Citalic%2C600%2C600italic%2C700%2C700italic%2C800%2C800italic|font_style:700%20bold%20regular%3A700%3Anormal\u00bb css=\u00bb.vc_custom_1638356846027{margin-top: 0px !important;}\u00bb][vc_single_image image=\u00bb3937&#8243; img_size=\u00bblarge\u00bb][vc_column_text]COPOLAD III seguir\u00e1 promoviendo el di\u00e1logo t\u00e9cnico sobre pol\u00edticas de drogas, generando un espacio privilegiado para la interacci\u00f3n entre Am\u00e9rica Latina, el Caribe y Europa para analizar y discutir todos desaf\u00edos vinculados al dise\u00f1o e implementaci\u00f3n de las mismas, con la posibilidad de iniciar procesos transformadores y de innovaci\u00f3n dirigidos a mejorar la eficacia de las intervenciones y, al mismo tiempo, evitar impactos negativos en los resultados para el desarrollo sostenible. En este sentido, el programa ofrece las bases <strong>para apoyar la generaci\u00f3n de pol\u00edticas sobre drogas m\u00e1s centradas en las personas, especialmente en los m\u00e1s vulnerables, basadas en evidencias cient\u00edficas, integrales, equilibradas y coherentes con el resto de pol\u00edticas p\u00fablicas y, por tanto, m\u00e1s eficaces<\/strong>. Estos objetivos ser\u00e1n plenamente respetuosos con la soberan\u00eda nacional de cada pa\u00eds y se basar\u00e1n en la demanda planteada por los propios pa\u00edses participantes. [\/vc_column_text][\/vc_column][vc_column width=\u00bb1\/3&#8243; sticky_sidebar=\u00bbyes\u00bb set_as_sidebar=\u00bbyes\u00bb][vc_wp_custommenu nav_menu=\u00bb32&#8243; el_class=\u00bbtab-style\u00bb][\/vc_column][\/vc_row]<\/p>\n<\/div>","protected":false},"excerpt":{"rendered":"<p>[vc_row][vc_column][vc_empty_space height=\u00bb10px\u00bb][\/vc_column][\/vc_row][vc_row vc_row_background=\u00bb\u00bb el_class=\u00bb.jeg_sidebar_left\u00bb][vc_column width=\u00bb2\/3&#8243;][vc_custom_heading text=\u00bbObjetivos\u00bb font_container=\u00bbtag:h1|font_size:48px|text_align:left|color:%23000000|line_height:72px\u00bb google_fonts=\u00bbfont_family:Open%20Sans%3A300%2C300italic%2Cregular%2Citalic%2C600%2C600italic%2C700%2C700italic%2C800%2C800italic|font_style:700%20bold%20regular%3A700%3Anormal\u00bb css=\u00bb.vc_custom_1638356846027{margin-top: 0px !important;}\u00bb][vc_single_image image=\u00bb3937&#8243; img_size=\u00bblarge\u00bb][vc_column_text]COPOLAD III seguir\u00e1 promoviendo el di\u00e1logo t\u00e9cnico sobre pol\u00edticas de drogas, generando un espacio privilegiado para la interacci\u00f3n entre Am\u00e9rica Latina, el Caribe y Europa para analizar y discutir todos desaf\u00edos vinculados al dise\u00f1o e implementaci\u00f3n de las mismas, con la posibilidad de [&hellip;]<\/p>\n","protected":false},"author":9,"featured_media":0,"parent":0,"menu_order":0,"comment_status":"closed","ping_status":"closed","template":"","meta":{"courseId":0,"jnews_page_loop":{"enable_page_loop":"0","first_title":"Latest Post","second_title":"","header_type":"heading_6","header_background":"","header_text_color":"","layout":"right-sidebar","sidebar":"default-sidebar","second_sidebar":"default-sidebar","sticky_sidebar":"1","module":"3","boxed":"0","boxed_shadow":"0","box_shadow":"0","excerpt_length":"20","content_date":"default","date_custom":"Y\/m\/d","content_pagination":"nav_1","pagination_align":"center","show_navtext":"0","show_pageinfo":"0","post_offset":"0","posts_per_page":"5","include_post":"","exclude_post":"","include_category":"","exclude_category":"","include_author":"","include_tag":"","exclude_tag":"","sort_by":"latest"},"jnews_single_page":{"layout":"no-sidebar","sidebar":"default-sidebar","second_sidebar":"default-sidebar","sticky_sidebar":"1","show_post_featured":"0","show_post_meta":"0","share_position":"hide","share_color":"share-monocrhome"},"jnews_social_meta":{"fb_title":"","fb_description":"","fb_image":"","twitter_title":"","twitter_description":"","twitter_image":""},"footnotes":""},"class_list":["post-2769","page","type-page","status-publish","hentry"],"acf":[],"_links":{"self":[{"href":"https:\/\/copolad.eu\/es\/wp-json\/wp\/v2\/pages\/2769"}],"collection":[{"href":"https:\/\/copolad.eu\/es\/wp-json\/wp\/v2\/pages"}],"about":[{"href":"https:\/\/copolad.eu\/es\/wp-json\/wp\/v2\/types\/page"}],"author":[{"embeddable":true,"href":"https:\/\/copolad.eu\/es\/wp-json\/wp\/v2\/users\/9"}],"replies":[{"embeddable":true,"href":"https:\/\/copolad.eu\/es\/wp-json\/wp\/v2\/comments?post=2769"}],"version-history":[{"count":1,"href":"https:\/\/copolad.eu\/es\/wp-json\/wp\/v2\/pages\/2769\/revisions"}],"predecessor-version":[{"id":10610,"href":"https:\/\/copolad.eu\/es\/wp-json\/wp\/v2\/pages\/2769\/revisions\/10610"}],"wp:attachment":[{"href":"https:\/\/copolad.eu\/es\/wp-json\/wp\/v2\/media?parent=2769"}],"curies":[{"name":"wp","href":"https:\/\/api.w.org\/{rel}","templated":true}]}}