{"id":2810,"date":"2021-12-01T13:35:51","date_gmt":"2021-12-01T13:35:51","guid":{"rendered":"https:\/\/copolad.ole.agency\/?page_id=2810"},"modified":"2025-12-19T11:43:07","modified_gmt":"2025-12-19T09:43:07","slug":"equipo-tecnico","status":"publish","type":"page","link":"https:\/\/copolad.eu\/es\/equipo-tecnico\/","title":{"rendered":"Equipo T\u00e9cnico"},"content":{"rendered":"<div class=\"wpb-content-wrapper\"><p>[vc_row][vc_column][vc_empty_space height=\u00bb10px\u00bb][\/vc_column][\/vc_row][vc_row vc_row_background=\u00bb\u00bb el_class=\u00bb.jeg_sidebar_left\u00bb][vc_column width=\u00bb2\/3&#8243;][vc_custom_heading text=\u00bbEquipo Copolad III\u00bb font_container=\u00bbtag:h1|font_size:48px|text_align:left|color:%23000000|line_height:72px\u00bb google_fonts=\u00bbfont_family:Open%20Sans%3A300%2C300italic%2Cregular%2Citalic%2C600%2C600italic%2C700%2C700italic%2C800%2C800italic|font_style:700%20bold%20regular%3A700%3Anormal\u00bb css=\u00bb.vc_custom_1638365269296{margin-top: 0px !important;}\u00bb][vc_column_text]El equipo del programa COPOLAD:[\/vc_column_text][vc_row_inner el_class=\u00bbbloque-equipo\u00bb][vc_column_inner el_class=\u00bbbloque-contacto\u00bb width=\u00bb1\/2&#8243; offset=\u00bbvc_col-xs-12&#8243;][vc_single_image image=\u00bb8904&#8243; img_size=\u00bblarge\u00bb style=\u00bbvc_box_shadow_border_circle\u00bb][vc_column_text]<strong>Borja D\u00edaz Rivillas<\/strong><\/p>\n<p>Director<\/p>\n<p><span class=\"of-mailto\">borja.diaz@copolad.eu<\/span>[\/vc_column_text][\/vc_column_inner][vc_column_inner el_class=\u00bbbloque-contacto\u00bb width=\u00bb1\/2&#8243; offset=\u00bbvc_col-xs-12&#8243;][vc_single_image image=\u00bb7435&#8243; img_size=\u00bbmedium\u00bb][vc_column_text css=\u00bb\u00bb]<strong>Beatriz Lara<\/strong><\/p>\n<p>Administradora del programa<\/p>\n<p><span class=\"of-mailto\">copolad3@copolad.eu<\/span>[\/vc_column_text][\/vc_column_inner][\/vc_row_inner][vc_row_inner el_class=\u00bbbloque-equipo\u00bb][vc_column_inner el_class=\u00bbbloque-contacto\u00bb width=\u00bb1\/2&#8243; offset=\u00bbvc_col-xs-12&#8243;][vc_single_image image=\u00bb15541&#8243; img_size=\u00bb100&#215;100&#8243; style=\u00bbvc_box_circle\u00bb css=\u00bb\u00bb][vc_column_text css=\u00bb\u00bb]<strong>Laura Mula Gallego<\/strong><\/p>\n<p>T\u00e9cnica de proyecto<\/p>\n<p><span class=\"of-mailto\">laura.mula@copolad.eu<\/span>[\/vc_column_text][\/vc_column_inner][vc_column_inner el_class=\u00bbbloque-contacto\u00bb width=\u00bb1\/2&#8243; offset=\u00bbvc_col-xs-12&#8243;][vc_single_image image=\u00bb4027&#8243;][vc_column_text]<strong>Mercedes Alonso\u00a0 \u00a0<\/strong><\/p>\n<p>T\u00e9cnica de proyecto en Bruselas<\/p>\n<p><span class=\"of-mailto\">mercedes.alonso@copolad.eu<\/span>[\/vc_column_text][\/vc_column_inner][\/vc_row_inner][vc_row_inner el_class=\u00bbbloque-equipo\u00bb][vc_column_inner el_class=\u00bbbloque-contacto\u00bb width=\u00bb1\/2&#8243; offset=\u00bbvc_col-xs-12&#8243;][vc_single_image image=\u00bb4021&#8243;][vc_column_text]<strong>Arantxa Freire <\/strong><\/p>\n<p>T\u00e9cnica de Comunicaci\u00f3n<\/p>\n<p><span class=\"of-mailto\">aranzazu.freire@copolad.eu<\/span>[\/vc_column_text][\/vc_column_inner][vc_column_inner el_class=\u00bbbloque-contacto\u00bb width=\u00bb1\/2&#8243; offset=\u00bbvc_col-xs-12&#8243;][vc_single_image image=\u00bb6088&#8243;][vc_column_text]<strong>Massimo Meccheri\u00a0<\/strong><\/p>\n<p>T\u00e9cnico de proyecto<\/p>\n<p><span class=\"of-mailto\">massimo.meccheri@copolad.eu<\/span>[\/vc_column_text][\/vc_column_inner][\/vc_row_inner][vc_row_inner el_class=\u00bbbloque-equipo\u00bb][vc_column_inner el_class=\u00bbbloque-contacto\u00bb width=\u00bb1\/2&#8243; offset=\u00bbvc_col-xs-12&#8243;][vc_single_image image=\u00bb15562&#8243; img_size=\u00bb100&#215;100&#8243; style=\u00bbvc_box_circle_2&#8243; css=\u00bb\u00bb][vc_column_text css=\u00bb\u00bb]<strong>David Alcover<\/strong><\/p>\n<p>Gestor econ\u00f3mico<\/p>\n<p><span class=\"of-mailto\">david.alcover@copolad.eu<\/span>[\/vc_column_text][\/vc_column_inner][vc_column_inner el_class=\u00bbbloque-contacto\u00bb width=\u00bb1\/2&#8243; offset=\u00bbvc_col-xs-12&#8243;][vc_single_image image=\u00bb15537&#8243; img_size=\u00bb100&#215;100&#8243; style=\u00bbvc_box_circle_2&#8243; css=\u00bb\u00bb][vc_column_text css=\u00bb\u00bb]<strong>Maria Sierra<\/strong><\/p>\n<p>T\u00e9cnica de apoyo<\/p>\n<p><span class=\"of-mailto\">maria.sierra@copolad.eu<\/span>[\/vc_column_text][\/vc_column_inner][\/vc_row_inner][vc_row_inner el_class=\u00bbbloque-equipo\u00bb][vc_column_inner el_class=\u00bbbloque-contacto\u00bb width=\u00bb1\/2&#8243; offset=\u00bbvc_col-xs-12&#8243;][vc_single_image image=\u00bb15543&#8243; style=\u00bbvc_box_circle_2&#8243; css=\u00bb\u00bb][vc_column_text css=\u00bb\u00bb]<strong>Maria Rosaria Andreozzi<\/strong><\/p>\n<p>T\u00e9cnica de apoyo<\/p>\n<p>mr.andreozzi@iila.org<\/p>\n<p>[\/vc_column_text][\/vc_column_inner][vc_column_inner el_class=\u00bbbloque-contacto\u00bb width=\u00bb1\/2&#8243; offset=\u00bbvc_col-xs-12&#8243;][vc_single_image image=\u00bb7435&#8243;][vc_column_text css=\u00bb\u00bb]<strong>Luca Bianchi<\/strong><\/p>\n<p>Responsable de subvenciones<\/p>\n<p>l.bianchi@iila.org[\/vc_column_text][\/vc_column_inner][\/vc_row_inner][vc_row_inner el_class=\u00bbbloque-equipo\u00bb][vc_column_inner el_class=\u00bbbloque-contacto\u00bb width=\u00bb1\/2&#8243; offset=\u00bbvc_col-xs-12&#8243;][vc_single_image image=\u00bb15539&#8243; style=\u00bbvc_box_circle_2&#8243; css=\u00bb\u00bb][vc_column_text css=\u00bb\u00bb]<strong>Carlos Vivar\u00a0<\/strong><\/p>\n<p>T\u00e9cnico de proyecto<\/p>\n<p>carlos.vivar@copolad.eu[\/vc_column_text][\/vc_column_inner][vc_column_inner el_class=\u00bbbloque-contacto\u00bb width=\u00bb1\/2&#8243; offset=\u00bbvc_col-xs-12&#8243;][vc_single_image image=\u00bb15567&#8243; style=\u00bbvc_box_circle_2&#8243; css=\u00bb\u00bb][vc_column_text css=\u00bb\u00bb]<strong>Antonio Rodr\u00edguez-Carmona\u00a0<\/strong><\/p>\n<p>T\u00e9cnico de Gesti\u00f3n de<br \/>\nConocimiento y Evaluaci\u00f3n<\/p>\n<p><span class=\"of-mailto\">antonio.rodriguezc@fiap.gob.es\u00a0<\/span>[\/vc_column_text][\/vc_column_inner][\/vc_row_inner][vc_row_inner el_class=\u00bbbloque-equipo\u00bb][vc_column_inner el_class=\u00bbbloque-contacto\u00bb width=\u00bb1\/2&#8243; offset=\u00bbvc_col-xs-12&#8243;][vc_single_image image=\u00bb6291&#8243; img_size=\u00bb100&#215;100&#8243; style=\u00bbvc_box_circle_2&#8243;][vc_column_text]<strong>Anna Bonuchchi<\/strong><\/p>\n<p>T\u00e9cnica de apoyo<\/p>\n<p><span class=\"of-mailto\">anna.bonuchchi@copolad.eu<\/span>[\/vc_column_text][\/vc_column_inner][\/vc_row_inner][\/vc_column][vc_column width=\u00bb1\/3&#8243; sticky_sidebar=\u00bbyes\u00bb set_as_sidebar=\u00bbyes\u00bb][vc_wp_custommenu nav_menu=\u00bb32&#8243; el_class=\u00bbtab-style\u00bb][\/vc_column][\/vc_row]<\/p>\n<\/div>","protected":false},"excerpt":{"rendered":"<p>[vc_row][vc_column][vc_empty_space height=\u00bb10px\u00bb][\/vc_column][\/vc_row][vc_row vc_row_background=\u00bb\u00bb el_class=\u00bb.jeg_sidebar_left\u00bb][vc_column width=\u00bb2\/3&#8243;][vc_custom_heading text=\u00bbEquipo Copolad III\u00bb font_container=\u00bbtag:h1|font_size:48px|text_align:left|color:%23000000|line_height:72px\u00bb google_fonts=\u00bbfont_family:Open%20Sans%3A300%2C300italic%2Cregular%2Citalic%2C600%2C600italic%2C700%2C700italic%2C800%2C800italic|font_style:700%20bold%20regular%3A700%3Anormal\u00bb css=\u00bb.vc_custom_1638365269296{margin-top: 0px !important;}\u00bb][vc_column_text]El equipo del programa COPOLAD:[\/vc_column_text][vc_row_inner el_class=\u00bbbloque-equipo\u00bb][vc_column_inner el_class=\u00bbbloque-contacto\u00bb width=\u00bb1\/2&#8243; offset=\u00bbvc_col-xs-12&#8243;][vc_single_image image=\u00bb8904&#8243; img_size=\u00bblarge\u00bb style=\u00bbvc_box_shadow_border_circle\u00bb][vc_column_text]Borja D\u00edaz Rivillas Director borja.diaz@copolad.eu[\/vc_column_text][\/vc_column_inner][vc_column_inner el_class=\u00bbbloque-contacto\u00bb width=\u00bb1\/2&#8243; offset=\u00bbvc_col-xs-12&#8243;][vc_single_image image=\u00bb7435&#8243; img_size=\u00bbmedium\u00bb][vc_column_text css=\u00bb\u00bb]Beatriz Lara Administradora del programa copolad3@copolad.eu[\/vc_column_text][\/vc_column_inner][\/vc_row_inner][vc_row_inner el_class=\u00bbbloque-equipo\u00bb][vc_column_inner el_class=\u00bbbloque-contacto\u00bb width=\u00bb1\/2&#8243; offset=\u00bbvc_col-xs-12&#8243;][vc_single_image image=\u00bb15541&#8243; img_size=\u00bb100&#215;100&#8243; style=\u00bbvc_box_circle\u00bb css=\u00bb\u00bb][vc_column_text css=\u00bb\u00bb]Laura Mula Gallego T\u00e9cnica de proyecto laura.mula@copolad.eu[\/vc_column_text][\/vc_column_inner][vc_column_inner el_class=\u00bbbloque-contacto\u00bb [&hellip;]<\/p>\n","protected":false},"author":9,"featured_media":0,"parent":0,"menu_order":0,"comment_status":"closed","ping_status":"closed","template":"","meta":{"courseId":0,"jnews_page_loop":{"enable_page_loop":"0","first_title":"Latest Post","second_title":"","header_type":"heading_6","header_background":"","header_text_color":"","layout":"right-sidebar","sidebar":"default-sidebar","second_sidebar":"default-sidebar","sticky_sidebar":"1","module":"3","boxed":"0","boxed_shadow":"0","box_shadow":"0","excerpt_length":"20","content_date":"default","date_custom":"Y\/m\/d","content_pagination":"nav_1","pagination_align":"center","show_navtext":"0","show_pageinfo":"0","post_offset":"0","posts_per_page":"5","include_post":"","exclude_post":"","include_category":"","exclude_category":"","include_author":"","include_tag":"","exclude_tag":"","sort_by":"latest","post_sticky":"0"},"jnews_single_page":{"layout":"no-sidebar","sidebar":"default-sidebar","second_sidebar":"default-sidebar","sticky_sidebar":"1","show_post_featured":"0","show_post_meta":"0","share_position":"hide","share_color":"share-monocrhome","show_post_title":"1","show_post_breadcrumbs":"1"},"jnews_social_meta":{"fb_title":"","fb_description":"Programa de Cooperaci\u00f3n entre Am\u00e9rica Latina, el Caribe y la Uni\u00f3n Europea en Pol\u00edticas sobre Drogas\u2026","fb_image":"","twitter_title":"","twitter_description":"Programa de Cooperaci\u00f3n entre Am\u00e9rica Latina, el Caribe y la Uni\u00f3n Europea en Pol\u00edticas sobre Drogas\u2026","twitter_image":""},"footnotes":""},"class_list":["post-2810","page","type-page","status-publish","hentry"],"acf":[],"_links":{"self":[{"href":"https:\/\/copolad.eu\/es\/wp-json\/wp\/v2\/pages\/2810"}],"collection":[{"href":"https:\/\/copolad.eu\/es\/wp-json\/wp\/v2\/pages"}],"about":[{"href":"https:\/\/copolad.eu\/es\/wp-json\/wp\/v2\/types\/page"}],"author":[{"embeddable":true,"href":"https:\/\/copolad.eu\/es\/wp-json\/wp\/v2\/users\/9"}],"replies":[{"embeddable":true,"href":"https:\/\/copolad.eu\/es\/wp-json\/wp\/v2\/comments?post=2810"}],"version-history":[{"count":15,"href":"https:\/\/copolad.eu\/es\/wp-json\/wp\/v2\/pages\/2810\/revisions"}],"predecessor-version":[{"id":15569,"href":"https:\/\/copolad.eu\/es\/wp-json\/wp\/v2\/pages\/2810\/revisions\/15569"}],"wp:attachment":[{"href":"https:\/\/copolad.eu\/es\/wp-json\/wp\/v2\/media?parent=2810"}],"curies":[{"name":"wp","href":"https:\/\/api.w.org\/{rel}","templated":true}]}}