{"id":3497,"date":"2021-12-14T08:07:13","date_gmt":"2021-12-14T08:07:13","guid":{"rendered":"https:\/\/copolad.ole.agency\/?page_id=3497"},"modified":"2024-05-09T12:51:12","modified_gmt":"2024-05-09T10:51:12","slug":"biblioteca","status":"publish","type":"page","link":"https:\/\/copolad.eu\/es\/biblioteca\/","title":{"rendered":"Biblioteca"},"content":{"rendered":"<div class=\"wpb-content-wrapper\"><p>[vc_row full_height=\u00bbyes\u00bb columns_placement=\u00bbtop\u00bb vc_row_background=\u00bb\u00bb][vc_column][vc_row_inner][vc_column_inner][vc_custom_heading text=\u00bbBiblioteca\u00bb font_container=\u00bbtag:h1|font_size:45px|text_align:left|color:%2315110d|line_height:72px\u00bb google_fonts=\u00bbfont_family:Open%20Sans%3A300%2C300italic%2Cregular%2Citalic%2C600%2C600italic%2C700%2C700italic%2C800%2C800italic|font_style:700%20bold%20regular%3A700%3Anormal\u00bb]<div class=\"it-event-block it-event-library\"><div class=\"it-event-block-filter\"> \n                    <form id=\"it-event-block-filter-form\" action=\"https:\/\/copolad.eu\/es\/biblioteca\/\" method=\"GET\">\n                        <div class=\"it-field\">\n                            <label>A\u00f1o:<\/label>\n                            <select name=\"library_year\" ><option value=\"-1\"  >Todos los a\u00f1os<\/option><option value=\"2015\" >2015<\/option><option value=\"1016\" >1016<\/option><option value=\"2017\" >2017<\/option><option value=\"2018\" >2018<\/option><option value=\"2019\" >2019<\/option><option value=\"2020\" >2020<\/option><option value=\"2021\" >2021<\/option><option value=\"2022\" >2022<\/option><option value=\"2023\" >2023<\/option><option value=\"2024\" >2024<\/option><option value=\"2025\" >2025<\/option><\/select>\n                        <\/div> \n                        <div class=\"it-field\">\n                            <label>Category:<\/label>\n                            <select name=\"library_category\" id=\"category\"><option value=\"-1\"  >Todas las categor\u00edas<\/option><option value=\"115\" >Estudios<\/option><option value=\"114\" >Guias<\/option><option value=\"116\" >Infografias<\/option><option value=\"117\" >Informes institucionales<\/option><\/select>\n                        <\/div>\n                        <div class=\"it-field\">\n                            <label>Buscar:<\/label>\n                            <input type=\"text\" name=\"library_s\" value=\"\">\n                        <\/div>\n                        <div class=\"it-field it-input-button-container\">\n                            <input type=\"submit\" name=\"ubmit\" value=\"Buscar publicaciones\">\n                        <\/div>\n                    <\/form>\n                <\/div><div class=\"it-library-block-results\"><div class=\"it-event-library-item\">\n                                    <div class=\"it-event-library-item-data\"><div class=\"it-event-library-item-data-img\">\n                                                    <img decoding=\"async\" src=\"https:\/\/copolad.eu\/wp-content\/uploads\/2026\/01\/IMG_8937-scaled.jpeg\" alt=\"\" \/>\n                                                <\/div><div class=\"it-event-library-item-data-metadata\"><div class=\"it-event-library-item-data-metadata-metadata\">\n                                                    <ul><li><strong>\u00c0rea tem\u00e1tica:<\/strong> Elige<\/li><li><strong>Tipo de documento:<\/strong> Gu\u00edas<\/li><li><strong>Autor\/a:<\/strong> <span class=\"it-event-library-item-content-author\">An\u00f3nimo<\/span><\/ul>\n                                    <\/div><h2><a href=\"https:\/\/copolad.eu\/es\/guias-de-servicios-comunitarios-y-territorializacion\/\">Gu\u00edas de servicios comunitarios y territorializacion<\/a><\/h2><\/div><\/div>\n                                        <div class=\"it-event-library-item-content\"><div class=\"it-event-library-item-data-metadata-year\">\n                                                        <div class=\"it-event-library-item-data-metadata-year-icon\">\n                                                            <i class=\"fa fa-solid fa-calendar\"><\/i>2025\n                                                        <\/div>\n                                                    <\/div><div class=\"it-event-library-item-content-readmore\"><a href=\"https:\/\/copolad.eu\/es\/guias-de-servicios-comunitarios-y-territorializacion\/\">Leer m\u00e1s<\/a><\/div ><\/div>\n                                    <\/div><div class=\"it-event-library-item\">\n                                    <div class=\"it-event-library-item-data\"><div class=\"it-event-library-item-data-img\">\n                                                    <img decoding=\"async\" src=\"https:\/\/copolad.eu\/wp-content\/uploads\/2026\/02\/el-punto-de-retorno-caja-de-herramientas-scaled.jpg\" alt=\"Ni\u00f1os caminan por un puente en el Amazonas.\" \/>\n                                                <\/div><div class=\"it-event-library-item-data-metadata\"><div class=\"it-event-library-item-data-metadata-metadata\">\n                                                    <ul><li><strong>\u00c0rea tem\u00e1tica:<\/strong> Reducci\u00f3n del mercado ilegal de drogas<\/li><li><strong>Tipo de documento:<\/strong> Gu\u00edas<\/li><li><strong>Autor\/a:<\/strong> <span class=\"it-event-library-item-content-author\">Juan Carlos Garz\u00f3n Vergara y Gabriela Barros de Luca<\/span><\/ul>\n                                    <\/div><h2><a href=\"https:\/\/copolad.eu\/es\/el-punto-de-retorno-caja-de-herramientas\/\">El Punto de Retorno: Caja de Herramientas<\/a><\/h2><\/div><\/div>\n                                        <div class=\"it-event-library-item-content\"><div class=\"it-event-library-item-data-metadata-year\">\n                                                        <div class=\"it-event-library-item-data-metadata-year-icon\">\n                                                            <i class=\"fa fa-solid fa-calendar\"><\/i>2025\n                                                        <\/div>\n                                                    <\/div><div class=\"it-event-library-item-content-readmore\"><a href=\"https:\/\/copolad.eu\/es\/el-punto-de-retorno-caja-de-herramientas\/\">Leer m\u00e1s<\/a><\/div ><\/div>\n                                    <\/div><div class=\"it-event-library-item\">\n                                    <div class=\"it-event-library-item-data\"><div class=\"it-event-library-item-data-img\">\n                                                    <img decoding=\"async\" src=\"https:\/\/copolad.eu\/wp-content\/uploads\/2025\/12\/JWG6785.jpg\" alt=\"\" \/>\n                                                <\/div><div class=\"it-event-library-item-data-metadata\"><div class=\"it-event-library-item-data-metadata-metadata\">\n                                                    <ul><li><strong>\u00c0rea tem\u00e1tica:<\/strong> Reducci\u00f3n del mercado ilegal de drogas<\/li><li><strong>Tipo de documento:<\/strong> Estudios<\/li><li><strong>Autor\/a:<\/strong> <span class=\"it-event-library-item-content-author\">AIAMP Y PROGRAMA COPOLAD III<\/span><\/ul>\n                                    <\/div><h2><a href=\"https:\/\/copolad.eu\/es\/diagnostico\/\">Narcotr\u00e1fico y su Impacto en el Medioambiente: Lineamientos para la Persecuci\u00f3n Penal<\/a><\/h2><\/div><\/div>\n                                        <div class=\"it-event-library-item-content\"><div class=\"it-event-library-item-data-metadata-year\">\n                                                        <div class=\"it-event-library-item-data-metadata-year-icon\">\n                                                            <i class=\"fa fa-solid fa-calendar\"><\/i>2025\n                                                        <\/div>\n                                                    <\/div><div class=\"it-event-library-item-content-readmore\"><a href=\"https:\/\/copolad.eu\/es\/diagnostico\/\">Leer m\u00e1s<\/a><\/div ><\/div>\n                                    <\/div><div class=\"it-event-library-item\">\n                                    <div class=\"it-event-library-item-data\"><div class=\"it-event-library-item-data-img\">\n                                                    <img decoding=\"async\" src=\"https:\/\/copolad.eu\/wp-content\/uploads\/2025\/12\/TINGO-MARIA-VISTAS1-scaled.jpg\" alt=\"\" \/>\n                                                <\/div><div class=\"it-event-library-item-data-metadata\"><div class=\"it-event-library-item-data-metadata-metadata\">\n                                                    <ul><li><strong>\u00c0rea tem\u00e1tica:<\/strong> Reducci\u00f3n del mercado ilegal de drogas<\/li><li><strong>Tipo de documento:<\/strong> Estudios<\/li><li><strong>Autor\/a:<\/strong> <span class=\"it-event-library-item-content-author\">AIAMP\/PROGRAMA COPOLAD III<\/span><\/ul>\n                                    <\/div><h2><a href=\"https:\/\/copolad.eu\/es\/narcotrafico-y-su-impacto-en-el-medioambiente\/\">Narcotr\u00e1fico y su Impacto en el Medioambiente<\/a><\/h2><\/div><\/div>\n                                        <div class=\"it-event-library-item-content\"><div class=\"it-event-library-item-data-metadata-year\">\n                                                        <div class=\"it-event-library-item-data-metadata-year-icon\">\n                                                            <i class=\"fa fa-solid fa-calendar\"><\/i>2025\n                                                        <\/div>\n                                                    <\/div><div class=\"it-event-library-item-content-readmore\"><a href=\"https:\/\/copolad.eu\/es\/narcotrafico-y-su-impacto-en-el-medioambiente\/\">Leer m\u00e1s<\/a><\/div ><\/div>\n                                    <\/div><div class=\"it-event-library-item\">\n                                    <div class=\"it-event-library-item-data\"><div class=\"it-event-library-item-data-img\">\n                                                    <img decoding=\"async\" src=\"https:\/\/copolad.eu\/wp-content\/uploads\/2025\/11\/Captura-de-pantalla-2025-11-24-a-las-12.55.06.png\" alt=\"Portada de la Gu\u00eda de Tratamiento por uso de fentanilo y metanfetamina en Mexico\" \/>\n                                                <\/div><div class=\"it-event-library-item-data-metadata\"><div class=\"it-event-library-item-data-metadata-metadata\">\n                                                    <ul><li><strong>\u00c0rea tem\u00e1tica:<\/strong> Consumo problem\u00e1tico<\/li><li><strong>Tipo de documento:<\/strong> Gu\u00edas<\/li><li><strong>Pa\u00eds:<\/strong> Mexico<\/li><li><strong>Autor\/a:<\/strong> <span class=\"it-event-library-item-content-author\">Episteme Social<\/span><\/ul>\n                                    <\/div><h2><a href=\"https:\/\/copolad.eu\/es\/guia-fentanilo-metanfetamina-mexico\/\">Gu\u00eda de tratamiento centrada en la persona y basada en la  evidencia para trastornos por uso de fentanilo y metanfetamina en M\u00e9xico<\/a><\/h2><\/div><\/div>\n                                        <div class=\"it-event-library-item-content\"><div class=\"it-event-library-item-data-metadata-year\">\n                                                        <div class=\"it-event-library-item-data-metadata-year-icon\">\n                                                            <i class=\"fa fa-solid fa-calendar\"><\/i>2025\n                                                        <\/div>\n                                                    <\/div><div class=\"it-event-library-item-content-readmore\"><a href=\"https:\/\/copolad.eu\/es\/guia-fentanilo-metanfetamina-mexico\/\">Leer m\u00e1s<\/a><\/div ><\/div>\n                                    <\/div><div class=\"it-event-library-item\">\n                                    <div class=\"it-event-library-item-data\"><div class=\"it-event-library-item-data-img\">\n                                                    <img decoding=\"async\" src=\"https:\/\/copolad.eu\/wp-content\/uploads\/2025\/11\/00037-Entrevista-Cartago.jpg\" alt=\"\" \/>\n                                                <\/div><div class=\"it-event-library-item-data-metadata\"><div class=\"it-event-library-item-data-metadata-metadata\">\n                                                    <ul><li><strong>\u00c0rea tem\u00e1tica:<\/strong> Observatorios sobre drogas<\/li><li><strong>Tipo de documento:<\/strong> Estudios<\/li><li><strong>Pa\u00eds:<\/strong> Costa Rica <\/li><li><strong>Autor\/a:<\/strong> <span class=\"it-event-library-item-content-author\">Instituto Costarricense de Drogas (ICD)<\/span><\/ul>\n                                    <\/div><h2><a href=\"https:\/\/copolad.eu\/es\/evaluacion-de-la-politica-de-drogas-de-costa-rica-2005-2025\/\">Evaluaci\u00f3n de la Pol\u00edtica de Drogas de Costa Rica (2005-2025)<\/a><\/h2><\/div><\/div>\n                                        <div class=\"it-event-library-item-content\"><div class=\"it-event-library-item-data-metadata-year\">\n                                                        <div class=\"it-event-library-item-data-metadata-year-icon\">\n                                                            <i class=\"fa fa-solid fa-calendar\"><\/i>2024\n                                                        <\/div>\n                                                    <\/div><div class=\"it-event-library-item-content-readmore\"><a href=\"https:\/\/copolad.eu\/es\/evaluacion-de-la-politica-de-drogas-de-costa-rica-2005-2025\/\">Leer m\u00e1s<\/a><\/div ><\/div>\n                                    <\/div><\/div><div class=\"it-event-block-pagination it-pagination\"><span aria-current=\"page\" class=\"page-numbers current\">1<\/span>\n<a class=\"page-numbers\" href=\"https:\/\/copolad.eu\/es\/wp-json\/wp\/v2\/pages\/3497\/page\/2\/\">2<\/a>\n<span class=\"page-numbers dots\">&hellip;<\/span>\n<a class=\"page-numbers\" href=\"https:\/\/copolad.eu\/es\/wp-json\/wp\/v2\/pages\/3497\/page\/9\/\">9<\/a>\n<a class=\"page-numbers\" href=\"https:\/\/copolad.eu\/es\/wp-json\/wp\/v2\/pages\/3497\/page\/10\/\">10<\/a>\n<a class=\"next page-numbers\" href=\"https:\/\/copolad.eu\/es\/wp-json\/wp\/v2\/pages\/3497\/page\/2\/\">><\/a><\/div><\/div>[\/vc_column_inner][\/vc_row_inner][\/vc_column][\/vc_row]<\/p>\n<\/div>","protected":false},"excerpt":{"rendered":"<p>[vc_row full_height=\u00bbyes\u00bb columns_placement=\u00bbtop\u00bb vc_row_background=\u00bb\u00bb][vc_column][vc_row_inner][vc_column_inner][vc_custom_heading text=\u00bbBiblioteca\u00bb font_container=\u00bbtag:h1|font_size:45px|text_align:left|color:%2315110d|line_height:72px\u00bb google_fonts=\u00bbfont_family:Open%20Sans%3A300%2C300italic%2Cregular%2Citalic%2C600%2C600italic%2C700%2C700italic%2C800%2C800italic|font_style:700%20bold%20regular%3A700%3Anormal\u00bb][\/vc_column_inner][\/vc_row_inner][\/vc_column][\/vc_row]<\/p>\n","protected":false},"author":9,"featured_media":0,"parent":0,"menu_order":0,"comment_status":"closed","ping_status":"closed","template":"","meta":{"courseId":0,"jnews_page_loop":{"enable_page_loop":"0","first_title":"Latest Post","second_title":"","header_type":"heading_6","header_background":"","header_text_color":"","layout":"right-sidebar","sidebar":"default-sidebar","second_sidebar":"default-sidebar","sticky_sidebar":"1","module":"3","boxed":"0","boxed_shadow":"0","box_shadow":"0","excerpt_length":"20","content_date":"default","date_custom":"Y\/m\/d","content_pagination":"nav_1","pagination_align":"center","show_navtext":"0","show_pageinfo":"0","post_offset":"0","posts_per_page":"5","include_post":"","exclude_post":"","include_category":"","exclude_category":"","include_author":"","include_tag":"","exclude_tag":"","sort_by":"latest"},"jnews_single_page":{"layout":"no-sidebar","sidebar":"widget-publicaciones","second_sidebar":"widget-publicaciones","sticky_sidebar":"0","show_post_featured":"0","show_post_meta":"0","share_position":"hide","share_color":"share-monocrhome"},"jnews_social_meta":{"fb_title":"","fb_description":"Programa de Cooperaci\u00f3n entre Am\u00e9rica Latina, el Caribe y la Uni\u00f3n Europea en Pol\u00edticas sobre Drogas","fb_image":"","twitter_title":"","twitter_description":"Programa de Cooperaci\u00f3n entre Am\u00e9rica Latina, el Caribe y la Uni\u00f3n Europea en Pol\u00edticas sobre Drogas","twitter_image":""},"footnotes":""},"class_list":["post-3497","page","type-page","status-publish","hentry"],"acf":[],"_links":{"self":[{"href":"https:\/\/copolad.eu\/es\/wp-json\/wp\/v2\/pages\/3497"}],"collection":[{"href":"https:\/\/copolad.eu\/es\/wp-json\/wp\/v2\/pages"}],"about":[{"href":"https:\/\/copolad.eu\/es\/wp-json\/wp\/v2\/types\/page"}],"author":[{"embeddable":true,"href":"https:\/\/copolad.eu\/es\/wp-json\/wp\/v2\/users\/9"}],"replies":[{"embeddable":true,"href":"https:\/\/copolad.eu\/es\/wp-json\/wp\/v2\/comments?post=3497"}],"version-history":[{"count":1,"href":"https:\/\/copolad.eu\/es\/wp-json\/wp\/v2\/pages\/3497\/revisions"}],"predecessor-version":[{"id":9701,"href":"https:\/\/copolad.eu\/es\/wp-json\/wp\/v2\/pages\/3497\/revisions\/9701"}],"wp:attachment":[{"href":"https:\/\/copolad.eu\/es\/wp-json\/wp\/v2\/media?parent=3497"}],"curies":[{"name":"wp","href":"https:\/\/api.w.org\/{rel}","templated":true}]}}