{"id":3709,"date":"2021-12-15T12:44:52","date_gmt":"2021-12-15T12:44:52","guid":{"rendered":"https:\/\/copolad.ole.agency\/?page_id=3709"},"modified":"2024-05-09T10:42:53","modified_gmt":"2024-05-09T08:42:53","slug":"noticias","status":"publish","type":"page","link":"https:\/\/copolad.eu\/es\/noticias\/","title":{"rendered":"Noticias"},"content":{"rendered":"<div class=\"wpb-content-wrapper\"><p>[vc_row][vc_column][vc_custom_heading text=\u00bbNoticias\u00bb font_container=\u00bbtag:h1|font_size:48px|text_align:left|color:%2315110d|line_height:72px\u00bb google_fonts=\u00bbfont_family:Open%20Sans%3A300%2C300italic%2Cregular%2Citalic%2C600%2C600italic%2C700%2C700italic%2C800%2C800italic|font_style:700%20bold%20regular%3A700%3Anormal\u00bb]<div  class=\"jeg_postblock_22 jeg_postblock jeg_module_hook jeg_pagination_nextprev jeg_col_2o3 jnews_module__0_69e1e7fbe1251   \" data-unique=\"jnews_module__0_69e1e7fbe1251\">\n\t\t\t\t\t\n\t\t\t\t\t<div class=\"jeg_block_container\">\n                    \n                    <div class=\"jeg_posts_wrap\">\n                    <div class=\"jeg_posts jeg_load_more_flag\"> \n                        <article class=\"jeg_post jeg_pl_md_5 format-standard\">\n                    <div class=\"jeg_thumb\">\n                        \n                        <a href=\"https:\/\/copolad.eu\/es\/esta-web-permanecera-congelada-a-partir-de-diciembre-de-2025\/\"><div class=\"thumbnail-container animate-lazy  size-715 \"><img decoding=\"async\" width=\"350\" height=\"250\" src=\"https:\/\/copolad.eu\/wp-content\/themes\/jnews\/assets\/img\/jeg-empty.png\" class=\"attachment-jnews-350x250 size-jnews-350x250 lazyload wp-post-image\" alt=\"Ni\u00f1os caminan por un puente en el Amazonas.\" sizes=\"(max-width: 350px) 100vw, 350px\" data-src=\"https:\/\/copolad.eu\/wp-content\/uploads\/2026\/02\/el-punto-de-retorno-caja-de-herramientas-350x250.jpg\" data-srcset=\"https:\/\/copolad.eu\/wp-content\/uploads\/2026\/02\/el-punto-de-retorno-caja-de-herramientas-350x250.jpg 350w, https:\/\/copolad.eu\/wp-content\/uploads\/2026\/02\/el-punto-de-retorno-caja-de-herramientas-120x86.jpg 120w, https:\/\/copolad.eu\/wp-content\/uploads\/2026\/02\/el-punto-de-retorno-caja-de-herramientas-750x536.jpg 750w, https:\/\/copolad.eu\/wp-content\/uploads\/2026\/02\/el-punto-de-retorno-caja-de-herramientas-1140x815.jpg 1140w\" data-sizes=\"auto\" data-expand=\"700\" \/><\/div><\/a>\n                        <div class=\"jeg_post_category\">\n                            <span><a href=\"https:\/\/copolad.eu\/es\/category\/noticia\/\" class=\"category-noticia\">Noticias<\/a><\/span>\n                        <\/div>\n                    <\/div>\n                    <div class=\"jeg_postblock_content\">\n                        <h3 class=\"jeg_post_title\">\n                            <a href=\"https:\/\/copolad.eu\/es\/esta-web-permanecera-congelada-a-partir-de-diciembre-de-2025\/\">Esta web permanecer\u00e1 congelada a partir de diciembre de 2025<\/a>\n                        <\/h3>\n                        <div class=\"jeg_post_meta\"><div class=\"jeg_meta_date\"><a href=\"https:\/\/copolad.eu\/es\/esta-web-permanecera-congelada-a-partir-de-diciembre-de-2025\/\" ><i class=\"fa fa-clock-o\"><\/i> 2026\/03\/02<\/a><\/div><\/div>\n                    <\/div>\n                <\/article><article class=\"jeg_post jeg_pl_md_5 format-standard\">\n                    <div class=\"jeg_thumb\">\n                        \n                        <a href=\"https:\/\/copolad.eu\/es\/guias-de-servicios-comunitarios-y-territorializacion\/\"><div class=\"thumbnail-container animate-lazy  size-715 \"><img decoding=\"async\" width=\"350\" height=\"250\" src=\"https:\/\/copolad.eu\/wp-content\/themes\/jnews\/assets\/img\/jeg-empty.png\" class=\"attachment-jnews-350x250 size-jnews-350x250 lazyload wp-post-image\" alt=\"Gu\u00edas de servicios comunitarios y territorializacion\" sizes=\"(max-width: 350px) 100vw, 350px\" data-src=\"https:\/\/copolad.eu\/wp-content\/uploads\/2026\/01\/IMG_8937-350x250.jpeg\" data-srcset=\"https:\/\/copolad.eu\/wp-content\/uploads\/2026\/01\/IMG_8937-350x250.jpeg 350w, https:\/\/copolad.eu\/wp-content\/uploads\/2026\/01\/IMG_8937-120x86.jpeg 120w, https:\/\/copolad.eu\/wp-content\/uploads\/2026\/01\/IMG_8937-750x536.jpeg 750w, https:\/\/copolad.eu\/wp-content\/uploads\/2026\/01\/IMG_8937-1140x815.jpeg 1140w\" data-sizes=\"auto\" data-expand=\"700\" \/><\/div><\/a>\n                        <div class=\"jeg_post_category\">\n                            <span><a href=\"https:\/\/copolad.eu\/es\/category\/guias\/\" class=\"category-guias\">Guias<\/a><\/span>\n                        <\/div>\n                    <\/div>\n                    <div class=\"jeg_postblock_content\">\n                        <h3 class=\"jeg_post_title\">\n                            <a href=\"https:\/\/copolad.eu\/es\/guias-de-servicios-comunitarios-y-territorializacion\/\">Gu\u00edas de servicios comunitarios y territorializacion<\/a>\n                        <\/h3>\n                        <div class=\"jeg_post_meta\"><div class=\"jeg_meta_date\"><a href=\"https:\/\/copolad.eu\/es\/guias-de-servicios-comunitarios-y-territorializacion\/\" ><i class=\"fa fa-clock-o\"><\/i> 2026\/01\/26<\/a><\/div><\/div>\n                    <\/div>\n                <\/article><article class=\"jeg_post jeg_pl_md_5 format-standard\">\n                    <div class=\"jeg_thumb\">\n                        \n                        <a href=\"https:\/\/copolad.eu\/es\/ue-y-celac-consolidan-su-cooperacion-en-materia-de-drogas-en-un-encuentro-de-alto-nivel-en-bruselas\/\"><div class=\"thumbnail-container animate-lazy  size-715 \"><img decoding=\"async\" width=\"350\" height=\"250\" src=\"https:\/\/copolad.eu\/wp-content\/themes\/jnews\/assets\/img\/jeg-empty.png\" class=\"attachment-jnews-350x250 size-jnews-350x250 lazyload wp-post-image\" alt=\"foto de familia\" sizes=\"(max-width: 350px) 100vw, 350px\" data-src=\"https:\/\/copolad.eu\/wp-content\/uploads\/2025\/12\/GroupFoto-350x250.jpg\" data-srcset=\"https:\/\/copolad.eu\/wp-content\/uploads\/2025\/12\/GroupFoto-350x250.jpg 350w, https:\/\/copolad.eu\/wp-content\/uploads\/2025\/12\/GroupFoto-120x86.jpg 120w, https:\/\/copolad.eu\/wp-content\/uploads\/2025\/12\/GroupFoto-750x536.jpg 750w, https:\/\/copolad.eu\/wp-content\/uploads\/2025\/12\/GroupFoto-1140x815.jpg 1140w\" data-sizes=\"auto\" data-expand=\"700\" \/><\/div><\/a>\n                        <div class=\"jeg_post_category\">\n                            <span><a href=\"https:\/\/copolad.eu\/es\/category\/noticia\/\" class=\"category-noticia\">Noticias<\/a><\/span>\n                        <\/div>\n                    <\/div>\n                    <div class=\"jeg_postblock_content\">\n                        <h3 class=\"jeg_post_title\">\n                            <a href=\"https:\/\/copolad.eu\/es\/ue-y-celac-consolidan-su-cooperacion-en-materia-de-drogas-en-un-encuentro-de-alto-nivel-en-bruselas\/\">UE y CELAC consolidan su cooperaci\u00f3n en materia de drogas en un encuentro de alto nivel en Bruselas<\/a>\n                        <\/h3>\n                        <div class=\"jeg_post_meta\"><div class=\"jeg_meta_date\"><a href=\"https:\/\/copolad.eu\/es\/ue-y-celac-consolidan-su-cooperacion-en-materia-de-drogas-en-un-encuentro-de-alto-nivel-en-bruselas\/\" ><i class=\"fa fa-clock-o\"><\/i> 2025\/12\/11<\/a><\/div><\/div>\n                    <\/div>\n                <\/article><article class=\"jeg_post jeg_pl_md_5 format-standard\">\n                    <div class=\"jeg_thumb\">\n                        \n                        <a href=\"https:\/\/copolad.eu\/es\/la-red-de-fiscales-antidroga-de-iberoamerica-aprueba-lineamientos-ambientales-para-mejorar-las-investigaciones-sobre-narcotrafico-en-la-region\/\"><div class=\"thumbnail-container animate-lazy  size-715 \"><img decoding=\"async\" width=\"350\" height=\"250\" src=\"https:\/\/copolad.eu\/wp-content\/themes\/jnews\/assets\/img\/jeg-empty.png\" class=\"attachment-jnews-350x250 size-jnews-350x250 lazyload wp-post-image\" alt=\"Fiscales antidroga aprueban recomendaciones para mejorar las investigaciones sobre medio ambiente y narcotr\u00e1fico\" sizes=\"(max-width: 350px) 100vw, 350px\" data-src=\"https:\/\/copolad.eu\/wp-content\/uploads\/2025\/12\/DSC_3136-350x250.jpg\" data-srcset=\"https:\/\/copolad.eu\/wp-content\/uploads\/2025\/12\/DSC_3136-350x250.jpg 350w, https:\/\/copolad.eu\/wp-content\/uploads\/2025\/12\/DSC_3136-120x86.jpg 120w, https:\/\/copolad.eu\/wp-content\/uploads\/2025\/12\/DSC_3136-750x536.jpg 750w, https:\/\/copolad.eu\/wp-content\/uploads\/2025\/12\/DSC_3136-1140x815.jpg 1140w\" data-sizes=\"auto\" data-expand=\"700\" \/><\/div><\/a>\n                        <div class=\"jeg_post_category\">\n                            <span><a href=\"https:\/\/copolad.eu\/es\/category\/noticia\/\" class=\"category-noticia\">Noticias<\/a><\/span>\n                        <\/div>\n                    <\/div>\n                    <div class=\"jeg_postblock_content\">\n                        <h3 class=\"jeg_post_title\">\n                            <a href=\"https:\/\/copolad.eu\/es\/la-red-de-fiscales-antidroga-de-iberoamerica-aprueba-lineamientos-ambientales-para-mejorar-las-investigaciones-sobre-narcotrafico-en-la-region\/\">Fiscales antidroga aprueban recomendaciones para mejorar las investigaciones sobre medio ambiente y narcotr\u00e1fico<\/a>\n                        <\/h3>\n                        <div class=\"jeg_post_meta\"><div class=\"jeg_meta_date\"><a href=\"https:\/\/copolad.eu\/es\/la-red-de-fiscales-antidroga-de-iberoamerica-aprueba-lineamientos-ambientales-para-mejorar-las-investigaciones-sobre-narcotrafico-en-la-region\/\" ><i class=\"fa fa-clock-o\"><\/i> 2025\/12\/05<\/a><\/div><\/div>\n                    <\/div>\n                <\/article><article class=\"jeg_post jeg_pl_md_5 format-standard\">\n                    <div class=\"jeg_thumb\">\n                        \n                        <a href=\"https:\/\/copolad.eu\/es\/colombia-adopta-una-nueva-politica-integral-de-atencion-al-consumo-problematico-de-drogas\/\"><div class=\"thumbnail-container animate-lazy  size-715 \"><img decoding=\"async\" width=\"350\" height=\"250\" src=\"https:\/\/copolad.eu\/wp-content\/themes\/jnews\/assets\/img\/jeg-empty.png\" class=\"attachment-jnews-350x250 size-jnews-350x250 lazyload wp-post-image\" alt=\"Colombia adopta una nueva pol\u00edtica integral de atenci\u00f3n al consumo problem\u00e1tico de drogas\u00a0\u00a0\" sizes=\"(max-width: 350px) 100vw, 350px\" data-src=\"https:\/\/copolad.eu\/wp-content\/uploads\/2025\/11\/37-350x250.jpg\" data-srcset=\"https:\/\/copolad.eu\/wp-content\/uploads\/2025\/11\/37-350x250.jpg 350w, https:\/\/copolad.eu\/wp-content\/uploads\/2025\/11\/37-120x86.jpg 120w, https:\/\/copolad.eu\/wp-content\/uploads\/2025\/11\/37-750x536.jpg 750w, https:\/\/copolad.eu\/wp-content\/uploads\/2025\/11\/37-1140x815.jpg 1140w\" data-sizes=\"auto\" data-expand=\"700\" \/><\/div><\/a>\n                        <div class=\"jeg_post_category\">\n                            <span><a href=\"https:\/\/copolad.eu\/es\/category\/noticia\/\" class=\"category-noticia\">Noticias<\/a><\/span>\n                        <\/div>\n                    <\/div>\n                    <div class=\"jeg_postblock_content\">\n                        <h3 class=\"jeg_post_title\">\n                            <a href=\"https:\/\/copolad.eu\/es\/colombia-adopta-una-nueva-politica-integral-de-atencion-al-consumo-problematico-de-drogas\/\">Colombia adopta una nueva pol\u00edtica integral de atenci\u00f3n al consumo problem\u00e1tico de drogas\u00a0\u00a0<\/a>\n                        <\/h3>\n                        <div class=\"jeg_post_meta\"><div class=\"jeg_meta_date\"><a href=\"https:\/\/copolad.eu\/es\/colombia-adopta-una-nueva-politica-integral-de-atencion-al-consumo-problematico-de-drogas\/\" ><i class=\"fa fa-clock-o\"><\/i> 2025\/11\/27<\/a><\/div><\/div>\n                    <\/div>\n                <\/article><article class=\"jeg_post jeg_pl_md_5 format-standard\">\n                    <div class=\"jeg_thumb\">\n                        \n                        <a href=\"https:\/\/copolad.eu\/es\/mexico-fentanilo-metanfetamina\/\"><div class=\"thumbnail-container animate-lazy  size-715 \"><img decoding=\"async\" width=\"350\" height=\"250\" src=\"https:\/\/copolad.eu\/wp-content\/themes\/jnews\/assets\/img\/jeg-empty.png\" class=\"attachment-jnews-350x250 size-jnews-350x250 lazyload wp-post-image\" alt=\"Mesa\" sizes=\"(max-width: 350px) 100vw, 350px\" data-src=\"https:\/\/copolad.eu\/wp-content\/uploads\/2025\/11\/IMG_8693-copia-350x250.jpg\" data-srcset=\"https:\/\/copolad.eu\/wp-content\/uploads\/2025\/11\/IMG_8693-copia-350x250.jpg 350w, https:\/\/copolad.eu\/wp-content\/uploads\/2025\/11\/IMG_8693-copia-120x86.jpg 120w, https:\/\/copolad.eu\/wp-content\/uploads\/2025\/11\/IMG_8693-copia-750x536.jpg 750w, https:\/\/copolad.eu\/wp-content\/uploads\/2025\/11\/IMG_8693-copia-1140x815.jpg 1140w\" data-sizes=\"auto\" data-expand=\"700\" \/><\/div><\/a>\n                        <div class=\"jeg_post_category\">\n                            <span><a href=\"https:\/\/copolad.eu\/es\/category\/noticia\/\" class=\"category-noticia\">Noticias<\/a><\/span>\n                        <\/div>\n                    <\/div>\n                    <div class=\"jeg_postblock_content\">\n                        <h3 class=\"jeg_post_title\">\n                            <a href=\"https:\/\/copolad.eu\/es\/mexico-fentanilo-metanfetamina\/\">M\u00e9xico refuerza la formaci\u00f3n del personal de salud para atender el consumo de fentanilo y metanfetamina<\/a>\n                        <\/h3>\n                        <div class=\"jeg_post_meta\"><div class=\"jeg_meta_date\"><a href=\"https:\/\/copolad.eu\/es\/mexico-fentanilo-metanfetamina\/\" ><i class=\"fa fa-clock-o\"><\/i> 2025\/11\/24<\/a><\/div><\/div>\n                    <\/div>\n                <\/article><article class=\"jeg_post jeg_pl_md_5 format-standard\">\n                    <div class=\"jeg_thumb\">\n                        \n                        <a href=\"https:\/\/copolad.eu\/es\/costa-rica-evalua-los-ultimos-20-anos-de-sus-politicas-de-drogas\/\"><div class=\"thumbnail-container animate-lazy  size-715 \"><img decoding=\"async\" width=\"350\" height=\"250\" src=\"https:\/\/copolad.eu\/wp-content\/themes\/jnews\/assets\/img\/jeg-empty.png\" class=\"attachment-jnews-350x250 size-jnews-350x250 lazyload wp-post-image\" alt=\"Costa Rica eval\u00faa los \u00faltimos 20 a\u00f1os de sus pol\u00edticas de drogas\" sizes=\"(max-width: 350px) 100vw, 350px\" data-src=\"https:\/\/copolad.eu\/wp-content\/uploads\/2025\/11\/00001-Entrevista-Cartago-350x250.jpg\" data-srcset=\"https:\/\/copolad.eu\/wp-content\/uploads\/2025\/11\/00001-Entrevista-Cartago-350x250.jpg 350w, https:\/\/copolad.eu\/wp-content\/uploads\/2025\/11\/00001-Entrevista-Cartago-120x86.jpg 120w, https:\/\/copolad.eu\/wp-content\/uploads\/2025\/11\/00001-Entrevista-Cartago-750x536.jpg 750w, https:\/\/copolad.eu\/wp-content\/uploads\/2025\/11\/00001-Entrevista-Cartago-1140x815.jpg 1140w\" data-sizes=\"auto\" data-expand=\"700\" \/><\/div><\/a>\n                        <div class=\"jeg_post_category\">\n                            <span><a href=\"https:\/\/copolad.eu\/es\/category\/notas-de-prensa\/\" class=\"category-notas-de-prensa\">Notas de prensa<\/a><\/span>\n                        <\/div>\n                    <\/div>\n                    <div class=\"jeg_postblock_content\">\n                        <h3 class=\"jeg_post_title\">\n                            <a href=\"https:\/\/copolad.eu\/es\/costa-rica-evalua-los-ultimos-20-anos-de-sus-politicas-de-drogas\/\">Costa Rica eval\u00faa los \u00faltimos 20 a\u00f1os de sus pol\u00edticas de drogas<\/a>\n                        <\/h3>\n                        <div class=\"jeg_post_meta\"><div class=\"jeg_meta_date\"><a href=\"https:\/\/copolad.eu\/es\/costa-rica-evalua-los-ultimos-20-anos-de-sus-politicas-de-drogas\/\" ><i class=\"fa fa-clock-o\"><\/i> 2025\/11\/14<\/a><\/div><\/div>\n                    <\/div>\n                <\/article><article class=\"jeg_post jeg_pl_md_5 format-standard\">\n                    <div class=\"jeg_thumb\">\n                        \n                        <a href=\"https:\/\/copolad.eu\/es\/precursoresmadrid\/\"><div class=\"thumbnail-container animate-lazy  size-715 \"><img decoding=\"async\" width=\"350\" height=\"250\" src=\"https:\/\/copolad.eu\/wp-content\/themes\/jnews\/assets\/img\/jeg-empty.png\" class=\"attachment-jnews-350x250 size-jnews-350x250 lazyload wp-post-image\" alt=\"Am\u00e9rica Latina y Caribe avanzan en la gesti\u00f3n sostenible de precursores qu\u00edmicos de drogas\" sizes=\"(max-width: 350px) 100vw, 350px\" data-src=\"https:\/\/copolad.eu\/wp-content\/uploads\/2025\/10\/WhatsApp-Image-2025-10-28-at-15.01.25-3-350x250.jpeg\" data-srcset=\"https:\/\/copolad.eu\/wp-content\/uploads\/2025\/10\/WhatsApp-Image-2025-10-28-at-15.01.25-3-350x250.jpeg 350w, https:\/\/copolad.eu\/wp-content\/uploads\/2025\/10\/WhatsApp-Image-2025-10-28-at-15.01.25-3-120x86.jpeg 120w, https:\/\/copolad.eu\/wp-content\/uploads\/2025\/10\/WhatsApp-Image-2025-10-28-at-15.01.25-3-750x536.jpeg 750w, https:\/\/copolad.eu\/wp-content\/uploads\/2025\/10\/WhatsApp-Image-2025-10-28-at-15.01.25-3-1140x815.jpeg 1140w\" data-sizes=\"auto\" data-expand=\"700\" \/><\/div><\/a>\n                        <div class=\"jeg_post_category\">\n                            <span><a href=\"https:\/\/copolad.eu\/es\/category\/noticia\/\" class=\"category-noticia\">Noticias<\/a><\/span>\n                        <\/div>\n                    <\/div>\n                    <div class=\"jeg_postblock_content\">\n                        <h3 class=\"jeg_post_title\">\n                            <a href=\"https:\/\/copolad.eu\/es\/precursoresmadrid\/\">Am\u00e9rica Latina y Caribe avanzan en la gesti\u00f3n sostenible de precursores qu\u00edmicos de drogas<\/a>\n                        <\/h3>\n                        <div class=\"jeg_post_meta\"><div class=\"jeg_meta_date\"><a href=\"https:\/\/copolad.eu\/es\/precursoresmadrid\/\" ><i class=\"fa fa-clock-o\"><\/i> 2025\/10\/28<\/a><\/div><\/div>\n                    <\/div>\n                <\/article><article class=\"jeg_post jeg_pl_md_5 format-standard\">\n                    <div class=\"jeg_thumb\">\n                        \n                        <a href=\"https:\/\/copolad.eu\/es\/guia-de-buenas-practicas-regionales-para-la-recuperacion-de-activos-y-la-efectiva-administracion-disposicion-y-destinacion-de-bienes-decomisados-la-experiencia-de-los-paises-miembros-del-gafilat\/\"><div class=\"thumbnail-container animate-lazy  size-715 \"><img decoding=\"async\" width=\"350\" height=\"250\" src=\"https:\/\/copolad.eu\/wp-content\/themes\/jnews\/assets\/img\/jeg-empty.png\" class=\"attachment-jnews-350x250 size-jnews-350x250 lazyload wp-post-image\" alt=\"Colombia, Brasil y Uruguay visitan la Uni\u00f3n Europea para fortalecer el uso social de bienes confiscados al crimen organizado\" sizes=\"(max-width: 350px) 100vw, 350px\" data-src=\"https:\/\/copolad.eu\/wp-content\/uploads\/2025\/10\/XT5A2555-350x250.jpg\" data-srcset=\"https:\/\/copolad.eu\/wp-content\/uploads\/2025\/10\/XT5A2555-350x250.jpg 350w, https:\/\/copolad.eu\/wp-content\/uploads\/2025\/10\/XT5A2555-120x86.jpg 120w, https:\/\/copolad.eu\/wp-content\/uploads\/2025\/10\/XT5A2555-750x536.jpg 750w, https:\/\/copolad.eu\/wp-content\/uploads\/2025\/10\/XT5A2555-1140x815.jpg 1140w\" data-sizes=\"auto\" data-expand=\"700\" \/><\/div><\/a>\n                        <div class=\"jeg_post_category\">\n                            <span><a href=\"https:\/\/copolad.eu\/es\/category\/guias\/\" class=\"category-guias\">Guias<\/a><\/span>\n                        <\/div>\n                    <\/div>\n                    <div class=\"jeg_postblock_content\">\n                        <h3 class=\"jeg_post_title\">\n                            <a href=\"https:\/\/copolad.eu\/es\/guia-de-buenas-practicas-regionales-para-la-recuperacion-de-activos-y-la-efectiva-administracion-disposicion-y-destinacion-de-bienes-decomisados-la-experiencia-de-los-paises-miembros-del-gafilat\/\">Gu\u00eda de Buenas Pr\u00e1cticas Regionales para la Recuperaci\u00f3n de Activos y la Efectiva Administraci\u00f3n, Disposici\u00f3n y Destinaci\u00f3n de Bienes Decomisados<\/a>\n                        <\/h3>\n                        <div class=\"jeg_post_meta\"><div class=\"jeg_meta_date\"><a href=\"https:\/\/copolad.eu\/es\/guia-de-buenas-practicas-regionales-para-la-recuperacion-de-activos-y-la-efectiva-administracion-disposicion-y-destinacion-de-bienes-decomisados-la-experiencia-de-los-paises-miembros-del-gafilat\/\" ><i class=\"fa fa-clock-o\"><\/i> 2025\/10\/15<\/a><\/div><\/div>\n                    <\/div>\n                <\/article>\n                    <\/div>\n                <\/div>\n                    <div class='module-overlay'>\n\t\t\t\t    <div class='preloader_type preloader_dot'>\n\t\t\t\t        <div class=\"module-preloader jeg_preloader dot\">\n\t\t\t\t            <span><\/span><span><\/span><span><\/span>\n\t\t\t\t        <\/div>\n\t\t\t\t        <div class=\"module-preloader jeg_preloader circle\">\n\t\t\t\t            <div class=\"jnews_preloader_circle_outer\">\n\t\t\t\t                <div class=\"jnews_preloader_circle_inner\"><\/div>\n\t\t\t\t            <\/div>\n\t\t\t\t        <\/div>\n\t\t\t\t        <div class=\"module-preloader jeg_preloader square\">\n\t\t\t\t            <div class=\"jeg_square\">\n\t\t\t\t                <div class=\"jeg_square_inner\"><\/div>\n\t\t\t\t            <\/div>\n\t\t\t\t        <\/div>\n\t\t\t\t    <\/div>\n\t\t\t\t<\/div>\n                <\/div>\n                <div class=\"jeg_block_navigation\">\n                    <div class='navigation_overlay'><div class='module-preloader jeg_preloader'><span><\/span><span><\/span><span><\/span><\/div><\/div>\n                    <div class=\"jeg_block_nav \">\n                    <a href=\"#\" class=\"prev disabled\" title=\"Previous\"><i class=\"fa fa-angle-left\"><\/i><\/a>\n                    <a href=\"#\" class=\"next \" title=\"Sig\"><i class=\"fa fa-angle-right\"><\/i><\/a>\n                <\/div>\n                    \n                <\/div>\n\t\t\t\t\t\n\t\t\t\t\t<script>var jnews_module__0_69e1e7fbe1251 = {\"header_icon\":\"\",\"first_title\":\"\",\"second_title\":\"\",\"url\":\"\",\"header_type\":\"heading_6\",\"header_background\":\"\",\"header_secondary_background\":\"\",\"header_text_color\":\"\",\"header_line_color\":\"\",\"header_accent_color\":\"\",\"header_filter_category\":\"\",\"header_filter_author\":\"\",\"header_filter_tag\":\"\",\"header_filter_text\":\"All\",\"sticky_post\":false,\"post_type\":\"post\",\"content_type\":\"all\",\"sponsor\":false,\"number_post\":\"9\",\"post_offset\":\"0\",\"unique_content\":\"disable\",\"include_post\":\"\",\"included_only\":false,\"exclude_post\":\"\",\"include_category\":\"35\",\"exclude_category\":\"\",\"include_author\":\"\",\"include_tag\":\"\",\"exclude_tag\":\"\",\"pais\":\"\",\"tipo_organizacion\":\"\",\"tipo_intervencion\":\"\",\"eb_course_cat\":\"\",\"event_category\":\"\",\"event_tag\":\"\",\"it-type\":\"\",\"sort_by\":\"latest\",\"date_format\":\"custom\",\"date_format_custom\":\"Y\\\/m\\\/d\",\"force_normal_image_load\":\"\",\"pagination_mode\":\"nextprev\",\"pagination_nextprev_showtext\":\"\",\"pagination_number_post\":\"9\",\"pagination_scroll_limit\":0,\"boxed\":\"\",\"boxed_shadow\":\"\",\"el_id\":\"\",\"el_class\":\"\",\"scheme\":\"\",\"column_width\":\"8\",\"title_color\":\"\",\"accent_color\":\"\",\"alt_color\":\"\",\"excerpt_color\":\"\",\"css\":\"\",\"compatible_column_notice\":\"\",\"paged\":1,\"column_class\":\"jeg_col_2o3\",\"class\":\"jnews_block_22\"};<\/script>\n\t\t\t\t<\/div>[\/vc_column][\/vc_row]<\/p>\n<\/div>","protected":false},"excerpt":{"rendered":"<p>[vc_row][vc_column][vc_custom_heading text=\u00bbNoticias\u00bb font_container=\u00bbtag:h1|font_size:48px|text_align:left|color:%2315110d|line_height:72px\u00bb google_fonts=\u00bbfont_family:Open%20Sans%3A300%2C300italic%2Cregular%2Citalic%2C600%2C600italic%2C700%2C700italic%2C800%2C800italic|font_style:700%20bold%20regular%3A700%3Anormal\u00bb][\/vc_column][\/vc_row]<\/p>\n","protected":false},"author":9,"featured_media":0,"parent":0,"menu_order":0,"comment_status":"closed","ping_status":"closed","template":"","meta":{"courseId":0,"jnews_page_loop":{"enable_page_loop":"0","first_title":"Latest Post","second_title":"","header_type":"heading_6","header_background":"","header_text_color":"","layout":"right-sidebar","sidebar":"default-sidebar","second_sidebar":"default-sidebar","sticky_sidebar":"1","module":"3","boxed":"0","boxed_shadow":"0","box_shadow":"0","excerpt_length":"20","content_date":"default","date_custom":"Y\/m\/d","content_pagination":"nav_1","pagination_align":"center","show_navtext":"0","show_pageinfo":"0","post_offset":"0","posts_per_page":"5","include_post":"","exclude_post":"","include_category":"","exclude_category":"","include_author":"","include_tag":"","exclude_tag":"","sort_by":"latest"},"jnews_single_page":{"layout":"no-sidebar","sidebar":"default-sidebar","second_sidebar":"default-sidebar","sticky_sidebar":"1","show_post_featured":"1","show_post_meta":"0","share_position":"hide","share_color":"share-monocrhome"},"jnews_social_meta":{"fb_title":"","fb_description":"Programa de Cooperaci\u00f3n entre Am\u00e9rica Latina, el Caribe y la Uni\u00f3n Europea en Pol\u00edticas sobre Drogas\u2026","fb_image":"","twitter_title":"","twitter_description":"Programa de Cooperaci\u00f3n entre Am\u00e9rica Latina, el Caribe y la Uni\u00f3n Europea en Pol\u00edticas sobre Drogas\u2026","twitter_image":""},"footnotes":""},"class_list":["post-3709","page","type-page","status-publish","hentry"],"acf":[],"_links":{"self":[{"href":"https:\/\/copolad.eu\/es\/wp-json\/wp\/v2\/pages\/3709"}],"collection":[{"href":"https:\/\/copolad.eu\/es\/wp-json\/wp\/v2\/pages"}],"about":[{"href":"https:\/\/copolad.eu\/es\/wp-json\/wp\/v2\/types\/page"}],"author":[{"embeddable":true,"href":"https:\/\/copolad.eu\/es\/wp-json\/wp\/v2\/users\/9"}],"replies":[{"embeddable":true,"href":"https:\/\/copolad.eu\/es\/wp-json\/wp\/v2\/comments?post=3709"}],"version-history":[{"count":1,"href":"https:\/\/copolad.eu\/es\/wp-json\/wp\/v2\/pages\/3709\/revisions"}],"predecessor-version":[{"id":10579,"href":"https:\/\/copolad.eu\/es\/wp-json\/wp\/v2\/pages\/3709\/revisions\/10579"}],"wp:attachment":[{"href":"https:\/\/copolad.eu\/es\/wp-json\/wp\/v2\/media?parent=3709"}],"curies":[{"name":"wp","href":"https:\/\/api.w.org\/{rel}","templated":true}]}}