{"id":3892,"date":"2021-12-29T14:09:28","date_gmt":"2021-12-29T13:09:28","guid":{"rendered":"https:\/\/copolad.ole.agency\/?page_id=3892"},"modified":"2024-05-09T12:28:08","modified_gmt":"2024-05-09T10:28:08","slug":"como-trabajamos","status":"publish","type":"page","link":"https:\/\/copolad.eu\/es\/como-trabajamos\/","title":{"rendered":"C\u00f3mo trabajamos"},"content":{"rendered":"<div class=\"wpb-content-wrapper\"><p>[vc_row][vc_column][vc_empty_space height=\u00bb10px\u00bb][\/vc_column][\/vc_row][vc_row vc_row_background=\u00bb\u00bb el_class=\u00bb.jeg_sidebar_left\u00bb][vc_column width=\u00bb2\/3&#8243;][vc_custom_heading text=\u00bbC\u00f3mo trabajamos\u00bb font_container=\u00bbtag:h1|font_size:48px|text_align:left|color:%23000000|line_height:72px\u00bb google_fonts=\u00bbfont_family:Open%20Sans%3A300%2C300italic%2Cregular%2Citalic%2C600%2C600italic%2C700%2C700italic%2C800%2C800italic|font_style:700%20bold%20regular%3A700%3Anormal\u00bb css=\u00bb.vc_custom_1649149200977{margin-top: 0px !important;}\u00bb][vc_single_image image=\u00bb3965&#8243; img_size=\u00bblarge\u00bb][vc_column_text]En \u00a0l\u00ednea con la \u00a0Estrategia de drogas de la UE 2021-2025, la tercera fase de COPOLAD apuesta por el fortalecimiento de las pol\u00edticas de drogas en coherencia con la Agenda 2030, as\u00ed como un enfoque integral que tenga en cuenta la coherencia de pol\u00edticas.<\/p>\n<p>COPOLAD cuenta con m\u00e1s de 500 actividades que buscar\u00e1n la mejora de las pol\u00edticas p\u00fablicas en los seis ejes del programa, tanto en lo que se refiere al apoyo a los Observatorios de Drogas, la oferta, demanda y di\u00e1logo UE-CELAC sobre drogas, as\u00ed como las l\u00edneas transversales de g\u00e9nero, derechos humanos, desarrollo e innovaci\u00f3n. Muchas de las actividades se desarrollar\u00e1n de forma online, para optimizar costes y reducir la huella de carbono del programa.<\/p>\n<ul>\n<li>Cursos de formaci\u00f3n<\/li>\n<li>Congresos y seminarios<\/li>\n<li>Comunidades de pr\u00e1ctica<\/li>\n<li>Movilizaci\u00f3n de la expertise europea<\/li>\n<li>Asistencia t\u00e9cnica<\/li>\n<li>Estudios e investigaciones<\/li>\n<li>Campa\u00f1as p\u00fablicas<\/li>\n<li>Apoyo a pilotos de innovaci\u00f3n en pol\u00edticas p\u00fablicas<\/li>\n<\/ul>\n<p>[\/vc_column_text][\/vc_column][vc_column width=\u00bb1\/3&#8243; sticky_sidebar=\u00bbyes\u00bb set_as_sidebar=\u00bbyes\u00bb][vc_wp_custommenu nav_menu=\u00bb32&#8243; el_class=\u00bbtab-style\u00bb][\/vc_column][\/vc_row]<\/p>\n<\/div>","protected":false},"excerpt":{"rendered":"<p>[vc_row][vc_column][vc_empty_space height=\u00bb10px\u00bb][\/vc_column][\/vc_row][vc_row vc_row_background=\u00bb\u00bb el_class=\u00bb.jeg_sidebar_left\u00bb][vc_column width=\u00bb2\/3&#8243;][vc_custom_heading text=\u00bbC\u00f3mo trabajamos\u00bb font_container=\u00bbtag:h1|font_size:48px|text_align:left|color:%23000000|line_height:72px\u00bb google_fonts=\u00bbfont_family:Open%20Sans%3A300%2C300italic%2Cregular%2Citalic%2C600%2C600italic%2C700%2C700italic%2C800%2C800italic|font_style:700%20bold%20regular%3A700%3Anormal\u00bb css=\u00bb.vc_custom_1649149200977{margin-top: 0px !important;}\u00bb][vc_single_image image=\u00bb3965&#8243; img_size=\u00bblarge\u00bb][vc_column_text]En \u00a0l\u00ednea con la \u00a0Estrategia de drogas de la UE 2021-2025, la tercera fase de COPOLAD apuesta por el fortalecimiento de las pol\u00edticas de drogas en coherencia con la Agenda 2030, as\u00ed como un enfoque integral que tenga en cuenta la coherencia [&hellip;]<\/p>\n","protected":false},"author":9,"featured_media":0,"parent":0,"menu_order":0,"comment_status":"closed","ping_status":"closed","template":"","meta":{"courseId":0,"jnews_page_loop":{"enable_page_loop":"0","first_title":"Latest Post","second_title":"","header_type":"heading_6","header_background":"","header_text_color":"","layout":"right-sidebar","sidebar":"default-sidebar","second_sidebar":"default-sidebar","sticky_sidebar":"1","module":"3","boxed":"0","boxed_shadow":"0","box_shadow":"0","excerpt_length":"20","content_date":"default","date_custom":"Y\/m\/d","content_pagination":"nav_1","pagination_align":"center","show_navtext":"0","show_pageinfo":"0","post_offset":"0","posts_per_page":"5","include_post":"","exclude_post":"","include_category":"","exclude_category":"","include_author":"","include_tag":"","exclude_tag":"","sort_by":"latest"},"jnews_single_page":{"layout":"no-sidebar","sidebar":"default-sidebar","second_sidebar":"default-sidebar","sticky_sidebar":"1","show_post_featured":"0","show_post_meta":"0","share_position":"hide","share_color":"share-monocrhome"},"jnews_social_meta":{"fb_title":"","fb_description":"","fb_image":"","twitter_title":"","twitter_description":"","twitter_image":""},"footnotes":""},"class_list":["post-3892","page","type-page","status-publish","hentry"],"acf":[],"_links":{"self":[{"href":"https:\/\/copolad.eu\/es\/wp-json\/wp\/v2\/pages\/3892"}],"collection":[{"href":"https:\/\/copolad.eu\/es\/wp-json\/wp\/v2\/pages"}],"about":[{"href":"https:\/\/copolad.eu\/es\/wp-json\/wp\/v2\/types\/page"}],"author":[{"embeddable":true,"href":"https:\/\/copolad.eu\/es\/wp-json\/wp\/v2\/users\/9"}],"replies":[{"embeddable":true,"href":"https:\/\/copolad.eu\/es\/wp-json\/wp\/v2\/comments?post=3892"}],"version-history":[{"count":1,"href":"https:\/\/copolad.eu\/es\/wp-json\/wp\/v2\/pages\/3892\/revisions"}],"predecessor-version":[{"id":10607,"href":"https:\/\/copolad.eu\/es\/wp-json\/wp\/v2\/pages\/3892\/revisions\/10607"}],"wp:attachment":[{"href":"https:\/\/copolad.eu\/es\/wp-json\/wp\/v2\/media?parent=3892"}],"curies":[{"name":"wp","href":"https:\/\/api.w.org\/{rel}","templated":true}]}}