{"id":4007,"date":"2022-01-05T13:26:46","date_gmt":"2022-01-05T12:26:46","guid":{"rendered":"https:\/\/copolad.ole.agency\/?page_id=4007"},"modified":"2024-09-19T13:12:39","modified_gmt":"2024-09-19T11:12:39","slug":"resultados-del-programa","status":"publish","type":"page","link":"https:\/\/copolad.eu\/es\/resultados-del-programa\/","title":{"rendered":"Resultados del programa"},"content":{"rendered":"<div class=\"wpb-content-wrapper\"><p>[vc_column][vc_custom_heading text=\u00bbResultados del programa\u00bb font_container=\u00bbtag:h1|font_size:48px|text_align:left|color:%2315110d|line_height:72px\u00bb google_fonts=\u00bbfont_family:Open%20Sans%3A300%2C300italic%2Cregular%2Citalic%2C600%2C600italic%2C700%2C700italic%2C800%2C800italic|font_style:700%20bold%20regular%3A700%3Anormal\u00bb][vc_column_text]<\/p>\n<p><a class=\"btn btn-danger\" href=\"https:\/\/copolad.eu\/wp-content\/uploads\/2024\/09\/COPOLAD_Ficha_OND_Mayo_2024.pdf\" target=\"_blank\" rel=\"noopener\">OBSERVATORIOS NACIONALES DE DROGAS<\/a> <a class=\"btn btn-danger\" href=\"https:\/\/copolad.eu\/wp-content\/uploads\/2024\/09\/COPOLAD_Ficha_Reduccio\u2560un_Demanda_Mayo_2024.pdf\" target=\"_blank\" rel=\"noopener\">REDUCCI\u00d3N DE LA DEMANDA<\/a> <a class=\"btn btn-danger\" href=\"https:\/\/copolad.eu\/wp-content\/uploads\/2024\/09\/COPOLAD_Ficha_Crimen_Orgnizado_Mayo_2024.pdf\" target=\"_blank\" rel=\"noopener\">LUCHA CONTRA EL NARCOTR\u00c1FICO<\/a><a class=\"btn btn-danger\" href=\"https:\/\/copolad.eu\/wp-content\/uploads\/2024\/09\/COPOLAD_Ficha_DAIS_Mayo_2024.pdf\" target=\"_blank\" rel=\"noopener\">DESARROLLO ALTERNATIVO INTEGRAL Y SOSTENIBLE (DAIS)<\/a> <a class=\"btn btn-danger\" href=\"https:\/\/copolad.eu\/wp-content\/uploads\/2024\/09\/COPOLAD_Ficha_Precursores_Mayo_2024.pdf\" target=\"_blank\" rel=\"noopener\">CONTROL DE PRECURSORES QU\u00cdMICOS DE DROGAS<\/a><a class=\"btn btn-danger\" href=\"https:\/\/copolad.eu\/wp-content\/uploads\/2024\/09\/COPOLAD_Ficha_Alternatividad_Mayo_2024.pdf\" target=\"_blank\" rel=\"noopener\">PROPORCIONALIDAD Y ALTERNATIVIDAD PENAL<\/a> <a class=\"btn btn-danger\" href=\"https:\/\/copolad.eu\/wp-content\/uploads\/2024\/09\/COPOLAD_Ficha_Tema\u2560utica_Dialogo_BiRegional_CELAC_UE_Politicas_Drogas_MAYO_2024.pdf\">Di\u00e1logo UE-CELAC en pol\u00edticas de drogas<\/a> <a class=\"btn btn-danger\" href=\"https:\/\/copolad.eu\/wp-content\/uploads\/2024\/09\/COPOLAD_Ficha_Tema\u2560utica_Genero_MUJERES_y_DROGAS_Mayo_2024.pdf\">Mujeres y drogas<\/a> <a class=\"btn btn-danger\" href=\"https:\/\/copolad.eu\/wp-content\/uploads\/2024\/09\/COPOLAD_Ficha_Tema\u2560utica_Innovacion_POLITICAS_DE_DROGAS_INNOVADOR_Mayo_2024.pdf\">Innovaci\u00f3n en pol\u00edticas de drogas<\/a><\/p>\n<p>El objetivo de COPOLAD III es mejorar el dise\u00f1o y la aplicaci\u00f3n de las pol\u00edticas relativas a la reducci\u00f3n de la demanda y la oferta de drogas en los pa\u00edses de Am\u00e9rica Latina y el Caribe, garantizando que se basen en<b> la evidencia, la salud p\u00fablica, el g\u00e9nero y los derechos humanos<\/b>. En esta ocasi\u00f3n, COPOLAD incorpora dos aspectos novedosos en su trabajo de cooperaci\u00f3n: por un lado, se abordar\u00e1n necesidades de \u00e1mbito nacional, m\u00e1s all\u00e1 de din\u00e1micas a nivel regional o multipais; por el otro, se van a desplegar procesos innovadores de dise\u00f1o y desarrollo de soluciones de pol\u00edtica p\u00fablica como parte de las herramientas estrat\u00e9gicas del programa.<\/p>\n<p>En esta tercera fase, COPOLAD trabajar\u00e1 en los siguientes \u00e1mbitos y l\u00edneas de acci\u00f3n:[\/vc_column_text][vc_tta_accordion color=\u00bborange\u00bb c_icon=\u00bbchevron\u00bb c_position=\u00bbright\u00bb active_section=\u00bb99&#8243; collapsible_all=\u00bbtrue\u00bb el_class=\u00bbacordeon-resultados\u00bb][vc_tta_section i_icon_fontawesome=\u00bbfas fa-search\u00bb add_icon=\u00bbtrue\u00bb title=\u00bb1. Fortalecida la capacidad t\u00e9cnica y el rol institucional de los Observatorios Nacionales sobre Drogas\u00bb tab_id=\u00bb1641385529407-1fe61831-4203&#8243; el_class=\u00bborange-item\u00bb][vc_row_inner css=\u00bb.vc_custom_1643626111786{margin-top: 50px !important;}\u00bb][vc_column_inner width=\u00bb1\/3&#8243;][vc_column_text el_id=\u00bbfont-sub-resultados\u00bb el_class=\u00bbfont-sub-resultados\u00bb]<\/p>\n<p style=\"padding-left: 40px;\">1.1 Apoyo estrat\u00e9gico al fortalecimiento de los sistemas nacionales y redes regionales de investigaci\u00f3n cient\u00edfica sobre drogas.<\/p>\n<p>[\/vc_column_text][\/vc_column_inner][vc_column_inner width=\u00bb1\/3&#8243;][vc_column_text el_id=\u00bbfont-sub-resultados\u00bb]<\/p>\n<p style=\"padding-left: 40px;\">1.2 Mejora de la capacidad de an\u00e1lisis y de incidencia de los ONDs.<\/p>\n<p>[\/vc_column_text][\/vc_column_inner][vc_column_inner width=\u00bb1\/3&#8243;][vc_column_text el_id=\u00bbfont-sub-resultados\u00bb]<\/p>\n<p style=\"padding-left: 40px;\">1.3 Incorporaci\u00f3n del enfoque diferencial y de derechos en los sistemas de informaci\u00f3n y de investigaci\u00f3n de los ONDs.<\/p>\n<p>[\/vc_column_text][\/vc_column_inner][\/vc_row_inner][vc_row_inner][vc_column_inner width=\u00bb1\/3&#8243;][vc_column_text el_id=\u00bbfont-sub-resultados\u00bb]<\/p>\n<p style=\"padding-left: 40px;\">1.4 Desarrollo y fortalecimiento de sistemas de seguimiento y evaluaci\u00f3n de las pol\u00edticas sobre drogas.<\/p>\n<p>[\/vc_column_text][\/vc_column_inner][vc_column_inner width=\u00bb1\/3&#8243;][vc_column_text el_id=\u00bbfont-sub-resultados\u00bb]<\/p>\n<p style=\"padding-left: 40px;\">1.5 Desarrollo y fortalecimiento de los Sistemas nacionales de Alerta Temprana SATs.<\/p>\n<p>[\/vc_column_text][\/vc_column_inner][vc_column_inner width=\u00bb1\/3&#8243;][vc_column_text el_id=\u00bbfont-sub-resultados\u00bb]<\/p>\n<p style=\"padding-left: 40px;\">1.6 Apoyo t\u00e9cnico al desarrollo de aspectos fundamntales de los ONDs y reuniones ONDs<\/p>\n<p>[\/vc_column_text][\/vc_column_inner][\/vc_row_inner][\/vc_tta_section][vc_tta_section i_icon_fontawesome=\u00bbfas fa-users\u00bb add_icon=\u00bbtrue\u00bb title=\u00bb2. Mejorada la coherencia, el equilibrio y calidad de las pol\u00edticas relacionadas con el consumo de drogas\u00bb tab_id=\u00bb1641386428462-4304320e-08d1&#8243; el_class=\u00bborange-item\u00bb][vc_row_inner css=\u00bb.vc_custom_1643626151543{margin-top: 50px !important;}\u00bb][vc_column_inner width=\u00bb1\/2&#8243;][vc_column_text el_id=\u00bbfont-sub-resultados\u00bb]<\/p>\n<p style=\"padding-left: 40px;\">2.1 Mejora del conocimiento sobre respuestas preventivas, sanitarias y sociales efectivas para abordar problemas de consumo de drogas.<\/p>\n<p>[\/vc_column_text][\/vc_column_inner][vc_column_inner width=\u00bb1\/2&#8243;][vc_column_text el_id=\u00bbfont-sub-resultados\u00bb]<\/p>\n<p style=\"padding-left: 40px;\">2.2 Apoyo a la adaptaci\u00f3n\/genreaci\u00f3n de progrmas y servicios de atenci\u00f3n de adicciones para atender las necesidades de las mujeres y poblaciones vulnerables y medidas para facilitar su acceso y la reducci\u00f3n del da\u00f1o.<\/p>\n<p>[\/vc_column_text][\/vc_column_inner][\/vc_row_inner][vc_row_inner][vc_column_inner width=\u00bb1\/2&#8243;][vc_column_text el_id=\u00bbfont-sub-resultados\u00bb]<\/p>\n<p style=\"padding-left: 40px;\">2.3 Apoyo al desarrollo de los sistemas nacionales de reinsercci\u00f3n socio-laboral de personas con problemas de consumo, con enfoque diferencial y de g\u00e9nero.<\/p>\n<p>[\/vc_column_text][\/vc_column_inner][vc_column_inner width=\u00bb1\/2&#8243;][vc_column_text el_id=\u00bbfont-sub-resultados\u00bb]<\/p>\n<p style=\"padding-left: 40px;\">2.4 Abordaje de las vunerabilidades para el desarrollo ligadas a las drogas en territorio.<\/p>\n<p>[\/vc_column_text][\/vc_column_inner][\/vc_row_inner][\/vc_tta_section][vc_tta_section i_icon_fontawesome=\u00bbfas fa-globe\u00bb add_icon=\u00bbtrue\u00bb title=\u00bb3. Aumentando el n\u00famero de pa\u00edses de ALC que han dise\u00f1ado y aplicado pol\u00edticas de reducci\u00f3n de la oferta de drogas basadas en los derechos humanos, el enfoque de g\u00e9nero, la inclusi\u00f3n social, el desarrollo sostenible y seguridad social\u00bb tab_id=\u00bb1641388614620-c3c72735-63d8&#8243; el_class=\u00bborange-item\u00bb][vc_row_inner css=\u00bb.vc_custom_1643626166379{margin-top: 50px !important;}\u00bb][vc_column_inner width=\u00bb1\/2&#8243;][vc_column_text el_id=\u00bbfont-sub-resultados\u00bb]<\/p>\n<p style=\"padding-left: 40px;\">3.1 Desarrollo Alternativo Integral y Sostenible (DAIS)<\/p>\n<p>[\/vc_column_text][\/vc_column_inner][vc_column_inner width=\u00bb1\/2&#8243;][vc_column_text el_id=\u00bbfont-sub-resultados\u00bb]<\/p>\n<p style=\"padding-left: 40px;\">3.2 Refuerzo efectivo de la cooperaci\u00f3n en las actividades de investigaci\u00f3n del tr\u00e1fico de drogas<\/p>\n<p>[\/vc_column_text][\/vc_column_inner][\/vc_row_inner][vc_row_inner][vc_column_inner width=\u00bb1\/2&#8243;][vc_column_text el_id=\u00bbfont-sub-resultados\u00bb]<\/p>\n<p style=\"padding-left: 40px;\">3.3 Armonizaci\u00f3n de leyes y estrategias comunes de lucha contra los capitales il\u00edcitos y el blanqueo de capitales, mediante la confiscaci\u00f3n de activos y la gesti\u00f3n de los activos decomisados<\/p>\n<p>[\/vc_column_text][\/vc_column_inner][vc_column_inner width=\u00bb1\/2&#8243;][vc_column_text el_id=\u00bbfont-sub-resultados\u00bb]<\/p>\n<p style=\"padding-left: 40px;\">3.4 Control de precursores qu\u00edmicos para la fabricaci\u00f3n de drogas ilegales<\/p>\n<p>[\/vc_column_text][\/vc_column_inner][\/vc_row_inner][vc_row_inner][vc_column_inner width=\u00bb1\/2&#8243;][vc_column_text el_id=\u00bbfont-sub-resultados\u00bb]<\/p>\n<p style=\"padding-left: 40px;\">3.5.Mejorar los resultados para el desarrollo sostenible de las pol\u00edticas de reducci\u00f3n de la oferta<\/p>\n<p>[\/vc_column_text][\/vc_column_inner][vc_column_inner width=\u00bb1\/2&#8243;][\/vc_column_inner][\/vc_row_inner][\/vc_tta_section][vc_tta_section i_icon_fontawesome=\u00bbfas fa-comments\u00bb add_icon=\u00bbtrue\u00bb title=\u00bb4. Mayores oportunidades de di\u00e1logo pol\u00edtico-t\u00e9cnico entre ambas regiones (UE-ALC), sobre la naturaleza de los problemas relacionados con las drogas y las mejores formas de afrontarlos\u00bb tab_id=\u00bb1641543466423-7726a108-6e01&#8243; el_class=\u00bborange-item\u00bb][vc_row_inner css=\u00bb.vc_custom_1643626181487{margin-top: 50px !important;}\u00bb][vc_column_inner width=\u00bb1\/2&#8243;][vc_column_text el_id=\u00bbfont-sub-resultados\u00bb]<\/p>\n<p style=\"padding-left: 40px;\">4.1 Espacios de coordinaci\u00f3n COPOLAD.<\/p>\n<p>[\/vc_column_text][\/vc_column_inner][vc_column_inner width=\u00bb1\/2&#8243;][vc_column_text el_id=\u00bbfont-sub-resultados\u00bb]<\/p>\n<p style=\"padding-left: 40px;\">4.2 Mejorar la coordinaci\u00f3n birregional LAC &#8211; UE en la lucha contra las drogas.<\/p>\n<p>[\/vc_column_text][\/vc_column_inner][\/vc_row_inner][vc_row_inner][vc_column_inner width=\u00bb1\/2&#8243;][vc_column_text el_id=\u00bbfont-sub-resultados\u00bb]<\/p>\n<p style=\"padding-left: 40px;\">4.3 Profundizaci\u00f3n conocimiento sobre el fen\u00f3meno sobre las drogas e impacto de las pol\u00edticas p\u00fablicas sobre drogas.<\/p>\n<p>[\/vc_column_text][\/vc_column_inner][vc_column_inner width=\u00bb1\/2&#8243;][vc_column_text el_id=\u00bbfont-sub-resultados\u00bb]<\/p>\n<p style=\"padding-left: 40px;\">4.4 Impulsar la capacidad de incidencia en el seno del Mecanismo de Coordinaci\u00f3n UE &#8211; CELAC para la mejora de las pol\u00edticas p\u00fablicas.<\/p>\n<p>[\/vc_column_text][\/vc_column_inner][\/vc_row_inner][\/vc_tta_section][vc_tta_section i_icon_fontawesome=\u00bbfas fa-random\u00bb add_icon=\u00bbtrue\u00bb title=\u00bb5. Enfoques transversales\u00bb tab_id=\u00bb1641543832623-8d455f7d-1842&#8243; el_class=\u00bborange-item\u00bb][vc_row_inner css=\u00bb.vc_custom_1643626194553{margin-top: 50px !important;}\u00bb][vc_column_inner width=\u00bb1\/2&#8243;][vc_column_text el_id=\u00bbfont-sub-resultados\u00bb]<\/p>\n<p class=\"elemento2-lista\" style=\"padding-left: 40px;\">A. Desarrollo sostenible, derechos humanos y g\u00e9nero<\/p>\n<p style=\"padding-left: 40px;\">5.1 Conceptualizaci\u00f3n y consolidaci\u00f3n del enfoque de desarrollo sostenible, derechos humanos y equidad de g\u00e9nero en el marco de las pol\u00edticas p\u00fablicas sobre drogas.<\/p>\n<p>[\/vc_column_text][\/vc_column_inner][vc_column_inner width=\u00bb1\/2&#8243;][vc_column_text el_id=\u00bbfont-sub-resultados\u00bb]<\/p>\n<p class=\"elemento2-lista\" style=\"padding-left: 40px;\">A. Desarrollo sostenible, derechos humanos y g\u00e9nero<\/p>\n<p style=\"padding-left: 40px;\">5.2 Mejora de los resultados para los derechos humanos de las pol\u00edticas de control de la oferta de drogas.<\/p>\n<p>[\/vc_column_text][\/vc_column_inner][\/vc_row_inner][vc_row_inner][vc_column_inner width=\u00bb1\/2&#8243;][vc_column_text el_id=\u00bbfont-sub-resultados\u00bb]<\/p>\n<p class=\"elemento2-lista\" style=\"padding-left: 40px;\">A. Desarrollo sostenible, derechos humanos y g\u00e9nero<\/p>\n<p style=\"padding-left: 40px;\">5.3 Estudio del impacto negativo sobre el medio ambiente vinculado a la producci\u00f3n y tr\u00e1fico de drogas il\u00edcitas y a las intervenciones de reducci\u00f3n de la oferta<\/p>\n<p>[\/vc_column_text][\/vc_column_inner][vc_column_inner width=\u00bb1\/2&#8243;][vc_column_text el_id=\u00bbfont-sub-resultados\u00bb]<\/p>\n<p class=\"elemento2-lista\" style=\"padding-left: 40px;\">B. Innovaci\u00f3n en pol\u00edticas de drogas<\/p>\n<p style=\"padding-left: 40px;\">5.4 Incorporaci\u00f3n de herramientas de innovaci\u00f3n para el dise\u00f1o de soluciones de pol\u00edtica p\u00fablica sobre drogas basadas en desarrollo sostenible.<\/p>\n<p>[\/vc_column_text][\/vc_column_inner][\/vc_row_inner][\/vc_tta_section][\/vc_tta_accordion][\/vc_column][\/vc_row]<\/p>\n<\/div>","protected":false},"excerpt":{"rendered":"<p>[vc_column][vc_custom_heading text=\u00bbResultados del programa\u00bb font_container=\u00bbtag:h1|font_size:48px|text_align:left|color:%2315110d|line_height:72px\u00bb google_fonts=\u00bbfont_family:Open%20Sans%3A300%2C300italic%2Cregular%2Citalic%2C600%2C600italic%2C700%2C700italic%2C800%2C800italic|font_style:700%20bold%20regular%3A700%3Anormal\u00bb][vc_column_text] OBSERVATORIOS NACIONALES DE DROGAS REDUCCI\u00d3N DE LA DEMANDA LUCHA CONTRA EL NARCOTR\u00c1FICODESARROLLO ALTERNATIVO INTEGRAL Y SOSTENIBLE (DAIS) CONTROL DE PRECURSORES QU\u00cdMICOS DE DROGASPROPORCIONALIDAD Y ALTERNATIVIDAD PENAL Di\u00e1logo UE-CELAC en pol\u00edticas de drogas Mujeres y drogas Innovaci\u00f3n en pol\u00edticas de drogas El objetivo de COPOLAD III es mejorar el dise\u00f1o [&hellip;]<\/p>\n","protected":false},"author":9,"featured_media":0,"parent":0,"menu_order":0,"comment_status":"closed","ping_status":"closed","template":"","meta":{"courseId":0,"jnews_page_loop":{"enable_page_loop":"0","first_title":"Latest Post","second_title":"","header_type":"heading_6","header_background":"","header_text_color":"","layout":"right-sidebar","sidebar":"default-sidebar","second_sidebar":"default-sidebar","sticky_sidebar":"1","module":"3","boxed":"0","boxed_shadow":"0","box_shadow":"0","excerpt_length":"20","content_date":"default","date_custom":"Y\/m\/d","content_pagination":"nav_1","pagination_align":"center","show_navtext":"0","show_pageinfo":"0","post_offset":"0","posts_per_page":"5","include_post":"","exclude_post":"","include_category":"","exclude_category":"","include_author":"","include_tag":"","exclude_tag":"","sort_by":"latest"},"jnews_single_page":{"layout":"no-sidebar","sidebar":"default-sidebar","second_sidebar":"default-sidebar","sticky_sidebar":"1","show_post_featured":"0","show_post_meta":"0","share_position":"hide","share_color":"share-monocrhome"},"jnews_social_meta":{"fb_title":"","fb_description":"","fb_image":"","twitter_title":"","twitter_description":"","twitter_image":""},"footnotes":""},"class_list":["post-4007","page","type-page","status-publish","hentry"],"acf":[],"_links":{"self":[{"href":"https:\/\/copolad.eu\/es\/wp-json\/wp\/v2\/pages\/4007"}],"collection":[{"href":"https:\/\/copolad.eu\/es\/wp-json\/wp\/v2\/pages"}],"about":[{"href":"https:\/\/copolad.eu\/es\/wp-json\/wp\/v2\/types\/page"}],"author":[{"embeddable":true,"href":"https:\/\/copolad.eu\/es\/wp-json\/wp\/v2\/users\/9"}],"replies":[{"embeddable":true,"href":"https:\/\/copolad.eu\/es\/wp-json\/wp\/v2\/comments?post=4007"}],"version-history":[{"count":7,"href":"https:\/\/copolad.eu\/es\/wp-json\/wp\/v2\/pages\/4007\/revisions"}],"predecessor-version":[{"id":11485,"href":"https:\/\/copolad.eu\/es\/wp-json\/wp\/v2\/pages\/4007\/revisions\/11485"}],"wp:attachment":[{"href":"https:\/\/copolad.eu\/es\/wp-json\/wp\/v2\/media?parent=4007"}],"curies":[{"name":"wp","href":"https:\/\/api.w.org\/{rel}","templated":true}]}}