{"id":4066,"date":"2022-01-10T12:26:59","date_gmt":"2022-01-10T11:26:59","guid":{"rendered":"https:\/\/copolad.ole.agency\/?page_id=4066"},"modified":"2024-05-09T10:50:24","modified_gmt":"2024-05-09T08:50:24","slug":"directorio-de-centros-y-servicios","status":"publish","type":"page","link":"https:\/\/copolad.eu\/es\/directorio-de-centros-y-servicios\/","title":{"rendered":"Directorio de centros y servicios"},"content":{"rendered":"<div class=\"wpb-content-wrapper\"><p>[vc_row][vc_column][vc_row_inner css=\u00bb.vc_custom_1644588630985{margin-bottom: 50px !important;}\u00bb][vc_column_inner][vc_single_image image=\u00bb5133&#8243; img_size=\u00bblarge\u00bb alignment=\u00bbcenter\u00bb][vc_column_text]<\/p>\n<p style=\"text-align: left;\">Aqu\u00ed podr\u00e1s encontrar algunos centros o servicios destinados a la prevenci\u00f3n, atenci\u00f3n y apoyo a personas afectadas por el consumo problem\u00e1tico de drogas. La Comisi\u00f3n Europea (CE), la Fundaci\u00f3n Internacional y para Iberoam\u00e9rica de Administraci\u00f3n y Pol\u00edticas P\u00fablicas (FIIAPP), y espec\u00edficamente, la Entidad de Coordinaci\u00f3n y Ejecuci\u00f3n de COPOLAD no es responsable en modo alguno del contenido o de los datos recogidos en el Directorio de Centros y Servicios de COPOLAD. En todos los casos, la informaci\u00f3n proporcionada ha sido cribada por la Agencia responsable de las pol\u00edticas de drogas en cada pa\u00eds. Los datos referenciados de los Centros y Servicios son \u00fanica responsabilidad de las instituciones que los proporcionan y, por tanto, su inserci\u00f3n en dicho Directorio, no refleja en caso alguno el apoyo a posicionamientos o procesos desarrollados por cada centro o servicio. De igual forma, dichos Centros o Servicios no reciben en caso alguno, financiaci\u00f3n de ning\u00fan tipo por parte del Programa COPOLAD o de la Comisi\u00f3n Europea.<\/p>\n<p>[\/vc_column_text][\/vc_column_inner][\/vc_row_inner][vc_raw_html el_class=\u00bbtabla-centros-servicios\u00bb]JTVCcG9zdHNfdGFibGUlMjBjb2x1bW5zJTNEJTIydGl0bGUlMkNjZiUzQWx1Z2FyJTJDY2YlM0F3ZWJjb250YWN0byUzQVdlYiUyMCUyRiUyMENvbnRhY3RvJTJDY2YlM0Fvcmdhbml6YWNpb24lMkNjZiUzQWludGVydmVuY2lvbiUyMiUyMGZpbHRlcnMlM0QlMjJ0YXglM0FwYWlzJTJDdGF4JTNBdGlwb19vcmdhbml6YWNpb24lMkN0YXglM0F0aXBvX2ludGVydmVuY2lvbiUyMiU1RA==[\/vc_raw_html][\/vc_column][\/vc_row]<\/p>\n<\/div>","protected":false},"excerpt":{"rendered":"<p>[vc_row][vc_column][vc_row_inner css=\u00bb.vc_custom_1644588630985{margin-bottom: 50px !important;}\u00bb][vc_column_inner][vc_single_image image=\u00bb5133&#8243; img_size=\u00bblarge\u00bb alignment=\u00bbcenter\u00bb][vc_column_text] Aqu\u00ed podr\u00e1s encontrar algunos centros o servicios destinados a la prevenci\u00f3n, atenci\u00f3n y apoyo a personas afectadas por el consumo problem\u00e1tico de drogas. La Comisi\u00f3n Europea (CE), la Fundaci\u00f3n Internacional y para Iberoam\u00e9rica de Administraci\u00f3n y Pol\u00edticas P\u00fablicas (FIIAPP), y espec\u00edficamente, la Entidad de Coordinaci\u00f3n y Ejecuci\u00f3n de [&hellip;]<\/p>\n","protected":false},"author":9,"featured_media":0,"parent":0,"menu_order":0,"comment_status":"closed","ping_status":"closed","template":"","meta":{"courseId":0,"jnews_page_loop":{"enable_page_loop":"0","first_title":"Latest Post","second_title":"","header_type":"heading_6","header_background":"","header_text_color":"","layout":"right-sidebar","sidebar":"default-sidebar","second_sidebar":"default-sidebar","sticky_sidebar":"1","module":"3","boxed":"0","boxed_shadow":"0","box_shadow":"0","excerpt_length":"20","content_date":"default","date_custom":"Y\/m\/d","content_pagination":"nav_1","pagination_align":"center","show_navtext":"0","show_pageinfo":"0","post_offset":"0","posts_per_page":"5","include_post":"","exclude_post":"","include_category":"","exclude_category":"","include_author":"","include_tag":"","exclude_tag":"","sort_by":"latest"},"jnews_single_page":{"layout":"no-sidebar","sidebar":"default-sidebar","second_sidebar":"default-sidebar","sticky_sidebar":"1","show_post_featured":"0","show_post_meta":"0","share_position":"hide","share_color":"share-monocrhome"},"jnews_social_meta":{"fb_title":"","fb_description":"","fb_image":"","twitter_title":"","twitter_description":"","twitter_image":""},"footnotes":""},"class_list":["post-4066","page","type-page","status-publish","hentry"],"acf":[],"_links":{"self":[{"href":"https:\/\/copolad.eu\/es\/wp-json\/wp\/v2\/pages\/4066"}],"collection":[{"href":"https:\/\/copolad.eu\/es\/wp-json\/wp\/v2\/pages"}],"about":[{"href":"https:\/\/copolad.eu\/es\/wp-json\/wp\/v2\/types\/page"}],"author":[{"embeddable":true,"href":"https:\/\/copolad.eu\/es\/wp-json\/wp\/v2\/users\/9"}],"replies":[{"embeddable":true,"href":"https:\/\/copolad.eu\/es\/wp-json\/wp\/v2\/comments?post=4066"}],"version-history":[{"count":1,"href":"https:\/\/copolad.eu\/es\/wp-json\/wp\/v2\/pages\/4066\/revisions"}],"predecessor-version":[{"id":8280,"href":"https:\/\/copolad.eu\/es\/wp-json\/wp\/v2\/pages\/4066\/revisions\/8280"}],"wp:attachment":[{"href":"https:\/\/copolad.eu\/es\/wp-json\/wp\/v2\/media?parent=4066"}],"curies":[{"name":"wp","href":"https:\/\/api.w.org\/{rel}","templated":true}]}}