{"id":4750,"date":"2022-02-02T14:48:16","date_gmt":"2022-02-02T13:48:16","guid":{"rendered":"https:\/\/copolad.ole.agency\/?page_id=4750"},"modified":"2024-05-09T12:35:17","modified_gmt":"2024-05-09T10:35:17","slug":"politica-de-privacidad","status":"publish","type":"page","link":"https:\/\/copolad.eu\/es\/politica-de-privacidad\/","title":{"rendered":"Pol\u00edtica de privacidad"},"content":{"rendered":"<div class=\"wpb-content-wrapper\"><p>[vc_row full_width=\u00bbstretch_row\u00bb vc_row_background=\u00bb\u00bb css=\u00bb.vc_custom_1643809506755{background-image: url(https:\/\/copolad.eu\/wp-content\/uploads\/2022\/02\/background_que_es_copolad.jpg?id=4751) !important;}\u00bb][vc_column][vc_custom_heading text=\u00bbPOL\u00cdTICA DE PRIVACIDAD\u00bb font_container=\u00bbtag:h1|font_size:40px|text_align:center|color:rgba(255%2C255%2C255%2C0.29)\u00bb use_theme_fonts=\u00bbyes\u00bb css=\u00bb.vc_custom_1643810649882{margin-top: 50px !important;margin-bottom: 35px !important;}\u00bb][vc_custom_heading text=\u00bbPOL\u00cdTICA DE PRIVACIDAD\u00bb font_container=\u00bbtag:h1|font_size:55px|text_align:center|color:%23ffffff\u00bb use_theme_fonts=\u00bbyes\u00bb css=\u00bb.vc_custom_1643810660377{margin-bottom: 50px !important;}\u00bb el_id=\u00bbmy-sub-politica\u00bb][\/vc_column][\/vc_row][vc_row vc_row_background=\u00bb\u00bb css=\u00bb.vc_custom_1643810945983{margin-top: 70px !important;}\u00bb][vc_column][vc_column_text]<\/p>\n<p style=\"text-align: justify;\">Algunos de los ficheros de datos solicitados en los servicios de esta Web contienen datos personales. De acuerdo con La Ley Org\u00e1nica 3\/2018, de 5 de diciembre, de Protecci\u00f3n de Datos Personales y garant\u00eda de los derechos digitales, COPOLAD se compromete al cumplimiento de su obligaci\u00f3n de secreto con respecto a estos datos y al deber de tratarlos con confidencialidad. A estos efectos, adoptar\u00e1 las medidas necesarias para evitar su alteraci\u00f3n, p\u00e9rdida, tratamiento o acceso no autorizado.<\/p>\n<p style=\"text-align: justify;\">La recogida y tratamiento automatizado de los datos personales tiene como finalidad la gesti\u00f3n, prestaci\u00f3n, ampliaci\u00f3n y mejora de los servicios de usuario y obtener datos estad\u00edsticos de los mismos.<\/p>\n<p style=\"text-align: justify;\">El usuario podr\u00e1 ejercitar en todo momento los derechos de acceso, rectificaci\u00f3n, cancelaci\u00f3n u oposici\u00f3n remitiendo un correo electr\u00f3nico a\u00a0<span class=\"of-mailto\">ue.dalopoc@ofni<\/span><\/p>\n<p>[\/vc_column_text][\/vc_column][\/vc_row]<\/p>\n<\/div>","protected":false},"excerpt":{"rendered":"<p>[vc_row full_width=\u00bbstretch_row\u00bb vc_row_background=\u00bb\u00bb css=\u00bb.vc_custom_1643809506755{background-image: url(https:\/\/copolad.eu\/wp-content\/uploads\/2022\/02\/background_que_es_copolad.jpg?id=4751) !important;}\u00bb][vc_column][vc_custom_heading text=\u00bbPOL\u00cdTICA DE PRIVACIDAD\u00bb font_container=\u00bbtag:h1|font_size:40px|text_align:center|color:rgba(255%2C255%2C255%2C0.29)\u00bb use_theme_fonts=\u00bbyes\u00bb css=\u00bb.vc_custom_1643810649882{margin-top: 50px !important;margin-bottom: 35px !important;}\u00bb][vc_custom_heading text=\u00bbPOL\u00cdTICA DE PRIVACIDAD\u00bb font_container=\u00bbtag:h1|font_size:55px|text_align:center|color:%23ffffff\u00bb use_theme_fonts=\u00bbyes\u00bb css=\u00bb.vc_custom_1643810660377{margin-bottom: 50px !important;}\u00bb el_id=\u00bbmy-sub-politica\u00bb][\/vc_column][\/vc_row][vc_row vc_row_background=\u00bb\u00bb css=\u00bb.vc_custom_1643810945983{margin-top: 70px !important;}\u00bb][vc_column][vc_column_text] Algunos de los ficheros de datos solicitados en los servicios de esta Web contienen datos personales. De acuerdo con La Ley Org\u00e1nica 3\/2018, de 5 de [&hellip;]<\/p>\n","protected":false},"author":4,"featured_media":0,"parent":0,"menu_order":0,"comment_status":"closed","ping_status":"closed","template":"","meta":{"courseId":0,"jnews_page_loop":{"enable_page_loop":"0","first_title":"Latest Post","second_title":"","header_type":"heading_6","header_background":"","header_text_color":"","layout":"right-sidebar","sidebar":"default-sidebar","second_sidebar":"default-sidebar","sticky_sidebar":"1","module":"3","boxed":"0","boxed_shadow":"0","box_shadow":"0","excerpt_length":"20","content_date":"default","date_custom":"Y\/m\/d","content_pagination":"nav_1","pagination_align":"center","show_navtext":"0","show_pageinfo":"0","post_offset":"0","posts_per_page":"5","include_post":"","exclude_post":"","include_category":"","exclude_category":"","include_author":"","include_tag":"","exclude_tag":"","sort_by":"latest"},"jnews_single_page":{"layout":"no-sidebar","sidebar":"default-sidebar","second_sidebar":"default-sidebar","sticky_sidebar":"1","show_post_featured":"0","show_post_meta":"0","share_position":"hide","share_color":"share-monocrhome"},"jnews_social_meta":{"fb_title":"","fb_description":"","fb_image":"","twitter_title":"","twitter_description":"","twitter_image":""},"footnotes":""},"class_list":["post-4750","page","type-page","status-publish","hentry"],"acf":[],"_links":{"self":[{"href":"https:\/\/copolad.eu\/es\/wp-json\/wp\/v2\/pages\/4750"}],"collection":[{"href":"https:\/\/copolad.eu\/es\/wp-json\/wp\/v2\/pages"}],"about":[{"href":"https:\/\/copolad.eu\/es\/wp-json\/wp\/v2\/types\/page"}],"author":[{"embeddable":true,"href":"https:\/\/copolad.eu\/es\/wp-json\/wp\/v2\/users\/4"}],"replies":[{"embeddable":true,"href":"https:\/\/copolad.eu\/es\/wp-json\/wp\/v2\/comments?post=4750"}],"version-history":[{"count":2,"href":"https:\/\/copolad.eu\/es\/wp-json\/wp\/v2\/pages\/4750\/revisions"}],"predecessor-version":[{"id":8005,"href":"https:\/\/copolad.eu\/es\/wp-json\/wp\/v2\/pages\/4750\/revisions\/8005"}],"wp:attachment":[{"href":"https:\/\/copolad.eu\/es\/wp-json\/wp\/v2\/media?parent=4750"}],"curies":[{"name":"wp","href":"https:\/\/api.w.org\/{rel}","templated":true}]}}