{"id":5158,"date":"2022-02-14T09:33:14","date_gmt":"2022-02-14T08:33:14","guid":{"rendered":"https:\/\/copolad.ole.agency\/?page_id=5158"},"modified":"2022-02-17T11:41:40","modified_gmt":"2022-02-17T10:41:40","slug":"herramientas-bida","status":"publish","type":"page","link":"https:\/\/copolad.eu\/es\/herramientas-bida\/","title":{"rendered":"Biblioteca virtual BIDA"},"content":{"rendered":"<div class=\"wpb-content-wrapper\"><p>[vc_row][vc_column][vc_custom_heading text=\u00bbBIBLIOTECA IBEROAMERICANA SOBRE DROGAS Y ADICCIONES (BIDA)\u00bb font_container=\u00bbtag:h1|text_align:left|color:%23000000&#8243; google_fonts=\u00bbfont_family:Open%20Sans%3A300%2C300italic%2Cregular%2Citalic%2C600%2C600italic%2C700%2C700italic%2C800%2C800italic|font_style:700%20bold%20regular%3A700%3Anormal\u00bb][vc_empty_space][vc_row_inner equal_height=\u00bbyes\u00bb content_placement=\u00bbtop\u00bb][vc_column_inner width=\u00bb5\/12&#8243;][vc_single_image image=\u00bb187&#8243; img_size=\u00bblarge\u00bb el_class=\u00bbimg-bida\u00bb][\/vc_column_inner][vc_column_inner width=\u00bb7\/12&#8243;][vc_column_text]Si usted es profesional, cient\u00edfico, o una persona que simplemente busca informaci\u00f3n sobre drogas y adicciones, esperamos que aqu\u00ed encuentre la informaci\u00f3n que necesita.<\/p>\n<p>Nuestros servicios responden a demandas que van desde aspectos muy especializados en materia de drogas y adicciones, hasta necesidades b\u00e1sicas de informaci\u00f3n o divulgaci\u00f3n.<\/p>\n<p>BIDA cuenta con amplias colecciones que abarcan tanto las primeras publicaciones modernas en este campo, como las revistas electr\u00f3nicas de hoy.[\/vc_column_text][\/vc_column_inner][\/vc_row_inner][vc_empty_space][vc_row_inner content_placement=\u00bbmiddle\u00bb][vc_column_inner width=\u00bb7\/12&#8243; offset=\u00bbvc_col-xs-12&#8243;][vc_custom_heading text=\u00bb\u00bfQu\u00e9 es BIDA?\u00bb font_container=\u00bbtag:h2|text_align:left|color:%23000000&#8243; google_fonts=\u00bbfont_family:Open%20Sans%3A300%2C300italic%2Cregular%2Citalic%2C600%2C600italic%2C700%2C700italic%2C800%2C800italic|font_style:600%20bold%20regular%3A600%3Anormal\u00bb][vc_column_text]La Biblioteca Iberoamericana sobre Drogas y Adicciones (BIDA) es una plataforma virtual de gesti\u00f3n descentralizada del conocimiento especializado en el \u00e1mbito de las drogas y las adicciones.<\/p>\n<p>Constituida en al a\u00f1o 2014 en el marco del Programa de Cooperaci\u00f3n entre Am\u00e9rica Latina y la Uni\u00f3n Europea en Pol\u00edticas sobre Drogas (COPOLAD), BIDA cuenta con la financiaci\u00f3n de la Uni\u00f3n Europea a trav\u00e9s de la Direcci\u00f3n General de Desarrollo y Cooperaci\u00f3n \u2013 EuropeAid para su desarrollo y mantenimiento.<\/p>\n<p>Actualmente, BIDA est\u00e1 integrada por una Red de 10 Centros de Documentaci\u00f3n pertenecientes a las Agencias Nacionales de Drogas de Argentina, Chile, Colombia, Costa Rica, Ecuador, Espa\u00f1a, M\u00e9xico, Per\u00fa, Portugal y Uruguay.[\/vc_column_text][\/vc_column_inner][vc_column_inner width=\u00bb5\/12&#8243; offset=\u00bbvc_col-xs-12&#8243;][vc_single_image image=\u00bb5573&#8243; img_size=\u00bblarge\u00bb][\/vc_column_inner][\/vc_row_inner][\/vc_column][\/vc_row][vc_row][vc_column][vc_empty_space][vc_btn title=\u00bbAcceder a BIDA\u00bb color=\u00bborange\u00bb align=\u00bbcenter\u00bb i_icon_fontawesome=\u00bbfas fa-arrow-right\u00bb add_icon=\u00bbtrue\u00bb link=\u00bburl:http%3A%2F%2Fbida.copolad.eu%2F\u00bb el_class=\u00bbboton-bida\u00bb][\/vc_column][\/vc_row]<\/p>\n<\/div>","protected":false},"excerpt":{"rendered":"<p>[vc_row][vc_column][vc_custom_heading text=\u00bbBIBLIOTECA IBEROAMERICANA SOBRE DROGAS Y ADICCIONES (BIDA)\u00bb font_container=\u00bbtag:h1|text_align:left|color:%23000000&#8243; google_fonts=\u00bbfont_family:Open%20Sans%3A300%2C300italic%2Cregular%2Citalic%2C600%2C600italic%2C700%2C700italic%2C800%2C800italic|font_style:700%20bold%20regular%3A700%3Anormal\u00bb][vc_empty_space][vc_row_inner equal_height=\u00bbyes\u00bb content_placement=\u00bbtop\u00bb][vc_column_inner width=\u00bb5\/12&#8243;][vc_single_image image=\u00bb187&#8243; img_size=\u00bblarge\u00bb el_class=\u00bbimg-bida\u00bb][\/vc_column_inner][vc_column_inner width=\u00bb7\/12&#8243;][vc_column_text]Si usted es profesional, cient\u00edfico, o una persona que simplemente busca informaci\u00f3n sobre drogas y adicciones, esperamos que aqu\u00ed encuentre la informaci\u00f3n que necesita. Nuestros servicios responden a demandas que van desde aspectos muy especializados en materia de drogas [&hellip;]<\/p>\n","protected":false},"author":9,"featured_media":0,"parent":0,"menu_order":0,"comment_status":"closed","ping_status":"closed","template":"","meta":{"courseId":0,"jnews_page_loop":{"enable_page_loop":"0","first_title":"Latest Post","second_title":"","header_type":"heading_6","header_background":"","header_text_color":"","layout":"right-sidebar","sidebar":"default-sidebar","second_sidebar":"default-sidebar","sticky_sidebar":"1","module":"3","boxed":"0","boxed_shadow":"0","box_shadow":"0","excerpt_length":"20","content_date":"default","date_custom":"Y\/m\/d","content_pagination":"nav_1","pagination_align":"center","show_navtext":"0","show_pageinfo":"0","post_offset":"0","posts_per_page":"5","include_post":"","exclude_post":"","include_category":"","exclude_category":"","include_author":"","include_tag":"","exclude_tag":"","sort_by":"latest"},"jnews_single_page":{"layout":"no-sidebar","sidebar":"default-sidebar","second_sidebar":"default-sidebar","sticky_sidebar":"1","show_post_featured":"1","show_post_meta":"0","share_position":"hide","share_color":"share-monocrhome"},"jnews_social_meta":{"fb_title":"","fb_description":"","fb_image":"","twitter_title":"","twitter_description":"","twitter_image":""},"footnotes":""},"class_list":["post-5158","page","type-page","status-publish","hentry"],"acf":[],"_links":{"self":[{"href":"https:\/\/copolad.eu\/es\/wp-json\/wp\/v2\/pages\/5158"}],"collection":[{"href":"https:\/\/copolad.eu\/es\/wp-json\/wp\/v2\/pages"}],"about":[{"href":"https:\/\/copolad.eu\/es\/wp-json\/wp\/v2\/types\/page"}],"author":[{"embeddable":true,"href":"https:\/\/copolad.eu\/es\/wp-json\/wp\/v2\/users\/9"}],"replies":[{"embeddable":true,"href":"https:\/\/copolad.eu\/es\/wp-json\/wp\/v2\/comments?post=5158"}],"version-history":[{"count":0,"href":"https:\/\/copolad.eu\/es\/wp-json\/wp\/v2\/pages\/5158\/revisions"}],"wp:attachment":[{"href":"https:\/\/copolad.eu\/es\/wp-json\/wp\/v2\/media?parent=5158"}],"curies":[{"name":"wp","href":"https:\/\/api.w.org\/{rel}","templated":true}]}}