{"id":5609,"date":"2022-02-17T13:09:59","date_gmt":"2022-02-17T12:09:59","guid":{"rendered":"https:\/\/copolad.ole.agency\/?page_id=5609"},"modified":"2024-05-09T10:37:05","modified_gmt":"2024-05-09T08:37:05","slug":"notas-de-prensa","status":"publish","type":"page","link":"https:\/\/copolad.eu\/es\/notas-de-prensa\/","title":{"rendered":"Notas de prensa"},"content":{"rendered":"<div class=\"wpb-content-wrapper\"><p>[vc_row][vc_column][vc_custom_heading text=\u00bbNotas de prensa\u00bb font_container=\u00bbtag:h1|font_size:48px|text_align:left|color:%2315110d|line_height:72px\u00bb google_fonts=\u00bbfont_family:Open%20Sans%3A300%2C300italic%2Cregular%2Citalic%2C600%2C600italic%2C700%2C700italic%2C800%2C800italic|font_style:700%20bold%20regular%3A700%3Anormal\u00bb]<div  class=\"jeg_postblock_3 jeg_postblock jeg_module_hook jeg_pagination_loadmore jeg_col_3o3 jnews_module__0_69e2f679888f0   \" data-unique=\"jnews_module__0_69e2f679888f0\">\n\t\t\t\t\t\n\t\t\t\t\t<div class=\"jeg_posts jeg_block_container\">\n                \n                <div class=\"jeg_posts jeg_load_more_flag\">\n                <article class=\"jeg_post jeg_pl_md_2 format-standard\">\n                <div class=\"jeg_thumb\">\n                    \n                    <a href=\"https:\/\/copolad.eu\/es\/costa-rica-evalua-los-ultimos-20-anos-de-sus-politicas-de-drogas\/\"><div class=\"thumbnail-container animate-lazy  size-715 \"><img decoding=\"async\" width=\"350\" height=\"250\" src=\"https:\/\/copolad.eu\/wp-content\/themes\/jnews\/assets\/img\/jeg-empty.png\" class=\"attachment-jnews-350x250 size-jnews-350x250 lazyload wp-post-image\" alt=\"Costa Rica eval\u00faa los \u00faltimos 20 a\u00f1os de sus pol\u00edticas de drogas\" sizes=\"(max-width: 350px) 100vw, 350px\" data-src=\"https:\/\/copolad.eu\/wp-content\/uploads\/2025\/11\/00001-Entrevista-Cartago-350x250.jpg\" data-srcset=\"https:\/\/copolad.eu\/wp-content\/uploads\/2025\/11\/00001-Entrevista-Cartago-350x250.jpg 350w, https:\/\/copolad.eu\/wp-content\/uploads\/2025\/11\/00001-Entrevista-Cartago-120x86.jpg 120w, https:\/\/copolad.eu\/wp-content\/uploads\/2025\/11\/00001-Entrevista-Cartago-750x536.jpg 750w, https:\/\/copolad.eu\/wp-content\/uploads\/2025\/11\/00001-Entrevista-Cartago-1140x815.jpg 1140w\" data-sizes=\"auto\" data-expand=\"700\" \/><\/div><\/a>\n                <\/div>\n                <div class=\"jeg_postblock_content\">\n                    <h3 class=\"jeg_post_title\">\n                        <a href=\"https:\/\/copolad.eu\/es\/costa-rica-evalua-los-ultimos-20-anos-de-sus-politicas-de-drogas\/\">Costa Rica eval\u00faa los \u00faltimos 20 a\u00f1os de sus pol\u00edticas de drogas<\/a>\n                    <\/h3>\n                    <div class=\"jeg_post_meta\"><div class=\"jeg_meta_date\"><a href=\"https:\/\/copolad.eu\/es\/costa-rica-evalua-los-ultimos-20-anos-de-sus-politicas-de-drogas\/\"><i class=\"fa fa-clock-o\"><\/i> 2025\/11\/14<\/a><\/div><div class=\"jeg_meta_comment\"><a href=\"https:\/\/copolad.eu\/es\/costa-rica-evalua-los-ultimos-20-anos-de-sus-politicas-de-drogas\/#comments\" ><i class=\"fa fa-comment-o\"><\/i> 0 <\/a><\/div><\/div>\n                    <div class=\"jeg_post_excerpt\">\n                        <p>El pasado jueves 13 de noviembre el Instituto Costarricense sobre Drogas (ICD) present\u00f3 los principales hallazgos y recomendaciones sobre la...<\/p>\n                    <\/div>\n                <\/div>\n            <\/article><article class=\"jeg_post jeg_pl_md_2 format-standard\">\n                <div class=\"jeg_thumb\">\n                    \n                    <a href=\"https:\/\/copolad.eu\/es\/colombia-fortalece-el-uso-social-y-comunitario-de-bienes-incautados-al-crimen-organizado-con-el-apoyo-de-la-union-europea\/\"><div class=\"thumbnail-container animate-lazy  size-715 \"><img decoding=\"async\" width=\"350\" height=\"250\" src=\"https:\/\/copolad.eu\/wp-content\/themes\/jnews\/assets\/img\/jeg-empty.png\" class=\"attachment-jnews-350x250 size-jnews-350x250 lazyload wp-post-image\" alt=\"evento de sae\" sizes=\"(max-width: 350px) 100vw, 350px\" data-src=\"https:\/\/copolad.eu\/wp-content\/uploads\/2025\/03\/DSCF6299-1-350x250.jpg\" data-srcset=\"https:\/\/copolad.eu\/wp-content\/uploads\/2025\/03\/DSCF6299-1-350x250.jpg 350w, https:\/\/copolad.eu\/wp-content\/uploads\/2025\/03\/DSCF6299-1-120x86.jpg 120w, https:\/\/copolad.eu\/wp-content\/uploads\/2025\/03\/DSCF6299-1-750x536.jpg 750w, https:\/\/copolad.eu\/wp-content\/uploads\/2025\/03\/DSCF6299-1-1140x815.jpg 1140w\" data-sizes=\"auto\" data-expand=\"700\" \/><\/div><\/a>\n                <\/div>\n                <div class=\"jeg_postblock_content\">\n                    <h3 class=\"jeg_post_title\">\n                        <a href=\"https:\/\/copolad.eu\/es\/colombia-fortalece-el-uso-social-y-comunitario-de-bienes-incautados-al-crimen-organizado-con-el-apoyo-de-la-union-europea\/\">Colombia fortalece el uso social y comunitario de bienes incautados al crimen organizado con el apoyo de la Uni\u00f3n Europea<\/a>\n                    <\/h3>\n                    <div class=\"jeg_post_meta\"><div class=\"jeg_meta_date\"><a href=\"https:\/\/copolad.eu\/es\/colombia-fortalece-el-uso-social-y-comunitario-de-bienes-incautados-al-crimen-organizado-con-el-apoyo-de-la-union-europea\/\"><i class=\"fa fa-clock-o\"><\/i> 2025\/03\/29<\/a><\/div><div class=\"jeg_meta_comment\"><a href=\"https:\/\/copolad.eu\/es\/colombia-fortalece-el-uso-social-y-comunitario-de-bienes-incautados-al-crimen-organizado-con-el-apoyo-de-la-union-europea\/#comments\" ><i class=\"fa fa-comment-o\"><\/i> 0 <\/a><\/div><\/div>\n                    <div class=\"jeg_post_excerpt\">\n                        <p>\"El Programa COPOLAD III, contribuye a la Pol\u00edtica Nacional de Drogas 2023-2033: Sembrando vida, desterramos el narcotr\u00e1fico de Colombia y...<\/p>\n                    <\/div>\n                <\/div>\n            <\/article><article class=\"jeg_post jeg_pl_md_2 format-standard\">\n                <div class=\"jeg_thumb\">\n                    \n                    <a href=\"https:\/\/copolad.eu\/es\/14-paises-participan-en-la-reunion-internacional-copolad-iii-en-trinidad-y-tobago-para-mejorar-las-politicas-de-drogas\/\"><div class=\"thumbnail-container animate-lazy  size-715 \"><img decoding=\"async\" width=\"350\" height=\"250\" src=\"https:\/\/copolad.eu\/wp-content\/themes\/jnews\/assets\/img\/jeg-empty.png\" class=\"attachment-jnews-350x250 size-jnews-350x250 lazyload wp-post-image\" alt=\"visita Penal\" sizes=\"(max-width: 350px) 100vw, 350px\" data-src=\"https:\/\/copolad.eu\/wp-content\/uploads\/2025\/03\/7R503689-Enhanced-NR-3-6-350x250.jpg\" data-srcset=\"https:\/\/copolad.eu\/wp-content\/uploads\/2025\/03\/7R503689-Enhanced-NR-3-6-350x250.jpg 350w, https:\/\/copolad.eu\/wp-content\/uploads\/2025\/03\/7R503689-Enhanced-NR-3-6-120x86.jpg 120w, https:\/\/copolad.eu\/wp-content\/uploads\/2025\/03\/7R503689-Enhanced-NR-3-6-750x536.jpg 750w, https:\/\/copolad.eu\/wp-content\/uploads\/2025\/03\/7R503689-Enhanced-NR-3-6-1140x815.jpg 1140w\" data-sizes=\"auto\" data-expand=\"700\" \/><\/div><\/a>\n                <\/div>\n                <div class=\"jeg_postblock_content\">\n                    <h3 class=\"jeg_post_title\">\n                        <a href=\"https:\/\/copolad.eu\/es\/14-paises-participan-en-la-reunion-internacional-copolad-iii-en-trinidad-y-tobago-para-mejorar-las-politicas-de-drogas\/\">12 pa\u00edses presentan sus pilotos de atenci\u00f3n comunitaria sobre drogas en Trinidad y Tobago<\/a>\n                    <\/h3>\n                    <div class=\"jeg_post_meta\"><div class=\"jeg_meta_date\"><a href=\"https:\/\/copolad.eu\/es\/14-paises-participan-en-la-reunion-internacional-copolad-iii-en-trinidad-y-tobago-para-mejorar-las-politicas-de-drogas\/\"><i class=\"fa fa-clock-o\"><\/i> 2025\/03\/27<\/a><\/div><div class=\"jeg_meta_comment\"><a href=\"https:\/\/copolad.eu\/es\/14-paises-participan-en-la-reunion-internacional-copolad-iii-en-trinidad-y-tobago-para-mejorar-las-politicas-de-drogas\/#comments\" ><i class=\"fa fa-comment-o\"><\/i> 0 <\/a><\/div><\/div>\n                    <div class=\"jeg_post_excerpt\">\n                        <p>M\u00e1s de cincuenta expertos y expertas de las administraciones de salud y drogas de la Uni\u00f3n Europea, Am\u00e9rica Latina y...<\/p>\n                    <\/div>\n                <\/div>\n            <\/article>\n            <\/div>\n                <div class='module-overlay'>\n\t\t\t\t    <div class='preloader_type preloader_dot'>\n\t\t\t\t        <div class=\"module-preloader jeg_preloader dot\">\n\t\t\t\t            <span><\/span><span><\/span><span><\/span>\n\t\t\t\t        <\/div>\n\t\t\t\t        <div class=\"module-preloader jeg_preloader circle\">\n\t\t\t\t            <div class=\"jnews_preloader_circle_outer\">\n\t\t\t\t                <div class=\"jnews_preloader_circle_inner\"><\/div>\n\t\t\t\t            <\/div>\n\t\t\t\t        <\/div>\n\t\t\t\t        <div class=\"module-preloader jeg_preloader square\">\n\t\t\t\t            <div class=\"jeg_square\">\n\t\t\t\t                <div class=\"jeg_square_inner\"><\/div>\n\t\t\t\t            <\/div>\n\t\t\t\t        <\/div>\n\t\t\t\t    <\/div>\n\t\t\t\t<\/div>\n            <\/div>\n            <div class=\"jeg_block_navigation\">\n                <div class='navigation_overlay'><div class='module-preloader jeg_preloader'><span><\/span><span><\/span><span><\/span><\/div><\/div>\n                <div class=\"jeg_block_loadmore \">\n                    <a href=\"#\" class='' data-load='Cargar m\u00e1s' data-loading='Cargando...'> Cargar m\u00e1s<\/a>\n                <\/div>\n                \n            <\/div>\n\t\t\t\t\t\n\t\t\t\t\t<script>var jnews_module__0_69e2f679888f0 = {\"header_icon\":\"\",\"first_title\":\"\",\"second_title\":\"\",\"url\":\"\",\"header_type\":\"heading_6\",\"header_background\":\"\",\"header_secondary_background\":\"\",\"header_text_color\":\"\",\"header_line_color\":\"\",\"header_accent_color\":\"\",\"header_filter_category\":\"\",\"header_filter_author\":\"\",\"header_filter_tag\":\"\",\"header_filter_text\":\"All\",\"sticky_post\":false,\"post_type\":\"post\",\"content_type\":\"post\",\"sponsor\":false,\"number_post\":\"3\",\"post_offset\":\"0\",\"unique_content\":\"disable\",\"include_post\":\"\",\"included_only\":false,\"exclude_post\":\"\",\"include_category\":\"111\",\"exclude_category\":\"\",\"include_author\":\"\",\"include_tag\":\"\",\"exclude_tag\":\"\",\"pais\":\"\",\"tipo_organizacion\":\"\",\"tipo_intervencion\":\"\",\"eb_course_cat\":\"\",\"event_category\":\"\",\"event_tag\":\"\",\"it-type\":\"\",\"sort_by\":\"latest\",\"date_format\":\"custom\",\"date_format_custom\":\"Y\\\/m\\\/d\",\"excerpt_length\":\"20\",\"excerpt_ellipsis\":\"...\",\"force_normal_image_load\":\"\",\"pagination_mode\":\"loadmore\",\"pagination_nextprev_showtext\":\"\",\"pagination_number_post\":\"3\",\"pagination_scroll_limit\":0,\"ads_type\":\"disable\",\"ads_position\":1,\"ads_random\":\"\",\"ads_image\":\"\",\"ads_image_tablet\":\"\",\"ads_image_phone\":\"\",\"ads_image_link\":\"\",\"ads_image_alt\":\"\",\"ads_image_new_tab\":\"\",\"google_publisher_id\":\"\",\"google_slot_id\":\"\",\"google_desktop\":\"auto\",\"google_tab\":\"auto\",\"google_phone\":\"auto\",\"content\":\"\",\"ads_bottom_text\":\"\",\"boxed\":\"\",\"boxed_shadow\":\"\",\"el_id\":\"\",\"el_class\":\"\",\"scheme\":\"\",\"column_width\":\"auto\",\"title_color\":\"\",\"accent_color\":\"\",\"alt_color\":\"\",\"excerpt_color\":\"\",\"css\":\"\",\"compatible_column_notice\":\"\",\"paged\":1,\"column_class\":\"jeg_col_3o3\",\"class\":\"jnews_block_3\"};<\/script>\n\t\t\t\t<\/div>[\/vc_column][\/vc_row]<\/p>\n<\/div>","protected":false},"excerpt":{"rendered":"<p>[vc_row][vc_column][vc_custom_heading text=\u00bbNotas de prensa\u00bb font_container=\u00bbtag:h1|font_size:48px|text_align:left|color:%2315110d|line_height:72px\u00bb google_fonts=\u00bbfont_family:Open%20Sans%3A300%2C300italic%2Cregular%2Citalic%2C600%2C600italic%2C700%2C700italic%2C800%2C800italic|font_style:700%20bold%20regular%3A700%3Anormal\u00bb][\/vc_column][\/vc_row]<\/p>\n","protected":false},"author":3,"featured_media":0,"parent":0,"menu_order":0,"comment_status":"closed","ping_status":"closed","template":"","meta":{"courseId":0,"jnews_page_loop":{"enable_page_loop":"0","first_title":"Latest Post","second_title":"","header_type":"heading_6","header_background":"","header_text_color":"","layout":"right-sidebar","sidebar":"default-sidebar","second_sidebar":"default-sidebar","sticky_sidebar":"1","module":"3","boxed":"0","boxed_shadow":"0","box_shadow":"0","excerpt_length":"20","content_date":"default","date_custom":"Y\/m\/d","content_pagination":"nav_1","pagination_align":"center","show_navtext":"0","show_pageinfo":"0","post_offset":"0","posts_per_page":"5","include_post":"","exclude_post":"","include_category":"","exclude_category":"","include_author":"","include_tag":"","exclude_tag":"","sort_by":"latest"},"jnews_single_page":{"layout":"no-sidebar","sidebar":"default-sidebar","second_sidebar":"default-sidebar","sticky_sidebar":"1","show_post_featured":"1","show_post_meta":"0","share_position":"hide","share_color":"share-monocrhome"},"jnews_social_meta":{"fb_title":"","fb_description":"Programa de Cooperaci\u00f3n entre Am\u00e9rica Latina, el Caribe y la Uni\u00f3n Europea en Pol\u00edticas sobre Drogas\u2026","fb_image":"","twitter_title":"","twitter_description":"Programa de Cooperaci\u00f3n entre Am\u00e9rica Latina, el Caribe y la Uni\u00f3n Europea en Pol\u00edticas sobre Drogas\u2026","twitter_image":""},"footnotes":""},"class_list":["post-5609","page","type-page","status-publish","hentry"],"acf":[],"_links":{"self":[{"href":"https:\/\/copolad.eu\/es\/wp-json\/wp\/v2\/pages\/5609"}],"collection":[{"href":"https:\/\/copolad.eu\/es\/wp-json\/wp\/v2\/pages"}],"about":[{"href":"https:\/\/copolad.eu\/es\/wp-json\/wp\/v2\/types\/page"}],"author":[{"embeddable":true,"href":"https:\/\/copolad.eu\/es\/wp-json\/wp\/v2\/users\/3"}],"replies":[{"embeddable":true,"href":"https:\/\/copolad.eu\/es\/wp-json\/wp\/v2\/comments?post=5609"}],"version-history":[{"count":1,"href":"https:\/\/copolad.eu\/es\/wp-json\/wp\/v2\/pages\/5609\/revisions"}],"predecessor-version":[{"id":10582,"href":"https:\/\/copolad.eu\/es\/wp-json\/wp\/v2\/pages\/5609\/revisions\/10582"}],"wp:attachment":[{"href":"https:\/\/copolad.eu\/es\/wp-json\/wp\/v2\/media?parent=5609"}],"curies":[{"name":"wp","href":"https:\/\/api.w.org\/{rel}","templated":true}]}}