{"id":6387,"date":"2022-04-29T11:40:28","date_gmt":"2022-04-29T09:40:28","guid":{"rendered":"https:\/\/copolad.eu\/?page_id=6387"},"modified":"2025-01-08T15:05:03","modified_gmt":"2025-01-08T13:05:03","slug":"encuentros-copolad","status":"publish","type":"page","link":"https:\/\/copolad.eu\/es\/encuentros-copolad\/","title":{"rendered":"Encuentros Copolad"},"content":{"rendered":"<div class=\"wpb-content-wrapper\"><p>[vc_row][vc_column][vc_custom_heading text=\u00bbEncuentros COPOLAD III\u00bb font_container=\u00bbtag:h1|font_size:48px|text_align:left|color:%2315110d|line_height:72px\u00bb google_fonts=\u00bbfont_family:Open%20Sans%3A300%2C300italic%2Cregular%2Citalic%2C600%2C600italic%2C700%2C700italic%2C800%2C800italic|font_style:700%20bold%20regular%3A700%3Anormal\u00bb]<div  class=\"jeg_postblock_22 jeg_postblock jeg_module_hook jeg_pagination_nextprev jeg_col_2o3 jnews_module__0_69d93853a8b16   \" data-unique=\"jnews_module__0_69d93853a8b16\">\n\t\t\t\t\t\n\t\t\t\t\t<div class=\"jeg_block_container\">\n                    \n                    <div class=\"jeg_posts_wrap\">\n                    <div class=\"jeg_posts jeg_load_more_flag\"> \n                        <article class=\"jeg_post jeg_pl_md_5 format-standard\">\n                    <div class=\"jeg_thumb\">\n                        \n                        <a href=\"https:\/\/copolad.eu\/es\/seminario-de-alto-nivel-entre-agencias-de-drogas-de-ue-y-celac\/\"><div class=\"thumbnail-container animate-lazy  size-715 \"><img decoding=\"async\" width=\"350\" height=\"250\" src=\"https:\/\/copolad.eu\/wp-content\/themes\/jnews\/assets\/img\/jeg-empty.png\" class=\"attachment-jnews-350x250 size-jnews-350x250 lazyload wp-post-image\" alt=\"\" sizes=\"(max-width: 350px) 100vw, 350px\" data-src=\"https:\/\/copolad.eu\/wp-content\/uploads\/2024\/07\/COPOLAD_Iconos_Tematicas_8-1-e1727950695842-350x250.jpg\" data-srcset=\"https:\/\/copolad.eu\/wp-content\/uploads\/2024\/07\/COPOLAD_Iconos_Tematicas_8-1-e1727950695842-350x250.jpg 350w, https:\/\/copolad.eu\/wp-content\/uploads\/2024\/07\/COPOLAD_Iconos_Tematicas_8-1-e1727950695842-120x86.jpg 120w, https:\/\/copolad.eu\/wp-content\/uploads\/2024\/07\/COPOLAD_Iconos_Tematicas_8-1-e1727950695842-750x536.jpg 750w\" data-sizes=\"auto\" data-expand=\"700\" \/><\/div><\/a>\n                        <div class=\"jeg_post_category\">\n                            <span><a href=\"https:\/\/copolad.eu\/es\/category\/encuentros\/\" class=\"category-encuentros\">Encuentros<\/a><\/span>\n                        <\/div>\n                    <\/div>\n                    <div class=\"jeg_postblock_content\">\n                        <h3 class=\"jeg_post_title\">\n                            <a href=\"https:\/\/copolad.eu\/es\/seminario-de-alto-nivel-entre-agencias-de-drogas-de-ue-y-celac\/\">Seminario de Alto Nivel entre Agencias de Drogas de UE y CELAC<\/a>\n                        <\/h3>\n                        <div class=\"jeg_post_meta\"><div class=\"jeg_meta_date\"><a href=\"https:\/\/copolad.eu\/es\/seminario-de-alto-nivel-entre-agencias-de-drogas-de-ue-y-celac\/\" ><i class=\"fa fa-clock-o\"><\/i> 2025\/12\/04<\/a><\/div><\/div>\n                    <\/div>\n                <\/article><article class=\"jeg_post jeg_pl_md_5 format-standard\">\n                    <div class=\"jeg_thumb\">\n                        \n                        <a href=\"https:\/\/copolad.eu\/es\/taller-de-precursores-quimicos-logros-y-accion-estrategica-ue-alc\/\"><div class=\"thumbnail-container animate-lazy  size-715 \"><img decoding=\"async\" width=\"350\" height=\"250\" src=\"https:\/\/copolad.eu\/wp-content\/themes\/jnews\/assets\/img\/jeg-empty.png\" class=\"attachment-jnews-350x250 size-jnews-350x250 lazyload wp-post-image\" alt=\"Gesti\u00f3n de los precursores qu\u00edmicos de drogas\" sizes=\"(max-width: 350px) 100vw, 350px\" data-src=\"https:\/\/copolad.eu\/wp-content\/uploads\/2025\/06\/4-350x250.jpg\" data-srcset=\"https:\/\/copolad.eu\/wp-content\/uploads\/2025\/06\/4-350x250.jpg 350w, https:\/\/copolad.eu\/wp-content\/uploads\/2025\/06\/4-120x86.jpg 120w, https:\/\/copolad.eu\/wp-content\/uploads\/2025\/06\/4-750x536.jpg 750w, https:\/\/copolad.eu\/wp-content\/uploads\/2025\/06\/4-1140x815.jpg 1140w\" data-sizes=\"auto\" data-expand=\"700\" \/><\/div><\/a>\n                        <div class=\"jeg_post_category\">\n                            <span><a href=\"https:\/\/copolad.eu\/es\/category\/encuentros\/\" class=\"category-encuentros\">Encuentros<\/a><\/span>\n                        <\/div>\n                    <\/div>\n                    <div class=\"jeg_postblock_content\">\n                        <h3 class=\"jeg_post_title\">\n                            <a href=\"https:\/\/copolad.eu\/es\/taller-de-precursores-quimicos-logros-y-accion-estrategica-ue-alc\/\">Taller de Precursores Qu\u00edmicos: Logros y Acci\u00f3n Estrat\u00e9gica UE\u2013ALC<\/a>\n                        <\/h3>\n                        <div class=\"jeg_post_meta\"><div class=\"jeg_meta_date\"><a href=\"https:\/\/copolad.eu\/es\/taller-de-precursores-quimicos-logros-y-accion-estrategica-ue-alc\/\" ><i class=\"fa fa-clock-o\"><\/i> 2025\/10\/24<\/a><\/div><\/div>\n                    <\/div>\n                <\/article><article class=\"jeg_post jeg_pl_md_5 format-standard\">\n                    <div class=\"jeg_thumb\">\n                        \n                        <a href=\"https:\/\/copolad.eu\/es\/observatorios-nacionales-de-drogas-frente-a-nuevos-retos-globales\/\"><div class=\"thumbnail-container animate-lazy  size-715 \"><img decoding=\"async\" width=\"350\" height=\"250\" src=\"https:\/\/copolad.eu\/wp-content\/themes\/jnews\/assets\/img\/jeg-empty.png\" class=\"attachment-jnews-350x250 size-jnews-350x250 lazyload wp-post-image\" alt=\"ni\u00f1o mira a c\u00e1mara\" sizes=\"(max-width: 350px) 100vw, 350px\" data-src=\"https:\/\/copolad.eu\/wp-content\/uploads\/2025\/09\/iStock-982959048-350x250.jpg\" data-srcset=\"https:\/\/copolad.eu\/wp-content\/uploads\/2025\/09\/iStock-982959048-350x250.jpg 350w, https:\/\/copolad.eu\/wp-content\/uploads\/2025\/09\/iStock-982959048-120x86.jpg 120w, https:\/\/copolad.eu\/wp-content\/uploads\/2025\/09\/iStock-982959048-750x536.jpg 750w, https:\/\/copolad.eu\/wp-content\/uploads\/2025\/09\/iStock-982959048-1140x815.jpg 1140w\" data-sizes=\"auto\" data-expand=\"700\" \/><\/div><\/a>\n                        <div class=\"jeg_post_category\">\n                            <span><a href=\"https:\/\/copolad.eu\/es\/category\/encuentros\/\" class=\"category-encuentros\">Encuentros<\/a><\/span>\n                        <\/div>\n                    <\/div>\n                    <div class=\"jeg_postblock_content\">\n                        <h3 class=\"jeg_post_title\">\n                            <a href=\"https:\/\/copolad.eu\/es\/observatorios-nacionales-de-drogas-frente-a-nuevos-retos-globales\/\">Observatorios Nacionales de Drogas frente a Nuevos Retos Globales<\/a>\n                        <\/h3>\n                        <div class=\"jeg_post_meta\"><div class=\"jeg_meta_date\"><a href=\"https:\/\/copolad.eu\/es\/observatorios-nacionales-de-drogas-frente-a-nuevos-retos-globales\/\" ><i class=\"fa fa-clock-o\"><\/i> 2025\/09\/08<\/a><\/div><\/div>\n                    <\/div>\n                <\/article><article class=\"jeg_post jeg_pl_md_5 format-standard\">\n                    <div class=\"jeg_thumb\">\n                        \n                        <a href=\"https:\/\/copolad.eu\/es\/encuentro-laboratorios-de-innovacion-chile\/\"><div class=\"thumbnail-container animate-lazy  size-715 \"><img decoding=\"async\" width=\"350\" height=\"250\" src=\"https:\/\/copolad.eu\/wp-content\/themes\/jnews\/assets\/img\/jeg-empty.png\" class=\"attachment-jnews-350x250 size-jnews-350x250 lazyload wp-post-image\" alt=\"Encuentro &#8216;Laboratorios de innovaci\u00f3n para el dise\u00f1o de pol\u00edticas de drogas m\u00e1s conectadas con las din\u00e1micas sociales&#8217;\" sizes=\"(max-width: 350px) 100vw, 350px\" data-src=\"https:\/\/copolad.eu\/wp-content\/uploads\/2025\/04\/COPOLAD_Laboratorio_de_innovacion_Chile_PPT3_ES-350x250.jpg\" data-srcset=\"https:\/\/copolad.eu\/wp-content\/uploads\/2025\/04\/COPOLAD_Laboratorio_de_innovacion_Chile_PPT3_ES-350x250.jpg 350w, https:\/\/copolad.eu\/wp-content\/uploads\/2025\/04\/COPOLAD_Laboratorio_de_innovacion_Chile_PPT3_ES-120x86.jpg 120w, https:\/\/copolad.eu\/wp-content\/uploads\/2025\/04\/COPOLAD_Laboratorio_de_innovacion_Chile_PPT3_ES-750x536.jpg 750w\" data-sizes=\"auto\" data-expand=\"700\" \/><\/div><\/a>\n                        <div class=\"jeg_post_category\">\n                            <span><a href=\"https:\/\/copolad.eu\/es\/category\/encuentros\/\" class=\"category-encuentros\">Encuentros<\/a><\/span>\n                        <\/div>\n                    <\/div>\n                    <div class=\"jeg_postblock_content\">\n                        <h3 class=\"jeg_post_title\">\n                            <a href=\"https:\/\/copolad.eu\/es\/encuentro-laboratorios-de-innovacion-chile\/\">Encuentro &#8216;Laboratorios de innovaci\u00f3n para el dise\u00f1o de pol\u00edticas de drogas m\u00e1s conectadas con las din\u00e1micas sociales&#8217;<\/a>\n                        <\/h3>\n                        <div class=\"jeg_post_meta\"><div class=\"jeg_meta_date\"><a href=\"https:\/\/copolad.eu\/es\/encuentro-laboratorios-de-innovacion-chile\/\" ><i class=\"fa fa-clock-o\"><\/i> 2025\/04\/23<\/a><\/div><\/div>\n                    <\/div>\n                <\/article><article class=\"jeg_post jeg_pl_md_5 format-standard\">\n                    <div class=\"jeg_thumb\">\n                        \n                        <a href=\"https:\/\/copolad.eu\/es\/reunion-anual-de-copolad-2025\/\"><div class=\"thumbnail-container animate-lazy  size-715 \"><img decoding=\"async\" width=\"350\" height=\"250\" src=\"https:\/\/copolad.eu\/wp-content\/themes\/jnews\/assets\/img\/jeg-empty.png\" class=\"attachment-jnews-350x250 size-jnews-350x250 lazyload wp-post-image\" alt=\"foto de familia\" sizes=\"(max-width: 350px) 100vw, 350px\" data-src=\"https:\/\/copolad.eu\/wp-content\/uploads\/2025\/04\/20250506_COPOLAD_hd_232-350x250.jpg\" data-srcset=\"https:\/\/copolad.eu\/wp-content\/uploads\/2025\/04\/20250506_COPOLAD_hd_232-350x250.jpg 350w, https:\/\/copolad.eu\/wp-content\/uploads\/2025\/04\/20250506_COPOLAD_hd_232-120x86.jpg 120w, https:\/\/copolad.eu\/wp-content\/uploads\/2025\/04\/20250506_COPOLAD_hd_232-750x536.jpg 750w, https:\/\/copolad.eu\/wp-content\/uploads\/2025\/04\/20250506_COPOLAD_hd_232-1140x815.jpg 1140w\" data-sizes=\"auto\" data-expand=\"700\" \/><\/div><\/a>\n                        <div class=\"jeg_post_category\">\n                            <span><a href=\"https:\/\/copolad.eu\/es\/category\/encuentros\/\" class=\"category-encuentros\">Encuentros<\/a><\/span>\n                        <\/div>\n                    <\/div>\n                    <div class=\"jeg_postblock_content\">\n                        <h3 class=\"jeg_post_title\">\n                            <a href=\"https:\/\/copolad.eu\/es\/reunion-anual-de-copolad-2025\/\">Reuni\u00f3n Anual de COPOLAD 2025<\/a>\n                        <\/h3>\n                        <div class=\"jeg_post_meta\"><div class=\"jeg_meta_date\"><a href=\"https:\/\/copolad.eu\/es\/reunion-anual-de-copolad-2025\/\" ><i class=\"fa fa-clock-o\"><\/i> 2025\/04\/23<\/a><\/div><\/div>\n                    <\/div>\n                <\/article><article class=\"jeg_post jeg_pl_md_5 format-standard\">\n                    <div class=\"jeg_thumb\">\n                        \n                        <a href=\"https:\/\/copolad.eu\/es\/encuentro-drogas-y-territorios-caribe\/\"><div class=\"thumbnail-container animate-lazy  size-715 \"><img decoding=\"async\" width=\"350\" height=\"250\" src=\"https:\/\/copolad.eu\/wp-content\/themes\/jnews\/assets\/img\/jeg-empty.png\" class=\"attachment-jnews-350x250 size-jnews-350x250 lazyload wp-post-image\" alt=\"visita Penal\" sizes=\"(max-width: 350px) 100vw, 350px\" data-src=\"https:\/\/copolad.eu\/wp-content\/uploads\/2025\/03\/7R503689-Enhanced-NR-3-6-350x250.jpg\" data-srcset=\"https:\/\/copolad.eu\/wp-content\/uploads\/2025\/03\/7R503689-Enhanced-NR-3-6-350x250.jpg 350w, https:\/\/copolad.eu\/wp-content\/uploads\/2025\/03\/7R503689-Enhanced-NR-3-6-120x86.jpg 120w, https:\/\/copolad.eu\/wp-content\/uploads\/2025\/03\/7R503689-Enhanced-NR-3-6-750x536.jpg 750w, https:\/\/copolad.eu\/wp-content\/uploads\/2025\/03\/7R503689-Enhanced-NR-3-6-1140x815.jpg 1140w\" data-sizes=\"auto\" data-expand=\"700\" \/><\/div><\/a>\n                        <div class=\"jeg_post_category\">\n                            <span><a href=\"https:\/\/copolad.eu\/es\/category\/encuentros\/\" class=\"category-encuentros\">Encuentros<\/a><\/span>\n                        <\/div>\n                    <\/div>\n                    <div class=\"jeg_postblock_content\">\n                        <h3 class=\"jeg_post_title\">\n                            <a href=\"https:\/\/copolad.eu\/es\/encuentro-drogas-y-territorios-caribe\/\">Encuentro drogas y territorios Caribe<\/a>\n                        <\/h3>\n                        <div class=\"jeg_post_meta\"><div class=\"jeg_meta_date\"><a href=\"https:\/\/copolad.eu\/es\/encuentro-drogas-y-territorios-caribe\/\" ><i class=\"fa fa-clock-o\"><\/i> 2025\/03\/19<\/a><\/div><\/div>\n                    <\/div>\n                <\/article><article class=\"jeg_post jeg_pl_md_5 format-standard\">\n                    <div class=\"jeg_thumb\">\n                        \n                        <a href=\"https:\/\/copolad.eu\/es\/reunion-presencial-de-agencias-de-drogas-ue-celac\/\"><div class=\"thumbnail-container animate-lazy  size-715 \"><img decoding=\"async\" width=\"350\" height=\"250\" src=\"https:\/\/copolad.eu\/wp-content\/themes\/jnews\/assets\/img\/jeg-empty.png\" class=\"attachment-jnews-350x250 size-jnews-350x250 lazyload wp-post-image\" alt=\"\" sizes=\"(max-width: 350px) 100vw, 350px\" data-src=\"https:\/\/copolad.eu\/wp-content\/uploads\/2024\/07\/COPOLAD_Iconos_Tematicas_8-1-e1727950695842-350x250.jpg\" data-srcset=\"https:\/\/copolad.eu\/wp-content\/uploads\/2024\/07\/COPOLAD_Iconos_Tematicas_8-1-e1727950695842-350x250.jpg 350w, https:\/\/copolad.eu\/wp-content\/uploads\/2024\/07\/COPOLAD_Iconos_Tematicas_8-1-e1727950695842-120x86.jpg 120w, https:\/\/copolad.eu\/wp-content\/uploads\/2024\/07\/COPOLAD_Iconos_Tematicas_8-1-e1727950695842-750x536.jpg 750w\" data-sizes=\"auto\" data-expand=\"700\" \/><\/div><\/a>\n                        <div class=\"jeg_post_category\">\n                            <span><a href=\"https:\/\/copolad.eu\/es\/category\/encuentros\/\" class=\"category-encuentros\">Encuentros<\/a><\/span>\n                        <\/div>\n                    <\/div>\n                    <div class=\"jeg_postblock_content\">\n                        <h3 class=\"jeg_post_title\">\n                            <a href=\"https:\/\/copolad.eu\/es\/reunion-presencial-de-agencias-de-drogas-ue-celac\/\">Reuni\u00f3n presencial de agencias de drogas UE\/CELAC<\/a>\n                        <\/h3>\n                        <div class=\"jeg_post_meta\"><div class=\"jeg_meta_date\"><a href=\"https:\/\/copolad.eu\/es\/reunion-presencial-de-agencias-de-drogas-ue-celac\/\" ><i class=\"fa fa-clock-o\"><\/i> 2024\/09\/06<\/a><\/div><\/div>\n                    <\/div>\n                <\/article><article class=\"jeg_post jeg_pl_md_5 format-standard\">\n                    <div class=\"jeg_thumb\">\n                        \n                        <a href=\"https:\/\/copolad.eu\/es\/seminario-internacional-sobre-recuperacion-de-activos-decomisados-al-narcotrafico-y-crimen-organizado\/\"><div class=\"thumbnail-container animate-lazy  size-715 \"><img decoding=\"async\" width=\"350\" height=\"250\" src=\"https:\/\/copolad.eu\/wp-content\/themes\/jnews\/assets\/img\/jeg-empty.png\" class=\"attachment-jnews-350x250 size-jnews-350x250 lazyload wp-post-image\" alt=\"cartela\" sizes=\"(max-width: 350px) 100vw, 350px\" data-src=\"https:\/\/copolad.eu\/wp-content\/uploads\/2024\/05\/COPOLA1-e1716299432818-350x250.jpg\" data-srcset=\"https:\/\/copolad.eu\/wp-content\/uploads\/2024\/05\/COPOLA1-e1716299432818-350x250.jpg 350w, https:\/\/copolad.eu\/wp-content\/uploads\/2024\/05\/COPOLA1-e1716299432818-120x86.jpg 120w, https:\/\/copolad.eu\/wp-content\/uploads\/2024\/05\/COPOLA1-e1716299432818-750x536.jpg 750w\" data-sizes=\"auto\" data-expand=\"700\" \/><\/div><\/a>\n                        <div class=\"jeg_post_category\">\n                            <span><a href=\"https:\/\/copolad.eu\/es\/category\/encuentros\/\" class=\"category-encuentros\">Encuentros<\/a><\/span>\n                        <\/div>\n                    <\/div>\n                    <div class=\"jeg_postblock_content\">\n                        <h3 class=\"jeg_post_title\">\n                            <a href=\"https:\/\/copolad.eu\/es\/seminario-internacional-sobre-recuperacion-de-activos-decomisados-al-narcotrafico-y-crimen-organizado\/\">Seminario internacional sobre recuperaci\u00f3n de activos decomisados al narcotr\u00e1fico y crimen organizado<\/a>\n                        <\/h3>\n                        <div class=\"jeg_post_meta\"><div class=\"jeg_meta_date\"><a href=\"https:\/\/copolad.eu\/es\/seminario-internacional-sobre-recuperacion-de-activos-decomisados-al-narcotrafico-y-crimen-organizado\/\" ><i class=\"fa fa-clock-o\"><\/i> 2024\/05\/21<\/a><\/div><\/div>\n                    <\/div>\n                <\/article><article class=\"jeg_post jeg_pl_md_5 format-standard\">\n                    <div class=\"jeg_thumb\">\n                        \n                        <a href=\"https:\/\/copolad.eu\/es\/reunion-anual-de-copolad-iii-en-la-paz-bolivia\/\"><div class=\"thumbnail-container animate-lazy  size-715 \"><img decoding=\"async\" width=\"350\" height=\"250\" src=\"https:\/\/copolad.eu\/wp-content\/themes\/jnews\/assets\/img\/jeg-empty.png\" class=\"attachment-jnews-350x250 size-jnews-350x250 lazyload wp-post-image\" alt=\"Reuni\u00f3n Anual de COPOLAD III en La Paz (Bolivia)\" sizes=\"(max-width: 350px) 100vw, 350px\" data-src=\"https:\/\/copolad.eu\/wp-content\/uploads\/2024\/02\/COPOLAD_-Reunion-_Anual_COPOLAD-III_LaPaz_Bolivia_Febrero_2024_SaveTheDate_21x15-01-350x250.jpg\" data-srcset=\"https:\/\/copolad.eu\/wp-content\/uploads\/2024\/02\/COPOLAD_-Reunion-_Anual_COPOLAD-III_LaPaz_Bolivia_Febrero_2024_SaveTheDate_21x15-01-350x250.jpg 350w, https:\/\/copolad.eu\/wp-content\/uploads\/2024\/02\/COPOLAD_-Reunion-_Anual_COPOLAD-III_LaPaz_Bolivia_Febrero_2024_SaveTheDate_21x15-01-300x214.jpg 300w, https:\/\/copolad.eu\/wp-content\/uploads\/2024\/02\/COPOLAD_-Reunion-_Anual_COPOLAD-III_LaPaz_Bolivia_Febrero_2024_SaveTheDate_21x15-01-1024x732.jpg 1024w, https:\/\/copolad.eu\/wp-content\/uploads\/2024\/02\/COPOLAD_-Reunion-_Anual_COPOLAD-III_LaPaz_Bolivia_Febrero_2024_SaveTheDate_21x15-01-768x549.jpg 768w, https:\/\/copolad.eu\/wp-content\/uploads\/2024\/02\/COPOLAD_-Reunion-_Anual_COPOLAD-III_LaPaz_Bolivia_Febrero_2024_SaveTheDate_21x15-01-1536x1097.jpg 1536w, https:\/\/copolad.eu\/wp-content\/uploads\/2024\/02\/COPOLAD_-Reunion-_Anual_COPOLAD-III_LaPaz_Bolivia_Febrero_2024_SaveTheDate_21x15-01-scaled.jpg 2048w, https:\/\/copolad.eu\/wp-content\/uploads\/2024\/02\/COPOLAD_-Reunion-_Anual_COPOLAD-III_LaPaz_Bolivia_Febrero_2024_SaveTheDate_21x15-01-120x86.jpg 120w, https:\/\/copolad.eu\/wp-content\/uploads\/2024\/02\/COPOLAD_-Reunion-_Anual_COPOLAD-III_LaPaz_Bolivia_Febrero_2024_SaveTheDate_21x15-01-750x536.jpg 750w, https:\/\/copolad.eu\/wp-content\/uploads\/2024\/02\/COPOLAD_-Reunion-_Anual_COPOLAD-III_LaPaz_Bolivia_Febrero_2024_SaveTheDate_21x15-01-1140x815.jpg 1140w\" data-sizes=\"auto\" data-expand=\"700\" \/><\/div><\/a>\n                        <div class=\"jeg_post_category\">\n                            <span><a href=\"https:\/\/copolad.eu\/es\/category\/encuentros\/\" class=\"category-encuentros\">Encuentros<\/a><\/span>\n                        <\/div>\n                    <\/div>\n                    <div class=\"jeg_postblock_content\">\n                        <h3 class=\"jeg_post_title\">\n                            <a href=\"https:\/\/copolad.eu\/es\/reunion-anual-de-copolad-iii-en-la-paz-bolivia\/\">Reuni\u00f3n Anual de COPOLAD III en La Paz (Bolivia)<\/a>\n                        <\/h3>\n                        <div class=\"jeg_post_meta\"><div class=\"jeg_meta_date\"><a href=\"https:\/\/copolad.eu\/es\/reunion-anual-de-copolad-iii-en-la-paz-bolivia\/\" ><i class=\"fa fa-clock-o\"><\/i> 2024\/02\/02<\/a><\/div><\/div>\n                    <\/div>\n                <\/article>\n                    <\/div>\n                <\/div>\n                    <div class='module-overlay'>\n\t\t\t\t    <div class='preloader_type preloader_dot'>\n\t\t\t\t        <div class=\"module-preloader jeg_preloader dot\">\n\t\t\t\t            <span><\/span><span><\/span><span><\/span>\n\t\t\t\t        <\/div>\n\t\t\t\t        <div class=\"module-preloader jeg_preloader circle\">\n\t\t\t\t            <div class=\"jnews_preloader_circle_outer\">\n\t\t\t\t                <div class=\"jnews_preloader_circle_inner\"><\/div>\n\t\t\t\t            <\/div>\n\t\t\t\t        <\/div>\n\t\t\t\t        <div class=\"module-preloader jeg_preloader square\">\n\t\t\t\t            <div class=\"jeg_square\">\n\t\t\t\t                <div class=\"jeg_square_inner\"><\/div>\n\t\t\t\t            <\/div>\n\t\t\t\t        <\/div>\n\t\t\t\t    <\/div>\n\t\t\t\t<\/div>\n                <\/div>\n                <div class=\"jeg_block_navigation\">\n                    <div class='navigation_overlay'><div class='module-preloader jeg_preloader'><span><\/span><span><\/span><span><\/span><\/div><\/div>\n                    <div class=\"jeg_block_nav \">\n                    <a href=\"#\" class=\"prev disabled\" title=\"Previous\"><i class=\"fa fa-angle-left\"><\/i><\/a>\n                    <a href=\"#\" class=\"next \" title=\"Sig\"><i class=\"fa fa-angle-right\"><\/i><\/a>\n                <\/div>\n                    \n                <\/div>\n\t\t\t\t\t\n\t\t\t\t\t<script>var jnews_module__0_69d93853a8b16 = {\"header_icon\":\"\",\"first_title\":\"\",\"second_title\":\"\",\"url\":\"\",\"header_type\":\"heading_6\",\"header_background\":\"\",\"header_secondary_background\":\"\",\"header_text_color\":\"\",\"header_line_color\":\"\",\"header_accent_color\":\"\",\"header_filter_category\":\"\",\"header_filter_author\":\"\",\"header_filter_tag\":\"\",\"header_filter_text\":\"All\",\"sticky_post\":false,\"post_type\":\"post\",\"content_type\":\"all\",\"sponsor\":false,\"number_post\":\"9\",\"post_offset\":\"0\",\"unique_content\":\"disable\",\"include_post\":\"\",\"included_only\":false,\"exclude_post\":\"\",\"include_category\":\"149\",\"exclude_category\":\"\",\"include_author\":\"\",\"include_tag\":\"\",\"exclude_tag\":\"\",\"pais\":\"\",\"tipo_organizacion\":\"\",\"tipo_intervencion\":\"\",\"eb_course_cat\":\"\",\"event_category\":\"\",\"event_tag\":\"\",\"it-type\":\"\",\"sort_by\":\"latest\",\"date_format\":\"custom\",\"date_format_custom\":\"Y\\\/m\\\/d\",\"force_normal_image_load\":\"\",\"pagination_mode\":\"nextprev\",\"pagination_nextprev_showtext\":\"\",\"pagination_number_post\":\"9\",\"pagination_scroll_limit\":0,\"boxed\":\"\",\"boxed_shadow\":\"\",\"el_id\":\"\",\"el_class\":\"\",\"scheme\":\"\",\"column_width\":\"8\",\"title_color\":\"\",\"accent_color\":\"\",\"alt_color\":\"\",\"excerpt_color\":\"\",\"css\":\"\",\"compatible_column_notice\":\"\",\"paged\":1,\"column_class\":\"jeg_col_2o3\",\"class\":\"jnews_block_22\"};<\/script>\n\t\t\t\t<\/div>[vc_raw_html css=\u00bb\u00bb]JTNDc3R5bGUlM0UlMEEuamVnX3Bvc3RibG9ja18yMiUyMC5qZWdfcG9zdHMlMjAlN0IlMjBqdXN0aWZ5LWNvbnRlbnQlM0ElMjBjZW50ZXIlM0IlMjAlN0QlMEElM0MlMkZzdHlsZSUzRQ==[\/vc_raw_html][\/vc_column][\/vc_row]<\/p>\n<\/div>","protected":false},"excerpt":{"rendered":"<p>[vc_row][vc_column][vc_custom_heading text=\u00bbEncuentros COPOLAD III\u00bb font_container=\u00bbtag:h1|font_size:48px|text_align:left|color:%2315110d|line_height:72px\u00bb google_fonts=\u00bbfont_family:Open%20Sans%3A300%2C300italic%2Cregular%2Citalic%2C600%2C600italic%2C700%2C700italic%2C800%2C800italic|font_style:700%20bold%20regular%3A700%3Anormal\u00bb][vc_raw_html css=\u00bb\u00bb]JTNDc3R5bGUlM0UlMEEuamVnX3Bvc3RibG9ja18yMiUyMC5qZWdfcG9zdHMlMjAlN0IlMjBqdXN0aWZ5LWNvbnRlbnQlM0ElMjBjZW50ZXIlM0IlMjAlN0QlMEElM0MlMkZzdHlsZSUzRQ==[\/vc_raw_html][\/vc_column][\/vc_row]<\/p>\n","protected":false},"author":9,"featured_media":0,"parent":0,"menu_order":0,"comment_status":"closed","ping_status":"closed","template":"","meta":{"courseId":0,"jnews_page_loop":{"enable_page_loop":"0","first_title":"Latest Post","second_title":"","header_type":"heading_6","header_background":"","header_text_color":"","layout":"right-sidebar","sidebar":"default-sidebar","second_sidebar":"default-sidebar","sticky_sidebar":"1","module":"3","boxed":"0","boxed_shadow":"0","box_shadow":"0","excerpt_length":"20","content_date":"default","date_custom":"Y\/m\/d","content_pagination":"nav_1","pagination_align":"center","show_navtext":"0","show_pageinfo":"0","post_offset":"0","posts_per_page":"5","include_post":"","exclude_post":"","include_category":"","exclude_category":"","include_author":"","include_tag":"","exclude_tag":"","sort_by":"latest","post_sticky":"0"},"jnews_single_page":{"layout":"no-sidebar","sidebar":"default-sidebar","second_sidebar":"default-sidebar","sticky_sidebar":"1","show_post_featured":"1","show_post_meta":"0","share_position":"hide","share_color":"share-monocrhome","show_post_title":"1","show_post_breadcrumbs":"1"},"jnews_social_meta":{"fb_title":"","fb_description":"Programa de Cooperaci\u00f3n entre Am\u00e9rica Latina, el Caribe y la Uni\u00f3n Europea en Pol\u00edticas sobre Drogas\u2026","fb_image":"","twitter_title":"","twitter_description":"Programa de Cooperaci\u00f3n entre Am\u00e9rica Latina, el Caribe y la Uni\u00f3n Europea en Pol\u00edticas sobre Drogas\u2026","twitter_image":""},"footnotes":""},"class_list":["post-6387","page","type-page","status-publish","hentry"],"acf":[],"_links":{"self":[{"href":"https:\/\/copolad.eu\/es\/wp-json\/wp\/v2\/pages\/6387"}],"collection":[{"href":"https:\/\/copolad.eu\/es\/wp-json\/wp\/v2\/pages"}],"about":[{"href":"https:\/\/copolad.eu\/es\/wp-json\/wp\/v2\/types\/page"}],"author":[{"embeddable":true,"href":"https:\/\/copolad.eu\/es\/wp-json\/wp\/v2\/users\/9"}],"replies":[{"embeddable":true,"href":"https:\/\/copolad.eu\/es\/wp-json\/wp\/v2\/comments?post=6387"}],"version-history":[{"count":3,"href":"https:\/\/copolad.eu\/es\/wp-json\/wp\/v2\/pages\/6387\/revisions"}],"predecessor-version":[{"id":13080,"href":"https:\/\/copolad.eu\/es\/wp-json\/wp\/v2\/pages\/6387\/revisions\/13080"}],"wp:attachment":[{"href":"https:\/\/copolad.eu\/es\/wp-json\/wp\/v2\/media?parent=6387"}],"curies":[{"name":"wp","href":"https:\/\/api.w.org\/{rel}","templated":true}]}}