{"id":6462,"date":"2022-05-18T13:37:51","date_gmt":"2022-05-18T11:37:51","guid":{"rendered":"https:\/\/copolad.eu\/?page_id=6462"},"modified":"2024-05-09T12:23:31","modified_gmt":"2024-05-09T10:23:31","slug":"licitaciones-publicas-del-programa","status":"publish","type":"page","link":"https:\/\/copolad.eu\/es\/licitaciones-publicas-del-programa\/","title":{"rendered":"Licitaciones p\u00fablicas del Programa"},"content":{"rendered":"<div class=\"wpb-content-wrapper\"><p>[vc_row][vc_column][vc_column_text]FIIAPP, como entidad p\u00fablica de la Cooperaci\u00f3n Espa\u00f1ola, l\u00edder del consorcio COPOLAD III publica en el Portal de Contrataciones del Estado las siguientes publicaciones:<\/p>\n<p>[\/vc_column_text][vc_column_text]\n<table id=\"tablepress-1\" class=\"tablepress tablepress-id-1\">\n<thead>\n<tr class=\"row-1\">\n\t<th class=\"column-1\">Licitaci\u00f3n<\/th><th class=\"column-2\">\u00c1rea de Trabajo<\/th><th class=\"column-3\">Fecha l\u00edmite<\/th>\n<\/tr>\n<\/thead>\n<tbody class=\"row-hover\">\n<tr class=\"row-2\">\n\t<td class=\"column-1\"><a href=\"https:\/\/contrataciondelestado.es\/wps\/portal\/!ut\/p\/b0\/04_Sj9CPykssy0xPLMnMz0vMAfIjU1JTC3Iy87KtUlJLEnNyUuNzMpMzSxKTgQr0w_Wj9KMyU1zLcvQjozyqfEq1DXxTvAxK00wSnfy1ywJzAm1t9Qtycx0ByrXNcg!!\/\">Contrataci\u00f3n de expertos y expertas sobre drogas <\/a><\/td><td class=\"column-2\">Institucional<\/td><td class=\"column-3\">24-2-2023<\/td>\n<\/tr>\n<tr class=\"row-3\">\n\t<td class=\"column-1\"><a href=\"https:\/\/contrataciondelestado.es\/wps\/portal\/!ut\/p\/b0\/04_Sj9CPykssy0xPLMnMz0vMAfIjU1JTC3Iy87KtUlJLEnNyUuNzMpMzSxKTgQr0w_Wj9KMyU1zLcvQjjX2My9MskwyiLDPMMyxMVQ0KcnOL08ptbfWBDEcAfC5hug!!\">Asistencia t\u00e9cnica para gu\u00eda de buenas pr\u00e1cticas sobre drogas y desarrollo <\/a><\/td><td class=\"column-2\">Institucional<\/td><td class=\"column-3\">30-1-2023<\/td>\n<\/tr>\n<tr class=\"row-4\">\n\t<td class=\"column-1\"><a href=\"https:\/\/contrataciondelestado.es\/wps\/poc?uri=deeplink:detalle_licitacion&amp;idEvl=ooQvEHGwqYGrz3GQd5r6SQ%3D%3D\" rel=\"noopener\" target=\"_blank\">Asistencia t\u00e9cnica para la coordinaci\u00f3n del trabajo del Programa COPOLAD III con los pa\u00edses del Caribe.<\/a><\/td><td class=\"column-2\">Institucional<\/td><td class=\"column-3\">22-11-2022  <\/td>\n<\/tr>\n<tr class=\"row-5\">\n\t<td class=\"column-1\"><a href=\"http:\/\/bit.ly\/3oUWpoL\" rel=\"noopener\" target=\"_blank\">consultor\/a para el control de precursores qu\u00edmicos para la fabricaci\u00f3n de drogas ilegales.<\/a><\/td><td class=\"column-2\">Oferta<\/td><td class=\"column-3\">FINALIZADA<\/td>\n<\/tr>\n<tr class=\"row-6\">\n\t<td class=\"column-1\"><a href=\"http:\/\/bit.ly\/3d97y2V\" rel=\"noopener\" target=\"_blank\">consultor\/a para para el abordaje de las vulnerabilidades para el desarrollo ligadas a las drogas en territorio. <\/a><\/td><td class=\"column-2\">Demanda<\/td><td class=\"column-3\">FINALIZADA<\/td>\n<\/tr>\n<tr class=\"row-7\">\n\t<td class=\"column-1\">Consultor\/a  para mejorar acceso a programas de atenci\u00f3n para mujeres y poblaciones vulnerables y el desarrollo de sistemas de inclusi\u00f3n social y laboral de personas con problemas de consumo de drogas en Am\u00e9rica Latina y el Caribe <a href=\"https:\/\/contrataciondelestado.es\/wps\/wcm\/connect\/3491e759-4063-4536-9c9b-e7d754c8ec7b\/DOC_CD2022-982544.pdf?MOD=AJPERES\" rel=\"noopener\" target=\"_blank\"><\/a><\/td><td class=\"column-2\">Demanda<\/td><td class=\"column-3\">FINALIZADA<\/td>\n<\/tr>\n<tr class=\"row-8\">\n\t<td class=\"column-1\"><a href=\"https:\/\/contrataciondelestado.es\/wps\/portal\/!ut\/p\/b0\/04_Sj9CPykssy0xPLMnMz0vMAfIjU1JTC3Iy87KtUlJLEnNyUuNzMpMzSxKTgQr0w_Wj9KMyU1zLcvQjg1UNfCOzHb3yTc2LS9NMEp38tcsCcwJtbfULcnMdAeB7Qbc!\/\" rel=\"noopener\" target=\"_blank\">Asistencia t\u00e9cnica para la movilizaci\u00f3n del expertise europeo sobre drogas en el marco del programa CADAP 7 y COPOLAD<\/a>.<\/td><td class=\"column-2\">Institucional <\/td><td class=\"column-3\">FINALIZADA<\/td>\n<\/tr>\n<tr class=\"row-9\">\n\t<td class=\"column-1\"><a href=\"https:\/\/contrataciondelestado.es\/wps\/portal\/!ut\/p\/b0\/04_Sj9CPykssy0xPLMnMz0vMAfIjU1JTC3Iy87KtUlJLEnNyUuNzMpMzSxKTgQr0w_Wj9KMyU1zLcvQjSz0jLEydAoy8wz1L00wSnfy1ywJzAm1t9Qtycx0BCOlBeA!!\/\">Asistencia t\u00e9cnica para la incorporaci\u00f3n del enfoque de innovaci\u00f3n en todas las actividades del Programa COPOLAD III, apoyar el desarrollo de intervenciones innovadoras y nuevas soluciones para tratar eficazmente los problemas espec\u00edficos relacionados con las #drogas en los pa\u00edses de Am\u00e9rica Latina y el Caribe <\/a><\/td><td class=\"column-2\">Transversal<\/td><td class=\"column-3\">FINALIZADA<\/td>\n<\/tr>\n<tr class=\"row-10\">\n\t<td class=\"column-1\"><a href=\"https:\/\/lnkd.in\/egXy4x_c\">Consultor\u00eda sobre alternativas al arresto para delitos menores de drogas en el marco del Programa COPOLAD <\/a>III.  <\/td><td class=\"column-2\">Oferta <\/td><td class=\"column-3\">FINALIZADA<\/td>\n<\/tr>\n<tr class=\"row-11\">\n\t<td class=\"column-1\"><a href=\"https:\/\/lnkd.in\/ezc6zuYU\">Consultor\u00eda destinada a fortalecer la capacidad t\u00e9cnica y el rol institucional de los Observatorios Nacionales sobre Drogas en el marco del Programa COPOLAD III  <\/a><\/td><td class=\"column-2\">Observatorios de drogas<\/td><td class=\"column-3\">FINALIZADA<\/td>\n<\/tr>\n<tr class=\"row-12\">\n\t<td class=\"column-1\"><a href=\"https:\/\/lnkd.in\/euiH_6eN\">Servicios de consultor\u00eda que incluyan los enfoques transversales de desarrollo sostenible y derechos humanos en todas las actividades del Programa COPOLAD III   <\/a><\/td><td class=\"column-2\">Transversal<\/td><td class=\"column-3\">FINALIZADA<\/td>\n<\/tr>\n<tr class=\"row-13\">\n\t<td class=\"column-1\"><a href=\"https:\/\/lnkd.in\/dWEcWvGg\">Asistencia t\u00e9cnica para la elaboraci\u00f3n de una gu\u00eda para el dise\u00f1o\/ejecuci\u00f3n\/evaluaci\u00f3n de pol\u00edticas de drogas con enfoque de desarrollo sostenible, #derechoshumanos y equidad de g\u00e9nero <\/a><\/td><td class=\"column-2\">Transversal<\/td><td class=\"column-3\">FINALIZADA<\/td>\n<\/tr>\n<tr class=\"row-14\">\n\t<td class=\"column-1\"><a href=\"https:\/\/contrataciondelestado.es\/wps\/portal\/!ut\/p\/b0\/04_Sj9CPykssy0xPLMnMz0vMAfIjU1JTC3Iy87KtUlJLEnNyUuNzMpMzSxKTgQr0w_Wj9KMyU1zLcvQjKwwdgyuzTXPStfPygvNDIoyrVA3Myx1tbfULcnMdARBPRpk!\/\">Contrataci\u00f3n de una agencia de comunicaci\u00f3n para dar apoyo a servicios de #dise\u00f1ogr\u00e1fico,#redesociales y #prensa del programa. <\/a><br \/>\n<\/td><td class=\"column-2\">Comunicaci\u00f3n<\/td><td class=\"column-3\">FINALIZADA<\/td>\n<\/tr>\n<tr class=\"row-15\">\n\t<td class=\"column-1\"><a href=\"https:\/\/contrataciondelestado.es\/wps\/portal\/!ut\/p\/b0\/Dcq9CoAgEADgB2q4tiBwaFAabcmfJQ6VuDytQez1a_zgAw8WfMVOJza6K_JvF1N6mGqeY2rInA6mQA3DH8CAB09RdgZHlzJZrYNuaLd9NHJip18h4Cll-QAtHhPW\/\">Servicio de producci\u00f3n audiovisual y grabaci\u00f3n de material audiovisual en los pa\u00edses donde se realiza el programa COPOLAD III, fundamentalmente en Am\u00e9rica Latina y Caribe <\/a><br \/>\n<\/td><td class=\"column-2\">Comunicaci\u00f3n<\/td><td class=\"column-3\">FINALIZADA<\/td>\n<\/tr>\n<tr class=\"row-16\">\n\t<td class=\"column-1\"><\/td><td class=\"column-2\"><\/td><td class=\"column-3\"><\/td>\n<\/tr>\n<\/tbody>\n<\/table>\n[\/vc_column_text][\/vc_column][\/vc_row]<\/p>\n<\/div>","protected":false},"excerpt":{"rendered":"<p>[vc_row][vc_column][vc_column_text]FIIAPP, como entidad p\u00fablica de la Cooperaci\u00f3n Espa\u00f1ola, l\u00edder del consorcio COPOLAD III publica en el Portal de Contrataciones del Estado las siguientes publicaciones: [\/vc_column_text][vc_column_text][\/vc_column_text][\/vc_column][\/vc_row]<\/p>\n","protected":false},"author":9,"featured_media":9296,"parent":0,"menu_order":0,"comment_status":"closed","ping_status":"closed","template":"","meta":{"courseId":0,"jnews_page_loop":{"enable_page_loop":"0","first_title":"Latest Post","second_title":"","header_type":"heading_6","header_background":"","header_text_color":"","layout":"right-sidebar","sidebar":"default-sidebar","second_sidebar":"default-sidebar","sticky_sidebar":"1","module":"3","boxed":"0","boxed_shadow":"0","box_shadow":"0","excerpt_length":"20","content_date":"default","date_custom":"Y\/m\/d","content_pagination":"nav_1","pagination_align":"center","show_navtext":"0","show_pageinfo":"0","post_offset":"0","posts_per_page":"5","include_post":"","exclude_post":"","include_category":"","exclude_category":"","include_author":"","include_tag":"","exclude_tag":"","sort_by":"latest"},"jnews_single_page":{"layout":"no-sidebar","sidebar":"default-sidebar","second_sidebar":"default-sidebar","sticky_sidebar":"1","show_post_featured":"1","show_post_meta":"0","share_position":"top","share_color":"share-monocrhome"},"jnews_social_meta":{"fb_title":"","fb_description":"","fb_image":"","twitter_title":"","twitter_description":"","twitter_image":""},"footnotes":""},"class_list":["post-6462","page","type-page","status-publish","has-post-thumbnail","hentry"],"acf":[],"_links":{"self":[{"href":"https:\/\/copolad.eu\/es\/wp-json\/wp\/v2\/pages\/6462"}],"collection":[{"href":"https:\/\/copolad.eu\/es\/wp-json\/wp\/v2\/pages"}],"about":[{"href":"https:\/\/copolad.eu\/es\/wp-json\/wp\/v2\/types\/page"}],"author":[{"embeddable":true,"href":"https:\/\/copolad.eu\/es\/wp-json\/wp\/v2\/users\/9"}],"replies":[{"embeddable":true,"href":"https:\/\/copolad.eu\/es\/wp-json\/wp\/v2\/comments?post=6462"}],"version-history":[{"count":1,"href":"https:\/\/copolad.eu\/es\/wp-json\/wp\/v2\/pages\/6462\/revisions"}],"predecessor-version":[{"id":9563,"href":"https:\/\/copolad.eu\/es\/wp-json\/wp\/v2\/pages\/6462\/revisions\/9563"}],"wp:featuredmedia":[{"embeddable":true,"href":"https:\/\/copolad.eu\/es\/wp-json\/wp\/v2\/media\/9296"}],"wp:attachment":[{"href":"https:\/\/copolad.eu\/es\/wp-json\/wp\/v2\/media?parent=6462"}],"curies":[{"name":"wp","href":"https:\/\/api.w.org\/{rel}","templated":true}]}}