{"id":6569,"date":"2022-05-31T14:59:20","date_gmt":"2022-05-31T12:59:20","guid":{"rendered":"https:\/\/copolad.eu\/?page_id=6569"},"modified":"2025-06-20T08:01:36","modified_gmt":"2025-06-20T06:01:36","slug":"grupos-de-trabajo","status":"publish","type":"page","link":"https:\/\/copolad.eu\/es\/grupos-de-trabajo\/","title":{"rendered":"Grupos de trabajo"},"content":{"rendered":"<div class=\"wpb-content-wrapper\"><p>[vc_row full_height=\u00bbyes\u00bb columns_placement=\u00bbtop\u00bb vc_row_background=\u00bb\u00bb][vc_column][vc_row_inner][vc_column_inner el_class=\u00bbgrupos-trabajo-v2&#8243;][vc_custom_heading text=\u00bbGrupos de trabajo\u00bb font_container=\u00bbtag:h1|font_size:45px|text_align:left|color:%2315110d|line_height:72px\u00bb google_fonts=\u00bbfont_family:Open%20Sans%3A300%2C300italic%2Cregular%2Citalic%2C600%2C600italic%2C700%2C700italic%2C800%2C800italic|font_style:700%20bold%20regular%3A700%3Anormal\u00bb css=\u00bb\u00bb]<div id='wpdreams_asp_results_5'><\/div>[\/vc_column_inner][\/vc_row_inner]<div  class=\"jeg_postblock_22 jeg_postblock jeg_module_hook jeg_pagination_disable jeg_col_2o3 jnews_module__0_69e241d762214   \" data-unique=\"jnews_module__0_69e241d762214\">\n\t\t\t\t\t\n\t\t\t\t\t<div class=\"jeg_block_container\">\n                    \n                    <div class=\"jeg_posts_wrap\">\n                    <div class=\"jeg_posts jeg_load_more_flag\"> \n                        <article class=\"jeg_post jeg_pl_md_5\">\n                    <div class=\"jeg_thumb\">\n                        \n                        <a href=\"https:\/\/copolad.eu\/es\/grupos-de-trabajo\/territorialidad\/\"><div class=\"thumbnail-container animate-lazy  size-715 \"><img decoding=\"async\" width=\"350\" height=\"250\" src=\"https:\/\/copolad.eu\/wp-content\/themes\/jnews\/assets\/img\/jeg-empty.png\" class=\"attachment-jnews-350x250 size-jnews-350x250 lazyload wp-post-image\" alt=\"Abordaje de las vulnerabilidades para el desarrollo ligadas a las drogas en territorio\" sizes=\"(max-width: 350px) 100vw, 350px\" data-src=\"https:\/\/copolad.eu\/wp-content\/uploads\/2025\/05\/PHOTO-2025-05-13-16-38-31-350x250.jpg\" data-srcset=\"https:\/\/copolad.eu\/wp-content\/uploads\/2025\/05\/PHOTO-2025-05-13-16-38-31-350x250.jpg 350w, https:\/\/copolad.eu\/wp-content\/uploads\/2025\/05\/PHOTO-2025-05-13-16-38-31-120x86.jpg 120w, https:\/\/copolad.eu\/wp-content\/uploads\/2025\/05\/PHOTO-2025-05-13-16-38-31-750x536.jpg 750w, https:\/\/copolad.eu\/wp-content\/uploads\/2025\/05\/PHOTO-2025-05-13-16-38-31-1140x815.jpg 1140w\" data-sizes=\"auto\" data-expand=\"700\" \/><\/div><\/a>\n                        <div class=\"jeg_post_category\">\n                            <span><\/span>\n                        <\/div>\n                    <\/div>\n                    <div class=\"jeg_postblock_content\">\n                        <h3 class=\"jeg_post_title\">\n                            <a href=\"https:\/\/copolad.eu\/es\/grupos-de-trabajo\/territorialidad\/\">Abordaje de las vulnerabilidades para el desarrollo ligadas a las drogas en territorio<\/a>\n                        <\/h3>\n                        <div class=\"jeg_post_meta\"><div class=\"jeg_meta_date\"><a href=\"https:\/\/copolad.eu\/es\/grupos-de-trabajo\/territorialidad\/\" ><i class=\"fa fa-clock-o\"><\/i> 2025\/05\/22<\/a><\/div><\/div>\n                    <\/div>\n                <\/article><article class=\"jeg_post jeg_pl_md_5\">\n                    <div class=\"jeg_thumb\">\n                        \n                        <a href=\"https:\/\/copolad.eu\/es\/grupos-de-trabajo\/generoyderechos\/\"><div class=\"thumbnail-container animate-lazy  size-715 \"><img decoding=\"async\" width=\"350\" height=\"250\" src=\"https:\/\/copolad.eu\/wp-content\/themes\/jnews\/assets\/img\/jeg-empty.png\" class=\"attachment-jnews-350x250 size-jnews-350x250 lazyload wp-post-image\" alt=\"\" sizes=\"(max-width: 350px) 100vw, 350px\" data-src=\"https:\/\/copolad.eu\/wp-content\/uploads\/2025\/05\/foto-2-350x250.jpg\" data-srcset=\"https:\/\/copolad.eu\/wp-content\/uploads\/2025\/05\/foto-2-350x250.jpg 350w, https:\/\/copolad.eu\/wp-content\/uploads\/2025\/05\/foto-2-300x214.jpg 300w, https:\/\/copolad.eu\/wp-content\/uploads\/2025\/05\/foto-2-1024x732.jpg 1024w, https:\/\/copolad.eu\/wp-content\/uploads\/2025\/05\/foto-2-768x549.jpg 768w, https:\/\/copolad.eu\/wp-content\/uploads\/2025\/05\/foto-2-120x86.jpg 120w, https:\/\/copolad.eu\/wp-content\/uploads\/2025\/05\/foto-2-750x536.jpg 750w, https:\/\/copolad.eu\/wp-content\/uploads\/2025\/05\/foto-2.jpg 1140w\" data-sizes=\"auto\" data-expand=\"700\" \/><\/div><\/a>\n                        <div class=\"jeg_post_category\">\n                            <span><\/span>\n                        <\/div>\n                    <\/div>\n                    <div class=\"jeg_postblock_content\">\n                        <h3 class=\"jeg_post_title\">\n                            <a href=\"https:\/\/copolad.eu\/es\/grupos-de-trabajo\/generoyderechos\/\">Adaptaci\u00f3n de programas de atenci\u00f3n e inclusi\u00f3n social por consumo de drogas con enfoque de g\u00e9nero y derechos<\/a>\n                        <\/h3>\n                        <div class=\"jeg_post_meta\"><div class=\"jeg_meta_date\"><a href=\"https:\/\/copolad.eu\/es\/grupos-de-trabajo\/generoyderechos\/\" ><i class=\"fa fa-clock-o\"><\/i> 2024\/10\/17<\/a><\/div><\/div>\n                    <\/div>\n                <\/article><article class=\"jeg_post jeg_pl_md_5\">\n                    <div class=\"jeg_thumb\">\n                        \n                        <a href=\"https:\/\/copolad.eu\/es\/grupos-de-trabajo\/precursores-quimicos\/\"><div class=\"thumbnail-container animate-lazy  size-715 \"><img decoding=\"async\" width=\"350\" height=\"250\" src=\"https:\/\/copolad.eu\/wp-content\/themes\/jnews\/assets\/img\/jeg-empty.png\" class=\"attachment-jnews-350x250 size-jnews-350x250 lazyload wp-post-image\" alt=\"\" sizes=\"(max-width: 350px) 100vw, 350px\" data-src=\"https:\/\/copolad.eu\/wp-content\/uploads\/2025\/05\/foto_precursores-350x250.jpeg\" data-srcset=\"https:\/\/copolad.eu\/wp-content\/uploads\/2025\/05\/foto_precursores-350x250.jpeg 350w, https:\/\/copolad.eu\/wp-content\/uploads\/2025\/05\/foto_precursores-120x86.jpeg 120w, https:\/\/copolad.eu\/wp-content\/uploads\/2025\/05\/foto_precursores-750x536.jpeg 750w\" data-sizes=\"auto\" data-expand=\"700\" \/><\/div><\/a>\n                        <div class=\"jeg_post_category\">\n                            <span><\/span>\n                        <\/div>\n                    <\/div>\n                    <div class=\"jeg_postblock_content\">\n                        <h3 class=\"jeg_post_title\">\n                            <a href=\"https:\/\/copolad.eu\/es\/grupos-de-trabajo\/precursores-quimicos\/\">Control de precursores qu\u00edmicos para la fabricaci\u00f3n il\u00edcita de drogas<\/a>\n                        <\/h3>\n                        <div class=\"jeg_post_meta\"><div class=\"jeg_meta_date\"><a href=\"https:\/\/copolad.eu\/es\/grupos-de-trabajo\/precursores-quimicos\/\" ><i class=\"fa fa-clock-o\"><\/i> 2025\/05\/23<\/a><\/div><\/div>\n                    <\/div>\n                <\/article><article class=\"jeg_post jeg_pl_md_5\">\n                    <div class=\"jeg_thumb\">\n                        \n                        <a href=\"https:\/\/copolad.eu\/es\/grupos-de-trabajo\/observatorios\/\"><div class=\"thumbnail-container animate-lazy  size-715 \"><img decoding=\"async\" width=\"350\" height=\"250\" src=\"https:\/\/copolad.eu\/wp-content\/themes\/jnews\/assets\/img\/jeg-empty.png\" class=\"attachment-jnews-350x250 size-jnews-350x250 lazyload wp-post-image\" alt=\"Observatorios Nacionales de Drogas\" sizes=\"(max-width: 350px) 100vw, 350px\" data-src=\"https:\/\/copolad.eu\/wp-content\/uploads\/2024\/12\/foto-grupo-ond-350x250.png\" data-srcset=\"https:\/\/copolad.eu\/wp-content\/uploads\/2024\/12\/foto-grupo-ond-350x250.png 350w, https:\/\/copolad.eu\/wp-content\/uploads\/2024\/12\/foto-grupo-ond-120x86.png 120w, https:\/\/copolad.eu\/wp-content\/uploads\/2024\/12\/foto-grupo-ond-750x536.png 750w, https:\/\/copolad.eu\/wp-content\/uploads\/2024\/12\/foto-grupo-ond-1138x815.png 1138w\" data-sizes=\"auto\" data-expand=\"700\" \/><\/div><\/a>\n                        <div class=\"jeg_post_category\">\n                            <span><\/span>\n                        <\/div>\n                    <\/div>\n                    <div class=\"jeg_postblock_content\">\n                        <h3 class=\"jeg_post_title\">\n                            <a href=\"https:\/\/copolad.eu\/es\/grupos-de-trabajo\/observatorios\/\">Observatorios Nacionales de Drogas<\/a>\n                        <\/h3>\n                        <div class=\"jeg_post_meta\"><div class=\"jeg_meta_date\"><a href=\"https:\/\/copolad.eu\/es\/grupos-de-trabajo\/observatorios\/\" ><i class=\"fa fa-clock-o\"><\/i> 2025\/04\/02<\/a><\/div><\/div>\n                    <\/div>\n                <\/article><article class=\"jeg_post jeg_pl_md_5\">\n                    <div class=\"jeg_thumb\">\n                        \n                        <a href=\"https:\/\/copolad.eu\/es\/grupos-de-trabajo\/alternatividadpenal\/\"><div class=\"thumbnail-container animate-lazy  size-715 \"><img decoding=\"async\" width=\"350\" height=\"250\" src=\"https:\/\/copolad.eu\/wp-content\/themes\/jnews\/assets\/img\/jeg-empty.png\" class=\"attachment-jnews-350x250 size-jnews-350x250 lazyload wp-post-image\" alt=\"Proporcionalidad y alternatividad penal en delitos menores de drogas\" sizes=\"(max-width: 350px) 100vw, 350px\" data-src=\"https:\/\/copolad.eu\/wp-content\/uploads\/2024\/12\/Foto-portada-350x250.jpg\" data-srcset=\"https:\/\/copolad.eu\/wp-content\/uploads\/2024\/12\/Foto-portada-350x250.jpg 350w, https:\/\/copolad.eu\/wp-content\/uploads\/2024\/12\/Foto-portada-120x86.jpg 120w, https:\/\/copolad.eu\/wp-content\/uploads\/2024\/12\/Foto-portada-750x536.jpg 750w, https:\/\/copolad.eu\/wp-content\/uploads\/2024\/12\/Foto-portada-1140x815.jpg 1140w\" data-sizes=\"auto\" data-expand=\"700\" \/><\/div><\/a>\n                        <div class=\"jeg_post_category\">\n                            <span><\/span>\n                        <\/div>\n                    <\/div>\n                    <div class=\"jeg_postblock_content\">\n                        <h3 class=\"jeg_post_title\">\n                            <a href=\"https:\/\/copolad.eu\/es\/grupos-de-trabajo\/alternatividadpenal\/\">Proporcionalidad y alternatividad penal en delitos menores de drogas<\/a>\n                        <\/h3>\n                        <div class=\"jeg_post_meta\"><div class=\"jeg_meta_date\"><a href=\"https:\/\/copolad.eu\/es\/grupos-de-trabajo\/alternatividadpenal\/\" ><i class=\"fa fa-clock-o\"><\/i> 2025\/04\/03<\/a><\/div><\/div>\n                    <\/div>\n                <\/article>\n                    <\/div>\n                <\/div>\n                    <div class='module-overlay'>\n\t\t\t\t    <div class='preloader_type preloader_dot'>\n\t\t\t\t        <div class=\"module-preloader jeg_preloader dot\">\n\t\t\t\t            <span><\/span><span><\/span><span><\/span>\n\t\t\t\t        <\/div>\n\t\t\t\t        <div class=\"module-preloader jeg_preloader circle\">\n\t\t\t\t            <div class=\"jnews_preloader_circle_outer\">\n\t\t\t\t                <div class=\"jnews_preloader_circle_inner\"><\/div>\n\t\t\t\t            <\/div>\n\t\t\t\t        <\/div>\n\t\t\t\t        <div class=\"module-preloader jeg_preloader square\">\n\t\t\t\t            <div class=\"jeg_square\">\n\t\t\t\t                <div class=\"jeg_square_inner\"><\/div>\n\t\t\t\t            <\/div>\n\t\t\t\t        <\/div>\n\t\t\t\t    <\/div>\n\t\t\t\t<\/div>\n                <\/div>\n                <div class=\"jeg_block_navigation\">\n                    <div class='navigation_overlay'><div class='module-preloader jeg_preloader'><span><\/span><span><\/span><span><\/span><\/div><\/div>\n                    \n                    \n                <\/div>\n\t\t\t\t\t\n\t\t\t\t\t<script>var jnews_module__0_69e241d762214 = {\"header_icon\":\"\",\"first_title\":\"\",\"second_title\":\"\",\"url\":\"\",\"header_type\":\"heading_6\",\"header_background\":\"\",\"header_secondary_background\":\"\",\"header_text_color\":\"\",\"header_line_color\":\"\",\"header_accent_color\":\"\",\"header_filter_category\":\"\",\"header_filter_author\":\"\",\"header_filter_tag\":\"\",\"header_filter_text\":\"All\",\"sticky_post\":false,\"post_type\":\"page\",\"content_type\":\"all\",\"sponsor\":false,\"number_post\":\"7\",\"post_offset\":\"0\",\"unique_content\":\"disable\",\"include_post\":\"14186,11838,14221,12978,12893\",\"included_only\":\"true\",\"exclude_post\":\"\",\"include_category\":\"\",\"exclude_category\":\"\",\"include_author\":\"\",\"include_tag\":\"\",\"exclude_tag\":\"\",\"pais\":\"\",\"tipo_organizacion\":\"\",\"tipo_intervencion\":\"\",\"eb_course_cat\":\"\",\"event_category\":\"\",\"event_tag\":\"\",\"it-type\":\"\",\"sort_by\":\"latest\",\"date_format\":\"custom\",\"date_format_custom\":\"Y\\\/m\\\/d\",\"force_normal_image_load\":\"\",\"pagination_mode\":\"disable\",\"pagination_nextprev_showtext\":\"\",\"pagination_number_post\":3,\"pagination_scroll_limit\":0,\"boxed\":\"\",\"boxed_shadow\":\"\",\"el_id\":\"\",\"el_class\":\"\",\"scheme\":\"\",\"column_width\":\"8\",\"title_color\":\"\",\"accent_color\":\"\",\"alt_color\":\"\",\"excerpt_color\":\"\",\"css\":\"\",\"compatible_column_notice\":\"\",\"paged\":1,\"column_class\":\"jeg_col_2o3\",\"class\":\"jnews_block_22\"};<\/script>\n\t\t\t\t<\/div>[\/vc_column][\/vc_row]<\/p>\n<\/div>","protected":false},"excerpt":{"rendered":"<p>[vc_row full_height=\u00bbyes\u00bb columns_placement=\u00bbtop\u00bb vc_row_background=\u00bb\u00bb][vc_column][vc_row_inner][vc_column_inner el_class=\u00bbgrupos-trabajo-v2&#8243;][vc_custom_heading text=\u00bbGrupos de trabajo\u00bb font_container=\u00bbtag:h1|font_size:45px|text_align:left|color:%2315110d|line_height:72px\u00bb google_fonts=\u00bbfont_family:Open%20Sans%3A300%2C300italic%2Cregular%2Citalic%2C600%2C600italic%2C700%2C700italic%2C800%2C800italic|font_style:700%20bold%20regular%3A700%3Anormal\u00bb css=\u00bb\u00bb][\/vc_column_inner][\/vc_row_inner][\/vc_column][\/vc_row]<\/p>\n","protected":false},"author":8,"featured_media":0,"parent":0,"menu_order":0,"comment_status":"closed","ping_status":"closed","template":"","meta":{"courseId":0,"jnews_page_loop":{"enable_page_loop":"0","first_title":"Latest Post","second_title":"","header_type":"heading_6","header_background":"","header_text_color":"","layout":"right-sidebar","sidebar":"default-sidebar","second_sidebar":"default-sidebar","sticky_sidebar":"1","module":"3","boxed":"0","boxed_shadow":"0","box_shadow":"0","excerpt_length":"20","content_date":"default","date_custom":"Y\/m\/d","content_pagination":"nav_1","pagination_align":"center","show_navtext":"0","show_pageinfo":"0","post_offset":"0","posts_per_page":"5","include_post":"","exclude_post":"","include_category":"","exclude_category":"","include_author":"","include_tag":"","exclude_tag":"","sort_by":"latest","post_sticky":"0"},"jnews_single_page":{"layout":"no-sidebar","sidebar":"widget-grupos-de-trabajo","second_sidebar":"widget-publicaciones","sticky_sidebar":"0","show_post_featured":"0","show_post_meta":"0","share_position":"hide","share_color":"share-monocrhome","show_post_title":"1","show_post_breadcrumbs":"1"},"jnews_social_meta":{"fb_title":"","fb_description":"Programa de Cooperaci\u00f3n entre Am\u00e9rica Latina, el Caribe y la Uni\u00f3n Europea en Pol\u00edticas sobre Drogas\u2026","fb_image":"","twitter_title":"","twitter_description":"Programa de Cooperaci\u00f3n entre Am\u00e9rica Latina, el Caribe y la Uni\u00f3n Europea en Pol\u00edticas sobre Drogas\u2026","twitter_image":""},"footnotes":""},"class_list":["post-6569","page","type-page","status-publish","hentry"],"acf":[],"_links":{"self":[{"href":"https:\/\/copolad.eu\/es\/wp-json\/wp\/v2\/pages\/6569"}],"collection":[{"href":"https:\/\/copolad.eu\/es\/wp-json\/wp\/v2\/pages"}],"about":[{"href":"https:\/\/copolad.eu\/es\/wp-json\/wp\/v2\/types\/page"}],"author":[{"embeddable":true,"href":"https:\/\/copolad.eu\/es\/wp-json\/wp\/v2\/users\/8"}],"replies":[{"embeddable":true,"href":"https:\/\/copolad.eu\/es\/wp-json\/wp\/v2\/comments?post=6569"}],"version-history":[{"count":20,"href":"https:\/\/copolad.eu\/es\/wp-json\/wp\/v2\/pages\/6569\/revisions"}],"predecessor-version":[{"id":14728,"href":"https:\/\/copolad.eu\/es\/wp-json\/wp\/v2\/pages\/6569\/revisions\/14728"}],"wp:attachment":[{"href":"https:\/\/copolad.eu\/es\/wp-json\/wp\/v2\/media?parent=6569"}],"curies":[{"name":"wp","href":"https:\/\/api.w.org\/{rel}","templated":true}]}}