{"id":9559,"date":"2023-11-08T14:50:14","date_gmt":"2023-11-08T12:50:14","guid":{"rendered":"https:\/\/copolad.eu\/?page_id=9559"},"modified":"2024-05-09T12:36:16","modified_gmt":"2024-05-09T10:36:16","slug":"declaracion-de-accesibilidad","status":"publish","type":"page","link":"https:\/\/copolad.eu\/es\/declaracion-de-accesibilidad\/","title":{"rendered":"Declaraci\u00f3n de accesibilidad"},"content":{"rendered":"<div class=\"wpb-content-wrapper\"><p>[vc_row][vc_column][vc_column_text]La FUNDACI\u00d3N INTERNACIONAL Y PARA IBEROAM\u00c9RICA DE ADMINISTRACI\u00d3N Y POL\u00cdTICAS P\u00daBLICAS, F.S.P se ha comprometido a hacer accesible su sitio web de conformidad con el <a href=\"https:\/\/www.boe.es\/buscar\/doc.php?id=BOE-A-2018-12699\">Real Decreto 1112\/2018, de 7 de septiembre, sobre accesibilidad de los sitios web y aplicaciones para dispositivos m\u00f3viles del sector p\u00fablico.<\/a><\/p>\n<p><strong>La presente declaraci\u00f3n de accesibilidad se aplica al sitio web: <\/strong><a href=\"https:\/\/copolad.eu\/\"><strong>https:\/\/copolad.eu\/<\/strong><\/a><\/p>\n<p>Este sitio web es <strong>parcialmente conforme<\/strong> con el <strong>Real Decreto 1112\/2018<\/strong> debido a la falta de conformidad de los aspectos que se indican a continuaci\u00f3n.<\/p>\n<h2>Situaci\u00f3n de cumplimiento<\/h2>\n<p>El contenido que se recoge a continuaci\u00f3n no es accesible por lo siguiente, bajo los requisitos:<\/p>\n<h4>Im\u00e1genes<\/h4>\n<ol>\n<li>Im\u00e1genes sin atributo \u00abalt\u00bb que proporciona texto alternativo [Requisito 9.1.1.1 &#8211; Contenido no textual de UNE-EN 301549:2019].<\/li>\n<\/ol>\n<h4>P\u00e1gina individual<\/h4>\n<ol>\n<li>Encabezados vac\u00edos y falta de estructura de contenido adecuada [Requisito 9.1.3.1 &#8211; Informaci\u00f3n y relaciones de UNE-EN 301549:2019].<\/li>\n<li>Tablas sin res\u00famenes asociados [Requisito 9.1.3.1 &#8211; Informaci\u00f3n y relaciones de UNE-EN 301549:2019].<\/li>\n<li>Falta de t\u00edtulos de secci\u00f3n para transmitir la estructura del contenido [Requisito 9.1.3.1 &#8211; Informaci\u00f3n y relaciones de UNE-EN 301549:2019].<\/li>\n<li>Orden del contenido en el c\u00f3digo fuente que no coincide con la presentaci\u00f3n visual [Requisito 9.1.3.2 &#8211; Secuencia con significado de UNE-EN 301549:2019].<\/li>\n<li>Uso inadecuado de scripts que pueden afectar la accesibilidad, como la falta de alternativas para el contenido generado din\u00e1micamente o la dependencia excesiva de scripts para la interacci\u00f3n del usuario sin alternativas accesibles [Requisito 9.4.2.1 &#8211; Contenido din\u00e1mico de UNE-EN 301549:2019].<\/li>\n<\/ol>\n<h4>Sitio web en conjunto<\/h4>\n<ol>\n<li>Enlaces duplicados innecesarios [Requisito 9.1.1.1 &#8211; Contenido no textual de UNE-EN 301549:2019].<\/li>\n<li>Puede haber dos encabezados del mismo nivel consecutivos sin contenido entre ellos [Requisito 9.1.3.1 &#8211; Informaci\u00f3n y relaciones de UNE-EN 301549:2019].<\/li>\n<li>Puede no existir la utilizaci\u00f3n de t\u00edtulos de secci\u00f3n para transmitir la estructura del contenido [Requisito 9.1.3.1 &#8211; Informaci\u00f3n y relaciones de UNE-EN 301549:2019].<\/li>\n<li>Puntualmente puede ocurrir que el cambio de foco con el evento \u00abonfocus\u00bb no sea el adecuado [Requisito 9.1.3.1 &#8211; Informaci\u00f3n y relaciones de UNE-EN 301549:2019].<\/li>\n<\/ol>\n<h4>Scripts<\/h4>\n<ol>\n<li>Uso inadecuado de scripts que pueden afectar la accesibilidad, como la falta de alternativas para el contenido generado din\u00e1micamente o la dependencia excesiva de scripts para la interacci\u00f3n del usuario sin alternativas accesibles como la tabulaci\u00f3n o lectura en bloque [Requisito 9.4.2.1 &#8211; Contenido din\u00e1mico de UNE-EN 301549:2019].<\/li>\n<\/ol>\n<h2>Preparaci\u00f3n de la presente declaraci\u00f3n de accesibilidad<\/h2>\n<p><strong>La presente declaraci\u00f3n fue preparada el 27 de octubre de 2023.<\/strong><\/p>\n<p>El m\u00e9todo empleado para preparar la declaraci\u00f3n ha sido una autoevaluaci\u00f3n llevada a cabo por el propio organismo.<\/p>\n<p><strong>\u00daltima revisi\u00f3n de la declaraci\u00f3n: diciembre de 2023.<\/strong><\/p>\n<h2>Observaciones y datos de contacto<\/h2>\n<p>Puede realizar comunicaciones sobre requisitos de accesibilidad (art\u00edculo 10.2.a) del Real Decreto 1112\/2018) como, por ejemplo:<\/p>\n<ul>\n<li>Informar sobre cualquier posible incumplimiento por parte de este sitio web.<\/li>\n<li>Transmitir otras dificultades de acceso al contenido.<\/li>\n<li>Formular cualquier otra consulta o sugerencia de mejora relativa a la accesibilidad del sitio web.<\/li>\n<\/ul>\n<p>A trav\u00e9s de las siguientes v\u00edas:<\/p>\n<ul>\n<li>Correo electr\u00f3nico: info@copolad.eu<\/li>\n<li>Tel\u00e9fonos: +34 91 591 46 00<\/li>\n<\/ul>\n<p>Tambi\u00e9n puede solicitar en formato accesible informaci\u00f3n que no cumpla con los requisitos de accesibilidad bien por estar excluida, bien por estar exenta por carga desproporcionada; o formular una queja por incumplimiento de los requisitos de accesibilidad. Enlace al procedimiento de solicitud de informaci\u00f3n accesible y quejas\u00a0 del art\u00edculo 12 del Real Decreto 1112\/2018.<\/p>\n<p>Las comunicaciones, solicitudes de informaci\u00f3n accesible y quejas debe dirigirlas a la Subdirecci\u00f3n General de Servicios Web, Transparencia y Protecci\u00f3n de Datos (Secretar\u00eda General T\u00e9cnica), como unidad responsable de los contenidos de este sitio web.[\/vc_column_text][\/vc_column][\/vc_row]<\/p>\n<\/div>","protected":false},"excerpt":{"rendered":"<p>[vc_row][vc_column][vc_column_text]La FUNDACI\u00d3N INTERNACIONAL Y PARA IBEROAM\u00c9RICA DE ADMINISTRACI\u00d3N Y POL\u00cdTICAS P\u00daBLICAS, F.S.P se ha comprometido a hacer accesible su sitio web de conformidad con el Real Decreto 1112\/2018, de 7 de septiembre, sobre accesibilidad de los sitios web y aplicaciones para dispositivos m\u00f3viles del sector p\u00fablico. La presente declaraci\u00f3n de accesibilidad se aplica al sitio [&hellip;]<\/p>\n","protected":false},"author":8,"featured_media":0,"parent":0,"menu_order":0,"comment_status":"closed","ping_status":"closed","template":"","meta":{"courseId":0,"jnews_page_loop":{"enable_page_loop":"0","first_title":"Latest Post","second_title":"","header_type":"heading_6","header_background":"","header_text_color":"","layout":"right-sidebar","sidebar":"default-sidebar","second_sidebar":"default-sidebar","sticky_sidebar":"1","module":"3","boxed":"0","boxed_shadow":"0","box_shadow":"0","excerpt_length":"20","content_date":"default","date_custom":"Y\/m\/d","content_pagination":"nav_1","pagination_align":"center","show_navtext":"0","show_pageinfo":"0","post_offset":"0","posts_per_page":"5","include_post":"","exclude_post":"","include_category":"","exclude_category":"","include_author":"","include_tag":"","exclude_tag":"","sort_by":"latest"},"jnews_single_page":{"layout":"no-sidebar","sidebar":"default-sidebar","second_sidebar":"default-sidebar","sticky_sidebar":"1","show_post_featured":"1","show_post_meta":"0","share_position":"top","share_color":"share-monocrhome"},"jnews_social_meta":{"fb_title":"","fb_description":"","fb_image":"","twitter_title":"","twitter_description":"","twitter_image":""},"footnotes":""},"class_list":["post-9559","page","type-page","status-publish","hentry"],"acf":[],"_links":{"self":[{"href":"https:\/\/copolad.eu\/es\/wp-json\/wp\/v2\/pages\/9559"}],"collection":[{"href":"https:\/\/copolad.eu\/es\/wp-json\/wp\/v2\/pages"}],"about":[{"href":"https:\/\/copolad.eu\/es\/wp-json\/wp\/v2\/types\/page"}],"author":[{"embeddable":true,"href":"https:\/\/copolad.eu\/es\/wp-json\/wp\/v2\/users\/8"}],"replies":[{"embeddable":true,"href":"https:\/\/copolad.eu\/es\/wp-json\/wp\/v2\/comments?post=9559"}],"version-history":[{"count":2,"href":"https:\/\/copolad.eu\/es\/wp-json\/wp\/v2\/pages\/9559\/revisions"}],"predecessor-version":[{"id":9754,"href":"https:\/\/copolad.eu\/es\/wp-json\/wp\/v2\/pages\/9559\/revisions\/9754"}],"wp:attachment":[{"href":"https:\/\/copolad.eu\/es\/wp-json\/wp\/v2\/media?parent=9559"}],"curies":[{"name":"wp","href":"https:\/\/api.w.org\/{rel}","templated":true}]}}