{"id":9808,"date":"2023-12-26T13:33:59","date_gmt":"2023-12-26T11:33:59","guid":{"rendered":"https:\/\/copolad.eu\/?page_id=9808"},"modified":"2024-05-09T10:55:16","modified_gmt":"2024-05-09T08:55:16","slug":"formacion-e-intercambio","status":"publish","type":"page","link":"https:\/\/copolad.eu\/es\/formacion-e-intercambio\/","title":{"rendered":"Formaci\u00f3n e intercambio"},"content":{"rendered":"<div class=\"wpb-content-wrapper\"><p>[vc_row full_height=\u00bbyes\u00bb columns_placement=\u00bbtop\u00bb vc_row_background=\u00bb\u00bb][vc_column][vc_custom_heading text=\u00bbFormaci\u00f3n e Intercambio\u00bb font_container=\u00bbtag:h1|font_size:45px|text_align:left|color:%2315110d|line_height:72px\u00bb google_fonts=\u00bbfont_family:Open%20Sans%3A300%2C300italic%2Cregular%2Citalic%2C600%2C600italic%2C700%2C700italic%2C800%2C800italic|font_style:700%20bold%20regular%3A700%3Anormal\u00bb]<div class=\"it-event-block it-training-feed\"><div class=\"it-event-block-filter\"> \n                        <form id=\"it-event-block-filter-form\" action=\"https:\/\/copolad.eu\/es\/formacion-e-intercambio\/\" method=\"GET\">\n                            <div class=\"it-field\">\n                                <label>A\u00f1o:<\/label>\n                                <select name=\"training_year\" ><option value=\"-1\"  >Cualquier a\u00f1o<\/option><option value=\"2019\" >2019<\/option><option value=\"2020\" >2020<\/option><option value=\"2021\" >2021<\/option><option value=\"2022\" >2022<\/option><option value=\"2023\" >2023<\/option><\/select>\n                            <\/div> \n                            <div class=\"it-field\">\n                                <label>\u00c1rea tem\u00e1tica:<\/label>\n                                <select name=\"training_area\" ><option value=\"\"  selected='selected' >Todas las \u00e1reas<\/option><option value=\"Observatorios sobre drogas\" >Observatorios sobre drogas<\/option><option value=\"Consumo problem\u00e1tico\" >Consumo problem\u00e1tico<\/option><option value=\"Reducci\u00f3n del mercado ilegal de drogas\" >Reducci\u00f3n del mercado ilegal de drogas<\/option><option value=\"Apoyo a la coordinaci\u00f3n y cooperaci\u00f3n birregional en materia de Drogas\" >Apoyo a la coordinaci\u00f3n y cooperaci\u00f3n birregional en materia de Drogas<\/option><option value=\"Desarrollo sostenible, Derechos Humanos y G\u00e9nero\" >Desarrollo sostenible, Derechos Humanos y G\u00e9nero<\/option><option value=\"Innovaci\u00f3n en pol\u00edticas sobre drogas\" >Innovaci\u00f3n en pol\u00edticas sobre drogas<\/option><option value=\"Oferta\" >Oferta<\/option><option value=\"Demanda\" >Demanda<\/option><\/select>\n                            <\/div> \n                            <div class=\"it-field\">\n                                <label>Tipo de curso:<\/label>\n                                <select name=\"training_type\" ><option value=\"\"  selected='selected' >Todos los tipos de curso<\/option><option value=\"Webinario\" >Webinario<\/option><option value=\"Seminario\" >Seminario<\/option><option value=\"Taller\" >Taller<\/option><option value=\"Curso de Formaci\u00f3n\" >Curso de Formaci\u00f3n<\/option><\/select>\n                            <\/div> \n                            <div class=\"it-field it-input-button-container\">\n                                <input type=\"submit\" name=\"submit\" value=\"Buscar formaciones\">\n                            <\/div>\n                        <\/form>\n                    <\/div><div class=\"it-training-block-results\"><div class=\"it-training-item\">\n                                        <div class=\"it-training-item-container\"><div class=\"it-training-item-img\"><div class=\"it-training-item-type\">Curso de Formaci\u00f3n<\/div><img decoding=\"async\" src=\"https:\/\/copolad.eu\/wp-content\/uploads\/2025\/02\/JWG6791.jpg\" alt=\"foto de precursores\" \/><\/div><div class=\"it-training-item-data\"><div class=\"it-training-item-data-area\">\n                                                            <strong>\u00c1rea tem\u00e1tica: <\/strong>Reducci\u00f3n del mercado ilegal de drogas\n                                                        <\/div><h2><a href=\"https:\/\/copolad.eu\/es\/formacion\/ii-edicion-curso-superior-de-especializacion-en-control-e-investigacion-de-precursores-de-drogas\/\">II edici\u00f3n: Curso superior de especializaci\u00f3n en control e investigaci\u00f3n de precursores de drogas<\/a><\/h2><div class=\"it-training-item-data-date-more\"><div class=\"it-training-item-data-date\">\n                                                        <i class=\"fa fa-solid fa-calendar\"><\/i>\n                                                        01\/04\/2025\n                                                    <\/div><div class=\"it-training-item-data-more\">\n                                                            <a href=\"https:\/\/copolad.eu\/es\/formacion\/ii-edicion-curso-superior-de-especializacion-en-control-e-investigacion-de-precursores-de-drogas\/\">Leer m\u00e1s<\/a>\n                                                        <\/div>\n                                                    <\/div><\/div><\/div>\n                                        <\/div><div class=\"it-training-item\">\n                                        <div class=\"it-training-item-container\"><div class=\"it-training-item-img\"><div class=\"it-training-item-type\">Taller<\/div><img decoding=\"async\" src=\"https:\/\/copolad.eu\/wp-content\/uploads\/2024\/10\/Objetivos-2.png\" alt=\"\" \/><\/div><div class=\"it-training-item-data\"><div class=\"it-training-item-data-area\">\n                                                            <strong>\u00c1rea tem\u00e1tica: <\/strong>Reducci\u00f3n del mercado ilegal de drogas\n                                                        <\/div><h2><a href=\"https:\/\/copolad.eu\/es\/formacion\/formaciones-en-criptomonedas-y-narcotrafico-en-el-caribe\/\">Formaciones en criptomonedas y narcotr\u00e1fico en el Caribe<\/a><\/h2><div class=\"it-training-item-data-date-more\"><div class=\"it-training-item-data-date\">\n                                                        <i class=\"fa fa-solid fa-calendar\"><\/i>\n                                                        23\/09\/2024\n                                                    <\/div><div class=\"it-training-item-data-more\">\n                                                            <a href=\"https:\/\/copolad.eu\/es\/formacion\/formaciones-en-criptomonedas-y-narcotrafico-en-el-caribe\/\">Leer m\u00e1s<\/a>\n                                                        <\/div>\n                                                    <\/div><\/div><\/div>\n                                        <\/div><div class=\"it-training-item\">\n                                        <div class=\"it-training-item-container\"><div class=\"it-training-item-img\"><div class=\"it-training-item-type\">Webinario<\/div><img decoding=\"async\" src=\"https:\/\/copolad.eu\/wp-content\/uploads\/2024\/07\/EUPC-training-scheme-and-courses_0.png\" alt=\"\" \/><\/div><div class=\"it-training-item-data\"><div class=\"it-training-item-data-area\">\n                                                            <strong>\u00c1rea tem\u00e1tica: <\/strong>Demanda\n                                                        <\/div><h2><a href=\"https:\/\/copolad.eu\/es\/formacion\/webinario-curriculum-europeo-de-prevencion-eupc-en-espanol\/\">Webinario Curriculum Europeo de Prevenci\u00f3n (EUPC), en espa\u00f1ol<\/a><\/h2><div class=\"it-training-item-data-date-more\"><div class=\"it-training-item-data-date\">\n                                                        <i class=\"fa fa-solid fa-calendar\"><\/i>\n                                                        24\/07\/2024\n                                                    <\/div><div class=\"it-training-item-data-more\">\n                                                            <a href=\"https:\/\/copolad.eu\/es\/formacion\/webinario-curriculum-europeo-de-prevencion-eupc-en-espanol\/\">Leer m\u00e1s<\/a>\n                                                        <\/div>\n                                                    <\/div><\/div><\/div>\n                                        <\/div><div class=\"it-training-item\">\n                                        <div class=\"it-training-item-container\"><div class=\"it-training-item-img\"><div class=\"it-training-item-type\">Webinario<\/div><img decoding=\"async\" src=\"https:\/\/copolad.eu\/wp-content\/uploads\/2024\/03\/COPOLAD_Iconos_Tematicas_1-1.jpg\" alt=\"\" \/><\/div><div class=\"it-training-item-data\"><div class=\"it-training-item-data-area\">\n                                                            <strong>\u00c1rea tem\u00e1tica: <\/strong>Observatorios sobre drogas\n                                                        <\/div><h2><a href=\"https:\/\/copolad.eu\/es\/formacion\/taller-en-linea-de-capacitacion-sobre-sistemas-de-alerta-temprana\/\">Webinario sobre sistemas de alerta temprana<\/a><\/h2><div class=\"it-training-item-data-date-more\"><div class=\"it-training-item-data-date\">\n                                                        <i class=\"fa fa-solid fa-calendar\"><\/i>\n                                                        20\/03\/2024\n                                                    <\/div><div class=\"it-training-item-data-more\">\n                                                            <a href=\"https:\/\/copolad.eu\/es\/formacion\/taller-en-linea-de-capacitacion-sobre-sistemas-de-alerta-temprana\/\">Leer m\u00e1s<\/a>\n                                                        <\/div>\n                                                    <\/div><\/div><\/div>\n                                        <\/div><div class=\"it-training-item\">\n                                        <div class=\"it-training-item-container\"><div class=\"it-training-item-img\"><div class=\"it-training-item-type\">Curso de Formaci\u00f3n<\/div><img decoding=\"async\" src=\"https:\/\/copolad.eu\/wp-content\/uploads\/2024\/01\/Banner-COPOLAD.jpg\" alt=\"banner del curso \" \/><\/div><div class=\"it-training-item-data\"><div class=\"it-training-item-data-area\">\n                                                            <strong>\u00c1rea tem\u00e1tica: <\/strong>Reducci\u00f3n del mercado ilegal de drogas\n                                                        <\/div><h2><a href=\"https:\/\/copolad.eu\/es\/formacion\/curso-de-capacitacion-lavado-de-activos-y-narcotrafico-analisis-en-areas-de-riesgos-emergentes\/\">Curso de capacitaci\u00f3n \u00abLavado de activos y Narcotr\u00e1fico: An\u00e1lisis en \u00c1reas de Riesgos Emergentes\u00bb<\/a><\/h2><div class=\"it-training-item-data-date-more\"><div class=\"it-training-item-data-date\">\n                                                        <i class=\"fa fa-solid fa-calendar\"><\/i>\n                                                        29\/02\/2024\n                                                    <\/div><div class=\"it-training-item-data-more\">\n                                                            <a href=\"https:\/\/copolad.eu\/es\/formacion\/curso-de-capacitacion-lavado-de-activos-y-narcotrafico-analisis-en-areas-de-riesgos-emergentes\/\">Leer m\u00e1s<\/a>\n                                                        <\/div>\n                                                    <\/div><\/div><\/div>\n                                        <\/div><div class=\"it-training-item\">\n                                        <div class=\"it-training-item-container\"><div class=\"it-training-item-img\"><div class=\"it-training-item-type\">Curso de Formaci\u00f3n<\/div><img decoding=\"async\" src=\"https:\/\/copolad.eu\/wp-content\/uploads\/2024\/09\/JWG6780.jpg\" alt=\"precursoresfoto\" \/><\/div><div class=\"it-training-item-data\"><div class=\"it-training-item-data-area\">\n                                                            <strong>\u00c1rea tem\u00e1tica: <\/strong>Reducci\u00f3n del mercado ilegal de drogas\n                                                        <\/div><h2><a href=\"https:\/\/copolad.eu\/es\/formacion\/curso-superior-de-especializacion-en-el-control-e-investigacion-en-los-precursores-de-drogas\/\">Curso superior de especializaci\u00f3n en el control e investigaci\u00f3n en los precursores de drogas<\/a><\/h2><div class=\"it-training-item-data-date-more\"><div class=\"it-training-item-data-date\">\n                                                        <i class=\"fa fa-solid fa-calendar\"><\/i>\n                                                        23\/01\/2024\n                                                    <\/div><div class=\"it-training-item-data-more\">\n                                                            <a href=\"https:\/\/copolad.eu\/es\/formacion\/curso-superior-de-especializacion-en-el-control-e-investigacion-en-los-precursores-de-drogas\/\">Leer m\u00e1s<\/a>\n                                                        <\/div>\n                                                    <\/div><\/div><\/div>\n                                        <\/div><\/div><div class=\"it-event-block-pagination it-pagination\"><span aria-current=\"page\" class=\"page-numbers current\">1<\/span>\n<a class=\"page-numbers\" href=\"https:\/\/copolad.eu\/es\/wp-json\/wp\/v2\/pages\/9808\/page\/2\/\">2<\/a>\n<span class=\"page-numbers dots\">&hellip;<\/span>\n<a class=\"page-numbers\" href=\"https:\/\/copolad.eu\/es\/wp-json\/wp\/v2\/pages\/9808\/page\/4\/\">4<\/a>\n<a class=\"page-numbers\" href=\"https:\/\/copolad.eu\/es\/wp-json\/wp\/v2\/pages\/9808\/page\/5\/\">5<\/a>\n<a class=\"next page-numbers\" href=\"https:\/\/copolad.eu\/es\/wp-json\/wp\/v2\/pages\/9808\/page\/2\/\">><\/a><\/div><\/div><div id='wpdreams_asp_results_4'><\/div>[\/vc_column][\/vc_row]<\/p>\n<\/div>","protected":false},"excerpt":{"rendered":"<p>[vc_row full_height=\u00bbyes\u00bb columns_placement=\u00bbtop\u00bb vc_row_background=\u00bb\u00bb][vc_column][vc_custom_heading text=\u00bbFormaci\u00f3n e Intercambio\u00bb font_container=\u00bbtag:h1|font_size:45px|text_align:left|color:%2315110d|line_height:72px\u00bb google_fonts=\u00bbfont_family:Open%20Sans%3A300%2C300italic%2Cregular%2Citalic%2C600%2C600italic%2C700%2C700italic%2C800%2C800italic|font_style:700%20bold%20regular%3A700%3Anormal\u00bb][\/vc_column][\/vc_row]<\/p>\n","protected":false},"author":8,"featured_media":0,"parent":0,"menu_order":0,"comment_status":"closed","ping_status":"closed","template":"","meta":{"courseId":0,"jnews_page_loop":{"enable_page_loop":"0","first_title":"Latest Post","second_title":"","header_type":"heading_6","header_background":"","header_text_color":"","layout":"right-sidebar","sidebar":"default-sidebar","second_sidebar":"default-sidebar","sticky_sidebar":"1","module":"3","boxed":"0","boxed_shadow":"0","box_shadow":"0","excerpt_length":"20","content_date":"default","date_custom":"Y\/m\/d","content_pagination":"nav_1","pagination_align":"center","show_navtext":"0","show_pageinfo":"0","post_offset":"0","posts_per_page":"5","include_post":"","exclude_post":"","include_category":"","exclude_category":"","include_author":"","include_tag":"","exclude_tag":"","sort_by":"latest"},"jnews_single_page":{"layout":"no-sidebar","sidebar":"default-sidebar","second_sidebar":"default-sidebar","sticky_sidebar":"1","show_post_featured":"1","show_post_meta":"0","share_position":"top","share_color":"share-monocrhome"},"jnews_social_meta":{"fb_title":"","fb_description":"Programa de Cooperaci\u00f3n entre Am\u00e9rica Latina, el Caribe y la Uni\u00f3n Europea en Pol\u00edticas sobre Drogas\u2026","fb_image":"","twitter_title":"","twitter_description":"Programa de Cooperaci\u00f3n entre Am\u00e9rica Latina, el Caribe y la Uni\u00f3n Europea en Pol\u00edticas sobre Drogas\u2026","twitter_image":""},"footnotes":""},"class_list":["post-9808","page","type-page","status-publish","hentry"],"acf":[],"_links":{"self":[{"href":"https:\/\/copolad.eu\/es\/wp-json\/wp\/v2\/pages\/9808"}],"collection":[{"href":"https:\/\/copolad.eu\/es\/wp-json\/wp\/v2\/pages"}],"about":[{"href":"https:\/\/copolad.eu\/es\/wp-json\/wp\/v2\/types\/page"}],"author":[{"embeddable":true,"href":"https:\/\/copolad.eu\/es\/wp-json\/wp\/v2\/users\/8"}],"replies":[{"embeddable":true,"href":"https:\/\/copolad.eu\/es\/wp-json\/wp\/v2\/comments?post=9808"}],"version-history":[{"count":2,"href":"https:\/\/copolad.eu\/es\/wp-json\/wp\/v2\/pages\/9808\/revisions"}],"predecessor-version":[{"id":9818,"href":"https:\/\/copolad.eu\/es\/wp-json\/wp\/v2\/pages\/9808\/revisions\/9818"}],"wp:attachment":[{"href":"https:\/\/copolad.eu\/es\/wp-json\/wp\/v2\/media?parent=9808"}],"curies":[{"name":"wp","href":"https:\/\/api.w.org\/{rel}","templated":true}]}}